{"id":25478,"date":"2024-06-09T17:10:34","date_gmt":"2024-06-09T15:10:34","guid":{"rendered":"https:\/\/smans.com\/product\/crimp-module-c1360\/"},"modified":"2026-04-06T13:18:28","modified_gmt":"2026-04-06T11:18:28","slug":"crimp-module-c1360","status":"publish","type":"product","link":"https:\/\/smans.com\/fr\/product\/crimp-module-c1360\/","title":{"rendered":"Komax - Crimp module C1360"},"content":{"rendered":"<p>La module de sertissage C1360 pour les machines Alpha et Gamma combine efficacit\u00e9 et pr\u00e9cision avec des fonctionnalit\u00e9s pratiques, telles que le r\u00e9glage automatique de la hauteur de sertissage.<\/p>\n<p><strong>Principaux avantages :<\/strong><\/p>\n<ul>\n<li><strong>Positionnement innovant des c\u00e2bles<\/strong> r\u00e9duisant le temps de configuration, de changement et d\u2019\u00e9chantillonnage.<\/li>\n<li><strong>R\u00e9glage automatique de la hauteur de sertissage<\/strong> via un entra\u00eenement \u00e0 vis, avec corrections automatiques pendant l\u2019apprentissage.<\/li>\n<li><strong>Force de sertissage \u00e9lev\u00e9e<\/strong> jusqu&rsquo;\u00e0 22 kN pour une production sans d\u00e9fauts de c\u00e2bles de 0,125 \u00e0 6 mm\u00b2.<\/li>\n<li><strong>Surveillance de la force de sertissage CFA+\/CFA-<\/strong> r\u00e9duisant les d\u00e9chets et les co\u00fbts de mat\u00e9riaux.<\/li>\n<\/ul>\n<p><strong>S\u00e9curit\u00e9 et pr\u00e9cision :<\/strong><\/p>\n<ul>\n<li><strong>Utilisation s\u00e9curis\u00e9e<\/strong> gr\u00e2ce \u00e0 la commande \u00e0 deux mains.<\/li>\n<li><strong>Porte-outil avec surveillance CFA+\/CFA int\u00e9gr\u00e9e<\/strong> pour un contr\u00f4le optimal.<\/li>\n<\/ul>\n<p>La C1360 garantit des r\u00e9sultats de sertissage de haute qualit\u00e9 avec un temps d&rsquo;arr\u00eat minimal et une efficacit\u00e9 maximale.<\/p>\n","protected":false},"excerpt":{"rendered":"<p>La module de sertissage C1360 pour les machines Alpha et Gamma<\/p>\n","protected":false},"featured_media":0,"template":"","meta":{"_acf_changed":false},"pwb-brand":[18260],"product_brand":[],"product_cat":[17990,17993,18035],"product_tag":[],"class_list":{"0":"post-25478","1":"product","2":"type-product","3":"status-publish","5":"pwb-brand-brand-komax-fr","6":"product_cat-cables-et-cablage-fr","7":"product_cat-couper-denuder-sertissage-fr","8":"product_cat-process-modules-fr","10":"first","11":"instock","12":"taxable","13":"shipping-taxable","14":"product-type-simple"},"acf":[],"yoast_head":"<!-- This site is optimized with the Yoast SEO plugin v27.1.1 - https:\/\/yoast.com\/product\/yoast-seo-wordpress\/ -->\n<title>Crimp module C1360 - Smans<\/title>\n<meta name=\"robots\" content=\"index, follow, max-snippet:-1, max-image-preview:large, max-video-preview:-1\" \/>\n<link rel=\"canonical\" href=\"https:\/\/smans.com\/fr\/product\/crimp-module-c1360\/\" \/>\n<meta property=\"og:locale\" content=\"fr_FR\" \/>\n<meta property=\"og:type\" content=\"article\" \/>\n<meta property=\"og:title\" content=\"Crimp module C1360 - Smans\" \/>\n<meta property=\"og:description\" content=\"La module de sertissage C1360 pour les machines Alpha et Gamma\" \/>\n<meta property=\"og:url\" content=\"https:\/\/smans.com\/fr\/product\/crimp-module-c1360\/\" \/>\n<meta property=\"og:site_name\" content=\"Smans\" \/>\n<meta property=\"article:modified_time\" content=\"2026-04-06T11:18:28+00:00\" \/>\n<meta name=\"twitter:card\" content=\"summary_large_image\" \/>\n<meta name=\"twitter:label1\" content=\"Dur\u00e9e de lecture estim\u00e9e\" \/>\n\t<meta name=\"twitter:data1\" content=\"1 minute\" \/>\n<script type=\"application\/ld+json\" class=\"yoast-schema-graph\">{\"@context\":\"https:\/\/schema.org\",\"@graph\":[{\"@type\":\"WebPage\",\"@id\":\"https:\/\/smans.com\/fr\/product\/crimp-module-c1360\/\",\"url\":\"https:\/\/smans.com\/fr\/product\/crimp-module-c1360\/\",\"name\":\"Crimp module C1360 - Smans\",\"isPartOf\":{\"@id\":\"https:\/\/smans.com\/nl\/#website\"},\"datePublished\":\"2024-06-09T15:10:34+00:00\",\"dateModified\":\"2026-04-06T11:18:28+00:00\",\"breadcrumb\":{\"@id\":\"https:\/\/smans.com\/fr\/product\/crimp-module-c1360\/#breadcrumb\"},\"inLanguage\":\"fr-FR\",\"potentialAction\":[{\"@type\":\"ReadAction\",\"target\":[\"https:\/\/smans.com\/fr\/product\/crimp-module-c1360\/\"]}]},{\"@type\":\"BreadcrumbList\",\"@id\":\"https:\/\/smans.com\/fr\/product\/crimp-module-c1360\/#breadcrumb\",\"itemListElement\":[{\"@type\":\"ListItem\",\"position\":1,\"name\":\"Home\",\"item\":\"https:\/\/smans.com\/fr\/\"},{\"@type\":\"ListItem\",\"position\":2,\"name\":\"Boutique\",\"item\":\"https:\/\/smans.com\/nl\/shop\/\"},{\"@type\":\"ListItem\",\"position\":3,\"name\":\"Komax - Crimp module C1360\"}]},{\"@type\":\"WebSite\",\"@id\":\"https:\/\/smans.com\/nl\/#website\",\"url\":\"https:\/\/smans.com\/nl\/\",\"name\":\"Smans\",\"description\":\"\",\"publisher\":{\"@id\":\"https:\/\/smans.com\/nl\/#organization\"},\"potentialAction\":[{\"@type\":\"SearchAction\",\"target\":{\"@type\":\"EntryPoint\",\"urlTemplate\":\"https:\/\/smans.com\/nl\/?s={search_term_string}\"},\"query-input\":{\"@type\":\"PropertyValueSpecification\",\"valueRequired\":true,\"valueName\":\"search_term_string\"}}],\"inLanguage\":\"fr-FR\"},{\"@type\":\"Organization\",\"@id\":\"https:\/\/smans.com\/nl\/#organization\",\"name\":\"Smans\",\"url\":\"https:\/\/smans.com\/nl\/\",\"logo\":{\"@type\":\"ImageObject\",\"inLanguage\":\"fr-FR\",\"@id\":\"https:\/\/smans.com\/nl\/#\/schema\/logo\/image\/\",\"url\":\"https:\/\/smans.com\/wp-content\/uploads\/2023\/09\/logo.svg\",\"contentUrl\":\"https:\/\/smans.com\/wp-content\/uploads\/2023\/09\/logo.svg\",\"caption\":\"Smans\"},\"image\":{\"@id\":\"https:\/\/smans.com\/nl\/#\/schema\/logo\/image\/\"}}]}<\/script>\n<!-- \/ Yoast SEO plugin. -->","yoast_head_json":{"title":"Crimp module C1360 - Smans","robots":{"index":"index","follow":"follow","max-snippet":"max-snippet:-1","max-image-preview":"max-image-preview:large","max-video-preview":"max-video-preview:-1"},"canonical":"https:\/\/smans.com\/fr\/product\/crimp-module-c1360\/","og_locale":"fr_FR","og_type":"article","og_title":"Crimp module C1360 - Smans","og_description":"La module de sertissage C1360 pour les machines Alpha et Gamma","og_url":"https:\/\/smans.com\/fr\/product\/crimp-module-c1360\/","og_site_name":"Smans","article_modified_time":"2026-04-06T11:18:28+00:00","twitter_card":"summary_large_image","twitter_misc":{"Dur\u00e9e de lecture estim\u00e9e":"1 minute"},"schema":{"@context":"https:\/\/schema.org","@graph":[{"@type":"WebPage","@id":"https:\/\/smans.com\/fr\/product\/crimp-module-c1360\/","url":"https:\/\/smans.com\/fr\/product\/crimp-module-c1360\/","name":"Crimp module C1360 - Smans","isPartOf":{"@id":"https:\/\/smans.com\/nl\/#website"},"datePublished":"2024-06-09T15:10:34+00:00","dateModified":"2026-04-06T11:18:28+00:00","breadcrumb":{"@id":"https:\/\/smans.com\/fr\/product\/crimp-module-c1360\/#breadcrumb"},"inLanguage":"fr-FR","potentialAction":[{"@type":"ReadAction","target":["https:\/\/smans.com\/fr\/product\/crimp-module-c1360\/"]}]},{"@type":"BreadcrumbList","@id":"https:\/\/smans.com\/fr\/product\/crimp-module-c1360\/#breadcrumb","itemListElement":[{"@type":"ListItem","position":1,"name":"Home","item":"https:\/\/smans.com\/fr\/"},{"@type":"ListItem","position":2,"name":"Boutique","item":"https:\/\/smans.com\/nl\/shop\/"},{"@type":"ListItem","position":3,"name":"Komax - Crimp module C1360"}]},{"@type":"WebSite","@id":"https:\/\/smans.com\/nl\/#website","url":"https:\/\/smans.com\/nl\/","name":"Smans","description":"","publisher":{"@id":"https:\/\/smans.com\/nl\/#organization"},"potentialAction":[{"@type":"SearchAction","target":{"@type":"EntryPoint","urlTemplate":"https:\/\/smans.com\/nl\/?s={search_term_string}"},"query-input":{"@type":"PropertyValueSpecification","valueRequired":true,"valueName":"search_term_string"}}],"inLanguage":"fr-FR"},{"@type":"Organization","@id":"https:\/\/smans.com\/nl\/#organization","name":"Smans","url":"https:\/\/smans.com\/nl\/","logo":{"@type":"ImageObject","inLanguage":"fr-FR","@id":"https:\/\/smans.com\/nl\/#\/schema\/logo\/image\/","url":"https:\/\/smans.com\/wp-content\/uploads\/2023\/09\/logo.svg","contentUrl":"https:\/\/smans.com\/wp-content\/uploads\/2023\/09\/logo.svg","caption":"Smans"},"image":{"@id":"https:\/\/smans.com\/nl\/#\/schema\/logo\/image\/"}}]}},"brands":[{"id":18260,"name":"Komax","slug":"brand-komax-fr"}],"_links":{"self":[{"href":"https:\/\/smans.com\/fr\/wp-json\/wp\/v2\/product\/25478","targetHints":{"allow":["GET"]}}],"collection":[{"href":"https:\/\/smans.com\/fr\/wp-json\/wp\/v2\/product"}],"about":[{"href":"https:\/\/smans.com\/fr\/wp-json\/wp\/v2\/types\/product"}],"wp:attachment":[{"href":"https:\/\/smans.com\/fr\/wp-json\/wp\/v2\/media?parent=25478"}],"wp:term":[{"taxonomy":"pwb-brand","embeddable":true,"href":"https:\/\/smans.com\/fr\/wp-json\/wp\/v2\/pwb-brand?post=25478"},{"taxonomy":"product_brand","embeddable":true,"href":"https:\/\/smans.com\/fr\/wp-json\/wp\/v2\/product_brand?post=25478"},{"taxonomy":"product_cat","embeddable":true,"href":"https:\/\/smans.com\/fr\/wp-json\/wp\/v2\/product_cat?post=25478"},{"taxonomy":"product_tag","embeddable":true,"href":"https:\/\/smans.com\/fr\/wp-json\/wp\/v2\/product_tag?post=25478"}],"curies":[{"name":"wp","href":"https:\/\/api.w.org\/{rel}","templated":true}]}}