{"id":25480,"date":"2024-06-09T17:13:00","date_gmt":"2024-06-09T15:13:00","guid":{"rendered":"https:\/\/smans.com\/product\/hydraulic-crimping-machine-up-65\/"},"modified":"2026-04-10T13:09:31","modified_gmt":"2026-04-10T11:09:31","slug":"hydraulic-crimping-machine-up-65","status":"publish","type":"product","link":"https:\/\/smans.com\/fr\/product\/hydraulic-crimping-machine-up-65\/","title":{"rendered":"Wezag - Hydraulic Crimping Machine UP 65"},"content":{"rendered":"<p data-start=\"1861\" data-end=\"2254\">La machine de sertissage hydraulique UP 65 offre des possibilit\u00e9s pratiquement illimit\u00e9es pour le traitement de bornes simples. Avec une force de sertissage de 150 kN, cette machine compacte et silencieuse est adapt\u00e9e pour les bornes jusqu&rsquo;\u00e0 300 mm\u00b2. Gr\u00e2ce \u00e0 son agr\u00e9gat hydraulique int\u00e9gr\u00e9, la UP 65 est peu encombrante et peut \u00eatre utilis\u00e9e de mani\u00e8re polyvalente dans diverses applications.<\/p>\n<p data-start=\"2256\" data-end=\"2292\"><strong data-start=\"2256\" data-end=\"2290\">Caract\u00e9ristiques principales :<\/strong><\/p>\n<ul data-start=\"2293\" data-end=\"2794\" data-is-last-node=\"\">\n<li data-start=\"2293\" data-end=\"2373\"><strong data-start=\"2295\" data-end=\"2330\">Force de sertissage de 150 kN :<\/strong> Adapt\u00e9e pour les bornes jusqu&rsquo;\u00e0 300 mm\u00b2.<\/li>\n<li data-start=\"2374\" data-end=\"2464\"><strong data-start=\"2376\" data-end=\"2410\">Design compact et silencieux :<\/strong> Peu encombrante et adapt\u00e9e \u00e0 diverses applications.<\/li>\n<li data-start=\"2465\" data-end=\"2532\"><strong data-start=\"2467\" data-end=\"2491\">Design ergonomique :<\/strong> Id\u00e9ale pour une utilisation prolong\u00e9e.<\/li>\n<li data-start=\"2533\" data-end=\"2632\"><strong data-start=\"2535\" data-end=\"2562\">Porte-outils r\u00e9glable :<\/strong> Offre une flexibilit\u00e9 maximale pour diverses applications standard.<\/li>\n<li data-start=\"2633\" data-end=\"2713\"><strong data-start=\"2635\" data-end=\"2663\">Solution plug-and-play :<\/strong> Facile \u00e0 utiliser avec une installation rapide.<\/li>\n<li data-start=\"2714\" data-end=\"2794\" data-is-last-node=\"\"><strong data-start=\"2716\" data-end=\"2748\">Investissement intelligent :<\/strong> Compacte, adaptable et pr\u00eate pour l&rsquo;avenir.<\/li>\n<\/ul>\n","protected":false},"excerpt":{"rendered":"<p>La machine de sertissage hydraulique UP 65, mod\u00e8le de table, rend les possibilit\u00e9s de traitement des bornes simples presque illimit\u00e9es<\/p>\n","protected":false},"featured_media":0,"template":"","meta":{"_acf_changed":false},"pwb-brand":[18318],"product_brand":[],"product_cat":[17990,17993,18034],"product_tag":[],"class_list":{"0":"post-25480","1":"product","2":"type-product","3":"status-publish","5":"pwb-brand-brand-wezag-fr","6":"product_cat-cables-et-cablage-fr","7":"product_cat-couper-denuder-sertissage-fr","8":"product_cat-wire-crimping-machines-fr","10":"first","11":"instock","12":"taxable","13":"shipping-taxable","14":"product-type-simple"},"acf":[],"yoast_head":"<!-- This site is optimized with the Yoast SEO plugin v27.1.1 - https:\/\/yoast.com\/product\/yoast-seo-wordpress\/ -->\n<title>Hydraulic Crimping Machine UP 65 - Smans<\/title>\n<meta name=\"robots\" content=\"index, follow, max-snippet:-1, max-image-preview:large, max-video-preview:-1\" \/>\n<link rel=\"canonical\" href=\"https:\/\/smans.com\/fr\/product\/hydraulic-crimping-machine-up-65\/\" \/>\n<meta property=\"og:locale\" content=\"fr_FR\" \/>\n<meta property=\"og:type\" content=\"article\" \/>\n<meta property=\"og:title\" content=\"Hydraulic Crimping Machine UP 65 - Smans\" \/>\n<meta property=\"og:description\" content=\"La machine de sertissage hydraulique UP 65, mod\u00e8le de table, rend les possibilit\u00e9s de traitement des bornes simples presque illimit\u00e9es\" \/>\n<meta property=\"og:url\" content=\"https:\/\/smans.com\/fr\/product\/hydraulic-crimping-machine-up-65\/\" \/>\n<meta property=\"og:site_name\" content=\"Smans\" \/>\n<meta property=\"article:modified_time\" content=\"2026-04-10T11:09:31+00:00\" \/>\n<meta name=\"twitter:card\" content=\"summary_large_image\" \/>\n<meta name=\"twitter:label1\" content=\"Dur\u00e9e de lecture estim\u00e9e\" \/>\n\t<meta name=\"twitter:data1\" content=\"1 minute\" \/>\n<script type=\"application\/ld+json\" class=\"yoast-schema-graph\">{\"@context\":\"https:\/\/schema.org\",\"@graph\":[{\"@type\":\"WebPage\",\"@id\":\"https:\/\/smans.com\/fr\/product\/hydraulic-crimping-machine-up-65\/\",\"url\":\"https:\/\/smans.com\/fr\/product\/hydraulic-crimping-machine-up-65\/\",\"name\":\"Hydraulic Crimping Machine UP 65 - Smans\",\"isPartOf\":{\"@id\":\"https:\/\/smans.com\/nl\/#website\"},\"datePublished\":\"2024-06-09T15:13:00+00:00\",\"dateModified\":\"2026-04-10T11:09:31+00:00\",\"breadcrumb\":{\"@id\":\"https:\/\/smans.com\/fr\/product\/hydraulic-crimping-machine-up-65\/#breadcrumb\"},\"inLanguage\":\"fr-FR\",\"potentialAction\":[{\"@type\":\"ReadAction\",\"target\":[\"https:\/\/smans.com\/fr\/product\/hydraulic-crimping-machine-up-65\/\"]}]},{\"@type\":\"BreadcrumbList\",\"@id\":\"https:\/\/smans.com\/fr\/product\/hydraulic-crimping-machine-up-65\/#breadcrumb\",\"itemListElement\":[{\"@type\":\"ListItem\",\"position\":1,\"name\":\"Home\",\"item\":\"https:\/\/smans.com\/fr\/\"},{\"@type\":\"ListItem\",\"position\":2,\"name\":\"Boutique\",\"item\":\"https:\/\/smans.com\/nl\/shop\/\"},{\"@type\":\"ListItem\",\"position\":3,\"name\":\"Wezag - Hydraulic Crimping Machine UP 65\"}]},{\"@type\":\"WebSite\",\"@id\":\"https:\/\/smans.com\/nl\/#website\",\"url\":\"https:\/\/smans.com\/nl\/\",\"name\":\"Smans\",\"description\":\"\",\"publisher\":{\"@id\":\"https:\/\/smans.com\/nl\/#organization\"},\"potentialAction\":[{\"@type\":\"SearchAction\",\"target\":{\"@type\":\"EntryPoint\",\"urlTemplate\":\"https:\/\/smans.com\/nl\/?s={search_term_string}\"},\"query-input\":{\"@type\":\"PropertyValueSpecification\",\"valueRequired\":true,\"valueName\":\"search_term_string\"}}],\"inLanguage\":\"fr-FR\"},{\"@type\":\"Organization\",\"@id\":\"https:\/\/smans.com\/nl\/#organization\",\"name\":\"Smans\",\"url\":\"https:\/\/smans.com\/nl\/\",\"logo\":{\"@type\":\"ImageObject\",\"inLanguage\":\"fr-FR\",\"@id\":\"https:\/\/smans.com\/nl\/#\/schema\/logo\/image\/\",\"url\":\"https:\/\/smans.com\/wp-content\/uploads\/2023\/09\/logo.svg\",\"contentUrl\":\"https:\/\/smans.com\/wp-content\/uploads\/2023\/09\/logo.svg\",\"caption\":\"Smans\"},\"image\":{\"@id\":\"https:\/\/smans.com\/nl\/#\/schema\/logo\/image\/\"}}]}<\/script>\n<!-- \/ Yoast SEO plugin. -->","yoast_head_json":{"title":"Hydraulic Crimping Machine UP 65 - Smans","robots":{"index":"index","follow":"follow","max-snippet":"max-snippet:-1","max-image-preview":"max-image-preview:large","max-video-preview":"max-video-preview:-1"},"canonical":"https:\/\/smans.com\/fr\/product\/hydraulic-crimping-machine-up-65\/","og_locale":"fr_FR","og_type":"article","og_title":"Hydraulic Crimping Machine UP 65 - Smans","og_description":"La machine de sertissage hydraulique UP 65, mod\u00e8le de table, rend les possibilit\u00e9s de traitement des bornes simples presque illimit\u00e9es","og_url":"https:\/\/smans.com\/fr\/product\/hydraulic-crimping-machine-up-65\/","og_site_name":"Smans","article_modified_time":"2026-04-10T11:09:31+00:00","twitter_card":"summary_large_image","twitter_misc":{"Dur\u00e9e de lecture estim\u00e9e":"1 minute"},"schema":{"@context":"https:\/\/schema.org","@graph":[{"@type":"WebPage","@id":"https:\/\/smans.com\/fr\/product\/hydraulic-crimping-machine-up-65\/","url":"https:\/\/smans.com\/fr\/product\/hydraulic-crimping-machine-up-65\/","name":"Hydraulic Crimping Machine UP 65 - Smans","isPartOf":{"@id":"https:\/\/smans.com\/nl\/#website"},"datePublished":"2024-06-09T15:13:00+00:00","dateModified":"2026-04-10T11:09:31+00:00","breadcrumb":{"@id":"https:\/\/smans.com\/fr\/product\/hydraulic-crimping-machine-up-65\/#breadcrumb"},"inLanguage":"fr-FR","potentialAction":[{"@type":"ReadAction","target":["https:\/\/smans.com\/fr\/product\/hydraulic-crimping-machine-up-65\/"]}]},{"@type":"BreadcrumbList","@id":"https:\/\/smans.com\/fr\/product\/hydraulic-crimping-machine-up-65\/#breadcrumb","itemListElement":[{"@type":"ListItem","position":1,"name":"Home","item":"https:\/\/smans.com\/fr\/"},{"@type":"ListItem","position":2,"name":"Boutique","item":"https:\/\/smans.com\/nl\/shop\/"},{"@type":"ListItem","position":3,"name":"Wezag - Hydraulic Crimping Machine UP 65"}]},{"@type":"WebSite","@id":"https:\/\/smans.com\/nl\/#website","url":"https:\/\/smans.com\/nl\/","name":"Smans","description":"","publisher":{"@id":"https:\/\/smans.com\/nl\/#organization"},"potentialAction":[{"@type":"SearchAction","target":{"@type":"EntryPoint","urlTemplate":"https:\/\/smans.com\/nl\/?s={search_term_string}"},"query-input":{"@type":"PropertyValueSpecification","valueRequired":true,"valueName":"search_term_string"}}],"inLanguage":"fr-FR"},{"@type":"Organization","@id":"https:\/\/smans.com\/nl\/#organization","name":"Smans","url":"https:\/\/smans.com\/nl\/","logo":{"@type":"ImageObject","inLanguage":"fr-FR","@id":"https:\/\/smans.com\/nl\/#\/schema\/logo\/image\/","url":"https:\/\/smans.com\/wp-content\/uploads\/2023\/09\/logo.svg","contentUrl":"https:\/\/smans.com\/wp-content\/uploads\/2023\/09\/logo.svg","caption":"Smans"},"image":{"@id":"https:\/\/smans.com\/nl\/#\/schema\/logo\/image\/"}}]}},"brands":[{"id":18318,"name":"Wezag","slug":"brand-wezag-fr"}],"_links":{"self":[{"href":"https:\/\/smans.com\/fr\/wp-json\/wp\/v2\/product\/25480","targetHints":{"allow":["GET"]}}],"collection":[{"href":"https:\/\/smans.com\/fr\/wp-json\/wp\/v2\/product"}],"about":[{"href":"https:\/\/smans.com\/fr\/wp-json\/wp\/v2\/types\/product"}],"wp:attachment":[{"href":"https:\/\/smans.com\/fr\/wp-json\/wp\/v2\/media?parent=25480"}],"wp:term":[{"taxonomy":"pwb-brand","embeddable":true,"href":"https:\/\/smans.com\/fr\/wp-json\/wp\/v2\/pwb-brand?post=25480"},{"taxonomy":"product_brand","embeddable":true,"href":"https:\/\/smans.com\/fr\/wp-json\/wp\/v2\/product_brand?post=25480"},{"taxonomy":"product_cat","embeddable":true,"href":"https:\/\/smans.com\/fr\/wp-json\/wp\/v2\/product_cat?post=25480"},{"taxonomy":"product_tag","embeddable":true,"href":"https:\/\/smans.com\/fr\/wp-json\/wp\/v2\/product_tag?post=25480"}],"curies":[{"name":"wp","href":"https:\/\/api.w.org\/{rel}","templated":true}]}}