{"id":25484,"date":"2024-06-09T17:12:49","date_gmt":"2024-06-09T15:12:49","guid":{"rendered":"https:\/\/smans.com\/product\/universal-cutting-machine-sm15-2pt\/"},"modified":"2026-04-07T12:45:57","modified_gmt":"2026-04-07T10:45:57","slug":"universal-cutting-machine-sm15-2pt","status":"publish","type":"product","link":"https:\/\/smans.com\/fr\/product\/universal-cutting-machine-sm15-2pt\/","title":{"rendered":"Ulmer - Universal Cutting Machine SM15 2PT, stand exclus"},"content":{"rendered":"<p data-start=\"0\" data-end=\"321\">La machine de d\u00e9coupe SM15 2PT permet le stockage des donn\u00e9es des produits, facilitant la reproduction facile et s\u00e9curis\u00e9e des articles. Ses fonctionnalit\u00e9s polyvalentes la rendent adapt\u00e9e \u00e0 une large gamme d&rsquo;applications, des produits m\u00e9dicaux au secteur automobile, y compris des solutions personnalis\u00e9es.<\/p>\n<p data-start=\"323\" data-end=\"357\"><strong data-start=\"323\" data-end=\"355\">Caract\u00e9ristiques principales<\/strong><\/p>\n<ul data-start=\"358\" data-end=\"939\">\n<li data-start=\"358\" data-end=\"542\"><strong data-start=\"360\" data-end=\"399\">Positionnement pr\u00e9cis du mat\u00e9riau :<\/strong> Le guide multi-alimentation optionnel et l&rsquo;entra\u00eenement synchronis\u00e9 par courroie garantissent un positionnement exact vers la lame de coupe.<\/li>\n<li data-start=\"543\" data-end=\"687\"><strong data-start=\"545\" data-end=\"584\">Large compatibilit\u00e9 des mat\u00e9riaux :<\/strong> Traite le film, les tubes thermor\u00e9tractables, les tissus, l&rsquo;isolation, les fils et les c\u00e2bles ronds.<\/li>\n<li data-start=\"688\" data-end=\"811\"><strong data-start=\"690\" data-end=\"720\">Lames de coupe flexibles :<\/strong> Une vari\u00e9t\u00e9 de lames est disponible pour r\u00e9pondre aux exigences sp\u00e9cifiques des clients.<\/li>\n<li data-start=\"812\" data-end=\"939\"><strong data-start=\"814\" data-end=\"842\">Puissance et pr\u00e9cision :<\/strong> Coupe des c\u00e2bles jusqu&rsquo;\u00e0 70 mm\u00b2 gr\u00e2ce \u00e0 un moteur servo puissant et une unit\u00e9 de coupe efficace.<\/li>\n<\/ul>\n<p data-start=\"941\" data-end=\"1072\"><strong data-start=\"941\" data-end=\"967\">Utilisation conviviale<\/strong><br data-start=\"967\" data-end=\"970\" \/>L&rsquo;\u00e9cran tactile industriel est intuitif et facile \u00e0 utiliser, con\u00e7u pour des environnements exigeants.<\/p>\n<p data-start=\"1074\" data-end=\"1254\"><strong data-start=\"1074\" data-end=\"1097\">Options d&rsquo;extension<\/strong><br data-start=\"1097\" data-end=\"1100\" \/>La SM15 2PT peut \u00eatre am\u00e9lior\u00e9e avec des unit\u00e9s de surveillance et de coupe suppl\u00e9mentaires pour optimiser davantage le processus de production du client.<\/p>\n","protected":false},"excerpt":{"rendered":"<p>Machine de d\u00e9coupe universelle<\/p>\n","protected":false},"featured_media":0,"template":"","meta":{"_acf_changed":false},"pwb-brand":[18310],"product_brand":[],"product_cat":[17990,17993,18038],"product_tag":[],"class_list":{"0":"post-25484","1":"product","2":"type-product","3":"status-publish","5":"pwb-brand-brand-ulmer-fr","6":"product_cat-cables-et-cablage-fr","7":"product_cat-couper-denuder-sertissage-fr","8":"product_cat-cutting-fr","10":"first","11":"instock","12":"taxable","13":"shipping-taxable","14":"purchasable","15":"product-type-simple"},"acf":[],"yoast_head":"<!-- This site is optimized with the Yoast SEO plugin v27.1.1 - https:\/\/yoast.com\/product\/yoast-seo-wordpress\/ -->\n<title>Universal Cutting Machine SM15 2PT, stand exclus - Smans<\/title>\n<meta name=\"robots\" content=\"index, follow, max-snippet:-1, max-image-preview:large, max-video-preview:-1\" \/>\n<link rel=\"canonical\" href=\"https:\/\/smans.com\/fr\/product\/universal-cutting-machine-sm15-2pt\/\" \/>\n<meta property=\"og:locale\" content=\"fr_FR\" \/>\n<meta property=\"og:type\" content=\"article\" \/>\n<meta property=\"og:title\" content=\"Universal Cutting Machine SM15 2PT, stand exclus - Smans\" \/>\n<meta property=\"og:description\" content=\"Machine de d\u00e9coupe universelle\" \/>\n<meta property=\"og:url\" content=\"https:\/\/smans.com\/fr\/product\/universal-cutting-machine-sm15-2pt\/\" \/>\n<meta property=\"og:site_name\" content=\"Smans\" \/>\n<meta property=\"article:modified_time\" content=\"2026-04-07T10:45:57+00:00\" \/>\n<meta name=\"twitter:card\" content=\"summary_large_image\" \/>\n<meta name=\"twitter:label1\" content=\"Dur\u00e9e de lecture estim\u00e9e\" \/>\n\t<meta name=\"twitter:data1\" content=\"1 minute\" \/>\n<script type=\"application\/ld+json\" class=\"yoast-schema-graph\">{\"@context\":\"https:\/\/schema.org\",\"@graph\":[{\"@type\":\"WebPage\",\"@id\":\"https:\/\/smans.com\/fr\/product\/universal-cutting-machine-sm15-2pt\/\",\"url\":\"https:\/\/smans.com\/fr\/product\/universal-cutting-machine-sm15-2pt\/\",\"name\":\"Universal Cutting Machine SM15 2PT, stand exclus - Smans\",\"isPartOf\":{\"@id\":\"https:\/\/smans.com\/nl\/#website\"},\"datePublished\":\"2024-06-09T15:12:49+00:00\",\"dateModified\":\"2026-04-07T10:45:57+00:00\",\"breadcrumb\":{\"@id\":\"https:\/\/smans.com\/fr\/product\/universal-cutting-machine-sm15-2pt\/#breadcrumb\"},\"inLanguage\":\"fr-FR\",\"potentialAction\":[{\"@type\":\"ReadAction\",\"target\":[\"https:\/\/smans.com\/fr\/product\/universal-cutting-machine-sm15-2pt\/\"]}]},{\"@type\":\"BreadcrumbList\",\"@id\":\"https:\/\/smans.com\/fr\/product\/universal-cutting-machine-sm15-2pt\/#breadcrumb\",\"itemListElement\":[{\"@type\":\"ListItem\",\"position\":1,\"name\":\"Home\",\"item\":\"https:\/\/smans.com\/fr\/\"},{\"@type\":\"ListItem\",\"position\":2,\"name\":\"Boutique\",\"item\":\"https:\/\/smans.com\/nl\/shop\/\"},{\"@type\":\"ListItem\",\"position\":3,\"name\":\"Ulmer - Universal Cutting Machine SM15 2PT, stand exclus\"}]},{\"@type\":\"WebSite\",\"@id\":\"https:\/\/smans.com\/nl\/#website\",\"url\":\"https:\/\/smans.com\/nl\/\",\"name\":\"Smans\",\"description\":\"\",\"publisher\":{\"@id\":\"https:\/\/smans.com\/nl\/#organization\"},\"potentialAction\":[{\"@type\":\"SearchAction\",\"target\":{\"@type\":\"EntryPoint\",\"urlTemplate\":\"https:\/\/smans.com\/nl\/?s={search_term_string}\"},\"query-input\":{\"@type\":\"PropertyValueSpecification\",\"valueRequired\":true,\"valueName\":\"search_term_string\"}}],\"inLanguage\":\"fr-FR\"},{\"@type\":\"Organization\",\"@id\":\"https:\/\/smans.com\/nl\/#organization\",\"name\":\"Smans\",\"url\":\"https:\/\/smans.com\/nl\/\",\"logo\":{\"@type\":\"ImageObject\",\"inLanguage\":\"fr-FR\",\"@id\":\"https:\/\/smans.com\/nl\/#\/schema\/logo\/image\/\",\"url\":\"https:\/\/smans.com\/wp-content\/uploads\/2023\/09\/logo.svg\",\"contentUrl\":\"https:\/\/smans.com\/wp-content\/uploads\/2023\/09\/logo.svg\",\"caption\":\"Smans\"},\"image\":{\"@id\":\"https:\/\/smans.com\/nl\/#\/schema\/logo\/image\/\"}}]}<\/script>\n<!-- \/ Yoast SEO plugin. -->","yoast_head_json":{"title":"Universal Cutting Machine SM15 2PT, stand exclus - Smans","robots":{"index":"index","follow":"follow","max-snippet":"max-snippet:-1","max-image-preview":"max-image-preview:large","max-video-preview":"max-video-preview:-1"},"canonical":"https:\/\/smans.com\/fr\/product\/universal-cutting-machine-sm15-2pt\/","og_locale":"fr_FR","og_type":"article","og_title":"Universal Cutting Machine SM15 2PT, stand exclus - Smans","og_description":"Machine de d\u00e9coupe universelle","og_url":"https:\/\/smans.com\/fr\/product\/universal-cutting-machine-sm15-2pt\/","og_site_name":"Smans","article_modified_time":"2026-04-07T10:45:57+00:00","twitter_card":"summary_large_image","twitter_misc":{"Dur\u00e9e de lecture estim\u00e9e":"1 minute"},"schema":{"@context":"https:\/\/schema.org","@graph":[{"@type":"WebPage","@id":"https:\/\/smans.com\/fr\/product\/universal-cutting-machine-sm15-2pt\/","url":"https:\/\/smans.com\/fr\/product\/universal-cutting-machine-sm15-2pt\/","name":"Universal Cutting Machine SM15 2PT, stand exclus - Smans","isPartOf":{"@id":"https:\/\/smans.com\/nl\/#website"},"datePublished":"2024-06-09T15:12:49+00:00","dateModified":"2026-04-07T10:45:57+00:00","breadcrumb":{"@id":"https:\/\/smans.com\/fr\/product\/universal-cutting-machine-sm15-2pt\/#breadcrumb"},"inLanguage":"fr-FR","potentialAction":[{"@type":"ReadAction","target":["https:\/\/smans.com\/fr\/product\/universal-cutting-machine-sm15-2pt\/"]}]},{"@type":"BreadcrumbList","@id":"https:\/\/smans.com\/fr\/product\/universal-cutting-machine-sm15-2pt\/#breadcrumb","itemListElement":[{"@type":"ListItem","position":1,"name":"Home","item":"https:\/\/smans.com\/fr\/"},{"@type":"ListItem","position":2,"name":"Boutique","item":"https:\/\/smans.com\/nl\/shop\/"},{"@type":"ListItem","position":3,"name":"Ulmer - Universal Cutting Machine SM15 2PT, stand exclus"}]},{"@type":"WebSite","@id":"https:\/\/smans.com\/nl\/#website","url":"https:\/\/smans.com\/nl\/","name":"Smans","description":"","publisher":{"@id":"https:\/\/smans.com\/nl\/#organization"},"potentialAction":[{"@type":"SearchAction","target":{"@type":"EntryPoint","urlTemplate":"https:\/\/smans.com\/nl\/?s={search_term_string}"},"query-input":{"@type":"PropertyValueSpecification","valueRequired":true,"valueName":"search_term_string"}}],"inLanguage":"fr-FR"},{"@type":"Organization","@id":"https:\/\/smans.com\/nl\/#organization","name":"Smans","url":"https:\/\/smans.com\/nl\/","logo":{"@type":"ImageObject","inLanguage":"fr-FR","@id":"https:\/\/smans.com\/nl\/#\/schema\/logo\/image\/","url":"https:\/\/smans.com\/wp-content\/uploads\/2023\/09\/logo.svg","contentUrl":"https:\/\/smans.com\/wp-content\/uploads\/2023\/09\/logo.svg","caption":"Smans"},"image":{"@id":"https:\/\/smans.com\/nl\/#\/schema\/logo\/image\/"}}]}},"brands":[{"id":18310,"name":"Ulmer","slug":"brand-ulmer-fr"}],"_links":{"self":[{"href":"https:\/\/smans.com\/fr\/wp-json\/wp\/v2\/product\/25484","targetHints":{"allow":["GET"]}}],"collection":[{"href":"https:\/\/smans.com\/fr\/wp-json\/wp\/v2\/product"}],"about":[{"href":"https:\/\/smans.com\/fr\/wp-json\/wp\/v2\/types\/product"}],"wp:attachment":[{"href":"https:\/\/smans.com\/fr\/wp-json\/wp\/v2\/media?parent=25484"}],"wp:term":[{"taxonomy":"pwb-brand","embeddable":true,"href":"https:\/\/smans.com\/fr\/wp-json\/wp\/v2\/pwb-brand?post=25484"},{"taxonomy":"product_brand","embeddable":true,"href":"https:\/\/smans.com\/fr\/wp-json\/wp\/v2\/product_brand?post=25484"},{"taxonomy":"product_cat","embeddable":true,"href":"https:\/\/smans.com\/fr\/wp-json\/wp\/v2\/product_cat?post=25484"},{"taxonomy":"product_tag","embeddable":true,"href":"https:\/\/smans.com\/fr\/wp-json\/wp\/v2\/product_tag?post=25484"}],"curies":[{"name":"wp","href":"https:\/\/api.w.org\/{rel}","templated":true}]}}