{"id":25485,"date":"2024-06-09T17:12:12","date_gmt":"2024-06-09T15:12:12","guid":{"rendered":"https:\/\/smans.com\/product\/evolution-wire-applicator\/"},"modified":"2026-04-10T13:10:40","modified_gmt":"2026-04-10T11:10:40","slug":"evolution-wire-applicator","status":"publish","type":"product","link":"https:\/\/smans.com\/fr\/product\/evolution-wire-applicator\/","title":{"rendered":"Mecal - Evolution Wire Applicator"},"content":{"rendered":"<p data-start=\"2152\" data-end=\"2401\">L&rsquo;Evolution est propos\u00e9 \u00e0 un prix comp\u00e9titif gr\u00e2ce \u00e0 la technologie de production sp\u00e9cifique utilis\u00e9e pour r\u00e9duire le temps de fabrication, faisant de cet outil la r\u00e9f\u00e9rence incontest\u00e9e sur le march\u00e9 mondial, tant en termes de qualit\u00e9 que de prix.<\/p>\n<p data-start=\"2403\" data-end=\"2439\"><strong data-start=\"2403\" data-end=\"2437\">Caract\u00e9ristiques principales :<\/strong><\/p>\n<ul data-start=\"2440\" data-end=\"3225\" data-is-last-node=\"\">\n<li data-start=\"2440\" data-end=\"2570\"><strong data-start=\"2442\" data-end=\"2486\">Mini-applicateur pour manchons coupl\u00e9s :<\/strong> \u00c9paisseur &lt; 0,6 mm, distance de pince &lt; 27 mm, section de c\u00e2ble entre 0 et 6 mm\u00b2.<\/li>\n<li data-start=\"2571\" data-end=\"2737\"><strong data-start=\"2573\" data-end=\"2620\">Syst\u00e8me d&rsquo;alimentation lat\u00e9rale m\u00e9canique :<\/strong> Pas de version pneumatique disponible, con\u00e7u pour d\u00e9rouler les manchons coupl\u00e9s de gauche \u00e0 droite sur un rouleau.<\/li>\n<li data-start=\"2738\" data-end=\"2801\"><strong data-start=\"2740\" data-end=\"2799\">T\u00eate de r\u00e9gulation continue ou \u00e0 quatre pads en option.<\/strong><\/li>\n<li data-start=\"2802\" data-end=\"2860\"><strong data-start=\"2804\" data-end=\"2858\">Compteur de cycles 7 chiffres non r\u00e9initialisable.<\/strong><\/li>\n<li data-start=\"2861\" data-end=\"2936\"><strong data-start=\"2863\" data-end=\"2884\">Options de came :<\/strong> Alimentation finale \u00e0 la mont\u00e9e ou \u00e0 la descente.<\/li>\n<li data-start=\"2937\" data-end=\"3075\"><strong data-start=\"2939\" data-end=\"2969\">Compatibilit\u00e9 de montage :<\/strong> Peut \u00eatre mont\u00e9 sur toute presse \u00e0 sertir avec une hauteur de sertissage de 135,8 mm \u00b1 0,02 mm (c\u00e2ble).<\/li>\n<li data-start=\"3076\" data-end=\"3225\" data-is-last-node=\"\"><strong data-start=\"3078\" data-end=\"3109\">Polyvalence d&rsquo;utilisation :<\/strong> Peut \u00eatre utilis\u00e9 manuellement (pour presse de table) ou automatiquement (pour machines de coupe et de d\u00e9nudage).<\/li>\n<\/ul>\n","protected":false},"excerpt":{"rendered":"<p>Applicateur Evolution : Une nouvelle ligne d&rsquo;applicateurs miniatures.<\/p>\n","protected":false},"featured_media":0,"template":"","meta":{"_acf_changed":false},"pwb-brand":[18272],"product_brand":[],"product_cat":[18037,17990,17993],"product_tag":[],"class_list":{"0":"post-25485","1":"product","2":"type-product","3":"status-publish","5":"pwb-brand-brand-mecal-fr","6":"product_cat-applicators-crimptooling-fr","7":"product_cat-cables-et-cablage-fr","8":"product_cat-couper-denuder-sertissage-fr","10":"first","11":"instock","12":"taxable","13":"shipping-taxable","14":"product-type-simple"},"acf":[],"yoast_head":"<!-- This site is optimized with the Yoast SEO plugin v27.1.1 - https:\/\/yoast.com\/product\/yoast-seo-wordpress\/ -->\n<title>Evolution Wire Applicator - Smans<\/title>\n<meta name=\"robots\" content=\"index, follow, max-snippet:-1, max-image-preview:large, max-video-preview:-1\" \/>\n<link rel=\"canonical\" href=\"https:\/\/smans.com\/fr\/product\/evolution-wire-applicator\/\" \/>\n<meta property=\"og:locale\" content=\"fr_FR\" \/>\n<meta property=\"og:type\" content=\"article\" \/>\n<meta property=\"og:title\" content=\"Evolution Wire Applicator - Smans\" \/>\n<meta property=\"og:description\" content=\"Applicateur Evolution : Une nouvelle ligne d&#039;applicateurs miniatures.\" \/>\n<meta property=\"og:url\" content=\"https:\/\/smans.com\/fr\/product\/evolution-wire-applicator\/\" \/>\n<meta property=\"og:site_name\" content=\"Smans\" \/>\n<meta property=\"article:modified_time\" content=\"2026-04-10T11:10:40+00:00\" \/>\n<meta name=\"twitter:card\" content=\"summary_large_image\" \/>\n<meta name=\"twitter:label1\" content=\"Dur\u00e9e de lecture estim\u00e9e\" \/>\n\t<meta name=\"twitter:data1\" content=\"1 minute\" \/>\n<script type=\"application\/ld+json\" class=\"yoast-schema-graph\">{\"@context\":\"https:\/\/schema.org\",\"@graph\":[{\"@type\":\"WebPage\",\"@id\":\"https:\/\/smans.com\/fr\/product\/evolution-wire-applicator\/\",\"url\":\"https:\/\/smans.com\/fr\/product\/evolution-wire-applicator\/\",\"name\":\"Evolution Wire Applicator - Smans\",\"isPartOf\":{\"@id\":\"https:\/\/smans.com\/nl\/#website\"},\"datePublished\":\"2024-06-09T15:12:12+00:00\",\"dateModified\":\"2026-04-10T11:10:40+00:00\",\"breadcrumb\":{\"@id\":\"https:\/\/smans.com\/fr\/product\/evolution-wire-applicator\/#breadcrumb\"},\"inLanguage\":\"fr-FR\",\"potentialAction\":[{\"@type\":\"ReadAction\",\"target\":[\"https:\/\/smans.com\/fr\/product\/evolution-wire-applicator\/\"]}]},{\"@type\":\"BreadcrumbList\",\"@id\":\"https:\/\/smans.com\/fr\/product\/evolution-wire-applicator\/#breadcrumb\",\"itemListElement\":[{\"@type\":\"ListItem\",\"position\":1,\"name\":\"Home\",\"item\":\"https:\/\/smans.com\/fr\/\"},{\"@type\":\"ListItem\",\"position\":2,\"name\":\"Boutique\",\"item\":\"https:\/\/smans.com\/nl\/shop\/\"},{\"@type\":\"ListItem\",\"position\":3,\"name\":\"Mecal - Evolution Wire Applicator\"}]},{\"@type\":\"WebSite\",\"@id\":\"https:\/\/smans.com\/nl\/#website\",\"url\":\"https:\/\/smans.com\/nl\/\",\"name\":\"Smans\",\"description\":\"\",\"publisher\":{\"@id\":\"https:\/\/smans.com\/nl\/#organization\"},\"potentialAction\":[{\"@type\":\"SearchAction\",\"target\":{\"@type\":\"EntryPoint\",\"urlTemplate\":\"https:\/\/smans.com\/nl\/?s={search_term_string}\"},\"query-input\":{\"@type\":\"PropertyValueSpecification\",\"valueRequired\":true,\"valueName\":\"search_term_string\"}}],\"inLanguage\":\"fr-FR\"},{\"@type\":\"Organization\",\"@id\":\"https:\/\/smans.com\/nl\/#organization\",\"name\":\"Smans\",\"url\":\"https:\/\/smans.com\/nl\/\",\"logo\":{\"@type\":\"ImageObject\",\"inLanguage\":\"fr-FR\",\"@id\":\"https:\/\/smans.com\/nl\/#\/schema\/logo\/image\/\",\"url\":\"https:\/\/smans.com\/wp-content\/uploads\/2023\/09\/logo.svg\",\"contentUrl\":\"https:\/\/smans.com\/wp-content\/uploads\/2023\/09\/logo.svg\",\"caption\":\"Smans\"},\"image\":{\"@id\":\"https:\/\/smans.com\/nl\/#\/schema\/logo\/image\/\"}}]}<\/script>\n<!-- \/ Yoast SEO plugin. -->","yoast_head_json":{"title":"Evolution Wire Applicator - Smans","robots":{"index":"index","follow":"follow","max-snippet":"max-snippet:-1","max-image-preview":"max-image-preview:large","max-video-preview":"max-video-preview:-1"},"canonical":"https:\/\/smans.com\/fr\/product\/evolution-wire-applicator\/","og_locale":"fr_FR","og_type":"article","og_title":"Evolution Wire Applicator - Smans","og_description":"Applicateur Evolution : Une nouvelle ligne d'applicateurs miniatures.","og_url":"https:\/\/smans.com\/fr\/product\/evolution-wire-applicator\/","og_site_name":"Smans","article_modified_time":"2026-04-10T11:10:40+00:00","twitter_card":"summary_large_image","twitter_misc":{"Dur\u00e9e de lecture estim\u00e9e":"1 minute"},"schema":{"@context":"https:\/\/schema.org","@graph":[{"@type":"WebPage","@id":"https:\/\/smans.com\/fr\/product\/evolution-wire-applicator\/","url":"https:\/\/smans.com\/fr\/product\/evolution-wire-applicator\/","name":"Evolution Wire Applicator - Smans","isPartOf":{"@id":"https:\/\/smans.com\/nl\/#website"},"datePublished":"2024-06-09T15:12:12+00:00","dateModified":"2026-04-10T11:10:40+00:00","breadcrumb":{"@id":"https:\/\/smans.com\/fr\/product\/evolution-wire-applicator\/#breadcrumb"},"inLanguage":"fr-FR","potentialAction":[{"@type":"ReadAction","target":["https:\/\/smans.com\/fr\/product\/evolution-wire-applicator\/"]}]},{"@type":"BreadcrumbList","@id":"https:\/\/smans.com\/fr\/product\/evolution-wire-applicator\/#breadcrumb","itemListElement":[{"@type":"ListItem","position":1,"name":"Home","item":"https:\/\/smans.com\/fr\/"},{"@type":"ListItem","position":2,"name":"Boutique","item":"https:\/\/smans.com\/nl\/shop\/"},{"@type":"ListItem","position":3,"name":"Mecal - Evolution Wire Applicator"}]},{"@type":"WebSite","@id":"https:\/\/smans.com\/nl\/#website","url":"https:\/\/smans.com\/nl\/","name":"Smans","description":"","publisher":{"@id":"https:\/\/smans.com\/nl\/#organization"},"potentialAction":[{"@type":"SearchAction","target":{"@type":"EntryPoint","urlTemplate":"https:\/\/smans.com\/nl\/?s={search_term_string}"},"query-input":{"@type":"PropertyValueSpecification","valueRequired":true,"valueName":"search_term_string"}}],"inLanguage":"fr-FR"},{"@type":"Organization","@id":"https:\/\/smans.com\/nl\/#organization","name":"Smans","url":"https:\/\/smans.com\/nl\/","logo":{"@type":"ImageObject","inLanguage":"fr-FR","@id":"https:\/\/smans.com\/nl\/#\/schema\/logo\/image\/","url":"https:\/\/smans.com\/wp-content\/uploads\/2023\/09\/logo.svg","contentUrl":"https:\/\/smans.com\/wp-content\/uploads\/2023\/09\/logo.svg","caption":"Smans"},"image":{"@id":"https:\/\/smans.com\/nl\/#\/schema\/logo\/image\/"}}]}},"brands":[{"id":18272,"name":"Mecal","slug":"brand-mecal-fr"}],"_links":{"self":[{"href":"https:\/\/smans.com\/fr\/wp-json\/wp\/v2\/product\/25485","targetHints":{"allow":["GET"]}}],"collection":[{"href":"https:\/\/smans.com\/fr\/wp-json\/wp\/v2\/product"}],"about":[{"href":"https:\/\/smans.com\/fr\/wp-json\/wp\/v2\/types\/product"}],"wp:attachment":[{"href":"https:\/\/smans.com\/fr\/wp-json\/wp\/v2\/media?parent=25485"}],"wp:term":[{"taxonomy":"pwb-brand","embeddable":true,"href":"https:\/\/smans.com\/fr\/wp-json\/wp\/v2\/pwb-brand?post=25485"},{"taxonomy":"product_brand","embeddable":true,"href":"https:\/\/smans.com\/fr\/wp-json\/wp\/v2\/product_brand?post=25485"},{"taxonomy":"product_cat","embeddable":true,"href":"https:\/\/smans.com\/fr\/wp-json\/wp\/v2\/product_cat?post=25485"},{"taxonomy":"product_tag","embeddable":true,"href":"https:\/\/smans.com\/fr\/wp-json\/wp\/v2\/product_tag?post=25485"}],"curies":[{"name":"wp","href":"https:\/\/api.w.org\/{rel}","templated":true}]}}