{"id":25486,"date":"2024-06-09T17:14:47","date_gmt":"2024-06-09T15:14:47","guid":{"rendered":"https:\/\/smans.com\/product\/shield-and-braiding-cutting-device-beri-co-cut-v3\/"},"modified":"2026-04-30T11:01:48","modified_gmt":"2026-04-30T09:01:48","slug":"shield-and-braiding-cutting-device-beri-co-cut-v3","status":"publish","type":"product","link":"https:\/\/smans.com\/fr\/product\/shield-and-braiding-cutting-device-beri-co-cut-v3\/","title":{"rendered":"Rittmeyer - Shield and Braiding Cutting Device BERI.CO.CUT V3"},"content":{"rendered":"<p data-start=\"3239\" data-end=\"3485\">Le <strong data-start=\"3242\" data-end=\"3260\">BERI.CO.CUT V3<\/strong> est une <strong data-start=\"3269\" data-end=\"3324\">machine de coupe \u00e9lectropneumatique haute pr\u00e9cision<\/strong>, con\u00e7ue pour <strong data-start=\"3338\" data-end=\"3408\">s\u00e9parer proprement et en toute s\u00e9curit\u00e9 les blindages et tressages<\/strong> des c\u00e2bles et fils, en particulier ceux des <strong data-start=\"3453\" data-end=\"3482\">c\u00e2bles haute tension (HV)<\/strong>.<\/p>\n<p data-start=\"3487\" data-end=\"3861\">Le <strong data-start=\"3490\" data-end=\"3529\">tressage est s\u00e9par\u00e9 pneumatiquement<\/strong>, tandis que <strong data-start=\"3542\" data-end=\"3611\">la zone de travail reste accessible pour les op\u00e9rations manuelles<\/strong>, telles que <strong data-start=\"3624\" data-end=\"3691\">l\u2019\u00e9cartement de la tresse et le positionnement du tube de coupe<\/strong>. Gr\u00e2ce \u00e0 sa conception intelligente, la machine <strong data-start=\"3740\" data-end=\"3788\">\u00e9vite tout dommage aux couches sous-jacentes<\/strong>, comme le <strong data-start=\"3799\" data-end=\"3858\">di\u00e9lectrique, les autres blindages ou les fils internes<\/strong>.<\/p>\n<p data-start=\"3863\" data-end=\"4016\">Les <strong data-start=\"3867\" data-end=\"3921\">outils peuvent \u00eatre remplac\u00e9s en quelques secondes<\/strong>, et la machine peut \u00eatre \u00e9quip\u00e9e de <strong data-start=\"3958\" data-end=\"3980\">modules optionnels<\/strong> pour \u00e9largir ses fonctionnalit\u00e9s.<\/p>\n<h4 data-start=\"4018\" data-end=\"4064\"><strong data-start=\"4023\" data-end=\"4062\">Caract\u00e9ristiques et Fonctionnalit\u00e9s<\/strong><\/h4>\n<p data-start=\"4065\" data-end=\"4528\">\u2714 <strong data-start=\"4067\" data-end=\"4106\">Coupe propre et pr\u00e9cise du tressage<\/strong><br data-start=\"4106\" data-end=\"4109\" \/>\u2714 <strong data-start=\"4111\" data-end=\"4160\">S\u00e9paration du tressage s\u00fbre, simple et rapide<\/strong><br data-start=\"4160\" data-end=\"4163\" \/>\u2714 <strong data-start=\"4165\" data-end=\"4229\">Construction robuste, adapt\u00e9e aux environnements industriels<\/strong><br data-start=\"4229\" data-end=\"4232\" \/>\u2714 <strong data-start=\"4234\" data-end=\"4285\">Compatible avec les tressages en fils non ronds<\/strong><br data-start=\"4285\" data-end=\"4288\" \/>\u2714 <strong data-start=\"4290\" data-end=\"4345\">Aucun risque d\u2019endommager les couches sous-jacentes<\/strong><br data-start=\"4345\" data-end=\"4348\" \/>\u2714 <strong data-start=\"4350\" data-end=\"4392\">Performance de coupe fiable et pr\u00e9cise<\/strong><br data-start=\"4392\" data-end=\"4395\" \/>\u2714 <strong data-start=\"4397\" data-end=\"4457\">Utilisation sans effort gr\u00e2ce \u00e0 l\u2019assistance pneumatique<\/strong><br data-start=\"4457\" data-end=\"4460\" \/>\u2714 <strong data-start=\"4462\" data-end=\"4526\">D\u00e9clenchement de la coupe via un bouton int\u00e9gr\u00e9 \u00e0 la poign\u00e9e<\/strong><\/p>\n<p data-start=\"4530\" data-end=\"4695\" data-is-last-node=\"\">Le <strong data-start=\"4533\" data-end=\"4551\">BERI.CO.CUT V3<\/strong> constitue une <strong data-start=\"4566\" data-end=\"4598\">solution efficace et pr\u00e9cise<\/strong> pour <strong data-start=\"4604\" data-end=\"4694\">le traitement des blindages et tressages de c\u00e2bles dans des applications industrielles<\/strong>.<\/p>\n","protected":false},"excerpt":{"rendered":"<p>BERI.CO.CUT V3 : Machine de Coupe \u00c9lectropneumatique<\/p>\n","protected":false},"featured_media":0,"template":"","meta":{"_acf_changed":false},"pwb-brand":[18290],"product_brand":[],"product_cat":[18047,17990,18001],"product_tag":[],"class_list":{"0":"post-25486","1":"product","2":"type-product","3":"status-publish","5":"pwb-brand-brand-rittmeyer-fr","6":"product_cat-cable-shielding-processing-fr","7":"product_cat-cables-et-cablage-fr","8":"product_cat-processus-secondaires-fr","10":"first","11":"instock","12":"taxable","13":"shipping-taxable","14":"purchasable","15":"product-type-simple"},"acf":[],"yoast_head":"<!-- This site is optimized with the Yoast SEO plugin v27.1.1 - https:\/\/yoast.com\/product\/yoast-seo-wordpress\/ -->\n<title>Shield and Braiding Cutting Device BERI.CO.CUT V3 - Smans<\/title>\n<meta name=\"robots\" content=\"index, follow, max-snippet:-1, max-image-preview:large, max-video-preview:-1\" \/>\n<link rel=\"canonical\" href=\"https:\/\/smans.com\/fr\/product\/shield-and-braiding-cutting-device-beri-co-cut-v3\/\" \/>\n<meta property=\"og:locale\" content=\"fr_FR\" \/>\n<meta property=\"og:type\" content=\"article\" \/>\n<meta property=\"og:title\" content=\"Shield and Braiding Cutting Device BERI.CO.CUT V3 - Smans\" \/>\n<meta property=\"og:description\" content=\"BERI.CO.CUT V3 : Machine de Coupe \u00c9lectropneumatique\" \/>\n<meta property=\"og:url\" content=\"https:\/\/smans.com\/fr\/product\/shield-and-braiding-cutting-device-beri-co-cut-v3\/\" \/>\n<meta property=\"og:site_name\" content=\"Smans\" \/>\n<meta property=\"article:modified_time\" content=\"2026-04-30T09:01:48+00:00\" \/>\n<meta name=\"twitter:card\" content=\"summary_large_image\" \/>\n<meta name=\"twitter:label1\" content=\"Dur\u00e9e de lecture estim\u00e9e\" \/>\n\t<meta name=\"twitter:data1\" content=\"1 minute\" \/>\n<script type=\"application\/ld+json\" class=\"yoast-schema-graph\">{\"@context\":\"https:\/\/schema.org\",\"@graph\":[{\"@type\":\"WebPage\",\"@id\":\"https:\/\/smans.com\/fr\/product\/shield-and-braiding-cutting-device-beri-co-cut-v3\/\",\"url\":\"https:\/\/smans.com\/fr\/product\/shield-and-braiding-cutting-device-beri-co-cut-v3\/\",\"name\":\"Shield and Braiding Cutting Device BERI.CO.CUT V3 - Smans\",\"isPartOf\":{\"@id\":\"https:\/\/smans.com\/nl\/#website\"},\"datePublished\":\"2024-06-09T15:14:47+00:00\",\"dateModified\":\"2026-04-30T09:01:48+00:00\",\"breadcrumb\":{\"@id\":\"https:\/\/smans.com\/fr\/product\/shield-and-braiding-cutting-device-beri-co-cut-v3\/#breadcrumb\"},\"inLanguage\":\"fr-FR\",\"potentialAction\":[{\"@type\":\"ReadAction\",\"target\":[\"https:\/\/smans.com\/fr\/product\/shield-and-braiding-cutting-device-beri-co-cut-v3\/\"]}]},{\"@type\":\"BreadcrumbList\",\"@id\":\"https:\/\/smans.com\/fr\/product\/shield-and-braiding-cutting-device-beri-co-cut-v3\/#breadcrumb\",\"itemListElement\":[{\"@type\":\"ListItem\",\"position\":1,\"name\":\"Home\",\"item\":\"https:\/\/smans.com\/fr\/\"},{\"@type\":\"ListItem\",\"position\":2,\"name\":\"Boutique\",\"item\":\"https:\/\/smans.com\/nl\/shop\/\"},{\"@type\":\"ListItem\",\"position\":3,\"name\":\"Rittmeyer - Shield and Braiding Cutting Device BERI.CO.CUT V3\"}]},{\"@type\":\"WebSite\",\"@id\":\"https:\/\/smans.com\/nl\/#website\",\"url\":\"https:\/\/smans.com\/nl\/\",\"name\":\"Smans\",\"description\":\"\",\"publisher\":{\"@id\":\"https:\/\/smans.com\/nl\/#organization\"},\"potentialAction\":[{\"@type\":\"SearchAction\",\"target\":{\"@type\":\"EntryPoint\",\"urlTemplate\":\"https:\/\/smans.com\/nl\/?s={search_term_string}\"},\"query-input\":{\"@type\":\"PropertyValueSpecification\",\"valueRequired\":true,\"valueName\":\"search_term_string\"}}],\"inLanguage\":\"fr-FR\"},{\"@type\":\"Organization\",\"@id\":\"https:\/\/smans.com\/nl\/#organization\",\"name\":\"Smans\",\"url\":\"https:\/\/smans.com\/nl\/\",\"logo\":{\"@type\":\"ImageObject\",\"inLanguage\":\"fr-FR\",\"@id\":\"https:\/\/smans.com\/nl\/#\/schema\/logo\/image\/\",\"url\":\"https:\/\/smans.com\/wp-content\/uploads\/2023\/09\/logo.svg\",\"contentUrl\":\"https:\/\/smans.com\/wp-content\/uploads\/2023\/09\/logo.svg\",\"caption\":\"Smans\"},\"image\":{\"@id\":\"https:\/\/smans.com\/nl\/#\/schema\/logo\/image\/\"}}]}<\/script>\n<!-- \/ Yoast SEO plugin. -->","yoast_head_json":{"title":"Shield and Braiding Cutting Device BERI.CO.CUT V3 - Smans","robots":{"index":"index","follow":"follow","max-snippet":"max-snippet:-1","max-image-preview":"max-image-preview:large","max-video-preview":"max-video-preview:-1"},"canonical":"https:\/\/smans.com\/fr\/product\/shield-and-braiding-cutting-device-beri-co-cut-v3\/","og_locale":"fr_FR","og_type":"article","og_title":"Shield and Braiding Cutting Device BERI.CO.CUT V3 - Smans","og_description":"BERI.CO.CUT V3 : Machine de Coupe \u00c9lectropneumatique","og_url":"https:\/\/smans.com\/fr\/product\/shield-and-braiding-cutting-device-beri-co-cut-v3\/","og_site_name":"Smans","article_modified_time":"2026-04-30T09:01:48+00:00","twitter_card":"summary_large_image","twitter_misc":{"Dur\u00e9e de lecture estim\u00e9e":"1 minute"},"schema":{"@context":"https:\/\/schema.org","@graph":[{"@type":"WebPage","@id":"https:\/\/smans.com\/fr\/product\/shield-and-braiding-cutting-device-beri-co-cut-v3\/","url":"https:\/\/smans.com\/fr\/product\/shield-and-braiding-cutting-device-beri-co-cut-v3\/","name":"Shield and Braiding Cutting Device BERI.CO.CUT V3 - Smans","isPartOf":{"@id":"https:\/\/smans.com\/nl\/#website"},"datePublished":"2024-06-09T15:14:47+00:00","dateModified":"2026-04-30T09:01:48+00:00","breadcrumb":{"@id":"https:\/\/smans.com\/fr\/product\/shield-and-braiding-cutting-device-beri-co-cut-v3\/#breadcrumb"},"inLanguage":"fr-FR","potentialAction":[{"@type":"ReadAction","target":["https:\/\/smans.com\/fr\/product\/shield-and-braiding-cutting-device-beri-co-cut-v3\/"]}]},{"@type":"BreadcrumbList","@id":"https:\/\/smans.com\/fr\/product\/shield-and-braiding-cutting-device-beri-co-cut-v3\/#breadcrumb","itemListElement":[{"@type":"ListItem","position":1,"name":"Home","item":"https:\/\/smans.com\/fr\/"},{"@type":"ListItem","position":2,"name":"Boutique","item":"https:\/\/smans.com\/nl\/shop\/"},{"@type":"ListItem","position":3,"name":"Rittmeyer - Shield and Braiding Cutting Device BERI.CO.CUT V3"}]},{"@type":"WebSite","@id":"https:\/\/smans.com\/nl\/#website","url":"https:\/\/smans.com\/nl\/","name":"Smans","description":"","publisher":{"@id":"https:\/\/smans.com\/nl\/#organization"},"potentialAction":[{"@type":"SearchAction","target":{"@type":"EntryPoint","urlTemplate":"https:\/\/smans.com\/nl\/?s={search_term_string}"},"query-input":{"@type":"PropertyValueSpecification","valueRequired":true,"valueName":"search_term_string"}}],"inLanguage":"fr-FR"},{"@type":"Organization","@id":"https:\/\/smans.com\/nl\/#organization","name":"Smans","url":"https:\/\/smans.com\/nl\/","logo":{"@type":"ImageObject","inLanguage":"fr-FR","@id":"https:\/\/smans.com\/nl\/#\/schema\/logo\/image\/","url":"https:\/\/smans.com\/wp-content\/uploads\/2023\/09\/logo.svg","contentUrl":"https:\/\/smans.com\/wp-content\/uploads\/2023\/09\/logo.svg","caption":"Smans"},"image":{"@id":"https:\/\/smans.com\/nl\/#\/schema\/logo\/image\/"}}]}},"brands":[{"id":18290,"name":"Rittmeyer","slug":"brand-rittmeyer-fr"}],"_links":{"self":[{"href":"https:\/\/smans.com\/fr\/wp-json\/wp\/v2\/product\/25486","targetHints":{"allow":["GET"]}}],"collection":[{"href":"https:\/\/smans.com\/fr\/wp-json\/wp\/v2\/product"}],"about":[{"href":"https:\/\/smans.com\/fr\/wp-json\/wp\/v2\/types\/product"}],"wp:attachment":[{"href":"https:\/\/smans.com\/fr\/wp-json\/wp\/v2\/media?parent=25486"}],"wp:term":[{"taxonomy":"pwb-brand","embeddable":true,"href":"https:\/\/smans.com\/fr\/wp-json\/wp\/v2\/pwb-brand?post=25486"},{"taxonomy":"product_brand","embeddable":true,"href":"https:\/\/smans.com\/fr\/wp-json\/wp\/v2\/product_brand?post=25486"},{"taxonomy":"product_cat","embeddable":true,"href":"https:\/\/smans.com\/fr\/wp-json\/wp\/v2\/product_cat?post=25486"},{"taxonomy":"product_tag","embeddable":true,"href":"https:\/\/smans.com\/fr\/wp-json\/wp\/v2\/product_tag?post=25486"}],"curies":[{"name":"wp","href":"https:\/\/api.w.org\/{rel}","templated":true}]}}