{"id":25488,"date":"2024-06-09T17:14:53","date_gmt":"2024-06-09T15:14:53","guid":{"rendered":"https:\/\/smans.com\/product\/splicing-machine-acs-2000\/"},"modified":"2026-04-09T13:20:03","modified_gmt":"2026-04-09T11:20:03","slug":"splicing-machine-acs-2000","status":"publish","type":"product","link":"https:\/\/smans.com\/fr\/product\/splicing-machine-acs-2000\/","title":{"rendered":"Autosplice - Splicing Machine ACS 2000"},"content":{"rendered":"<p data-start=\"3085\" data-end=\"3454\">Le <strong data-start=\"3088\" data-end=\"3121\">ACS 2000 Global Splice System<\/strong> est la <strong data-start=\"3129\" data-end=\"3176\">solution la plus avanc\u00e9e et personnalisable<\/strong> pour les <strong data-start=\"3186\" data-end=\"3261\">connexions de sertissage dans les environnements de production mondiaux<\/strong>. Cette <strong data-start=\"3269\" data-end=\"3292\">plateforme \u00e9prouv\u00e9e<\/strong>, con\u00e7ue et test\u00e9e \u00e0 travers l\u2019Europe, garantit des <strong data-start=\"3344\" data-end=\"3382\">performances fiables et r\u00e9p\u00e9tables<\/strong> pour une large gamme <strong data-start=\"3404\" data-end=\"3439\">d\u2019applications d\u2019interconnexion<\/strong>, notamment :<\/p>\n<ul data-start=\"3456\" data-end=\"3689\">\n<li data-start=\"3456\" data-end=\"3493\"><strong data-start=\"3458\" data-end=\"3471\">Fil \u00e0 fil<\/strong> (solide ou toronn\u00e9)<\/li>\n<li data-start=\"3494\" data-end=\"3561\"><strong data-start=\"3496\" data-end=\"3518\">Fil \u00e0 interrupteur<\/strong> ou <strong data-start=\"3522\" data-end=\"3559\">borne de composant \u00e0 interrupteur<\/strong><\/li>\n<li data-start=\"3562\" data-end=\"3601\"><strong data-start=\"3564\" data-end=\"3599\">Fil ou borne \u00e0 circuit flexible<\/strong><\/li>\n<li data-start=\"3602\" data-end=\"3646\"><strong data-start=\"3604\" data-end=\"3644\">Fil ou borne \u00e0 circuit imprim\u00e9 (PCB)<\/strong><\/li>\n<li data-start=\"3647\" data-end=\"3689\"><strong data-start=\"3649\" data-end=\"3687\">Circuit flexible \u00e0 circuit imprim\u00e9<\/strong><\/li>\n<\/ul>\n<h4 data-start=\"3691\" data-end=\"3748\"><strong data-start=\"3696\" data-end=\"3746\">Caract\u00e9ristiques Techniques et Fonctionnalit\u00e9s<\/strong><\/h4>\n<p data-start=\"3749\" data-end=\"4484\">\u2714 <strong data-start=\"3751\" data-end=\"3788\">Technologie de motorisation servo<\/strong> pour un fonctionnement pr\u00e9cis et stable<br data-start=\"3828\" data-end=\"3831\" \/>\u2714 <strong data-start=\"3833\" data-end=\"3868\">Outil modulaire en cinq parties<\/strong> pour une installation, un changement rapide et un entretien simplifi\u00e9<br data-start=\"3938\" data-end=\"3941\" \/>\u2714 <strong data-start=\"3943\" data-end=\"3980\">Espace de travail \u00e9clair\u00e9 par LED<\/strong> pour une meilleure visibilit\u00e9<br data-start=\"4010\" data-end=\"4013\" \/>\u2714 <strong data-start=\"4015\" data-end=\"4079\">M\u00e9canisme d\u2019alimentation de bande de soudure micro-ajustable<\/strong> (r\u00e9glable par <strong data-start=\"4094\" data-end=\"4119\">incr\u00e9ments de 0,05 mm<\/strong>)<br data-start=\"4120\" data-end=\"4123\" \/>\u2714 <strong data-start=\"4125\" data-end=\"4176\">R\u00e9glages num\u00e9riques de la hauteur de sertissage<\/strong> (ajustables par <strong data-start=\"4193\" data-end=\"4218\">incr\u00e9ments de 0,01 mm<\/strong>)<br data-start=\"4219\" data-end=\"4222\" \/>\u2714 <strong data-start=\"4224\" data-end=\"4256\">Alimentation \u00e0 double plaque<\/strong> pour \u00e9viter les dommages \u00e0 la bande de soudure<br data-start=\"4303\" data-end=\"4306\" \/>\u2714 <strong data-start=\"4308\" data-end=\"4347\">Bouton de pr\u00e9s\u00e9lection programmable<\/strong> avec compte \u00e0 rebours et arr\u00eat automatique en fin de t\u00e2che<br data-start=\"4406\" data-end=\"4409\" \/>\u2714 <strong data-start=\"4411\" data-end=\"4426\">Certifi\u00e9 CE<\/strong> pour une conformit\u00e9 aux normes de s\u00e9curit\u00e9 industrielle<\/p>\n<p data-start=\"4486\" data-end=\"4657\" data-is-last-node=\"\">Le <strong data-start=\"4489\" data-end=\"4501\">ACS 2000<\/strong> offre <strong data-start=\"4508\" data-end=\"4575\">une pr\u00e9cision, une flexibilit\u00e9 et une fiabilit\u00e9 exceptionnelles<\/strong>, faisant de lui <strong data-start=\"4592\" data-end=\"4656\">la solution id\u00e9ale pour les processus de production modernes<\/strong>.<\/p>\n","protected":false},"excerpt":{"rendered":"<p>ACS 2000 Global Splice System : Connexions de Sertissage Avanc\u00e9es et Flexibles<\/p>\n","protected":false},"featured_media":0,"template":"","meta":{"_acf_changed":false},"pwb-brand":[18208],"product_brand":[],"product_cat":[17990,18045,18001],"product_tag":[],"class_list":{"0":"post-25488","1":"product","2":"type-product","3":"status-publish","5":"pwb-brand-brand-autosplice-fr-2","6":"product_cat-cables-et-cablage-fr","7":"product_cat-mechanical-splicing-fr","8":"product_cat-processus-secondaires-fr","10":"first","11":"instock","12":"taxable","13":"shipping-taxable","14":"purchasable","15":"product-type-simple"},"acf":[],"yoast_head":"<!-- This site is optimized with the Yoast SEO plugin v27.1.1 - https:\/\/yoast.com\/product\/yoast-seo-wordpress\/ -->\n<title>Splicing Machine ACS 2000 - Smans<\/title>\n<meta name=\"robots\" content=\"index, follow, max-snippet:-1, max-image-preview:large, max-video-preview:-1\" \/>\n<link rel=\"canonical\" href=\"https:\/\/smans.com\/fr\/product\/splicing-machine-acs-2000\/\" \/>\n<meta property=\"og:locale\" content=\"fr_FR\" \/>\n<meta property=\"og:type\" content=\"article\" \/>\n<meta property=\"og:title\" content=\"Splicing Machine ACS 2000 - Smans\" \/>\n<meta property=\"og:description\" content=\"ACS 2000 Global Splice System : Connexions de Sertissage Avanc\u00e9es et Flexibles\" \/>\n<meta property=\"og:url\" content=\"https:\/\/smans.com\/fr\/product\/splicing-machine-acs-2000\/\" \/>\n<meta property=\"og:site_name\" content=\"Smans\" \/>\n<meta property=\"article:modified_time\" content=\"2026-04-09T11:20:03+00:00\" \/>\n<meta name=\"twitter:card\" content=\"summary_large_image\" \/>\n<meta name=\"twitter:label1\" content=\"Dur\u00e9e de lecture estim\u00e9e\" \/>\n\t<meta name=\"twitter:data1\" content=\"1 minute\" \/>\n<script type=\"application\/ld+json\" class=\"yoast-schema-graph\">{\"@context\":\"https:\/\/schema.org\",\"@graph\":[{\"@type\":\"WebPage\",\"@id\":\"https:\/\/smans.com\/fr\/product\/splicing-machine-acs-2000\/\",\"url\":\"https:\/\/smans.com\/fr\/product\/splicing-machine-acs-2000\/\",\"name\":\"Splicing Machine ACS 2000 - Smans\",\"isPartOf\":{\"@id\":\"https:\/\/smans.com\/nl\/#website\"},\"datePublished\":\"2024-06-09T15:14:53+00:00\",\"dateModified\":\"2026-04-09T11:20:03+00:00\",\"breadcrumb\":{\"@id\":\"https:\/\/smans.com\/fr\/product\/splicing-machine-acs-2000\/#breadcrumb\"},\"inLanguage\":\"fr-FR\",\"potentialAction\":[{\"@type\":\"ReadAction\",\"target\":[\"https:\/\/smans.com\/fr\/product\/splicing-machine-acs-2000\/\"]}]},{\"@type\":\"BreadcrumbList\",\"@id\":\"https:\/\/smans.com\/fr\/product\/splicing-machine-acs-2000\/#breadcrumb\",\"itemListElement\":[{\"@type\":\"ListItem\",\"position\":1,\"name\":\"Home\",\"item\":\"https:\/\/smans.com\/fr\/\"},{\"@type\":\"ListItem\",\"position\":2,\"name\":\"Boutique\",\"item\":\"https:\/\/smans.com\/nl\/shop\/\"},{\"@type\":\"ListItem\",\"position\":3,\"name\":\"Autosplice - Splicing Machine ACS 2000\"}]},{\"@type\":\"WebSite\",\"@id\":\"https:\/\/smans.com\/nl\/#website\",\"url\":\"https:\/\/smans.com\/nl\/\",\"name\":\"Smans\",\"description\":\"\",\"publisher\":{\"@id\":\"https:\/\/smans.com\/nl\/#organization\"},\"potentialAction\":[{\"@type\":\"SearchAction\",\"target\":{\"@type\":\"EntryPoint\",\"urlTemplate\":\"https:\/\/smans.com\/nl\/?s={search_term_string}\"},\"query-input\":{\"@type\":\"PropertyValueSpecification\",\"valueRequired\":true,\"valueName\":\"search_term_string\"}}],\"inLanguage\":\"fr-FR\"},{\"@type\":\"Organization\",\"@id\":\"https:\/\/smans.com\/nl\/#organization\",\"name\":\"Smans\",\"url\":\"https:\/\/smans.com\/nl\/\",\"logo\":{\"@type\":\"ImageObject\",\"inLanguage\":\"fr-FR\",\"@id\":\"https:\/\/smans.com\/nl\/#\/schema\/logo\/image\/\",\"url\":\"https:\/\/smans.com\/wp-content\/uploads\/2023\/09\/logo.svg\",\"contentUrl\":\"https:\/\/smans.com\/wp-content\/uploads\/2023\/09\/logo.svg\",\"caption\":\"Smans\"},\"image\":{\"@id\":\"https:\/\/smans.com\/nl\/#\/schema\/logo\/image\/\"}}]}<\/script>\n<!-- \/ Yoast SEO plugin. -->","yoast_head_json":{"title":"Splicing Machine ACS 2000 - Smans","robots":{"index":"index","follow":"follow","max-snippet":"max-snippet:-1","max-image-preview":"max-image-preview:large","max-video-preview":"max-video-preview:-1"},"canonical":"https:\/\/smans.com\/fr\/product\/splicing-machine-acs-2000\/","og_locale":"fr_FR","og_type":"article","og_title":"Splicing Machine ACS 2000 - Smans","og_description":"ACS 2000 Global Splice System : Connexions de Sertissage Avanc\u00e9es et Flexibles","og_url":"https:\/\/smans.com\/fr\/product\/splicing-machine-acs-2000\/","og_site_name":"Smans","article_modified_time":"2026-04-09T11:20:03+00:00","twitter_card":"summary_large_image","twitter_misc":{"Dur\u00e9e de lecture estim\u00e9e":"1 minute"},"schema":{"@context":"https:\/\/schema.org","@graph":[{"@type":"WebPage","@id":"https:\/\/smans.com\/fr\/product\/splicing-machine-acs-2000\/","url":"https:\/\/smans.com\/fr\/product\/splicing-machine-acs-2000\/","name":"Splicing Machine ACS 2000 - Smans","isPartOf":{"@id":"https:\/\/smans.com\/nl\/#website"},"datePublished":"2024-06-09T15:14:53+00:00","dateModified":"2026-04-09T11:20:03+00:00","breadcrumb":{"@id":"https:\/\/smans.com\/fr\/product\/splicing-machine-acs-2000\/#breadcrumb"},"inLanguage":"fr-FR","potentialAction":[{"@type":"ReadAction","target":["https:\/\/smans.com\/fr\/product\/splicing-machine-acs-2000\/"]}]},{"@type":"BreadcrumbList","@id":"https:\/\/smans.com\/fr\/product\/splicing-machine-acs-2000\/#breadcrumb","itemListElement":[{"@type":"ListItem","position":1,"name":"Home","item":"https:\/\/smans.com\/fr\/"},{"@type":"ListItem","position":2,"name":"Boutique","item":"https:\/\/smans.com\/nl\/shop\/"},{"@type":"ListItem","position":3,"name":"Autosplice - Splicing Machine ACS 2000"}]},{"@type":"WebSite","@id":"https:\/\/smans.com\/nl\/#website","url":"https:\/\/smans.com\/nl\/","name":"Smans","description":"","publisher":{"@id":"https:\/\/smans.com\/nl\/#organization"},"potentialAction":[{"@type":"SearchAction","target":{"@type":"EntryPoint","urlTemplate":"https:\/\/smans.com\/nl\/?s={search_term_string}"},"query-input":{"@type":"PropertyValueSpecification","valueRequired":true,"valueName":"search_term_string"}}],"inLanguage":"fr-FR"},{"@type":"Organization","@id":"https:\/\/smans.com\/nl\/#organization","name":"Smans","url":"https:\/\/smans.com\/nl\/","logo":{"@type":"ImageObject","inLanguage":"fr-FR","@id":"https:\/\/smans.com\/nl\/#\/schema\/logo\/image\/","url":"https:\/\/smans.com\/wp-content\/uploads\/2023\/09\/logo.svg","contentUrl":"https:\/\/smans.com\/wp-content\/uploads\/2023\/09\/logo.svg","caption":"Smans"},"image":{"@id":"https:\/\/smans.com\/nl\/#\/schema\/logo\/image\/"}}]}},"brands":[{"id":18208,"name":"Autosplice","slug":"brand-autosplice-fr-2"}],"_links":{"self":[{"href":"https:\/\/smans.com\/fr\/wp-json\/wp\/v2\/product\/25488","targetHints":{"allow":["GET"]}}],"collection":[{"href":"https:\/\/smans.com\/fr\/wp-json\/wp\/v2\/product"}],"about":[{"href":"https:\/\/smans.com\/fr\/wp-json\/wp\/v2\/types\/product"}],"wp:attachment":[{"href":"https:\/\/smans.com\/fr\/wp-json\/wp\/v2\/media?parent=25488"}],"wp:term":[{"taxonomy":"pwb-brand","embeddable":true,"href":"https:\/\/smans.com\/fr\/wp-json\/wp\/v2\/pwb-brand?post=25488"},{"taxonomy":"product_brand","embeddable":true,"href":"https:\/\/smans.com\/fr\/wp-json\/wp\/v2\/product_brand?post=25488"},{"taxonomy":"product_cat","embeddable":true,"href":"https:\/\/smans.com\/fr\/wp-json\/wp\/v2\/product_cat?post=25488"},{"taxonomy":"product_tag","embeddable":true,"href":"https:\/\/smans.com\/fr\/wp-json\/wp\/v2\/product_tag?post=25488"}],"curies":[{"name":"wp","href":"https:\/\/api.w.org\/{rel}","templated":true}]}}