{"id":25497,"date":"2024-06-09T17:24:53","date_gmt":"2024-06-09T15:24:53","guid":{"rendered":"https:\/\/smans.com\/product\/systems-for-integration-processmodule-2\/"},"modified":"2026-04-13T12:54:45","modified_gmt":"2026-04-13T10:54:45","slug":"systems-for-integration-processmodule-2","status":"publish","type":"product","link":"https:\/\/smans.com\/fr\/product\/systems-for-integration-processmodule-2\/","title":{"rendered":"Scheugenpflug - SYSTEMS FOR INTEGRATION &#8211; Processmodule"},"content":{"rendered":"<p data-start=\"2875\" data-end=\"3282\">Le <strong data-start=\"2878\" data-end=\"2909\">Scheugenpflug ProcessModule<\/strong> permet aux <strong data-start=\"2921\" data-end=\"2986\">int\u00e9grateurs de syst\u00e8mes et aux fournisseurs d\u2019automatisation<\/strong> d\u2019appliquer les <strong data-start=\"3003\" data-end=\"3070\">normes les plus \u00e9lev\u00e9es en mati\u00e8re de technologie de traitement<\/strong> dans leurs <strong data-start=\"3082\" data-end=\"3118\">lignes ou cellules de production<\/strong>. Gr\u00e2ce au <strong data-start=\"3129\" data-end=\"3157\">concept \u00ab\u00a0plug &amp; produce\u00a0\u00bb<\/strong>, le module peut \u00eatre <strong data-start=\"3179\" data-end=\"3222\">int\u00e9gr\u00e9 rapidement et en toute s\u00e9curit\u00e9<\/strong>, aussi bien dans les <strong data-start=\"3244\" data-end=\"3279\">syst\u00e8mes existants que nouveaux<\/strong>.<\/p>\n<h4 data-start=\"3284\" data-end=\"3331\"><strong data-start=\"3289\" data-end=\"3329\">Efficacit\u00e9 et Performances Optimales<\/strong><\/h4>\n<ul data-start=\"3332\" data-end=\"3638\">\n<li data-start=\"3332\" data-end=\"3442\"><strong data-start=\"3334\" data-end=\"3394\">Synchronisation parfaite des param\u00e8tres et des processus<\/strong> pour un <strong data-start=\"3403\" data-end=\"3439\">collage et un encapsulage pr\u00e9cis<\/strong>.<\/li>\n<li data-start=\"3443\" data-end=\"3557\"><strong data-start=\"3445\" data-end=\"3479\">D\u00e9bits \u00e9lev\u00e9s et cycles courts<\/strong>, id\u00e9aux pour les <strong data-start=\"3497\" data-end=\"3554\">applications de matrices, de perles et de remplissage<\/strong>.<\/li>\n<li data-start=\"3558\" data-end=\"3638\"><strong data-start=\"3560\" data-end=\"3584\">Rentabilit\u00e9 maximale<\/strong>, con\u00e7u pour une <strong data-start=\"3601\" data-end=\"3635\">int\u00e9gration flexible et simple<\/strong>.<\/li>\n<\/ul>\n<h4 data-start=\"3640\" data-end=\"3687\"><strong data-start=\"3645\" data-end=\"3685\">Grande Flexibilit\u00e9 et Design Compact<\/strong><\/h4>\n<ul data-start=\"3688\" data-end=\"4091\">\n<li data-start=\"3688\" data-end=\"3863\"><strong data-start=\"3690\" data-end=\"3719\">Large plage d\u2019application<\/strong> pour <strong data-start=\"3725\" data-end=\"3812\">l\u2019application efficace de colles, de joints d\u2019\u00e9tanch\u00e9it\u00e9 et de mat\u00e9riaux d\u2019enrobage<\/strong> sur plusieurs composants en une seule op\u00e9ration.<\/li>\n<li data-start=\"3864\" data-end=\"3980\"><strong data-start=\"3866\" data-end=\"3934\">Compatible avec diff\u00e9rents param\u00e8tres de processus et composants<\/strong>, s\u2019adaptant aux <strong data-start=\"3951\" data-end=\"3977\">syst\u00e8mes de convoyeurs<\/strong>.<\/li>\n<li data-start=\"3981\" data-end=\"4091\"><strong data-start=\"3983\" data-end=\"4023\">Gain d\u2019espace et r\u00e9duction des co\u00fbts<\/strong>, gr\u00e2ce \u00e0 <strong data-start=\"4033\" data-end=\"4088\">des interfaces et composants parfaitement optimis\u00e9s<\/strong>.<\/li>\n<\/ul>\n<p data-start=\"4093\" data-end=\"4259\" data-is-last-node=\"\">Le <strong data-start=\"4096\" data-end=\"4127\">Scheugenpflug ProcessModule<\/strong> offre <strong data-start=\"4134\" data-end=\"4172\">pr\u00e9cision, rapidit\u00e9 et flexibilit\u00e9<\/strong>, en faisant une <strong data-start=\"4189\" data-end=\"4258\">solution id\u00e9ale pour les processus de production de haute qualit\u00e9<\/strong>.<\/p>\n","protected":false},"excerpt":{"rendered":"<p>Process module, the plug &amp; produce solution<\/p>\n","protected":false},"featured_media":0,"template":"","meta":{"_acf_changed":false},"pwb-brand":[18296],"product_brand":[],"product_cat":[17990,18028,17991,17996],"product_tag":[],"class_list":{"0":"post-25497","1":"product","2":"type-product","3":"status-publish","5":"pwb-brand-brand-scheugenpflug-fr","6":"product_cat-cables-et-cablage-fr","7":"product_cat-dispensing-fr","8":"product_cat-electronique-fr","9":"product_cat-empotage-distribution-moulage-fr","11":"first","12":"instock","13":"taxable","14":"shipping-taxable","15":"product-type-simple"},"acf":[],"yoast_head":"<!-- This site is optimized with the Yoast SEO plugin v27.1.1 - https:\/\/yoast.com\/product\/yoast-seo-wordpress\/ -->\n<title>SYSTEMS FOR INTEGRATION - Processmodule - Smans<\/title>\n<meta name=\"robots\" content=\"index, follow, max-snippet:-1, max-image-preview:large, max-video-preview:-1\" \/>\n<link rel=\"canonical\" href=\"https:\/\/smans.com\/fr\/product\/systems-for-integration-processmodule-2\/\" \/>\n<meta property=\"og:locale\" content=\"fr_FR\" \/>\n<meta property=\"og:type\" content=\"article\" \/>\n<meta property=\"og:title\" content=\"SYSTEMS FOR INTEGRATION - Processmodule - Smans\" \/>\n<meta property=\"og:description\" content=\"Process module, the plug &amp; produce solution\" \/>\n<meta property=\"og:url\" content=\"https:\/\/smans.com\/fr\/product\/systems-for-integration-processmodule-2\/\" \/>\n<meta property=\"og:site_name\" content=\"Smans\" \/>\n<meta property=\"article:modified_time\" content=\"2026-04-13T10:54:45+00:00\" \/>\n<meta name=\"twitter:card\" content=\"summary_large_image\" \/>\n<meta name=\"twitter:label1\" content=\"Dur\u00e9e de lecture estim\u00e9e\" \/>\n\t<meta name=\"twitter:data1\" content=\"1 minute\" \/>\n<script type=\"application\/ld+json\" class=\"yoast-schema-graph\">{\"@context\":\"https:\/\/schema.org\",\"@graph\":[{\"@type\":\"WebPage\",\"@id\":\"https:\/\/smans.com\/fr\/product\/systems-for-integration-processmodule-2\/\",\"url\":\"https:\/\/smans.com\/fr\/product\/systems-for-integration-processmodule-2\/\",\"name\":\"SYSTEMS FOR INTEGRATION - Processmodule - Smans\",\"isPartOf\":{\"@id\":\"https:\/\/smans.com\/nl\/#website\"},\"datePublished\":\"2024-06-09T15:24:53+00:00\",\"dateModified\":\"2026-04-13T10:54:45+00:00\",\"breadcrumb\":{\"@id\":\"https:\/\/smans.com\/fr\/product\/systems-for-integration-processmodule-2\/#breadcrumb\"},\"inLanguage\":\"fr-FR\",\"potentialAction\":[{\"@type\":\"ReadAction\",\"target\":[\"https:\/\/smans.com\/fr\/product\/systems-for-integration-processmodule-2\/\"]}]},{\"@type\":\"BreadcrumbList\",\"@id\":\"https:\/\/smans.com\/fr\/product\/systems-for-integration-processmodule-2\/#breadcrumb\",\"itemListElement\":[{\"@type\":\"ListItem\",\"position\":1,\"name\":\"Home\",\"item\":\"https:\/\/smans.com\/fr\/\"},{\"@type\":\"ListItem\",\"position\":2,\"name\":\"Boutique\",\"item\":\"https:\/\/smans.com\/nl\/shop\/\"},{\"@type\":\"ListItem\",\"position\":3,\"name\":\"Scheugenpflug - SYSTEMS FOR INTEGRATION &#8211; Processmodule\"}]},{\"@type\":\"WebSite\",\"@id\":\"https:\/\/smans.com\/nl\/#website\",\"url\":\"https:\/\/smans.com\/nl\/\",\"name\":\"Smans\",\"description\":\"\",\"publisher\":{\"@id\":\"https:\/\/smans.com\/nl\/#organization\"},\"potentialAction\":[{\"@type\":\"SearchAction\",\"target\":{\"@type\":\"EntryPoint\",\"urlTemplate\":\"https:\/\/smans.com\/nl\/?s={search_term_string}\"},\"query-input\":{\"@type\":\"PropertyValueSpecification\",\"valueRequired\":true,\"valueName\":\"search_term_string\"}}],\"inLanguage\":\"fr-FR\"},{\"@type\":\"Organization\",\"@id\":\"https:\/\/smans.com\/nl\/#organization\",\"name\":\"Smans\",\"url\":\"https:\/\/smans.com\/nl\/\",\"logo\":{\"@type\":\"ImageObject\",\"inLanguage\":\"fr-FR\",\"@id\":\"https:\/\/smans.com\/nl\/#\/schema\/logo\/image\/\",\"url\":\"https:\/\/smans.com\/wp-content\/uploads\/2023\/09\/logo.svg\",\"contentUrl\":\"https:\/\/smans.com\/wp-content\/uploads\/2023\/09\/logo.svg\",\"caption\":\"Smans\"},\"image\":{\"@id\":\"https:\/\/smans.com\/nl\/#\/schema\/logo\/image\/\"}}]}<\/script>\n<!-- \/ Yoast SEO plugin. -->","yoast_head_json":{"title":"SYSTEMS FOR INTEGRATION - Processmodule - Smans","robots":{"index":"index","follow":"follow","max-snippet":"max-snippet:-1","max-image-preview":"max-image-preview:large","max-video-preview":"max-video-preview:-1"},"canonical":"https:\/\/smans.com\/fr\/product\/systems-for-integration-processmodule-2\/","og_locale":"fr_FR","og_type":"article","og_title":"SYSTEMS FOR INTEGRATION - Processmodule - Smans","og_description":"Process module, the plug &amp; produce solution","og_url":"https:\/\/smans.com\/fr\/product\/systems-for-integration-processmodule-2\/","og_site_name":"Smans","article_modified_time":"2026-04-13T10:54:45+00:00","twitter_card":"summary_large_image","twitter_misc":{"Dur\u00e9e de lecture estim\u00e9e":"1 minute"},"schema":{"@context":"https:\/\/schema.org","@graph":[{"@type":"WebPage","@id":"https:\/\/smans.com\/fr\/product\/systems-for-integration-processmodule-2\/","url":"https:\/\/smans.com\/fr\/product\/systems-for-integration-processmodule-2\/","name":"SYSTEMS FOR INTEGRATION - Processmodule - Smans","isPartOf":{"@id":"https:\/\/smans.com\/nl\/#website"},"datePublished":"2024-06-09T15:24:53+00:00","dateModified":"2026-04-13T10:54:45+00:00","breadcrumb":{"@id":"https:\/\/smans.com\/fr\/product\/systems-for-integration-processmodule-2\/#breadcrumb"},"inLanguage":"fr-FR","potentialAction":[{"@type":"ReadAction","target":["https:\/\/smans.com\/fr\/product\/systems-for-integration-processmodule-2\/"]}]},{"@type":"BreadcrumbList","@id":"https:\/\/smans.com\/fr\/product\/systems-for-integration-processmodule-2\/#breadcrumb","itemListElement":[{"@type":"ListItem","position":1,"name":"Home","item":"https:\/\/smans.com\/fr\/"},{"@type":"ListItem","position":2,"name":"Boutique","item":"https:\/\/smans.com\/nl\/shop\/"},{"@type":"ListItem","position":3,"name":"Scheugenpflug - SYSTEMS FOR INTEGRATION &#8211; Processmodule"}]},{"@type":"WebSite","@id":"https:\/\/smans.com\/nl\/#website","url":"https:\/\/smans.com\/nl\/","name":"Smans","description":"","publisher":{"@id":"https:\/\/smans.com\/nl\/#organization"},"potentialAction":[{"@type":"SearchAction","target":{"@type":"EntryPoint","urlTemplate":"https:\/\/smans.com\/nl\/?s={search_term_string}"},"query-input":{"@type":"PropertyValueSpecification","valueRequired":true,"valueName":"search_term_string"}}],"inLanguage":"fr-FR"},{"@type":"Organization","@id":"https:\/\/smans.com\/nl\/#organization","name":"Smans","url":"https:\/\/smans.com\/nl\/","logo":{"@type":"ImageObject","inLanguage":"fr-FR","@id":"https:\/\/smans.com\/nl\/#\/schema\/logo\/image\/","url":"https:\/\/smans.com\/wp-content\/uploads\/2023\/09\/logo.svg","contentUrl":"https:\/\/smans.com\/wp-content\/uploads\/2023\/09\/logo.svg","caption":"Smans"},"image":{"@id":"https:\/\/smans.com\/nl\/#\/schema\/logo\/image\/"}}]}},"brands":[{"id":18296,"name":"Scheugenpflug","slug":"brand-scheugenpflug-fr"}],"_links":{"self":[{"href":"https:\/\/smans.com\/fr\/wp-json\/wp\/v2\/product\/25497","targetHints":{"allow":["GET"]}}],"collection":[{"href":"https:\/\/smans.com\/fr\/wp-json\/wp\/v2\/product"}],"about":[{"href":"https:\/\/smans.com\/fr\/wp-json\/wp\/v2\/types\/product"}],"wp:attachment":[{"href":"https:\/\/smans.com\/fr\/wp-json\/wp\/v2\/media?parent=25497"}],"wp:term":[{"taxonomy":"pwb-brand","embeddable":true,"href":"https:\/\/smans.com\/fr\/wp-json\/wp\/v2\/pwb-brand?post=25497"},{"taxonomy":"product_brand","embeddable":true,"href":"https:\/\/smans.com\/fr\/wp-json\/wp\/v2\/product_brand?post=25497"},{"taxonomy":"product_cat","embeddable":true,"href":"https:\/\/smans.com\/fr\/wp-json\/wp\/v2\/product_cat?post=25497"},{"taxonomy":"product_tag","embeddable":true,"href":"https:\/\/smans.com\/fr\/wp-json\/wp\/v2\/product_tag?post=25497"}],"curies":[{"name":"wp","href":"https:\/\/api.w.org\/{rel}","templated":true}]}}