{"id":25500,"date":"2024-06-09T17:10:45","date_gmt":"2024-06-09T15:10:45","guid":{"rendered":"https:\/\/smans.com\/product\/twisting-unit-x1582\/"},"modified":"2026-04-13T12:54:45","modified_gmt":"2026-04-13T10:54:45","slug":"twisting-unit-x1582","status":"publish","type":"product","link":"https:\/\/smans.com\/fr\/product\/twisting-unit-x1582\/","title":{"rendered":"Komax - Twisting unit X1582"},"content":{"rendered":"<p>L&rsquo;unit\u00e9 de torsion X1582 tord pr\u00e9cis\u00e9ment les extr\u00e9mit\u00e9s des c\u00e2bles, de 0,03 mm\u00b2 \u00e0 des brins torsad\u00e9s de 2 mm, pour pr\u00e9parer le processus de tinnage. Les extr\u00e9mit\u00e9s de c\u00e2bles torsad\u00e9s offrent la base id\u00e9ale pour un tinnage rapide et pr\u00e9cis. Ce module optionnel pour les machines automatiques de traitement des c\u00e2bles ex\u00e9cute la t\u00e2che avec une pr\u00e9cision maximale et des temps de r\u00e9glage courts.<\/p>\n<p><strong>Caract\u00e9ristiques principales :<\/strong><\/p>\n<ul>\n<li><strong>Utilisation flexible :<\/strong> Int\u00e9gr\u00e9 dans le module de sertissage ou utilis\u00e9 comme appareil autonome.<\/li>\n<li><strong>Int\u00e9gration facile :<\/strong> Peut \u00eatre facilement int\u00e9gr\u00e9 dans TopWin, HMI et EtherCAT pour un fonctionnement fluide dans un processus int\u00e9gr\u00e9.<\/li>\n<li><strong>Performances optimales :<\/strong> En combinaison avec le module de fluxage\/\u00e9tamage X1585, l&rsquo;X1582 fournit les meilleurs r\u00e9sultats pour des c\u00e2bles parfaitement \u00e9tam\u00e9s.<\/li>\n<\/ul>\n<p>L&rsquo;X1582 est la solution id\u00e9ale pour la pr\u00e9paration pr\u00e9cise des c\u00e2bles \u00e0 des fins de tinnage rapide et efficace.<\/p>\n","protected":false},"excerpt":{"rendered":"<p>L&rsquo;unit\u00e9 de torsion X1582 tord pr\u00e9cis\u00e9ment les extr\u00e9mit\u00e9s de c\u00e2bles, de 0,03 mm\u00b2 \u00e0 des brins torsad\u00e9s de 2 mm.<\/p>\n","protected":false},"featured_media":0,"template":"","meta":{"_acf_changed":false},"pwb-brand":[18260],"product_brand":[],"product_cat":[17990,17993,18035],"product_tag":[],"class_list":{"0":"post-25500","1":"product","2":"type-product","3":"status-publish","5":"pwb-brand-brand-komax-fr","6":"product_cat-cables-et-cablage-fr","7":"product_cat-couper-denuder-sertissage-fr","8":"product_cat-process-modules-fr","10":"first","11":"instock","12":"taxable","13":"shipping-taxable","14":"product-type-simple"},"acf":[],"yoast_head":"<!-- This site is optimized with the Yoast SEO plugin v27.1.1 - https:\/\/yoast.com\/product\/yoast-seo-wordpress\/ -->\n<title>Twisting unit X1582 - Smans<\/title>\n<meta name=\"robots\" content=\"index, follow, max-snippet:-1, max-image-preview:large, max-video-preview:-1\" \/>\n<link rel=\"canonical\" href=\"https:\/\/smans.com\/fr\/product\/twisting-unit-x1582\/\" \/>\n<meta property=\"og:locale\" content=\"fr_FR\" \/>\n<meta property=\"og:type\" content=\"article\" \/>\n<meta property=\"og:title\" content=\"Twisting unit X1582 - Smans\" \/>\n<meta property=\"og:description\" content=\"L&#039;unit\u00e9 de torsion X1582 tord pr\u00e9cis\u00e9ment les extr\u00e9mit\u00e9s de c\u00e2bles, de 0,03 mm\u00b2 \u00e0 des brins torsad\u00e9s de 2 mm.\" \/>\n<meta property=\"og:url\" content=\"https:\/\/smans.com\/fr\/product\/twisting-unit-x1582\/\" \/>\n<meta property=\"og:site_name\" content=\"Smans\" \/>\n<meta property=\"article:modified_time\" content=\"2026-04-13T10:54:45+00:00\" \/>\n<meta name=\"twitter:card\" content=\"summary_large_image\" \/>\n<meta name=\"twitter:label1\" content=\"Dur\u00e9e de lecture estim\u00e9e\" \/>\n\t<meta name=\"twitter:data1\" content=\"1 minute\" \/>\n<script type=\"application\/ld+json\" class=\"yoast-schema-graph\">{\"@context\":\"https:\/\/schema.org\",\"@graph\":[{\"@type\":\"WebPage\",\"@id\":\"https:\/\/smans.com\/fr\/product\/twisting-unit-x1582\/\",\"url\":\"https:\/\/smans.com\/fr\/product\/twisting-unit-x1582\/\",\"name\":\"Twisting unit X1582 - Smans\",\"isPartOf\":{\"@id\":\"https:\/\/smans.com\/nl\/#website\"},\"datePublished\":\"2024-06-09T15:10:45+00:00\",\"dateModified\":\"2026-04-13T10:54:45+00:00\",\"breadcrumb\":{\"@id\":\"https:\/\/smans.com\/fr\/product\/twisting-unit-x1582\/#breadcrumb\"},\"inLanguage\":\"fr-FR\",\"potentialAction\":[{\"@type\":\"ReadAction\",\"target\":[\"https:\/\/smans.com\/fr\/product\/twisting-unit-x1582\/\"]}]},{\"@type\":\"BreadcrumbList\",\"@id\":\"https:\/\/smans.com\/fr\/product\/twisting-unit-x1582\/#breadcrumb\",\"itemListElement\":[{\"@type\":\"ListItem\",\"position\":1,\"name\":\"Home\",\"item\":\"https:\/\/smans.com\/fr\/\"},{\"@type\":\"ListItem\",\"position\":2,\"name\":\"Boutique\",\"item\":\"https:\/\/smans.com\/nl\/shop\/\"},{\"@type\":\"ListItem\",\"position\":3,\"name\":\"Komax - Twisting unit X1582\"}]},{\"@type\":\"WebSite\",\"@id\":\"https:\/\/smans.com\/nl\/#website\",\"url\":\"https:\/\/smans.com\/nl\/\",\"name\":\"Smans\",\"description\":\"\",\"publisher\":{\"@id\":\"https:\/\/smans.com\/nl\/#organization\"},\"potentialAction\":[{\"@type\":\"SearchAction\",\"target\":{\"@type\":\"EntryPoint\",\"urlTemplate\":\"https:\/\/smans.com\/nl\/?s={search_term_string}\"},\"query-input\":{\"@type\":\"PropertyValueSpecification\",\"valueRequired\":true,\"valueName\":\"search_term_string\"}}],\"inLanguage\":\"fr-FR\"},{\"@type\":\"Organization\",\"@id\":\"https:\/\/smans.com\/nl\/#organization\",\"name\":\"Smans\",\"url\":\"https:\/\/smans.com\/nl\/\",\"logo\":{\"@type\":\"ImageObject\",\"inLanguage\":\"fr-FR\",\"@id\":\"https:\/\/smans.com\/nl\/#\/schema\/logo\/image\/\",\"url\":\"https:\/\/smans.com\/wp-content\/uploads\/2023\/09\/logo.svg\",\"contentUrl\":\"https:\/\/smans.com\/wp-content\/uploads\/2023\/09\/logo.svg\",\"caption\":\"Smans\"},\"image\":{\"@id\":\"https:\/\/smans.com\/nl\/#\/schema\/logo\/image\/\"}}]}<\/script>\n<!-- \/ Yoast SEO plugin. -->","yoast_head_json":{"title":"Twisting unit X1582 - Smans","robots":{"index":"index","follow":"follow","max-snippet":"max-snippet:-1","max-image-preview":"max-image-preview:large","max-video-preview":"max-video-preview:-1"},"canonical":"https:\/\/smans.com\/fr\/product\/twisting-unit-x1582\/","og_locale":"fr_FR","og_type":"article","og_title":"Twisting unit X1582 - Smans","og_description":"L'unit\u00e9 de torsion X1582 tord pr\u00e9cis\u00e9ment les extr\u00e9mit\u00e9s de c\u00e2bles, de 0,03 mm\u00b2 \u00e0 des brins torsad\u00e9s de 2 mm.","og_url":"https:\/\/smans.com\/fr\/product\/twisting-unit-x1582\/","og_site_name":"Smans","article_modified_time":"2026-04-13T10:54:45+00:00","twitter_card":"summary_large_image","twitter_misc":{"Dur\u00e9e de lecture estim\u00e9e":"1 minute"},"schema":{"@context":"https:\/\/schema.org","@graph":[{"@type":"WebPage","@id":"https:\/\/smans.com\/fr\/product\/twisting-unit-x1582\/","url":"https:\/\/smans.com\/fr\/product\/twisting-unit-x1582\/","name":"Twisting unit X1582 - Smans","isPartOf":{"@id":"https:\/\/smans.com\/nl\/#website"},"datePublished":"2024-06-09T15:10:45+00:00","dateModified":"2026-04-13T10:54:45+00:00","breadcrumb":{"@id":"https:\/\/smans.com\/fr\/product\/twisting-unit-x1582\/#breadcrumb"},"inLanguage":"fr-FR","potentialAction":[{"@type":"ReadAction","target":["https:\/\/smans.com\/fr\/product\/twisting-unit-x1582\/"]}]},{"@type":"BreadcrumbList","@id":"https:\/\/smans.com\/fr\/product\/twisting-unit-x1582\/#breadcrumb","itemListElement":[{"@type":"ListItem","position":1,"name":"Home","item":"https:\/\/smans.com\/fr\/"},{"@type":"ListItem","position":2,"name":"Boutique","item":"https:\/\/smans.com\/nl\/shop\/"},{"@type":"ListItem","position":3,"name":"Komax - Twisting unit X1582"}]},{"@type":"WebSite","@id":"https:\/\/smans.com\/nl\/#website","url":"https:\/\/smans.com\/nl\/","name":"Smans","description":"","publisher":{"@id":"https:\/\/smans.com\/nl\/#organization"},"potentialAction":[{"@type":"SearchAction","target":{"@type":"EntryPoint","urlTemplate":"https:\/\/smans.com\/nl\/?s={search_term_string}"},"query-input":{"@type":"PropertyValueSpecification","valueRequired":true,"valueName":"search_term_string"}}],"inLanguage":"fr-FR"},{"@type":"Organization","@id":"https:\/\/smans.com\/nl\/#organization","name":"Smans","url":"https:\/\/smans.com\/nl\/","logo":{"@type":"ImageObject","inLanguage":"fr-FR","@id":"https:\/\/smans.com\/nl\/#\/schema\/logo\/image\/","url":"https:\/\/smans.com\/wp-content\/uploads\/2023\/09\/logo.svg","contentUrl":"https:\/\/smans.com\/wp-content\/uploads\/2023\/09\/logo.svg","caption":"Smans"},"image":{"@id":"https:\/\/smans.com\/nl\/#\/schema\/logo\/image\/"}}]}},"brands":[{"id":18260,"name":"Komax","slug":"brand-komax-fr"}],"_links":{"self":[{"href":"https:\/\/smans.com\/fr\/wp-json\/wp\/v2\/product\/25500","targetHints":{"allow":["GET"]}}],"collection":[{"href":"https:\/\/smans.com\/fr\/wp-json\/wp\/v2\/product"}],"about":[{"href":"https:\/\/smans.com\/fr\/wp-json\/wp\/v2\/types\/product"}],"wp:attachment":[{"href":"https:\/\/smans.com\/fr\/wp-json\/wp\/v2\/media?parent=25500"}],"wp:term":[{"taxonomy":"pwb-brand","embeddable":true,"href":"https:\/\/smans.com\/fr\/wp-json\/wp\/v2\/pwb-brand?post=25500"},{"taxonomy":"product_brand","embeddable":true,"href":"https:\/\/smans.com\/fr\/wp-json\/wp\/v2\/product_brand?post=25500"},{"taxonomy":"product_cat","embeddable":true,"href":"https:\/\/smans.com\/fr\/wp-json\/wp\/v2\/product_cat?post=25500"},{"taxonomy":"product_tag","embeddable":true,"href":"https:\/\/smans.com\/fr\/wp-json\/wp\/v2\/product_tag?post=25500"}],"curies":[{"name":"wp","href":"https:\/\/api.w.org\/{rel}","templated":true}]}}