{"id":25502,"date":"2024-06-09T17:13:47","date_gmt":"2024-06-09T15:13:47","guid":{"rendered":"https:\/\/smans.com\/product\/stripper-crimper-am-03\/"},"modified":"2026-04-17T13:51:48","modified_gmt":"2026-04-17T11:51:48","slug":"stripper-crimper-am-03","status":"publish","type":"product","link":"https:\/\/smans.com\/fr\/product\/stripper-crimper-am-03\/","title":{"rendered":"Z+F - Stripper-Crimper AM 03"},"content":{"rendered":"<p data-start=\"2507\" data-end=\"3041\">La AM 03 est une machine \u00e9lectropneumatique modulaire de d\u00e9nudage et de sertissage, con\u00e7ue pour traiter rapidement et de mani\u00e8re fiable des connecteurs m\u00e2les et femelles. Les connecteurs sont automatiquement aliment\u00e9s via un syst\u00e8me d&rsquo;alimentation par c\u00e2ble. La profondeur de d\u00e9nudage et de sertissage peut \u00eatre r\u00e9gl\u00e9e de mani\u00e8re motoris\u00e9e, et jusqu&rsquo;\u00e0 50 programmes diff\u00e9rents peuvent \u00eatre stock\u00e9s. Le r\u00e9glage et la programmation se font facilement via l&rsquo;\u00e9cran tactile, qui affiche toutes les donn\u00e9es, fonctions et l&rsquo;\u00e9tat n\u00e9cessaires.<\/p>\n<p data-start=\"3043\" data-end=\"3079\"><strong data-start=\"3043\" data-end=\"3077\">Caract\u00e9ristiques principales :<\/strong><\/p>\n<ul data-start=\"3080\" data-end=\"3546\">\n<li data-start=\"3080\" data-end=\"3169\"><strong data-start=\"3082\" data-end=\"3126\">Alimentation automatique des connecteurs<\/strong> via un syst\u00e8me d&rsquo;alimentation par c\u00e2ble.<\/li>\n<li data-start=\"3170\" data-end=\"3263\"><strong data-start=\"3172\" data-end=\"3234\">Profondeur de d\u00e9nudage et de sertissage r\u00e9glable motoris\u00e9e<\/strong> pour un traitement pr\u00e9cis.<\/li>\n<li data-start=\"3264\" data-end=\"3336\"><strong data-start=\"3266\" data-end=\"3298\">Stocke jusqu&rsquo;\u00e0 50 programmes<\/strong> pour des applications polyvalentes.<\/li>\n<li data-start=\"3337\" data-end=\"3432\"><strong data-start=\"3339\" data-end=\"3361\">Utilisation facile<\/strong> via l&rsquo;\u00e9cran tactile qui affiche toutes les informations n\u00e9cessaires.<\/li>\n<li data-start=\"3433\" data-end=\"3546\"><strong data-start=\"3435\" data-end=\"3452\">Flexibilit\u00e9 :<\/strong> La machine peut \u00eatre adapt\u00e9e \u00e0 diff\u00e9rents connecteurs et c\u00e2bles avec les outils appropri\u00e9s.<\/li>\n<\/ul>\n<p data-start=\"3548\" data-end=\"3563\"><strong data-start=\"3548\" data-end=\"3561\">Options :<\/strong><\/p>\n<ul data-start=\"3564\" data-end=\"3800\" data-is-last-node=\"\">\n<li data-start=\"3564\" data-end=\"3608\">Adaptateur pour lames de coupe sp\u00e9ciales<\/li>\n<li data-start=\"3609\" data-end=\"3641\">Lames de coupe en rayon en V<\/li>\n<li data-start=\"3642\" data-end=\"3688\">Surveillance de la force de sertissage Z+F<\/li>\n<li data-start=\"3689\" data-end=\"3749\">Autres formes de sertissage : Sertissage en B, hexagonal<\/li>\n<li data-start=\"3750\" data-end=\"3781\">Centrage sp\u00e9cial des c\u00e2bles<\/li>\n<li data-start=\"3782\" data-end=\"3800\" data-is-last-node=\"\">Lames de forme<\/li>\n<\/ul>\n","protected":false},"excerpt":{"rendered":"<p>AM 03 : Machine \u00c9lectropneumatique de D\u00e9nudage et de Sertissage pour Connecteurs M\u00e2les et Femelles<\/p>\n","protected":false},"featured_media":0,"template":"","meta":{"_acf_changed":false},"pwb-brand":[18322],"product_brand":[],"product_cat":[17990,17993,18036],"product_tag":[],"class_list":{"0":"post-25502","1":"product","2":"type-product","3":"status-publish","5":"pwb-brand-brand-z-f-fr","6":"product_cat-cables-et-cablage-fr","7":"product_cat-couper-denuder-sertissage-fr","8":"product_cat-strip-crimp-fr","10":"first","11":"instock","12":"taxable","13":"shipping-taxable","14":"product-type-simple"},"acf":[],"yoast_head":"<!-- This site is optimized with the Yoast SEO plugin v27.1.1 - https:\/\/yoast.com\/product\/yoast-seo-wordpress\/ -->\n<title>Stripper-Crimper AM 03 - Smans<\/title>\n<meta name=\"robots\" content=\"index, follow, max-snippet:-1, max-image-preview:large, max-video-preview:-1\" \/>\n<link rel=\"canonical\" href=\"https:\/\/smans.com\/fr\/product\/stripper-crimper-am-03\/\" \/>\n<meta property=\"og:locale\" content=\"fr_FR\" \/>\n<meta property=\"og:type\" content=\"article\" \/>\n<meta property=\"og:title\" content=\"Stripper-Crimper AM 03 - Smans\" \/>\n<meta property=\"og:description\" content=\"AM 03 : Machine \u00c9lectropneumatique de D\u00e9nudage et de Sertissage pour Connecteurs M\u00e2les et Femelles\" \/>\n<meta property=\"og:url\" content=\"https:\/\/smans.com\/fr\/product\/stripper-crimper-am-03\/\" \/>\n<meta property=\"og:site_name\" content=\"Smans\" \/>\n<meta property=\"article:modified_time\" content=\"2026-04-17T11:51:48+00:00\" \/>\n<meta name=\"twitter:card\" content=\"summary_large_image\" \/>\n<meta name=\"twitter:label1\" content=\"Dur\u00e9e de lecture estim\u00e9e\" \/>\n\t<meta name=\"twitter:data1\" content=\"1 minute\" \/>\n<script type=\"application\/ld+json\" class=\"yoast-schema-graph\">{\"@context\":\"https:\/\/schema.org\",\"@graph\":[{\"@type\":\"WebPage\",\"@id\":\"https:\/\/smans.com\/fr\/product\/stripper-crimper-am-03\/\",\"url\":\"https:\/\/smans.com\/fr\/product\/stripper-crimper-am-03\/\",\"name\":\"Stripper-Crimper AM 03 - Smans\",\"isPartOf\":{\"@id\":\"https:\/\/smans.com\/nl\/#website\"},\"datePublished\":\"2024-06-09T15:13:47+00:00\",\"dateModified\":\"2026-04-17T11:51:48+00:00\",\"breadcrumb\":{\"@id\":\"https:\/\/smans.com\/fr\/product\/stripper-crimper-am-03\/#breadcrumb\"},\"inLanguage\":\"fr-FR\",\"potentialAction\":[{\"@type\":\"ReadAction\",\"target\":[\"https:\/\/smans.com\/fr\/product\/stripper-crimper-am-03\/\"]}]},{\"@type\":\"BreadcrumbList\",\"@id\":\"https:\/\/smans.com\/fr\/product\/stripper-crimper-am-03\/#breadcrumb\",\"itemListElement\":[{\"@type\":\"ListItem\",\"position\":1,\"name\":\"Home\",\"item\":\"https:\/\/smans.com\/fr\/\"},{\"@type\":\"ListItem\",\"position\":2,\"name\":\"Boutique\",\"item\":\"https:\/\/smans.com\/nl\/shop\/\"},{\"@type\":\"ListItem\",\"position\":3,\"name\":\"Z+F - Stripper-Crimper AM 03\"}]},{\"@type\":\"WebSite\",\"@id\":\"https:\/\/smans.com\/nl\/#website\",\"url\":\"https:\/\/smans.com\/nl\/\",\"name\":\"Smans\",\"description\":\"\",\"publisher\":{\"@id\":\"https:\/\/smans.com\/nl\/#organization\"},\"potentialAction\":[{\"@type\":\"SearchAction\",\"target\":{\"@type\":\"EntryPoint\",\"urlTemplate\":\"https:\/\/smans.com\/nl\/?s={search_term_string}\"},\"query-input\":{\"@type\":\"PropertyValueSpecification\",\"valueRequired\":true,\"valueName\":\"search_term_string\"}}],\"inLanguage\":\"fr-FR\"},{\"@type\":\"Organization\",\"@id\":\"https:\/\/smans.com\/nl\/#organization\",\"name\":\"Smans\",\"url\":\"https:\/\/smans.com\/nl\/\",\"logo\":{\"@type\":\"ImageObject\",\"inLanguage\":\"fr-FR\",\"@id\":\"https:\/\/smans.com\/nl\/#\/schema\/logo\/image\/\",\"url\":\"https:\/\/smans.com\/wp-content\/uploads\/2023\/09\/logo.svg\",\"contentUrl\":\"https:\/\/smans.com\/wp-content\/uploads\/2023\/09\/logo.svg\",\"caption\":\"Smans\"},\"image\":{\"@id\":\"https:\/\/smans.com\/nl\/#\/schema\/logo\/image\/\"}}]}<\/script>\n<!-- \/ Yoast SEO plugin. -->","yoast_head_json":{"title":"Stripper-Crimper AM 03 - Smans","robots":{"index":"index","follow":"follow","max-snippet":"max-snippet:-1","max-image-preview":"max-image-preview:large","max-video-preview":"max-video-preview:-1"},"canonical":"https:\/\/smans.com\/fr\/product\/stripper-crimper-am-03\/","og_locale":"fr_FR","og_type":"article","og_title":"Stripper-Crimper AM 03 - Smans","og_description":"AM 03 : Machine \u00c9lectropneumatique de D\u00e9nudage et de Sertissage pour Connecteurs M\u00e2les et Femelles","og_url":"https:\/\/smans.com\/fr\/product\/stripper-crimper-am-03\/","og_site_name":"Smans","article_modified_time":"2026-04-17T11:51:48+00:00","twitter_card":"summary_large_image","twitter_misc":{"Dur\u00e9e de lecture estim\u00e9e":"1 minute"},"schema":{"@context":"https:\/\/schema.org","@graph":[{"@type":"WebPage","@id":"https:\/\/smans.com\/fr\/product\/stripper-crimper-am-03\/","url":"https:\/\/smans.com\/fr\/product\/stripper-crimper-am-03\/","name":"Stripper-Crimper AM 03 - Smans","isPartOf":{"@id":"https:\/\/smans.com\/nl\/#website"},"datePublished":"2024-06-09T15:13:47+00:00","dateModified":"2026-04-17T11:51:48+00:00","breadcrumb":{"@id":"https:\/\/smans.com\/fr\/product\/stripper-crimper-am-03\/#breadcrumb"},"inLanguage":"fr-FR","potentialAction":[{"@type":"ReadAction","target":["https:\/\/smans.com\/fr\/product\/stripper-crimper-am-03\/"]}]},{"@type":"BreadcrumbList","@id":"https:\/\/smans.com\/fr\/product\/stripper-crimper-am-03\/#breadcrumb","itemListElement":[{"@type":"ListItem","position":1,"name":"Home","item":"https:\/\/smans.com\/fr\/"},{"@type":"ListItem","position":2,"name":"Boutique","item":"https:\/\/smans.com\/nl\/shop\/"},{"@type":"ListItem","position":3,"name":"Z+F - Stripper-Crimper AM 03"}]},{"@type":"WebSite","@id":"https:\/\/smans.com\/nl\/#website","url":"https:\/\/smans.com\/nl\/","name":"Smans","description":"","publisher":{"@id":"https:\/\/smans.com\/nl\/#organization"},"potentialAction":[{"@type":"SearchAction","target":{"@type":"EntryPoint","urlTemplate":"https:\/\/smans.com\/nl\/?s={search_term_string}"},"query-input":{"@type":"PropertyValueSpecification","valueRequired":true,"valueName":"search_term_string"}}],"inLanguage":"fr-FR"},{"@type":"Organization","@id":"https:\/\/smans.com\/nl\/#organization","name":"Smans","url":"https:\/\/smans.com\/nl\/","logo":{"@type":"ImageObject","inLanguage":"fr-FR","@id":"https:\/\/smans.com\/nl\/#\/schema\/logo\/image\/","url":"https:\/\/smans.com\/wp-content\/uploads\/2023\/09\/logo.svg","contentUrl":"https:\/\/smans.com\/wp-content\/uploads\/2023\/09\/logo.svg","caption":"Smans"},"image":{"@id":"https:\/\/smans.com\/nl\/#\/schema\/logo\/image\/"}}]}},"brands":[{"id":18322,"name":"Z+F","slug":"brand-z-f-fr"}],"_links":{"self":[{"href":"https:\/\/smans.com\/fr\/wp-json\/wp\/v2\/product\/25502","targetHints":{"allow":["GET"]}}],"collection":[{"href":"https:\/\/smans.com\/fr\/wp-json\/wp\/v2\/product"}],"about":[{"href":"https:\/\/smans.com\/fr\/wp-json\/wp\/v2\/types\/product"}],"wp:attachment":[{"href":"https:\/\/smans.com\/fr\/wp-json\/wp\/v2\/media?parent=25502"}],"wp:term":[{"taxonomy":"pwb-brand","embeddable":true,"href":"https:\/\/smans.com\/fr\/wp-json\/wp\/v2\/pwb-brand?post=25502"},{"taxonomy":"product_brand","embeddable":true,"href":"https:\/\/smans.com\/fr\/wp-json\/wp\/v2\/product_brand?post=25502"},{"taxonomy":"product_cat","embeddable":true,"href":"https:\/\/smans.com\/fr\/wp-json\/wp\/v2\/product_cat?post=25502"},{"taxonomy":"product_tag","embeddable":true,"href":"https:\/\/smans.com\/fr\/wp-json\/wp\/v2\/product_tag?post=25502"}],"curies":[{"name":"wp","href":"https:\/\/api.w.org\/{rel}","templated":true}]}}