{"id":25503,"date":"2024-06-09T17:13:51","date_gmt":"2024-06-09T15:13:51","guid":{"rendered":"https:\/\/smans.com\/product\/stripper-crimper-am-05\/"},"modified":"2026-04-10T13:10:39","modified_gmt":"2026-04-10T11:10:39","slug":"stripper-crimper-am-05","status":"publish","type":"product","link":"https:\/\/smans.com\/fr\/product\/stripper-crimper-am-05\/","title":{"rendered":"Z+F - Stripper-Crimper AM 05"},"content":{"rendered":"<p data-start=\"2185\" data-end=\"2580\">La machine de d\u00e9nudage et de sertissage AM 05 est une machine \u00e9lectropneumatique con\u00e7ue pour traiter rapidement et de mani\u00e8re fiable des connecteurs m\u00e2les et femelles non isol\u00e9s, dans la plage de 0,25 \u00e0 4 mm\u00b2. La machine est \u00e9quip\u00e9e d&rsquo;une unit\u00e9 d&rsquo;alimentation s\u00e9lective sp\u00e9ciale, qui garantit le bon placement des connecteurs pour un traitement ult\u00e9rieur gr\u00e2ce \u00e0 des capteurs et des actionneurs.<\/p>\n<p data-start=\"2582\" data-end=\"2966\">La profondeur de d\u00e9nudage et de sertissage peut \u00eatre r\u00e9gl\u00e9e motoriquement, et jusqu&rsquo;\u00e0 50 programmes diff\u00e9rents peuvent \u00eatre enregistr\u00e9s. Les r\u00e9glages et la programmation sont effectu\u00e9s via l&rsquo;\u00e9cran tactile, qui affiche toutes les donn\u00e9es importantes, fonctions et messages d&rsquo;erreur. La machine peut \u00eatre facilement adapt\u00e9e \u00e0 diff\u00e9rents connecteurs et c\u00e2bles avec les outils appropri\u00e9s.<\/p>\n<p data-start=\"2968\" data-end=\"2983\"><strong data-start=\"2968\" data-end=\"2981\">Options :<\/strong><\/p>\n<ul data-start=\"2984\" data-end=\"3240\" data-is-last-node=\"\">\n<li data-start=\"2984\" data-end=\"3013\">Lames de coupe en rayon V<\/li>\n<li data-start=\"3014\" data-end=\"3060\">Surveillance de la force de sertissage Z+F<\/li>\n<li data-start=\"3061\" data-end=\"3132\">Diff\u00e9rentes formes de sertissage possibles en coordination avec Z+F<\/li>\n<li data-start=\"3133\" data-end=\"3178\">R\u00e9glage pour une longueur d&rsquo;entr\u00e9e courte<\/li>\n<li data-start=\"3179\" data-end=\"3206\">Lames de coupe de forme<\/li>\n<li data-start=\"3207\" data-end=\"3240\" data-is-last-node=\"\">Unit\u00e9s de torsion int\u00e9grables<\/li>\n<\/ul>\n","protected":false},"excerpt":{"rendered":"<p>AM 05 : Machine \u00c9lectropneumatique de D\u00e9nudage et de Sertissage pour Connecteurs M\u00e2les et Femelles<\/p>\n","protected":false},"featured_media":0,"template":"","meta":{"_acf_changed":false},"pwb-brand":[18322],"product_brand":[],"product_cat":[17990,17993,18036],"product_tag":[],"class_list":{"0":"post-25503","1":"product","2":"type-product","3":"status-publish","5":"pwb-brand-brand-z-f-fr","6":"product_cat-cables-et-cablage-fr","7":"product_cat-couper-denuder-sertissage-fr","8":"product_cat-strip-crimp-fr","10":"first","11":"instock","12":"taxable","13":"shipping-taxable","14":"product-type-simple"},"acf":[],"yoast_head":"<!-- This site is optimized with the Yoast SEO plugin v27.1.1 - https:\/\/yoast.com\/product\/yoast-seo-wordpress\/ -->\n<title>Stripper-Crimper AM 05 - Smans<\/title>\n<meta name=\"robots\" content=\"index, follow, max-snippet:-1, max-image-preview:large, max-video-preview:-1\" \/>\n<link rel=\"canonical\" href=\"https:\/\/smans.com\/fr\/product\/stripper-crimper-am-05\/\" \/>\n<meta property=\"og:locale\" content=\"fr_FR\" \/>\n<meta property=\"og:type\" content=\"article\" \/>\n<meta property=\"og:title\" content=\"Stripper-Crimper AM 05 - Smans\" \/>\n<meta property=\"og:description\" content=\"AM 05 : Machine \u00c9lectropneumatique de D\u00e9nudage et de Sertissage pour Connecteurs M\u00e2les et Femelles\" \/>\n<meta property=\"og:url\" content=\"https:\/\/smans.com\/fr\/product\/stripper-crimper-am-05\/\" \/>\n<meta property=\"og:site_name\" content=\"Smans\" \/>\n<meta property=\"article:modified_time\" content=\"2026-04-10T11:10:39+00:00\" \/>\n<meta name=\"twitter:card\" content=\"summary_large_image\" \/>\n<meta name=\"twitter:label1\" content=\"Dur\u00e9e de lecture estim\u00e9e\" \/>\n\t<meta name=\"twitter:data1\" content=\"1 minute\" \/>\n<script type=\"application\/ld+json\" class=\"yoast-schema-graph\">{\"@context\":\"https:\/\/schema.org\",\"@graph\":[{\"@type\":\"WebPage\",\"@id\":\"https:\/\/smans.com\/fr\/product\/stripper-crimper-am-05\/\",\"url\":\"https:\/\/smans.com\/fr\/product\/stripper-crimper-am-05\/\",\"name\":\"Stripper-Crimper AM 05 - Smans\",\"isPartOf\":{\"@id\":\"https:\/\/smans.com\/nl\/#website\"},\"datePublished\":\"2024-06-09T15:13:51+00:00\",\"dateModified\":\"2026-04-10T11:10:39+00:00\",\"breadcrumb\":{\"@id\":\"https:\/\/smans.com\/fr\/product\/stripper-crimper-am-05\/#breadcrumb\"},\"inLanguage\":\"fr-FR\",\"potentialAction\":[{\"@type\":\"ReadAction\",\"target\":[\"https:\/\/smans.com\/fr\/product\/stripper-crimper-am-05\/\"]}]},{\"@type\":\"BreadcrumbList\",\"@id\":\"https:\/\/smans.com\/fr\/product\/stripper-crimper-am-05\/#breadcrumb\",\"itemListElement\":[{\"@type\":\"ListItem\",\"position\":1,\"name\":\"Home\",\"item\":\"https:\/\/smans.com\/fr\/\"},{\"@type\":\"ListItem\",\"position\":2,\"name\":\"Boutique\",\"item\":\"https:\/\/smans.com\/nl\/shop\/\"},{\"@type\":\"ListItem\",\"position\":3,\"name\":\"Z+F - Stripper-Crimper AM 05\"}]},{\"@type\":\"WebSite\",\"@id\":\"https:\/\/smans.com\/nl\/#website\",\"url\":\"https:\/\/smans.com\/nl\/\",\"name\":\"Smans\",\"description\":\"\",\"publisher\":{\"@id\":\"https:\/\/smans.com\/nl\/#organization\"},\"potentialAction\":[{\"@type\":\"SearchAction\",\"target\":{\"@type\":\"EntryPoint\",\"urlTemplate\":\"https:\/\/smans.com\/nl\/?s={search_term_string}\"},\"query-input\":{\"@type\":\"PropertyValueSpecification\",\"valueRequired\":true,\"valueName\":\"search_term_string\"}}],\"inLanguage\":\"fr-FR\"},{\"@type\":\"Organization\",\"@id\":\"https:\/\/smans.com\/nl\/#organization\",\"name\":\"Smans\",\"url\":\"https:\/\/smans.com\/nl\/\",\"logo\":{\"@type\":\"ImageObject\",\"inLanguage\":\"fr-FR\",\"@id\":\"https:\/\/smans.com\/nl\/#\/schema\/logo\/image\/\",\"url\":\"https:\/\/smans.com\/wp-content\/uploads\/2023\/09\/logo.svg\",\"contentUrl\":\"https:\/\/smans.com\/wp-content\/uploads\/2023\/09\/logo.svg\",\"caption\":\"Smans\"},\"image\":{\"@id\":\"https:\/\/smans.com\/nl\/#\/schema\/logo\/image\/\"}}]}<\/script>\n<!-- \/ Yoast SEO plugin. -->","yoast_head_json":{"title":"Stripper-Crimper AM 05 - Smans","robots":{"index":"index","follow":"follow","max-snippet":"max-snippet:-1","max-image-preview":"max-image-preview:large","max-video-preview":"max-video-preview:-1"},"canonical":"https:\/\/smans.com\/fr\/product\/stripper-crimper-am-05\/","og_locale":"fr_FR","og_type":"article","og_title":"Stripper-Crimper AM 05 - Smans","og_description":"AM 05 : Machine \u00c9lectropneumatique de D\u00e9nudage et de Sertissage pour Connecteurs M\u00e2les et Femelles","og_url":"https:\/\/smans.com\/fr\/product\/stripper-crimper-am-05\/","og_site_name":"Smans","article_modified_time":"2026-04-10T11:10:39+00:00","twitter_card":"summary_large_image","twitter_misc":{"Dur\u00e9e de lecture estim\u00e9e":"1 minute"},"schema":{"@context":"https:\/\/schema.org","@graph":[{"@type":"WebPage","@id":"https:\/\/smans.com\/fr\/product\/stripper-crimper-am-05\/","url":"https:\/\/smans.com\/fr\/product\/stripper-crimper-am-05\/","name":"Stripper-Crimper AM 05 - Smans","isPartOf":{"@id":"https:\/\/smans.com\/nl\/#website"},"datePublished":"2024-06-09T15:13:51+00:00","dateModified":"2026-04-10T11:10:39+00:00","breadcrumb":{"@id":"https:\/\/smans.com\/fr\/product\/stripper-crimper-am-05\/#breadcrumb"},"inLanguage":"fr-FR","potentialAction":[{"@type":"ReadAction","target":["https:\/\/smans.com\/fr\/product\/stripper-crimper-am-05\/"]}]},{"@type":"BreadcrumbList","@id":"https:\/\/smans.com\/fr\/product\/stripper-crimper-am-05\/#breadcrumb","itemListElement":[{"@type":"ListItem","position":1,"name":"Home","item":"https:\/\/smans.com\/fr\/"},{"@type":"ListItem","position":2,"name":"Boutique","item":"https:\/\/smans.com\/nl\/shop\/"},{"@type":"ListItem","position":3,"name":"Z+F - Stripper-Crimper AM 05"}]},{"@type":"WebSite","@id":"https:\/\/smans.com\/nl\/#website","url":"https:\/\/smans.com\/nl\/","name":"Smans","description":"","publisher":{"@id":"https:\/\/smans.com\/nl\/#organization"},"potentialAction":[{"@type":"SearchAction","target":{"@type":"EntryPoint","urlTemplate":"https:\/\/smans.com\/nl\/?s={search_term_string}"},"query-input":{"@type":"PropertyValueSpecification","valueRequired":true,"valueName":"search_term_string"}}],"inLanguage":"fr-FR"},{"@type":"Organization","@id":"https:\/\/smans.com\/nl\/#organization","name":"Smans","url":"https:\/\/smans.com\/nl\/","logo":{"@type":"ImageObject","inLanguage":"fr-FR","@id":"https:\/\/smans.com\/nl\/#\/schema\/logo\/image\/","url":"https:\/\/smans.com\/wp-content\/uploads\/2023\/09\/logo.svg","contentUrl":"https:\/\/smans.com\/wp-content\/uploads\/2023\/09\/logo.svg","caption":"Smans"},"image":{"@id":"https:\/\/smans.com\/nl\/#\/schema\/logo\/image\/"}}]}},"brands":[{"id":18322,"name":"Z+F","slug":"brand-z-f-fr"}],"_links":{"self":[{"href":"https:\/\/smans.com\/fr\/wp-json\/wp\/v2\/product\/25503","targetHints":{"allow":["GET"]}}],"collection":[{"href":"https:\/\/smans.com\/fr\/wp-json\/wp\/v2\/product"}],"about":[{"href":"https:\/\/smans.com\/fr\/wp-json\/wp\/v2\/types\/product"}],"wp:attachment":[{"href":"https:\/\/smans.com\/fr\/wp-json\/wp\/v2\/media?parent=25503"}],"wp:term":[{"taxonomy":"pwb-brand","embeddable":true,"href":"https:\/\/smans.com\/fr\/wp-json\/wp\/v2\/pwb-brand?post=25503"},{"taxonomy":"product_brand","embeddable":true,"href":"https:\/\/smans.com\/fr\/wp-json\/wp\/v2\/product_brand?post=25503"},{"taxonomy":"product_cat","embeddable":true,"href":"https:\/\/smans.com\/fr\/wp-json\/wp\/v2\/product_cat?post=25503"},{"taxonomy":"product_tag","embeddable":true,"href":"https:\/\/smans.com\/fr\/wp-json\/wp\/v2\/product_tag?post=25503"}],"curies":[{"name":"wp","href":"https:\/\/api.w.org\/{rel}","templated":true}]}}