{"id":26154,"date":"2024-07-23T03:04:30","date_gmt":"2024-07-23T01:04:30","guid":{"rendered":"https:\/\/smans.com\/product\/cutting-machine-powercut-3700\/"},"modified":"2026-04-13T12:55:46","modified_gmt":"2026-04-13T10:55:46","slug":"cutting-machine-powercut-3700","status":"publish","type":"product","link":"https:\/\/smans.com\/fr\/product\/cutting-machine-powercut-3700\/","title":{"rendered":"Schleuniger - Cutting Machine PowerCut 3700"},"content":{"rendered":"<p data-start=\"2767\" data-end=\"3098\">Le PowerCut 3700 est la solution id\u00e9ale pour traiter les c\u00e2bles de plus grandes tailles. Cette machine de d\u00e9coupe automatique coupe avec pr\u00e9cision les fils, c\u00e2bles ronds et plats, la fibre optique (GOF), les tubes, les films et plus encore jusqu&rsquo;\u00e0 70 mm\u00b2 (AWG 2\/0) et 25 mm (0,98&Prime;) OD. Elle offre un excellent rapport qualit\u00e9\/prix.<\/p>\n<p data-start=\"3100\" data-end=\"3136\"><strong data-start=\"3100\" data-end=\"3134\">Caract\u00e9ristiques principales :<\/strong><\/p>\n<ul data-start=\"3137\" data-end=\"3604\">\n<li data-start=\"3137\" data-end=\"3245\"><strong data-start=\"3139\" data-end=\"3173\">Haute capacit\u00e9 de production :<\/strong> Traite rapidement et efficacement les c\u00e2bles de plus grandes tailles.<\/li>\n<li data-start=\"3246\" data-end=\"3353\"><strong data-start=\"3248\" data-end=\"3294\">Excellente pr\u00e9cision et reproductibilit\u00e9 :<\/strong> Des performances constantes \u00e0 chaque processus de coupe.<\/li>\n<li data-start=\"3354\" data-end=\"3428\"><strong data-start=\"3356\" data-end=\"3383\">T\u00eate de coupe robuste :<\/strong> Permet une coupe nette et perpendiculaire.<\/li>\n<li data-start=\"3429\" data-end=\"3517\"><strong data-start=\"3431\" data-end=\"3457\">Interfaces flexibles :<\/strong> S&rsquo;int\u00e8gre facilement dans un environnement de production.<\/li>\n<li data-start=\"3518\" data-end=\"3604\"><strong data-start=\"3520\" data-end=\"3557\">Excellente rapport qualit\u00e9\/prix :<\/strong> Offre une grande valeur pour l&rsquo;investissement.<\/li>\n<\/ul>\n<p data-start=\"3606\" data-end=\"3647\"><strong data-start=\"3606\" data-end=\"3645\">Caract\u00e9ristiques du PowerCut 3700 :<\/strong><\/p>\n<ul data-start=\"3648\" data-end=\"4099\">\n<li data-start=\"3648\" data-end=\"3803\"><strong data-start=\"3650\" data-end=\"3726\">Machine de d\u00e9coupe id\u00e9ale pour les sections transversales plus grandes :<\/strong> Traite les mat\u00e9riaux ronds et plats avec une grande pr\u00e9cision et rapidit\u00e9.<\/li>\n<li data-start=\"3804\" data-end=\"3911\"><strong data-start=\"3806\" data-end=\"3837\">T\u00eate de coupe pneumatique :<\/strong> Effectue une coupe nette et perpendiculaire pour diverses applications.<\/li>\n<li data-start=\"3912\" data-end=\"4099\"><strong data-start=\"3914\" data-end=\"3937\">Facile \u00e0 utiliser :<\/strong> Peut \u00eatre utilis\u00e9e comme machine autonome ou combin\u00e9e avec d&rsquo;autres appareils p\u00e9riph\u00e9riques pour cr\u00e9er une ligne de traitement de c\u00e2bles enti\u00e8rement automatis\u00e9e.<\/li>\n<\/ul>\n<p data-start=\"4101\" data-end=\"4243\" data-is-last-node=\"\">Le PowerCut 3700 offre la combinaison parfaite de puissance, de vitesse et de flexibilit\u00e9 pour la d\u00e9coupe de c\u00e2bles de plus grandes tailles.<\/p>\n","protected":false},"excerpt":{"rendered":"<p>Machine \u00e0 d\u00e9couper<\/p>\n","protected":false},"featured_media":0,"template":"","meta":{"_acf_changed":false},"pwb-brand":[18298],"product_brand":[],"product_cat":[17990,17993,18038],"product_tag":[],"class_list":{"0":"post-26154","1":"product","2":"type-product","3":"status-publish","5":"pwb-brand-brand-schleuniger-fr","6":"product_cat-cables-et-cablage-fr","7":"product_cat-couper-denuder-sertissage-fr","8":"product_cat-cutting-fr","10":"first","11":"instock","12":"taxable","13":"shipping-taxable","14":"product-type-simple"},"acf":[],"yoast_head":"<!-- This site is optimized with the Yoast SEO plugin v27.1.1 - https:\/\/yoast.com\/product\/yoast-seo-wordpress\/ -->\n<title>Cutting Machine PowerCut 3700 - Smans<\/title>\n<meta name=\"robots\" content=\"index, follow, max-snippet:-1, max-image-preview:large, max-video-preview:-1\" \/>\n<link rel=\"canonical\" href=\"https:\/\/smans.com\/fr\/product\/cutting-machine-powercut-3700\/\" \/>\n<meta property=\"og:locale\" content=\"fr_FR\" \/>\n<meta property=\"og:type\" content=\"article\" \/>\n<meta property=\"og:title\" content=\"Cutting Machine PowerCut 3700 - Smans\" \/>\n<meta property=\"og:description\" content=\"Machine \u00e0 d\u00e9couper\" \/>\n<meta property=\"og:url\" content=\"https:\/\/smans.com\/fr\/product\/cutting-machine-powercut-3700\/\" \/>\n<meta property=\"og:site_name\" content=\"Smans\" \/>\n<meta property=\"article:modified_time\" content=\"2026-04-13T10:55:46+00:00\" \/>\n<meta name=\"twitter:card\" content=\"summary_large_image\" \/>\n<meta name=\"twitter:label1\" content=\"Dur\u00e9e de lecture estim\u00e9e\" \/>\n\t<meta name=\"twitter:data1\" content=\"1 minute\" \/>\n<script type=\"application\/ld+json\" class=\"yoast-schema-graph\">{\"@context\":\"https:\/\/schema.org\",\"@graph\":[{\"@type\":\"WebPage\",\"@id\":\"https:\/\/smans.com\/fr\/product\/cutting-machine-powercut-3700\/\",\"url\":\"https:\/\/smans.com\/fr\/product\/cutting-machine-powercut-3700\/\",\"name\":\"Cutting Machine PowerCut 3700 - Smans\",\"isPartOf\":{\"@id\":\"https:\/\/smans.com\/nl\/#website\"},\"datePublished\":\"2024-07-23T01:04:30+00:00\",\"dateModified\":\"2026-04-13T10:55:46+00:00\",\"breadcrumb\":{\"@id\":\"https:\/\/smans.com\/fr\/product\/cutting-machine-powercut-3700\/#breadcrumb\"},\"inLanguage\":\"fr-FR\",\"potentialAction\":[{\"@type\":\"ReadAction\",\"target\":[\"https:\/\/smans.com\/fr\/product\/cutting-machine-powercut-3700\/\"]}]},{\"@type\":\"BreadcrumbList\",\"@id\":\"https:\/\/smans.com\/fr\/product\/cutting-machine-powercut-3700\/#breadcrumb\",\"itemListElement\":[{\"@type\":\"ListItem\",\"position\":1,\"name\":\"Home\",\"item\":\"https:\/\/smans.com\/fr\/\"},{\"@type\":\"ListItem\",\"position\":2,\"name\":\"Boutique\",\"item\":\"https:\/\/smans.com\/nl\/shop\/\"},{\"@type\":\"ListItem\",\"position\":3,\"name\":\"Schleuniger - Cutting Machine PowerCut 3700\"}]},{\"@type\":\"WebSite\",\"@id\":\"https:\/\/smans.com\/nl\/#website\",\"url\":\"https:\/\/smans.com\/nl\/\",\"name\":\"Smans\",\"description\":\"\",\"publisher\":{\"@id\":\"https:\/\/smans.com\/nl\/#organization\"},\"potentialAction\":[{\"@type\":\"SearchAction\",\"target\":{\"@type\":\"EntryPoint\",\"urlTemplate\":\"https:\/\/smans.com\/nl\/?s={search_term_string}\"},\"query-input\":{\"@type\":\"PropertyValueSpecification\",\"valueRequired\":true,\"valueName\":\"search_term_string\"}}],\"inLanguage\":\"fr-FR\"},{\"@type\":\"Organization\",\"@id\":\"https:\/\/smans.com\/nl\/#organization\",\"name\":\"Smans\",\"url\":\"https:\/\/smans.com\/nl\/\",\"logo\":{\"@type\":\"ImageObject\",\"inLanguage\":\"fr-FR\",\"@id\":\"https:\/\/smans.com\/nl\/#\/schema\/logo\/image\/\",\"url\":\"https:\/\/smans.com\/wp-content\/uploads\/2023\/09\/logo.svg\",\"contentUrl\":\"https:\/\/smans.com\/wp-content\/uploads\/2023\/09\/logo.svg\",\"caption\":\"Smans\"},\"image\":{\"@id\":\"https:\/\/smans.com\/nl\/#\/schema\/logo\/image\/\"}}]}<\/script>\n<!-- \/ Yoast SEO plugin. -->","yoast_head_json":{"title":"Cutting Machine PowerCut 3700 - Smans","robots":{"index":"index","follow":"follow","max-snippet":"max-snippet:-1","max-image-preview":"max-image-preview:large","max-video-preview":"max-video-preview:-1"},"canonical":"https:\/\/smans.com\/fr\/product\/cutting-machine-powercut-3700\/","og_locale":"fr_FR","og_type":"article","og_title":"Cutting Machine PowerCut 3700 - Smans","og_description":"Machine \u00e0 d\u00e9couper","og_url":"https:\/\/smans.com\/fr\/product\/cutting-machine-powercut-3700\/","og_site_name":"Smans","article_modified_time":"2026-04-13T10:55:46+00:00","twitter_card":"summary_large_image","twitter_misc":{"Dur\u00e9e de lecture estim\u00e9e":"1 minute"},"schema":{"@context":"https:\/\/schema.org","@graph":[{"@type":"WebPage","@id":"https:\/\/smans.com\/fr\/product\/cutting-machine-powercut-3700\/","url":"https:\/\/smans.com\/fr\/product\/cutting-machine-powercut-3700\/","name":"Cutting Machine PowerCut 3700 - Smans","isPartOf":{"@id":"https:\/\/smans.com\/nl\/#website"},"datePublished":"2024-07-23T01:04:30+00:00","dateModified":"2026-04-13T10:55:46+00:00","breadcrumb":{"@id":"https:\/\/smans.com\/fr\/product\/cutting-machine-powercut-3700\/#breadcrumb"},"inLanguage":"fr-FR","potentialAction":[{"@type":"ReadAction","target":["https:\/\/smans.com\/fr\/product\/cutting-machine-powercut-3700\/"]}]},{"@type":"BreadcrumbList","@id":"https:\/\/smans.com\/fr\/product\/cutting-machine-powercut-3700\/#breadcrumb","itemListElement":[{"@type":"ListItem","position":1,"name":"Home","item":"https:\/\/smans.com\/fr\/"},{"@type":"ListItem","position":2,"name":"Boutique","item":"https:\/\/smans.com\/nl\/shop\/"},{"@type":"ListItem","position":3,"name":"Schleuniger - Cutting Machine PowerCut 3700"}]},{"@type":"WebSite","@id":"https:\/\/smans.com\/nl\/#website","url":"https:\/\/smans.com\/nl\/","name":"Smans","description":"","publisher":{"@id":"https:\/\/smans.com\/nl\/#organization"},"potentialAction":[{"@type":"SearchAction","target":{"@type":"EntryPoint","urlTemplate":"https:\/\/smans.com\/nl\/?s={search_term_string}"},"query-input":{"@type":"PropertyValueSpecification","valueRequired":true,"valueName":"search_term_string"}}],"inLanguage":"fr-FR"},{"@type":"Organization","@id":"https:\/\/smans.com\/nl\/#organization","name":"Smans","url":"https:\/\/smans.com\/nl\/","logo":{"@type":"ImageObject","inLanguage":"fr-FR","@id":"https:\/\/smans.com\/nl\/#\/schema\/logo\/image\/","url":"https:\/\/smans.com\/wp-content\/uploads\/2023\/09\/logo.svg","contentUrl":"https:\/\/smans.com\/wp-content\/uploads\/2023\/09\/logo.svg","caption":"Smans"},"image":{"@id":"https:\/\/smans.com\/nl\/#\/schema\/logo\/image\/"}}]}},"brands":[{"id":18298,"name":"Schleuniger","slug":"brand-schleuniger-fr"}],"_links":{"self":[{"href":"https:\/\/smans.com\/fr\/wp-json\/wp\/v2\/product\/26154","targetHints":{"allow":["GET"]}}],"collection":[{"href":"https:\/\/smans.com\/fr\/wp-json\/wp\/v2\/product"}],"about":[{"href":"https:\/\/smans.com\/fr\/wp-json\/wp\/v2\/types\/product"}],"wp:attachment":[{"href":"https:\/\/smans.com\/fr\/wp-json\/wp\/v2\/media?parent=26154"}],"wp:term":[{"taxonomy":"pwb-brand","embeddable":true,"href":"https:\/\/smans.com\/fr\/wp-json\/wp\/v2\/pwb-brand?post=26154"},{"taxonomy":"product_brand","embeddable":true,"href":"https:\/\/smans.com\/fr\/wp-json\/wp\/v2\/product_brand?post=26154"},{"taxonomy":"product_cat","embeddable":true,"href":"https:\/\/smans.com\/fr\/wp-json\/wp\/v2\/product_cat?post=26154"},{"taxonomy":"product_tag","embeddable":true,"href":"https:\/\/smans.com\/fr\/wp-json\/wp\/v2\/product_tag?post=26154"}],"curies":[{"name":"wp","href":"https:\/\/api.w.org\/{rel}","templated":true}]}}