{"id":26155,"date":"2025-02-22T03:53:14","date_gmt":"2025-02-22T02:53:14","guid":{"rendered":"https:\/\/smans.com\/product\/stripping-machine-b340\/"},"modified":"2026-04-16T12:29:58","modified_gmt":"2026-04-16T10:29:58","slug":"stripping-machine-b340","status":"publish","type":"product","link":"https:\/\/smans.com\/fr\/product\/stripping-machine-b340\/","title":{"rendered":"Schleuniger - Stripping Machine B340"},"content":{"rendered":"<p>La Schleuniger B340 est la derni\u00e8re g\u00e9n\u00e9ration de d\u00e9nudeuses programmables de la s\u00e9rie B de Schleuniger. Avec ses quatre lames rotatives en forme de X, cette machine offre une excellente qualit\u00e9 de coupe et une grande reproductibilit\u00e9 pour le d\u00e9nudage d&rsquo;une large gamme de types de c\u00e2bles, des fils \u00e0 brins fins aux c\u00e2bles multiconducteurs complexes et aux lignes de capteurs.<\/p>\n<p>Gr\u00e2ce \u00e0 sa grande pr\u00e9cision m\u00e9canique, ses fonctions logicielles avanc\u00e9es et ses temps de cycle courts, la B340 garantit une productivit\u00e9 maximale. La machine traite des <strong>c\u00e2bles de section comprise entre 0,013 et 16 mm\u00b2<\/strong> (AWG 36-5) et de <strong>diam\u00e8tre allant jusqu&rsquo;\u00e0 9 mm<\/strong>, avec des longueurs de d\u00e9nudage allant jusqu&rsquo;\u00e0 80 mm et des longueurs de traction allant jusqu&rsquo;\u00e0 40 mm.<\/p>\n<p>Le logiciel S.Drive B Series permet une programmation intuitive via un \u00e9cran tactile couleur de 5 pouces, avec prise en charge de la reconnaissance automatique du diam\u00e8tre, de la d\u00e9tection de l&rsquo;extr\u00e9mit\u00e9 du c\u00e2ble et du traitement s\u00e9quentiel des c\u00e2bles multiconducteurs.<\/p>\n<p>En option, la machine peut \u00eatre \u00e9quip\u00e9e d&rsquo;une p\u00e9dale, d&rsquo;un kit pneumatique avec syst\u00e8me d&rsquo;aspiration ou d&rsquo;un kit pour le d\u00e9nudage de gaines courtes sur les c\u00e2bles multiconducteurs.<\/p>\n<p>Gr\u00e2ce aux lames et pinces universelles, aucun changement d&rsquo;outil n&rsquo;est n\u00e9cessaire, ce qui constitue un avantage consid\u00e9rable pour la production avec des changements de c\u00e2bles fr\u00e9quents. La B340 peut \u00e9galement \u00eatre int\u00e9gr\u00e9e dans des syst\u00e8mes de production automatis\u00e9s, ce qui la rend id\u00e9ale pour les applications autonomes et en ligne.<\/p>\n<p><strong>Configuration de la machine<\/strong><\/p>\n<ul>\n<li>M\u00e2choire de serrage : Gripper JAW Standard<\/li>\n<li>Lame : Lame HM<\/li>\n<li>Biblioth\u00e8que d&rsquo;articles sous licence : Oui<\/li>\n<li>Emballage standard<\/li>\n<\/ul>\n","protected":false},"excerpt":{"rendered":"<p>Une machine \u00e0 d\u00e9nuder rotative avanc\u00e9e pour les c\u00e2bles coaxiaux, multiconducteurs et capteurs jusqu&rsquo;\u00e0 9 mm de diam\u00e8tre.<br \/>\nPrix non cumulables avec d&rsquo;autres r\u00e9ductions.<\/p>\n","protected":false},"featured_media":0,"template":"","meta":{"_acf_changed":false},"pwb-brand":[18298],"product_brand":[],"product_cat":[17990,17993,18042],"product_tag":[],"class_list":{"0":"post-26155","1":"product","2":"type-product","3":"status-publish","5":"pwb-brand-brand-schleuniger-fr","6":"product_cat-cables-et-cablage-fr","7":"product_cat-couper-denuder-sertissage-fr","8":"product_cat-denudeuses-de-fils-fr","10":"first","11":"instock","12":"taxable","13":"shipping-taxable","14":"purchasable","15":"product-type-simple"},"acf":[],"yoast_head":"<!-- This site is optimized with the Yoast SEO plugin v27.1.1 - https:\/\/yoast.com\/product\/yoast-seo-wordpress\/ -->\n<title>Stripping Machine B340 - Smans<\/title>\n<meta name=\"robots\" content=\"index, follow, max-snippet:-1, max-image-preview:large, max-video-preview:-1\" \/>\n<link rel=\"canonical\" href=\"https:\/\/smans.com\/fr\/product\/stripping-machine-b340\/\" \/>\n<meta property=\"og:locale\" content=\"fr_FR\" \/>\n<meta property=\"og:type\" content=\"article\" \/>\n<meta property=\"og:title\" content=\"Stripping Machine B340 - Smans\" \/>\n<meta property=\"og:description\" content=\"Une machine \u00e0 d\u00e9nuder rotative avanc\u00e9e pour les c\u00e2bles coaxiaux, multiconducteurs et capteurs jusqu&#039;\u00e0 9 mm de diam\u00e8tre. Prix non cumulables avec d&#039;autres r\u00e9ductions.\" \/>\n<meta property=\"og:url\" content=\"https:\/\/smans.com\/fr\/product\/stripping-machine-b340\/\" \/>\n<meta property=\"og:site_name\" content=\"Smans\" \/>\n<meta property=\"article:modified_time\" content=\"2026-04-16T10:29:58+00:00\" \/>\n<meta name=\"twitter:card\" content=\"summary_large_image\" \/>\n<meta name=\"twitter:label1\" content=\"Dur\u00e9e de lecture estim\u00e9e\" \/>\n\t<meta name=\"twitter:data1\" content=\"1 minute\" \/>\n<script type=\"application\/ld+json\" class=\"yoast-schema-graph\">{\"@context\":\"https:\/\/schema.org\",\"@graph\":[{\"@type\":\"WebPage\",\"@id\":\"https:\/\/smans.com\/fr\/product\/stripping-machine-b340\/\",\"url\":\"https:\/\/smans.com\/fr\/product\/stripping-machine-b340\/\",\"name\":\"Stripping Machine B340 - Smans\",\"isPartOf\":{\"@id\":\"https:\/\/smans.com\/nl\/#website\"},\"datePublished\":\"2025-02-22T02:53:14+00:00\",\"dateModified\":\"2026-04-16T10:29:58+00:00\",\"breadcrumb\":{\"@id\":\"https:\/\/smans.com\/fr\/product\/stripping-machine-b340\/#breadcrumb\"},\"inLanguage\":\"fr-FR\",\"potentialAction\":[{\"@type\":\"ReadAction\",\"target\":[\"https:\/\/smans.com\/fr\/product\/stripping-machine-b340\/\"]}]},{\"@type\":\"BreadcrumbList\",\"@id\":\"https:\/\/smans.com\/fr\/product\/stripping-machine-b340\/#breadcrumb\",\"itemListElement\":[{\"@type\":\"ListItem\",\"position\":1,\"name\":\"Home\",\"item\":\"https:\/\/smans.com\/fr\/\"},{\"@type\":\"ListItem\",\"position\":2,\"name\":\"Boutique\",\"item\":\"https:\/\/smans.com\/nl\/shop\/\"},{\"@type\":\"ListItem\",\"position\":3,\"name\":\"Schleuniger - Stripping Machine B340\"}]},{\"@type\":\"WebSite\",\"@id\":\"https:\/\/smans.com\/nl\/#website\",\"url\":\"https:\/\/smans.com\/nl\/\",\"name\":\"Smans\",\"description\":\"\",\"publisher\":{\"@id\":\"https:\/\/smans.com\/nl\/#organization\"},\"potentialAction\":[{\"@type\":\"SearchAction\",\"target\":{\"@type\":\"EntryPoint\",\"urlTemplate\":\"https:\/\/smans.com\/nl\/?s={search_term_string}\"},\"query-input\":{\"@type\":\"PropertyValueSpecification\",\"valueRequired\":true,\"valueName\":\"search_term_string\"}}],\"inLanguage\":\"fr-FR\"},{\"@type\":\"Organization\",\"@id\":\"https:\/\/smans.com\/nl\/#organization\",\"name\":\"Smans\",\"url\":\"https:\/\/smans.com\/nl\/\",\"logo\":{\"@type\":\"ImageObject\",\"inLanguage\":\"fr-FR\",\"@id\":\"https:\/\/smans.com\/nl\/#\/schema\/logo\/image\/\",\"url\":\"https:\/\/smans.com\/wp-content\/uploads\/2023\/09\/logo.svg\",\"contentUrl\":\"https:\/\/smans.com\/wp-content\/uploads\/2023\/09\/logo.svg\",\"caption\":\"Smans\"},\"image\":{\"@id\":\"https:\/\/smans.com\/nl\/#\/schema\/logo\/image\/\"}}]}<\/script>\n<!-- \/ Yoast SEO plugin. -->","yoast_head_json":{"title":"Stripping Machine B340 - Smans","robots":{"index":"index","follow":"follow","max-snippet":"max-snippet:-1","max-image-preview":"max-image-preview:large","max-video-preview":"max-video-preview:-1"},"canonical":"https:\/\/smans.com\/fr\/product\/stripping-machine-b340\/","og_locale":"fr_FR","og_type":"article","og_title":"Stripping Machine B340 - Smans","og_description":"Une machine \u00e0 d\u00e9nuder rotative avanc\u00e9e pour les c\u00e2bles coaxiaux, multiconducteurs et capteurs jusqu'\u00e0 9 mm de diam\u00e8tre. Prix non cumulables avec d'autres r\u00e9ductions.","og_url":"https:\/\/smans.com\/fr\/product\/stripping-machine-b340\/","og_site_name":"Smans","article_modified_time":"2026-04-16T10:29:58+00:00","twitter_card":"summary_large_image","twitter_misc":{"Dur\u00e9e de lecture estim\u00e9e":"1 minute"},"schema":{"@context":"https:\/\/schema.org","@graph":[{"@type":"WebPage","@id":"https:\/\/smans.com\/fr\/product\/stripping-machine-b340\/","url":"https:\/\/smans.com\/fr\/product\/stripping-machine-b340\/","name":"Stripping Machine B340 - Smans","isPartOf":{"@id":"https:\/\/smans.com\/nl\/#website"},"datePublished":"2025-02-22T02:53:14+00:00","dateModified":"2026-04-16T10:29:58+00:00","breadcrumb":{"@id":"https:\/\/smans.com\/fr\/product\/stripping-machine-b340\/#breadcrumb"},"inLanguage":"fr-FR","potentialAction":[{"@type":"ReadAction","target":["https:\/\/smans.com\/fr\/product\/stripping-machine-b340\/"]}]},{"@type":"BreadcrumbList","@id":"https:\/\/smans.com\/fr\/product\/stripping-machine-b340\/#breadcrumb","itemListElement":[{"@type":"ListItem","position":1,"name":"Home","item":"https:\/\/smans.com\/fr\/"},{"@type":"ListItem","position":2,"name":"Boutique","item":"https:\/\/smans.com\/nl\/shop\/"},{"@type":"ListItem","position":3,"name":"Schleuniger - Stripping Machine B340"}]},{"@type":"WebSite","@id":"https:\/\/smans.com\/nl\/#website","url":"https:\/\/smans.com\/nl\/","name":"Smans","description":"","publisher":{"@id":"https:\/\/smans.com\/nl\/#organization"},"potentialAction":[{"@type":"SearchAction","target":{"@type":"EntryPoint","urlTemplate":"https:\/\/smans.com\/nl\/?s={search_term_string}"},"query-input":{"@type":"PropertyValueSpecification","valueRequired":true,"valueName":"search_term_string"}}],"inLanguage":"fr-FR"},{"@type":"Organization","@id":"https:\/\/smans.com\/nl\/#organization","name":"Smans","url":"https:\/\/smans.com\/nl\/","logo":{"@type":"ImageObject","inLanguage":"fr-FR","@id":"https:\/\/smans.com\/nl\/#\/schema\/logo\/image\/","url":"https:\/\/smans.com\/wp-content\/uploads\/2023\/09\/logo.svg","contentUrl":"https:\/\/smans.com\/wp-content\/uploads\/2023\/09\/logo.svg","caption":"Smans"},"image":{"@id":"https:\/\/smans.com\/nl\/#\/schema\/logo\/image\/"}}]}},"brands":[{"id":18298,"name":"Schleuniger","slug":"brand-schleuniger-fr"}],"_links":{"self":[{"href":"https:\/\/smans.com\/fr\/wp-json\/wp\/v2\/product\/26155","targetHints":{"allow":["GET"]}}],"collection":[{"href":"https:\/\/smans.com\/fr\/wp-json\/wp\/v2\/product"}],"about":[{"href":"https:\/\/smans.com\/fr\/wp-json\/wp\/v2\/types\/product"}],"wp:attachment":[{"href":"https:\/\/smans.com\/fr\/wp-json\/wp\/v2\/media?parent=26155"}],"wp:term":[{"taxonomy":"pwb-brand","embeddable":true,"href":"https:\/\/smans.com\/fr\/wp-json\/wp\/v2\/pwb-brand?post=26155"},{"taxonomy":"product_brand","embeddable":true,"href":"https:\/\/smans.com\/fr\/wp-json\/wp\/v2\/product_brand?post=26155"},{"taxonomy":"product_cat","embeddable":true,"href":"https:\/\/smans.com\/fr\/wp-json\/wp\/v2\/product_cat?post=26155"},{"taxonomy":"product_tag","embeddable":true,"href":"https:\/\/smans.com\/fr\/wp-json\/wp\/v2\/product_tag?post=26155"}],"curies":[{"name":"wp","href":"https:\/\/api.w.org\/{rel}","templated":true}]}}