{"id":26157,"date":"2024-07-23T03:04:35","date_gmt":"2024-07-23T01:04:35","guid":{"rendered":"https:\/\/smans.com\/product\/stripping-machine-unistrip-2550\/"},"modified":"2026-04-16T12:21:49","modified_gmt":"2026-04-16T10:21:49","slug":"stripping-machine-unistrip-2550","status":"publish","type":"product","link":"https:\/\/smans.com\/fr\/product\/stripping-machine-unistrip-2550\/","title":{"rendered":"Schleuniger - Stripping Machine UniStrip 2550"},"content":{"rendered":"<p>L&rsquo;UniStrip 2550 de Schleuniger est une machine \u00e0 d\u00e9nuder automatique puissante et compacte permettant de d\u00e9nuder rapidement et avec pr\u00e9cision des fils et des c\u00e2bles de <strong>0,03 \u00e0 6 mm\u00b2<\/strong> (AWG 32\u201310).<\/p>\n<p>La machine est \u00e9quip\u00e9e en s\u00e9rie de lames en V pour une large gamme de types de c\u00e2bles, mais peut \u00eatre facilement adapt\u00e9e avec des lames \u00e0 rayon, \u00e0 matrice ou sp\u00e9ciales pour prendre en charge encore plus d&rsquo;applications.<\/p>\n<p>Gr\u00e2ce \u00e0 l&rsquo;\u00e9cran tactile couleur, l&rsquo;op\u00e9rateur peut s\u00e9lectionner le type de c\u00e2ble souhait\u00e9 dans la biblioth\u00e8que interne. Tous les param\u00e8tres, tels que la profondeur de coupe, la pression de serrage, la distance entre les lames, la longueur de d\u00e9nudage et la longueur de traction, sont r\u00e9gl\u00e9s automatiquement. Cela \u00e9vite tout r\u00e9glage m\u00e9canique lors du changement de type de c\u00e2ble.<\/p>\n<p>L&rsquo;UniStrip 2550 d\u00e9marre automatiquement d\u00e8s que le fil touche le capteur de d\u00e9clenchement ultra-sensible, ou manuellement \u00e0 l&rsquo;aide d&rsquo;une p\u00e9dale en option.<\/p>\n<p>Avec un temps de cycle de seulement 0,35 seconde, ce mod\u00e8le est id\u00e9al pour la production en s\u00e9rie. Gr\u00e2ce aux vitesses de coupe et de traction r\u00e9glables et aux possibilit\u00e9s de programmation, les op\u00e9rations de d\u00e9nudage complexes peuvent \u00eatre r\u00e9p\u00e9t\u00e9es et enregistr\u00e9es dans la m\u00e9moire interne (jusqu&rsquo;\u00e0 1 000 programmes).<\/p>\n<p>La machine est \u00e9galement \u00e9quip\u00e9e d&rsquo;un \u00e9clairage LED pour une visibilit\u00e9 optimale de la zone de travail et prend en charge la connectivit\u00e9 USB et la reconnaissance des codes-barres pour l&rsquo;int\u00e9gration dans la production.<\/p>\n","protected":false},"excerpt":{"rendered":"<p>Une d\u00e9nudeuse \u00e9lectrique programmable pour c\u00e2bles jusqu&rsquo;\u00e0 5,5 mm de diam\u00e8tre.<\/p>\n","protected":false},"featured_media":0,"template":"","meta":{"_acf_changed":false},"pwb-brand":[18298],"product_brand":[],"product_cat":[17990,17993,18042],"product_tag":[],"class_list":{"0":"post-26157","1":"product","2":"type-product","3":"status-publish","5":"pwb-brand-brand-schleuniger-fr","6":"product_cat-cables-et-cablage-fr","7":"product_cat-couper-denuder-sertissage-fr","8":"product_cat-denudeuses-de-fils-fr","10":"first","11":"instock","12":"taxable","13":"shipping-taxable","14":"product-type-simple"},"acf":[],"yoast_head":"<!-- This site is optimized with the Yoast SEO plugin v27.1.1 - https:\/\/yoast.com\/product\/yoast-seo-wordpress\/ -->\n<title>Stripping Machine UniStrip 2550 - Smans<\/title>\n<meta name=\"robots\" content=\"index, follow, max-snippet:-1, max-image-preview:large, max-video-preview:-1\" \/>\n<link rel=\"canonical\" href=\"https:\/\/smans.com\/fr\/product\/stripping-machine-unistrip-2550\/\" \/>\n<meta property=\"og:locale\" content=\"fr_FR\" \/>\n<meta property=\"og:type\" content=\"article\" \/>\n<meta property=\"og:title\" content=\"Stripping Machine UniStrip 2550 - Smans\" \/>\n<meta property=\"og:description\" content=\"Une d\u00e9nudeuse \u00e9lectrique programmable pour c\u00e2bles jusqu&#039;\u00e0 5,5 mm de diam\u00e8tre.\" \/>\n<meta property=\"og:url\" content=\"https:\/\/smans.com\/fr\/product\/stripping-machine-unistrip-2550\/\" \/>\n<meta property=\"og:site_name\" content=\"Smans\" \/>\n<meta property=\"article:modified_time\" content=\"2026-04-16T10:21:49+00:00\" \/>\n<meta name=\"twitter:card\" content=\"summary_large_image\" \/>\n<meta name=\"twitter:label1\" content=\"Dur\u00e9e de lecture estim\u00e9e\" \/>\n\t<meta name=\"twitter:data1\" content=\"1 minute\" \/>\n<script type=\"application\/ld+json\" class=\"yoast-schema-graph\">{\"@context\":\"https:\/\/schema.org\",\"@graph\":[{\"@type\":\"WebPage\",\"@id\":\"https:\/\/smans.com\/fr\/product\/stripping-machine-unistrip-2550\/\",\"url\":\"https:\/\/smans.com\/fr\/product\/stripping-machine-unistrip-2550\/\",\"name\":\"Stripping Machine UniStrip 2550 - Smans\",\"isPartOf\":{\"@id\":\"https:\/\/smans.com\/nl\/#website\"},\"datePublished\":\"2024-07-23T01:04:35+00:00\",\"dateModified\":\"2026-04-16T10:21:49+00:00\",\"breadcrumb\":{\"@id\":\"https:\/\/smans.com\/fr\/product\/stripping-machine-unistrip-2550\/#breadcrumb\"},\"inLanguage\":\"fr-FR\",\"potentialAction\":[{\"@type\":\"ReadAction\",\"target\":[\"https:\/\/smans.com\/fr\/product\/stripping-machine-unistrip-2550\/\"]}]},{\"@type\":\"BreadcrumbList\",\"@id\":\"https:\/\/smans.com\/fr\/product\/stripping-machine-unistrip-2550\/#breadcrumb\",\"itemListElement\":[{\"@type\":\"ListItem\",\"position\":1,\"name\":\"Home\",\"item\":\"https:\/\/smans.com\/fr\/\"},{\"@type\":\"ListItem\",\"position\":2,\"name\":\"Boutique\",\"item\":\"https:\/\/smans.com\/nl\/shop\/\"},{\"@type\":\"ListItem\",\"position\":3,\"name\":\"Schleuniger - Stripping Machine UniStrip 2550\"}]},{\"@type\":\"WebSite\",\"@id\":\"https:\/\/smans.com\/nl\/#website\",\"url\":\"https:\/\/smans.com\/nl\/\",\"name\":\"Smans\",\"description\":\"\",\"publisher\":{\"@id\":\"https:\/\/smans.com\/nl\/#organization\"},\"potentialAction\":[{\"@type\":\"SearchAction\",\"target\":{\"@type\":\"EntryPoint\",\"urlTemplate\":\"https:\/\/smans.com\/nl\/?s={search_term_string}\"},\"query-input\":{\"@type\":\"PropertyValueSpecification\",\"valueRequired\":true,\"valueName\":\"search_term_string\"}}],\"inLanguage\":\"fr-FR\"},{\"@type\":\"Organization\",\"@id\":\"https:\/\/smans.com\/nl\/#organization\",\"name\":\"Smans\",\"url\":\"https:\/\/smans.com\/nl\/\",\"logo\":{\"@type\":\"ImageObject\",\"inLanguage\":\"fr-FR\",\"@id\":\"https:\/\/smans.com\/nl\/#\/schema\/logo\/image\/\",\"url\":\"https:\/\/smans.com\/wp-content\/uploads\/2023\/09\/logo.svg\",\"contentUrl\":\"https:\/\/smans.com\/wp-content\/uploads\/2023\/09\/logo.svg\",\"caption\":\"Smans\"},\"image\":{\"@id\":\"https:\/\/smans.com\/nl\/#\/schema\/logo\/image\/\"}}]}<\/script>\n<!-- \/ Yoast SEO plugin. -->","yoast_head_json":{"title":"Stripping Machine UniStrip 2550 - Smans","robots":{"index":"index","follow":"follow","max-snippet":"max-snippet:-1","max-image-preview":"max-image-preview:large","max-video-preview":"max-video-preview:-1"},"canonical":"https:\/\/smans.com\/fr\/product\/stripping-machine-unistrip-2550\/","og_locale":"fr_FR","og_type":"article","og_title":"Stripping Machine UniStrip 2550 - Smans","og_description":"Une d\u00e9nudeuse \u00e9lectrique programmable pour c\u00e2bles jusqu'\u00e0 5,5 mm de diam\u00e8tre.","og_url":"https:\/\/smans.com\/fr\/product\/stripping-machine-unistrip-2550\/","og_site_name":"Smans","article_modified_time":"2026-04-16T10:21:49+00:00","twitter_card":"summary_large_image","twitter_misc":{"Dur\u00e9e de lecture estim\u00e9e":"1 minute"},"schema":{"@context":"https:\/\/schema.org","@graph":[{"@type":"WebPage","@id":"https:\/\/smans.com\/fr\/product\/stripping-machine-unistrip-2550\/","url":"https:\/\/smans.com\/fr\/product\/stripping-machine-unistrip-2550\/","name":"Stripping Machine UniStrip 2550 - Smans","isPartOf":{"@id":"https:\/\/smans.com\/nl\/#website"},"datePublished":"2024-07-23T01:04:35+00:00","dateModified":"2026-04-16T10:21:49+00:00","breadcrumb":{"@id":"https:\/\/smans.com\/fr\/product\/stripping-machine-unistrip-2550\/#breadcrumb"},"inLanguage":"fr-FR","potentialAction":[{"@type":"ReadAction","target":["https:\/\/smans.com\/fr\/product\/stripping-machine-unistrip-2550\/"]}]},{"@type":"BreadcrumbList","@id":"https:\/\/smans.com\/fr\/product\/stripping-machine-unistrip-2550\/#breadcrumb","itemListElement":[{"@type":"ListItem","position":1,"name":"Home","item":"https:\/\/smans.com\/fr\/"},{"@type":"ListItem","position":2,"name":"Boutique","item":"https:\/\/smans.com\/nl\/shop\/"},{"@type":"ListItem","position":3,"name":"Schleuniger - Stripping Machine UniStrip 2550"}]},{"@type":"WebSite","@id":"https:\/\/smans.com\/nl\/#website","url":"https:\/\/smans.com\/nl\/","name":"Smans","description":"","publisher":{"@id":"https:\/\/smans.com\/nl\/#organization"},"potentialAction":[{"@type":"SearchAction","target":{"@type":"EntryPoint","urlTemplate":"https:\/\/smans.com\/nl\/?s={search_term_string}"},"query-input":{"@type":"PropertyValueSpecification","valueRequired":true,"valueName":"search_term_string"}}],"inLanguage":"fr-FR"},{"@type":"Organization","@id":"https:\/\/smans.com\/nl\/#organization","name":"Smans","url":"https:\/\/smans.com\/nl\/","logo":{"@type":"ImageObject","inLanguage":"fr-FR","@id":"https:\/\/smans.com\/nl\/#\/schema\/logo\/image\/","url":"https:\/\/smans.com\/wp-content\/uploads\/2023\/09\/logo.svg","contentUrl":"https:\/\/smans.com\/wp-content\/uploads\/2023\/09\/logo.svg","caption":"Smans"},"image":{"@id":"https:\/\/smans.com\/nl\/#\/schema\/logo\/image\/"}}]}},"brands":[{"id":18298,"name":"Schleuniger","slug":"brand-schleuniger-fr"}],"_links":{"self":[{"href":"https:\/\/smans.com\/fr\/wp-json\/wp\/v2\/product\/26157","targetHints":{"allow":["GET"]}}],"collection":[{"href":"https:\/\/smans.com\/fr\/wp-json\/wp\/v2\/product"}],"about":[{"href":"https:\/\/smans.com\/fr\/wp-json\/wp\/v2\/types\/product"}],"wp:attachment":[{"href":"https:\/\/smans.com\/fr\/wp-json\/wp\/v2\/media?parent=26157"}],"wp:term":[{"taxonomy":"pwb-brand","embeddable":true,"href":"https:\/\/smans.com\/fr\/wp-json\/wp\/v2\/pwb-brand?post=26157"},{"taxonomy":"product_brand","embeddable":true,"href":"https:\/\/smans.com\/fr\/wp-json\/wp\/v2\/product_brand?post=26157"},{"taxonomy":"product_cat","embeddable":true,"href":"https:\/\/smans.com\/fr\/wp-json\/wp\/v2\/product_cat?post=26157"},{"taxonomy":"product_tag","embeddable":true,"href":"https:\/\/smans.com\/fr\/wp-json\/wp\/v2\/product_tag?post=26157"}],"curies":[{"name":"wp","href":"https:\/\/api.w.org\/{rel}","templated":true}]}}