{"id":26158,"date":"2024-07-23T03:04:37","date_gmt":"2024-07-23T01:04:37","guid":{"rendered":"https:\/\/smans.com\/product\/stripping-machine-unistrip-2600\/"},"modified":"2026-04-08T12:52:27","modified_gmt":"2026-04-08T10:52:27","slug":"stripping-machine-unistrip-2600","status":"publish","type":"product","link":"https:\/\/smans.com\/fr\/product\/stripping-machine-unistrip-2600\/","title":{"rendered":"Schleuniger - Stripping Machine UniStrip 2600"},"content":{"rendered":"<p>L&rsquo;UniStrip 2600 est la machine \u00e0 d\u00e9nuder la plus polyvalente de sa cat\u00e9gorie. Elle traite les fils monoconducteurs, les c\u00e2bles ronds et les c\u00e2bles plats d&rsquo;un <strong>diam\u00e8tre maximal de 9 mm et d&rsquo;une longueur de d\u00e9nudage maximale de 80 mm<\/strong>.<\/p>\n<p>Ses moteurs puissants, associ\u00e9s \u00e0 une \u00e9lectronique de pointe, garantissent une excellente r\u00e9p\u00e9tabilit\u00e9 et une qualit\u00e9 de d\u00e9nudage constante, m\u00eame avec des isolations sensibles ou des constructions de c\u00e2bles variables.<\/p>\n<p>Gr\u00e2ce \u00e0 l&rsquo;interface conviviale et \u00e0 l&rsquo;\u00e9cran graphique, l&rsquo;op\u00e9rateur peut facilement r\u00e9gler des param\u00e8tres tels que la profondeur de coupe, la longueur de d\u00e9nudage, la pression de serrage et la vitesse de traction.<\/p>\n<p>La machine dispose de 1 000 emplacements m\u00e9moire pour les programmes de c\u00e2bles et de 100 listes de fils, ce qui permet de rappeler rapidement les types de c\u00e2bles courants.<\/p>\n<p>Gr\u00e2ce \u00e0 la technologie SmartStrip\u2122 en option, la machine d\u00e9tecte automatiquement le diam\u00e8tre du fil et ajuste les param\u00e8tres sans intervention de l&rsquo;op\u00e9rateur.<\/p>\n<p>En combinaison avec le logiciel Iguana\u2122 Wire Processing Software, les programmes peuvent \u00e9galement \u00eatre cr\u00e9\u00e9s et g\u00e9r\u00e9s \u00e0 distance via un PC.<\/p>\n<p>L&rsquo;UniStrip 2600 accepte diff\u00e9rents types de lames, notamment des lames en V, des lames \u00e0 rayon, des lames \u00e0 matrice et des lames personnalis\u00e9es, qui peuvent \u00eatre chang\u00e9es sans outil.<\/p>\n<p>Cela fait de cette machine le choix id\u00e9al pour les environnements de production o\u00f9 la vitesse, la pr\u00e9cision et la flexibilit\u00e9 sont essentielles.<\/p>\n","protected":false},"excerpt":{"rendered":"<p>Une d\u00e9nudeuse \u00e9lectrique enti\u00e8rement programmable pour le d\u00e9nudage rapide et pr\u00e9cis de fils et c\u00e2bles jusqu&rsquo;\u00e0 9 mm de diam\u00e8tre.<\/p>\n","protected":false},"featured_media":0,"template":"","meta":{"_acf_changed":false},"pwb-brand":[18298],"product_brand":[],"product_cat":[17990,17993,18042],"product_tag":[],"class_list":{"0":"post-26158","1":"product","2":"type-product","3":"status-publish","5":"pwb-brand-brand-schleuniger-fr","6":"product_cat-cables-et-cablage-fr","7":"product_cat-couper-denuder-sertissage-fr","8":"product_cat-denudeuses-de-fils-fr","10":"first","11":"instock","12":"taxable","13":"shipping-taxable","14":"product-type-simple"},"acf":[],"yoast_head":"<!-- This site is optimized with the Yoast SEO plugin v27.1.1 - https:\/\/yoast.com\/product\/yoast-seo-wordpress\/ -->\n<title>Stripping Machine UniStrip 2600 - Smans<\/title>\n<meta name=\"robots\" content=\"index, follow, max-snippet:-1, max-image-preview:large, max-video-preview:-1\" \/>\n<link rel=\"canonical\" href=\"https:\/\/smans.com\/fr\/product\/stripping-machine-unistrip-2600\/\" \/>\n<meta property=\"og:locale\" content=\"fr_FR\" \/>\n<meta property=\"og:type\" content=\"article\" \/>\n<meta property=\"og:title\" content=\"Stripping Machine UniStrip 2600 - Smans\" \/>\n<meta property=\"og:description\" content=\"Une d\u00e9nudeuse \u00e9lectrique enti\u00e8rement programmable pour le d\u00e9nudage rapide et pr\u00e9cis de fils et c\u00e2bles jusqu&#039;\u00e0 9 mm de diam\u00e8tre.\" \/>\n<meta property=\"og:url\" content=\"https:\/\/smans.com\/fr\/product\/stripping-machine-unistrip-2600\/\" \/>\n<meta property=\"og:site_name\" content=\"Smans\" \/>\n<meta property=\"article:modified_time\" content=\"2026-04-08T10:52:27+00:00\" \/>\n<meta name=\"twitter:card\" content=\"summary_large_image\" \/>\n<meta name=\"twitter:label1\" content=\"Dur\u00e9e de lecture estim\u00e9e\" \/>\n\t<meta name=\"twitter:data1\" content=\"1 minute\" \/>\n<script type=\"application\/ld+json\" class=\"yoast-schema-graph\">{\"@context\":\"https:\/\/schema.org\",\"@graph\":[{\"@type\":\"WebPage\",\"@id\":\"https:\/\/smans.com\/fr\/product\/stripping-machine-unistrip-2600\/\",\"url\":\"https:\/\/smans.com\/fr\/product\/stripping-machine-unistrip-2600\/\",\"name\":\"Stripping Machine UniStrip 2600 - Smans\",\"isPartOf\":{\"@id\":\"https:\/\/smans.com\/nl\/#website\"},\"datePublished\":\"2024-07-23T01:04:37+00:00\",\"dateModified\":\"2026-04-08T10:52:27+00:00\",\"breadcrumb\":{\"@id\":\"https:\/\/smans.com\/fr\/product\/stripping-machine-unistrip-2600\/#breadcrumb\"},\"inLanguage\":\"fr-FR\",\"potentialAction\":[{\"@type\":\"ReadAction\",\"target\":[\"https:\/\/smans.com\/fr\/product\/stripping-machine-unistrip-2600\/\"]}]},{\"@type\":\"BreadcrumbList\",\"@id\":\"https:\/\/smans.com\/fr\/product\/stripping-machine-unistrip-2600\/#breadcrumb\",\"itemListElement\":[{\"@type\":\"ListItem\",\"position\":1,\"name\":\"Home\",\"item\":\"https:\/\/smans.com\/fr\/\"},{\"@type\":\"ListItem\",\"position\":2,\"name\":\"Boutique\",\"item\":\"https:\/\/smans.com\/nl\/shop\/\"},{\"@type\":\"ListItem\",\"position\":3,\"name\":\"Schleuniger - Stripping Machine UniStrip 2600\"}]},{\"@type\":\"WebSite\",\"@id\":\"https:\/\/smans.com\/nl\/#website\",\"url\":\"https:\/\/smans.com\/nl\/\",\"name\":\"Smans\",\"description\":\"\",\"publisher\":{\"@id\":\"https:\/\/smans.com\/nl\/#organization\"},\"potentialAction\":[{\"@type\":\"SearchAction\",\"target\":{\"@type\":\"EntryPoint\",\"urlTemplate\":\"https:\/\/smans.com\/nl\/?s={search_term_string}\"},\"query-input\":{\"@type\":\"PropertyValueSpecification\",\"valueRequired\":true,\"valueName\":\"search_term_string\"}}],\"inLanguage\":\"fr-FR\"},{\"@type\":\"Organization\",\"@id\":\"https:\/\/smans.com\/nl\/#organization\",\"name\":\"Smans\",\"url\":\"https:\/\/smans.com\/nl\/\",\"logo\":{\"@type\":\"ImageObject\",\"inLanguage\":\"fr-FR\",\"@id\":\"https:\/\/smans.com\/nl\/#\/schema\/logo\/image\/\",\"url\":\"https:\/\/smans.com\/wp-content\/uploads\/2023\/09\/logo.svg\",\"contentUrl\":\"https:\/\/smans.com\/wp-content\/uploads\/2023\/09\/logo.svg\",\"caption\":\"Smans\"},\"image\":{\"@id\":\"https:\/\/smans.com\/nl\/#\/schema\/logo\/image\/\"}}]}<\/script>\n<!-- \/ Yoast SEO plugin. -->","yoast_head_json":{"title":"Stripping Machine UniStrip 2600 - Smans","robots":{"index":"index","follow":"follow","max-snippet":"max-snippet:-1","max-image-preview":"max-image-preview:large","max-video-preview":"max-video-preview:-1"},"canonical":"https:\/\/smans.com\/fr\/product\/stripping-machine-unistrip-2600\/","og_locale":"fr_FR","og_type":"article","og_title":"Stripping Machine UniStrip 2600 - Smans","og_description":"Une d\u00e9nudeuse \u00e9lectrique enti\u00e8rement programmable pour le d\u00e9nudage rapide et pr\u00e9cis de fils et c\u00e2bles jusqu'\u00e0 9 mm de diam\u00e8tre.","og_url":"https:\/\/smans.com\/fr\/product\/stripping-machine-unistrip-2600\/","og_site_name":"Smans","article_modified_time":"2026-04-08T10:52:27+00:00","twitter_card":"summary_large_image","twitter_misc":{"Dur\u00e9e de lecture estim\u00e9e":"1 minute"},"schema":{"@context":"https:\/\/schema.org","@graph":[{"@type":"WebPage","@id":"https:\/\/smans.com\/fr\/product\/stripping-machine-unistrip-2600\/","url":"https:\/\/smans.com\/fr\/product\/stripping-machine-unistrip-2600\/","name":"Stripping Machine UniStrip 2600 - Smans","isPartOf":{"@id":"https:\/\/smans.com\/nl\/#website"},"datePublished":"2024-07-23T01:04:37+00:00","dateModified":"2026-04-08T10:52:27+00:00","breadcrumb":{"@id":"https:\/\/smans.com\/fr\/product\/stripping-machine-unistrip-2600\/#breadcrumb"},"inLanguage":"fr-FR","potentialAction":[{"@type":"ReadAction","target":["https:\/\/smans.com\/fr\/product\/stripping-machine-unistrip-2600\/"]}]},{"@type":"BreadcrumbList","@id":"https:\/\/smans.com\/fr\/product\/stripping-machine-unistrip-2600\/#breadcrumb","itemListElement":[{"@type":"ListItem","position":1,"name":"Home","item":"https:\/\/smans.com\/fr\/"},{"@type":"ListItem","position":2,"name":"Boutique","item":"https:\/\/smans.com\/nl\/shop\/"},{"@type":"ListItem","position":3,"name":"Schleuniger - Stripping Machine UniStrip 2600"}]},{"@type":"WebSite","@id":"https:\/\/smans.com\/nl\/#website","url":"https:\/\/smans.com\/nl\/","name":"Smans","description":"","publisher":{"@id":"https:\/\/smans.com\/nl\/#organization"},"potentialAction":[{"@type":"SearchAction","target":{"@type":"EntryPoint","urlTemplate":"https:\/\/smans.com\/nl\/?s={search_term_string}"},"query-input":{"@type":"PropertyValueSpecification","valueRequired":true,"valueName":"search_term_string"}}],"inLanguage":"fr-FR"},{"@type":"Organization","@id":"https:\/\/smans.com\/nl\/#organization","name":"Smans","url":"https:\/\/smans.com\/nl\/","logo":{"@type":"ImageObject","inLanguage":"fr-FR","@id":"https:\/\/smans.com\/nl\/#\/schema\/logo\/image\/","url":"https:\/\/smans.com\/wp-content\/uploads\/2023\/09\/logo.svg","contentUrl":"https:\/\/smans.com\/wp-content\/uploads\/2023\/09\/logo.svg","caption":"Smans"},"image":{"@id":"https:\/\/smans.com\/nl\/#\/schema\/logo\/image\/"}}]}},"brands":[{"id":18298,"name":"Schleuniger","slug":"brand-schleuniger-fr"}],"_links":{"self":[{"href":"https:\/\/smans.com\/fr\/wp-json\/wp\/v2\/product\/26158","targetHints":{"allow":["GET"]}}],"collection":[{"href":"https:\/\/smans.com\/fr\/wp-json\/wp\/v2\/product"}],"about":[{"href":"https:\/\/smans.com\/fr\/wp-json\/wp\/v2\/types\/product"}],"wp:attachment":[{"href":"https:\/\/smans.com\/fr\/wp-json\/wp\/v2\/media?parent=26158"}],"wp:term":[{"taxonomy":"pwb-brand","embeddable":true,"href":"https:\/\/smans.com\/fr\/wp-json\/wp\/v2\/pwb-brand?post=26158"},{"taxonomy":"product_brand","embeddable":true,"href":"https:\/\/smans.com\/fr\/wp-json\/wp\/v2\/product_brand?post=26158"},{"taxonomy":"product_cat","embeddable":true,"href":"https:\/\/smans.com\/fr\/wp-json\/wp\/v2\/product_cat?post=26158"},{"taxonomy":"product_tag","embeddable":true,"href":"https:\/\/smans.com\/fr\/wp-json\/wp\/v2\/product_tag?post=26158"}],"curies":[{"name":"wp","href":"https:\/\/api.w.org\/{rel}","templated":true}]}}