{"id":26159,"date":"2024-07-23T03:04:39","date_gmt":"2024-07-23T01:04:39","guid":{"rendered":"https:\/\/smans.com\/product\/stripping-machine-unistrip-2015\/"},"modified":"2026-04-08T12:52:27","modified_gmt":"2026-04-08T10:52:27","slug":"stripping-machine-unistrip-2015","status":"publish","type":"product","link":"https:\/\/smans.com\/fr\/product\/stripping-machine-unistrip-2015\/","title":{"rendered":"Schleuniger - Stripping Machine UniStrip 2015"},"content":{"rendered":"<p>L&rsquo;UniStrip 2015 est con\u00e7u pour une productivit\u00e9 maximale dans l&rsquo;assemblage de c\u00e2bles et le traitement de fils.<br \/>Avec un temps de cycle de seulement 0,3 seconde et un entra\u00eenement pneumatique stable, la machine offre des performances \u00e9lev\u00e9es constantes pour les d\u00e9nudages complets et partiels.<\/p>\n<p>Le syst\u00e8me de couteaux universels en forme de V s&rsquo;adapte automatiquement aux diff\u00e9rents diam\u00e8tres de fils. Cela \u00e9vite d&rsquo;avoir \u00e0 changer de couteaux ou \u00e0 effectuer des r\u00e9glages m\u00e9caniques lors des changements de c\u00e2bles, ce qui permet de gagner du temps et de r\u00e9duire les temps d&rsquo;arr\u00eat.<\/p>\n<p>La profondeur de coupe, la longueur de d\u00e9nudage et la longueur de retrait r\u00e9glables garantissent des r\u00e9sultats sans erreur, m\u00eame avec des mat\u00e9riaux d&rsquo;isolation sensibles.<\/p>\n<p>Avec son design compact et son poids de seulement 2 kg, l&rsquo;UniStrip 2015 s&rsquo;int\u00e8gre facilement dans les lignes de production ou sur les tables de travail. La commande par p\u00e9dale permet \u00e0 l&rsquo;op\u00e9rateur de travailler \u00e0 deux mains, ce qui augmente l&rsquo;efficacit\u00e9 et l&rsquo;ergonomie. Gr\u00e2ce \u00e0 son syst\u00e8me de lames sans entretien, la machine est particuli\u00e8rement durable et adapt\u00e9e \u00e0 un usage intensif.<\/p>\n","protected":false},"excerpt":{"rendered":"<p>Une d\u00e9nudeuse pneumatique avec un syst\u00e8me de lames universel et un temps de cycle de seulement 0,3 seconde. Elle garantit un d\u00e9nudage rapide, pr\u00e9cis et sans dommage des fils jusqu&rsquo;\u00e0 3,2 mm de diam\u00e8tre.<\/p>\n","protected":false},"featured_media":0,"template":"","meta":{"_acf_changed":false},"pwb-brand":[18298],"product_brand":[],"product_cat":[17990,17993,18042],"product_tag":[],"class_list":{"0":"post-26159","1":"product","2":"type-product","3":"status-publish","5":"pwb-brand-brand-schleuniger-fr","6":"product_cat-cables-et-cablage-fr","7":"product_cat-couper-denuder-sertissage-fr","8":"product_cat-denudeuses-de-fils-fr","10":"first","11":"instock","12":"taxable","13":"shipping-taxable","14":"product-type-simple"},"acf":[],"yoast_head":"<!-- This site is optimized with the Yoast SEO plugin v27.1.1 - https:\/\/yoast.com\/product\/yoast-seo-wordpress\/ -->\n<title>Stripping Machine UniStrip 2015 - Smans<\/title>\n<meta name=\"robots\" content=\"index, follow, max-snippet:-1, max-image-preview:large, max-video-preview:-1\" \/>\n<link rel=\"canonical\" href=\"https:\/\/smans.com\/fr\/product\/stripping-machine-unistrip-2015\/\" \/>\n<meta property=\"og:locale\" content=\"fr_FR\" \/>\n<meta property=\"og:type\" content=\"article\" \/>\n<meta property=\"og:title\" content=\"Stripping Machine UniStrip 2015 - Smans\" \/>\n<meta property=\"og:description\" content=\"Une d\u00e9nudeuse pneumatique avec un syst\u00e8me de lames universel et un temps de cycle de seulement 0,3 seconde. Elle garantit un d\u00e9nudage rapide, pr\u00e9cis et sans dommage des fils jusqu&#039;\u00e0 3,2 mm de diam\u00e8tre.\" \/>\n<meta property=\"og:url\" content=\"https:\/\/smans.com\/fr\/product\/stripping-machine-unistrip-2015\/\" \/>\n<meta property=\"og:site_name\" content=\"Smans\" \/>\n<meta property=\"article:modified_time\" content=\"2026-04-08T10:52:27+00:00\" \/>\n<meta name=\"twitter:card\" content=\"summary_large_image\" \/>\n<meta name=\"twitter:label1\" content=\"Dur\u00e9e de lecture estim\u00e9e\" \/>\n\t<meta name=\"twitter:data1\" content=\"1 minute\" \/>\n<script type=\"application\/ld+json\" class=\"yoast-schema-graph\">{\"@context\":\"https:\/\/schema.org\",\"@graph\":[{\"@type\":\"WebPage\",\"@id\":\"https:\/\/smans.com\/fr\/product\/stripping-machine-unistrip-2015\/\",\"url\":\"https:\/\/smans.com\/fr\/product\/stripping-machine-unistrip-2015\/\",\"name\":\"Stripping Machine UniStrip 2015 - Smans\",\"isPartOf\":{\"@id\":\"https:\/\/smans.com\/nl\/#website\"},\"datePublished\":\"2024-07-23T01:04:39+00:00\",\"dateModified\":\"2026-04-08T10:52:27+00:00\",\"breadcrumb\":{\"@id\":\"https:\/\/smans.com\/fr\/product\/stripping-machine-unistrip-2015\/#breadcrumb\"},\"inLanguage\":\"fr-FR\",\"potentialAction\":[{\"@type\":\"ReadAction\",\"target\":[\"https:\/\/smans.com\/fr\/product\/stripping-machine-unistrip-2015\/\"]}]},{\"@type\":\"BreadcrumbList\",\"@id\":\"https:\/\/smans.com\/fr\/product\/stripping-machine-unistrip-2015\/#breadcrumb\",\"itemListElement\":[{\"@type\":\"ListItem\",\"position\":1,\"name\":\"Home\",\"item\":\"https:\/\/smans.com\/fr\/\"},{\"@type\":\"ListItem\",\"position\":2,\"name\":\"Boutique\",\"item\":\"https:\/\/smans.com\/nl\/shop\/\"},{\"@type\":\"ListItem\",\"position\":3,\"name\":\"Schleuniger - Stripping Machine UniStrip 2015\"}]},{\"@type\":\"WebSite\",\"@id\":\"https:\/\/smans.com\/nl\/#website\",\"url\":\"https:\/\/smans.com\/nl\/\",\"name\":\"Smans\",\"description\":\"\",\"publisher\":{\"@id\":\"https:\/\/smans.com\/nl\/#organization\"},\"potentialAction\":[{\"@type\":\"SearchAction\",\"target\":{\"@type\":\"EntryPoint\",\"urlTemplate\":\"https:\/\/smans.com\/nl\/?s={search_term_string}\"},\"query-input\":{\"@type\":\"PropertyValueSpecification\",\"valueRequired\":true,\"valueName\":\"search_term_string\"}}],\"inLanguage\":\"fr-FR\"},{\"@type\":\"Organization\",\"@id\":\"https:\/\/smans.com\/nl\/#organization\",\"name\":\"Smans\",\"url\":\"https:\/\/smans.com\/nl\/\",\"logo\":{\"@type\":\"ImageObject\",\"inLanguage\":\"fr-FR\",\"@id\":\"https:\/\/smans.com\/nl\/#\/schema\/logo\/image\/\",\"url\":\"https:\/\/smans.com\/wp-content\/uploads\/2023\/09\/logo.svg\",\"contentUrl\":\"https:\/\/smans.com\/wp-content\/uploads\/2023\/09\/logo.svg\",\"caption\":\"Smans\"},\"image\":{\"@id\":\"https:\/\/smans.com\/nl\/#\/schema\/logo\/image\/\"}}]}<\/script>\n<!-- \/ Yoast SEO plugin. -->","yoast_head_json":{"title":"Stripping Machine UniStrip 2015 - Smans","robots":{"index":"index","follow":"follow","max-snippet":"max-snippet:-1","max-image-preview":"max-image-preview:large","max-video-preview":"max-video-preview:-1"},"canonical":"https:\/\/smans.com\/fr\/product\/stripping-machine-unistrip-2015\/","og_locale":"fr_FR","og_type":"article","og_title":"Stripping Machine UniStrip 2015 - Smans","og_description":"Une d\u00e9nudeuse pneumatique avec un syst\u00e8me de lames universel et un temps de cycle de seulement 0,3 seconde. Elle garantit un d\u00e9nudage rapide, pr\u00e9cis et sans dommage des fils jusqu'\u00e0 3,2 mm de diam\u00e8tre.","og_url":"https:\/\/smans.com\/fr\/product\/stripping-machine-unistrip-2015\/","og_site_name":"Smans","article_modified_time":"2026-04-08T10:52:27+00:00","twitter_card":"summary_large_image","twitter_misc":{"Dur\u00e9e de lecture estim\u00e9e":"1 minute"},"schema":{"@context":"https:\/\/schema.org","@graph":[{"@type":"WebPage","@id":"https:\/\/smans.com\/fr\/product\/stripping-machine-unistrip-2015\/","url":"https:\/\/smans.com\/fr\/product\/stripping-machine-unistrip-2015\/","name":"Stripping Machine UniStrip 2015 - Smans","isPartOf":{"@id":"https:\/\/smans.com\/nl\/#website"},"datePublished":"2024-07-23T01:04:39+00:00","dateModified":"2026-04-08T10:52:27+00:00","breadcrumb":{"@id":"https:\/\/smans.com\/fr\/product\/stripping-machine-unistrip-2015\/#breadcrumb"},"inLanguage":"fr-FR","potentialAction":[{"@type":"ReadAction","target":["https:\/\/smans.com\/fr\/product\/stripping-machine-unistrip-2015\/"]}]},{"@type":"BreadcrumbList","@id":"https:\/\/smans.com\/fr\/product\/stripping-machine-unistrip-2015\/#breadcrumb","itemListElement":[{"@type":"ListItem","position":1,"name":"Home","item":"https:\/\/smans.com\/fr\/"},{"@type":"ListItem","position":2,"name":"Boutique","item":"https:\/\/smans.com\/nl\/shop\/"},{"@type":"ListItem","position":3,"name":"Schleuniger - Stripping Machine UniStrip 2015"}]},{"@type":"WebSite","@id":"https:\/\/smans.com\/nl\/#website","url":"https:\/\/smans.com\/nl\/","name":"Smans","description":"","publisher":{"@id":"https:\/\/smans.com\/nl\/#organization"},"potentialAction":[{"@type":"SearchAction","target":{"@type":"EntryPoint","urlTemplate":"https:\/\/smans.com\/nl\/?s={search_term_string}"},"query-input":{"@type":"PropertyValueSpecification","valueRequired":true,"valueName":"search_term_string"}}],"inLanguage":"fr-FR"},{"@type":"Organization","@id":"https:\/\/smans.com\/nl\/#organization","name":"Smans","url":"https:\/\/smans.com\/nl\/","logo":{"@type":"ImageObject","inLanguage":"fr-FR","@id":"https:\/\/smans.com\/nl\/#\/schema\/logo\/image\/","url":"https:\/\/smans.com\/wp-content\/uploads\/2023\/09\/logo.svg","contentUrl":"https:\/\/smans.com\/wp-content\/uploads\/2023\/09\/logo.svg","caption":"Smans"},"image":{"@id":"https:\/\/smans.com\/nl\/#\/schema\/logo\/image\/"}}]}},"brands":[{"id":18298,"name":"Schleuniger","slug":"brand-schleuniger-fr"}],"_links":{"self":[{"href":"https:\/\/smans.com\/fr\/wp-json\/wp\/v2\/product\/26159","targetHints":{"allow":["GET"]}}],"collection":[{"href":"https:\/\/smans.com\/fr\/wp-json\/wp\/v2\/product"}],"about":[{"href":"https:\/\/smans.com\/fr\/wp-json\/wp\/v2\/types\/product"}],"wp:attachment":[{"href":"https:\/\/smans.com\/fr\/wp-json\/wp\/v2\/media?parent=26159"}],"wp:term":[{"taxonomy":"pwb-brand","embeddable":true,"href":"https:\/\/smans.com\/fr\/wp-json\/wp\/v2\/pwb-brand?post=26159"},{"taxonomy":"product_brand","embeddable":true,"href":"https:\/\/smans.com\/fr\/wp-json\/wp\/v2\/product_brand?post=26159"},{"taxonomy":"product_cat","embeddable":true,"href":"https:\/\/smans.com\/fr\/wp-json\/wp\/v2\/product_cat?post=26159"},{"taxonomy":"product_tag","embeddable":true,"href":"https:\/\/smans.com\/fr\/wp-json\/wp\/v2\/product_tag?post=26159"}],"curies":[{"name":"wp","href":"https:\/\/api.w.org\/{rel}","templated":true}]}}