{"id":26161,"date":"2024-07-23T03:04:43","date_gmt":"2024-07-23T01:04:43","guid":{"rendered":"https:\/\/smans.com\/product\/stripping-machine-jacketstrip-8400\/"},"modified":"2026-04-10T13:11:41","modified_gmt":"2026-04-10T11:11:41","slug":"stripping-machine-jacketstrip-8400","status":"publish","type":"product","link":"https:\/\/smans.com\/fr\/product\/stripping-machine-jacketstrip-8400\/","title":{"rendered":"Schleuniger - Stripping Machine JacketStrip 8400"},"content":{"rendered":"<p>La Schleuniger JacketStrip 8400 est con\u00e7ue pour d\u00e9nuder les gaines de c\u00e2bles robustes avec la plus grande pr\u00e9cision. Gr\u00e2ce \u00e0 son syst\u00e8me rotatif \u00e0 4 lames, la machine centre automatiquement le c\u00e2ble et effectue une incision parfaite, sans endommager les conducteurs internes. Le puissant moteur \u00e9lectrique enl\u00e8ve ensuite la gaine enti\u00e8rement ou partiellement, selon le mode s\u00e9lectionn\u00e9.<\/p>\n<p>La JacketStrip 8400 convient aux c\u00e2bles d&rsquo;un <strong>diam\u00e8tre maximal de 26 mm<\/strong> et d&rsquo;une <strong>\u00e9paisseur de gaine maximale de 6 mm<\/strong>, avec une <strong>longueur de d\u00e9nudage r\u00e9glable de 7 \u00e0 200 mm (en option jusqu&rsquo;\u00e0 400 mm).<\/strong><\/p>\n<p>La machine traite sans effort divers mat\u00e9riaux tels que le PVC, le PUR, le caoutchouc, le Teflon\u00ae, le Tefzel\u00ae et le Kapton\u00ae, et offre des vitesses de d\u00e9nudage r\u00e9glables en continu jusqu&rsquo;\u00e0 30 cm\/s.<\/p>\n<p>Le syst\u00e8me de lames universel rend les changements de lames superflus, ce qui augmente la productivit\u00e9 et simplifie la maintenance. Les pinces \u00e0 commande pneumatique maintiennent fermement le c\u00e2ble, tandis que les d\u00e9chets sont automatiquement \u00e9vacu\u00e9s. Un \u00e9cran LCD affiche l&rsquo;\u00e9tat du syst\u00e8me et les outils de diagnostic, ce qui augmente encore la facilit\u00e9 d&rsquo;utilisation et la s\u00e9curit\u00e9 du processus.<\/p>\n","protected":false},"excerpt":{"rendered":"<p>Une d\u00e9nudeuse semi-automatique pour retirer rapidement et avec pr\u00e9cision les gaines ext\u00e9rieures des c\u00e2bles jusqu&rsquo;\u00e0 26 mm de diam\u00e8tre.<\/p>\n","protected":false},"featured_media":0,"template":"","meta":{"_acf_changed":false},"pwb-brand":[18298],"product_brand":[],"product_cat":[17990,17993,18042],"product_tag":[],"class_list":{"0":"post-26161","1":"product","2":"type-product","3":"status-publish","5":"pwb-brand-brand-schleuniger-fr","6":"product_cat-cables-et-cablage-fr","7":"product_cat-couper-denuder-sertissage-fr","8":"product_cat-denudeuses-de-fils-fr","10":"first","11":"instock","12":"taxable","13":"shipping-taxable","14":"product-type-simple"},"acf":[],"yoast_head":"<!-- This site is optimized with the Yoast SEO plugin v27.1.1 - https:\/\/yoast.com\/product\/yoast-seo-wordpress\/ -->\n<title>Stripping Machine JacketStrip 8400 - Smans<\/title>\n<meta name=\"robots\" content=\"index, follow, max-snippet:-1, max-image-preview:large, max-video-preview:-1\" \/>\n<link rel=\"canonical\" href=\"https:\/\/smans.com\/fr\/product\/stripping-machine-jacketstrip-8400\/\" \/>\n<meta property=\"og:locale\" content=\"fr_FR\" \/>\n<meta property=\"og:type\" content=\"article\" \/>\n<meta property=\"og:title\" content=\"Stripping Machine JacketStrip 8400 - Smans\" \/>\n<meta property=\"og:description\" content=\"Une d\u00e9nudeuse semi-automatique pour retirer rapidement et avec pr\u00e9cision les gaines ext\u00e9rieures des c\u00e2bles jusqu&#039;\u00e0 26 mm de diam\u00e8tre.\" \/>\n<meta property=\"og:url\" content=\"https:\/\/smans.com\/fr\/product\/stripping-machine-jacketstrip-8400\/\" \/>\n<meta property=\"og:site_name\" content=\"Smans\" \/>\n<meta property=\"article:modified_time\" content=\"2026-04-10T11:11:41+00:00\" \/>\n<meta name=\"twitter:card\" content=\"summary_large_image\" \/>\n<meta name=\"twitter:label1\" content=\"Dur\u00e9e de lecture estim\u00e9e\" \/>\n\t<meta name=\"twitter:data1\" content=\"1 minute\" \/>\n<script type=\"application\/ld+json\" class=\"yoast-schema-graph\">{\"@context\":\"https:\/\/schema.org\",\"@graph\":[{\"@type\":\"WebPage\",\"@id\":\"https:\/\/smans.com\/fr\/product\/stripping-machine-jacketstrip-8400\/\",\"url\":\"https:\/\/smans.com\/fr\/product\/stripping-machine-jacketstrip-8400\/\",\"name\":\"Stripping Machine JacketStrip 8400 - Smans\",\"isPartOf\":{\"@id\":\"https:\/\/smans.com\/nl\/#website\"},\"datePublished\":\"2024-07-23T01:04:43+00:00\",\"dateModified\":\"2026-04-10T11:11:41+00:00\",\"breadcrumb\":{\"@id\":\"https:\/\/smans.com\/fr\/product\/stripping-machine-jacketstrip-8400\/#breadcrumb\"},\"inLanguage\":\"fr-FR\",\"potentialAction\":[{\"@type\":\"ReadAction\",\"target\":[\"https:\/\/smans.com\/fr\/product\/stripping-machine-jacketstrip-8400\/\"]}]},{\"@type\":\"BreadcrumbList\",\"@id\":\"https:\/\/smans.com\/fr\/product\/stripping-machine-jacketstrip-8400\/#breadcrumb\",\"itemListElement\":[{\"@type\":\"ListItem\",\"position\":1,\"name\":\"Home\",\"item\":\"https:\/\/smans.com\/fr\/\"},{\"@type\":\"ListItem\",\"position\":2,\"name\":\"Boutique\",\"item\":\"https:\/\/smans.com\/nl\/shop\/\"},{\"@type\":\"ListItem\",\"position\":3,\"name\":\"Schleuniger - Stripping Machine JacketStrip 8400\"}]},{\"@type\":\"WebSite\",\"@id\":\"https:\/\/smans.com\/nl\/#website\",\"url\":\"https:\/\/smans.com\/nl\/\",\"name\":\"Smans\",\"description\":\"\",\"publisher\":{\"@id\":\"https:\/\/smans.com\/nl\/#organization\"},\"potentialAction\":[{\"@type\":\"SearchAction\",\"target\":{\"@type\":\"EntryPoint\",\"urlTemplate\":\"https:\/\/smans.com\/nl\/?s={search_term_string}\"},\"query-input\":{\"@type\":\"PropertyValueSpecification\",\"valueRequired\":true,\"valueName\":\"search_term_string\"}}],\"inLanguage\":\"fr-FR\"},{\"@type\":\"Organization\",\"@id\":\"https:\/\/smans.com\/nl\/#organization\",\"name\":\"Smans\",\"url\":\"https:\/\/smans.com\/nl\/\",\"logo\":{\"@type\":\"ImageObject\",\"inLanguage\":\"fr-FR\",\"@id\":\"https:\/\/smans.com\/nl\/#\/schema\/logo\/image\/\",\"url\":\"https:\/\/smans.com\/wp-content\/uploads\/2023\/09\/logo.svg\",\"contentUrl\":\"https:\/\/smans.com\/wp-content\/uploads\/2023\/09\/logo.svg\",\"caption\":\"Smans\"},\"image\":{\"@id\":\"https:\/\/smans.com\/nl\/#\/schema\/logo\/image\/\"}}]}<\/script>\n<!-- \/ Yoast SEO plugin. -->","yoast_head_json":{"title":"Stripping Machine JacketStrip 8400 - Smans","robots":{"index":"index","follow":"follow","max-snippet":"max-snippet:-1","max-image-preview":"max-image-preview:large","max-video-preview":"max-video-preview:-1"},"canonical":"https:\/\/smans.com\/fr\/product\/stripping-machine-jacketstrip-8400\/","og_locale":"fr_FR","og_type":"article","og_title":"Stripping Machine JacketStrip 8400 - Smans","og_description":"Une d\u00e9nudeuse semi-automatique pour retirer rapidement et avec pr\u00e9cision les gaines ext\u00e9rieures des c\u00e2bles jusqu'\u00e0 26 mm de diam\u00e8tre.","og_url":"https:\/\/smans.com\/fr\/product\/stripping-machine-jacketstrip-8400\/","og_site_name":"Smans","article_modified_time":"2026-04-10T11:11:41+00:00","twitter_card":"summary_large_image","twitter_misc":{"Dur\u00e9e de lecture estim\u00e9e":"1 minute"},"schema":{"@context":"https:\/\/schema.org","@graph":[{"@type":"WebPage","@id":"https:\/\/smans.com\/fr\/product\/stripping-machine-jacketstrip-8400\/","url":"https:\/\/smans.com\/fr\/product\/stripping-machine-jacketstrip-8400\/","name":"Stripping Machine JacketStrip 8400 - Smans","isPartOf":{"@id":"https:\/\/smans.com\/nl\/#website"},"datePublished":"2024-07-23T01:04:43+00:00","dateModified":"2026-04-10T11:11:41+00:00","breadcrumb":{"@id":"https:\/\/smans.com\/fr\/product\/stripping-machine-jacketstrip-8400\/#breadcrumb"},"inLanguage":"fr-FR","potentialAction":[{"@type":"ReadAction","target":["https:\/\/smans.com\/fr\/product\/stripping-machine-jacketstrip-8400\/"]}]},{"@type":"BreadcrumbList","@id":"https:\/\/smans.com\/fr\/product\/stripping-machine-jacketstrip-8400\/#breadcrumb","itemListElement":[{"@type":"ListItem","position":1,"name":"Home","item":"https:\/\/smans.com\/fr\/"},{"@type":"ListItem","position":2,"name":"Boutique","item":"https:\/\/smans.com\/nl\/shop\/"},{"@type":"ListItem","position":3,"name":"Schleuniger - Stripping Machine JacketStrip 8400"}]},{"@type":"WebSite","@id":"https:\/\/smans.com\/nl\/#website","url":"https:\/\/smans.com\/nl\/","name":"Smans","description":"","publisher":{"@id":"https:\/\/smans.com\/nl\/#organization"},"potentialAction":[{"@type":"SearchAction","target":{"@type":"EntryPoint","urlTemplate":"https:\/\/smans.com\/nl\/?s={search_term_string}"},"query-input":{"@type":"PropertyValueSpecification","valueRequired":true,"valueName":"search_term_string"}}],"inLanguage":"fr-FR"},{"@type":"Organization","@id":"https:\/\/smans.com\/nl\/#organization","name":"Smans","url":"https:\/\/smans.com\/nl\/","logo":{"@type":"ImageObject","inLanguage":"fr-FR","@id":"https:\/\/smans.com\/nl\/#\/schema\/logo\/image\/","url":"https:\/\/smans.com\/wp-content\/uploads\/2023\/09\/logo.svg","contentUrl":"https:\/\/smans.com\/wp-content\/uploads\/2023\/09\/logo.svg","caption":"Smans"},"image":{"@id":"https:\/\/smans.com\/nl\/#\/schema\/logo\/image\/"}}]}},"brands":[{"id":18298,"name":"Schleuniger","slug":"brand-schleuniger-fr"}],"_links":{"self":[{"href":"https:\/\/smans.com\/fr\/wp-json\/wp\/v2\/product\/26161","targetHints":{"allow":["GET"]}}],"collection":[{"href":"https:\/\/smans.com\/fr\/wp-json\/wp\/v2\/product"}],"about":[{"href":"https:\/\/smans.com\/fr\/wp-json\/wp\/v2\/types\/product"}],"wp:attachment":[{"href":"https:\/\/smans.com\/fr\/wp-json\/wp\/v2\/media?parent=26161"}],"wp:term":[{"taxonomy":"pwb-brand","embeddable":true,"href":"https:\/\/smans.com\/fr\/wp-json\/wp\/v2\/pwb-brand?post=26161"},{"taxonomy":"product_brand","embeddable":true,"href":"https:\/\/smans.com\/fr\/wp-json\/wp\/v2\/product_brand?post=26161"},{"taxonomy":"product_cat","embeddable":true,"href":"https:\/\/smans.com\/fr\/wp-json\/wp\/v2\/product_cat?post=26161"},{"taxonomy":"product_tag","embeddable":true,"href":"https:\/\/smans.com\/fr\/wp-json\/wp\/v2\/product_tag?post=26161"}],"curies":[{"name":"wp","href":"https:\/\/api.w.org\/{rel}","templated":true}]}}