{"id":26162,"date":"2025-02-22T03:53:18","date_gmt":"2025-02-22T02:53:18","guid":{"rendered":"https:\/\/smans.com\/product\/stripping-machine-b240\/"},"modified":"2026-04-10T13:20:01","modified_gmt":"2026-04-10T11:20:01","slug":"stripping-machine-b240","status":"publish","type":"product","link":"https:\/\/smans.com\/fr\/product\/stripping-machine-b240\/","title":{"rendered":"Schleuniger - Stripping Machine B240"},"content":{"rendered":"<p>La Schleuniger Strip Series B240 est une d\u00e9nudeuse rotative polyvalente qui offre une pr\u00e9cision maximale pour le d\u00e9nudage de c\u00e2bles coaxiaux, multiconducteurs, de capteurs et microcoaxiaux.<\/p>\n<p>Avec ses deux lames rotatives, la B240 traite des sections de c\u00e2ble de<strong> 0,013 \u00e0 13 mm\u00b2<\/strong> (AWG 36-6)<strong> et des diam\u00e8tres allant jusqu&rsquo;\u00e0 9 mm<\/strong>, avec une longueur de d\u00e9nudage maximale de 80 mm et une longueur de traction de 40 mm.<\/p>\n<p>La machine est \u00e9quip\u00e9e d&rsquo;un \u00e9cran tactile couleur haute r\u00e9solution de 5 pouces et du logiciel intuitif S.Drive B Series, qui permet de r\u00e9gler rapidement des param\u00e8tres tels que la profondeur de coupe, la force de serrage et le diam\u00e8tre d&rsquo;incision.<\/p>\n<p>Gr\u00e2ce \u00e0 son capteur de d\u00e9clenchement tr\u00e8s sensible, le processus d\u00e9marre automatiquement \u00e0 l&rsquo;entr\u00e9e du c\u00e2ble, ce qui garantit un flux de travail fluide sans ajustements m\u00e9caniques.<\/p>\n<p>La B240 se distingue par sa large compatibilit\u00e9 avec les mat\u00e9riaux \u2013 du PUR et PVC au PTFE, FEP, Teflon\u00ae et gaines textiles \u2013 et son excellente reproductibilit\u00e9. Gr\u00e2ce aux pinces et couteaux universels, il n&rsquo;est pas n\u00e9cessaire de changer de type de c\u00e2ble, ce qui minimise les temps d&rsquo;arr\u00eat.<\/p>\n<p>En option, la machine peut \u00eatre \u00e9quip\u00e9e d&rsquo;un kit d&rsquo;aspiration des r\u00e9sidus de coupe, d&rsquo;une interface d&rsquo;automatisation ou d&rsquo;un kit d&rsquo;options multiconducteurs pour le d\u00e9nudage de la gaine et des conducteurs internes en une seule s\u00e9quence.<\/p>\n<h4>Qu&rsquo;est-ce qui est inclus ?<\/h4>\n<ul>\n<li>Jeu de m\u00e2choires de serrage Standard<\/li>\n<li>Jeu de lames en V HSS<\/li>\n<li>Emballage standard<\/li>\n<\/ul>\n","protected":false},"excerpt":{"rendered":"<p>Une machine \u00e0 d\u00e9nuder rotative programmable pour c\u00e2bles coaxiaux, triaxiaux et multiconducteurs jusqu&rsquo;\u00e0 9 mm de diam\u00e8tre<\/p>\n","protected":false},"featured_media":0,"template":"","meta":{"_acf_changed":false},"pwb-brand":[18298],"product_brand":[],"product_cat":[17990,17993,18042],"product_tag":[],"class_list":{"0":"post-26162","1":"product","2":"type-product","3":"status-publish","5":"pwb-brand-brand-schleuniger-fr","6":"product_cat-cables-et-cablage-fr","7":"product_cat-couper-denuder-sertissage-fr","8":"product_cat-denudeuses-de-fils-fr","10":"first","11":"instock","12":"taxable","13":"shipping-taxable","14":"purchasable","15":"product-type-simple"},"acf":[],"yoast_head":"<!-- This site is optimized with the Yoast SEO plugin v27.1.1 - https:\/\/yoast.com\/product\/yoast-seo-wordpress\/ -->\n<title>Stripping Machine B240 - Smans<\/title>\n<meta name=\"robots\" content=\"index, follow, max-snippet:-1, max-image-preview:large, max-video-preview:-1\" \/>\n<link rel=\"canonical\" href=\"https:\/\/smans.com\/fr\/product\/stripping-machine-b240\/\" \/>\n<meta property=\"og:locale\" content=\"fr_FR\" \/>\n<meta property=\"og:type\" content=\"article\" \/>\n<meta property=\"og:title\" content=\"Stripping Machine B240 - Smans\" \/>\n<meta property=\"og:description\" content=\"Une machine \u00e0 d\u00e9nuder rotative programmable pour c\u00e2bles coaxiaux, triaxiaux et multiconducteurs jusqu&#039;\u00e0 9 mm de diam\u00e8tre\" \/>\n<meta property=\"og:url\" content=\"https:\/\/smans.com\/fr\/product\/stripping-machine-b240\/\" \/>\n<meta property=\"og:site_name\" content=\"Smans\" \/>\n<meta property=\"article:modified_time\" content=\"2026-04-10T11:20:01+00:00\" \/>\n<meta name=\"twitter:card\" content=\"summary_large_image\" \/>\n<meta name=\"twitter:label1\" content=\"Dur\u00e9e de lecture estim\u00e9e\" \/>\n\t<meta name=\"twitter:data1\" content=\"1 minute\" \/>\n<script type=\"application\/ld+json\" class=\"yoast-schema-graph\">{\"@context\":\"https:\/\/schema.org\",\"@graph\":[{\"@type\":\"WebPage\",\"@id\":\"https:\/\/smans.com\/fr\/product\/stripping-machine-b240\/\",\"url\":\"https:\/\/smans.com\/fr\/product\/stripping-machine-b240\/\",\"name\":\"Stripping Machine B240 - Smans\",\"isPartOf\":{\"@id\":\"https:\/\/smans.com\/nl\/#website\"},\"datePublished\":\"2025-02-22T02:53:18+00:00\",\"dateModified\":\"2026-04-10T11:20:01+00:00\",\"breadcrumb\":{\"@id\":\"https:\/\/smans.com\/fr\/product\/stripping-machine-b240\/#breadcrumb\"},\"inLanguage\":\"fr-FR\",\"potentialAction\":[{\"@type\":\"ReadAction\",\"target\":[\"https:\/\/smans.com\/fr\/product\/stripping-machine-b240\/\"]}]},{\"@type\":\"BreadcrumbList\",\"@id\":\"https:\/\/smans.com\/fr\/product\/stripping-machine-b240\/#breadcrumb\",\"itemListElement\":[{\"@type\":\"ListItem\",\"position\":1,\"name\":\"Home\",\"item\":\"https:\/\/smans.com\/fr\/\"},{\"@type\":\"ListItem\",\"position\":2,\"name\":\"Boutique\",\"item\":\"https:\/\/smans.com\/nl\/shop\/\"},{\"@type\":\"ListItem\",\"position\":3,\"name\":\"Schleuniger - Stripping Machine B240\"}]},{\"@type\":\"WebSite\",\"@id\":\"https:\/\/smans.com\/nl\/#website\",\"url\":\"https:\/\/smans.com\/nl\/\",\"name\":\"Smans\",\"description\":\"\",\"publisher\":{\"@id\":\"https:\/\/smans.com\/nl\/#organization\"},\"potentialAction\":[{\"@type\":\"SearchAction\",\"target\":{\"@type\":\"EntryPoint\",\"urlTemplate\":\"https:\/\/smans.com\/nl\/?s={search_term_string}\"},\"query-input\":{\"@type\":\"PropertyValueSpecification\",\"valueRequired\":true,\"valueName\":\"search_term_string\"}}],\"inLanguage\":\"fr-FR\"},{\"@type\":\"Organization\",\"@id\":\"https:\/\/smans.com\/nl\/#organization\",\"name\":\"Smans\",\"url\":\"https:\/\/smans.com\/nl\/\",\"logo\":{\"@type\":\"ImageObject\",\"inLanguage\":\"fr-FR\",\"@id\":\"https:\/\/smans.com\/nl\/#\/schema\/logo\/image\/\",\"url\":\"https:\/\/smans.com\/wp-content\/uploads\/2023\/09\/logo.svg\",\"contentUrl\":\"https:\/\/smans.com\/wp-content\/uploads\/2023\/09\/logo.svg\",\"caption\":\"Smans\"},\"image\":{\"@id\":\"https:\/\/smans.com\/nl\/#\/schema\/logo\/image\/\"}}]}<\/script>\n<!-- \/ Yoast SEO plugin. -->","yoast_head_json":{"title":"Stripping Machine B240 - Smans","robots":{"index":"index","follow":"follow","max-snippet":"max-snippet:-1","max-image-preview":"max-image-preview:large","max-video-preview":"max-video-preview:-1"},"canonical":"https:\/\/smans.com\/fr\/product\/stripping-machine-b240\/","og_locale":"fr_FR","og_type":"article","og_title":"Stripping Machine B240 - Smans","og_description":"Une machine \u00e0 d\u00e9nuder rotative programmable pour c\u00e2bles coaxiaux, triaxiaux et multiconducteurs jusqu'\u00e0 9 mm de diam\u00e8tre","og_url":"https:\/\/smans.com\/fr\/product\/stripping-machine-b240\/","og_site_name":"Smans","article_modified_time":"2026-04-10T11:20:01+00:00","twitter_card":"summary_large_image","twitter_misc":{"Dur\u00e9e de lecture estim\u00e9e":"1 minute"},"schema":{"@context":"https:\/\/schema.org","@graph":[{"@type":"WebPage","@id":"https:\/\/smans.com\/fr\/product\/stripping-machine-b240\/","url":"https:\/\/smans.com\/fr\/product\/stripping-machine-b240\/","name":"Stripping Machine B240 - Smans","isPartOf":{"@id":"https:\/\/smans.com\/nl\/#website"},"datePublished":"2025-02-22T02:53:18+00:00","dateModified":"2026-04-10T11:20:01+00:00","breadcrumb":{"@id":"https:\/\/smans.com\/fr\/product\/stripping-machine-b240\/#breadcrumb"},"inLanguage":"fr-FR","potentialAction":[{"@type":"ReadAction","target":["https:\/\/smans.com\/fr\/product\/stripping-machine-b240\/"]}]},{"@type":"BreadcrumbList","@id":"https:\/\/smans.com\/fr\/product\/stripping-machine-b240\/#breadcrumb","itemListElement":[{"@type":"ListItem","position":1,"name":"Home","item":"https:\/\/smans.com\/fr\/"},{"@type":"ListItem","position":2,"name":"Boutique","item":"https:\/\/smans.com\/nl\/shop\/"},{"@type":"ListItem","position":3,"name":"Schleuniger - Stripping Machine B240"}]},{"@type":"WebSite","@id":"https:\/\/smans.com\/nl\/#website","url":"https:\/\/smans.com\/nl\/","name":"Smans","description":"","publisher":{"@id":"https:\/\/smans.com\/nl\/#organization"},"potentialAction":[{"@type":"SearchAction","target":{"@type":"EntryPoint","urlTemplate":"https:\/\/smans.com\/nl\/?s={search_term_string}"},"query-input":{"@type":"PropertyValueSpecification","valueRequired":true,"valueName":"search_term_string"}}],"inLanguage":"fr-FR"},{"@type":"Organization","@id":"https:\/\/smans.com\/nl\/#organization","name":"Smans","url":"https:\/\/smans.com\/nl\/","logo":{"@type":"ImageObject","inLanguage":"fr-FR","@id":"https:\/\/smans.com\/nl\/#\/schema\/logo\/image\/","url":"https:\/\/smans.com\/wp-content\/uploads\/2023\/09\/logo.svg","contentUrl":"https:\/\/smans.com\/wp-content\/uploads\/2023\/09\/logo.svg","caption":"Smans"},"image":{"@id":"https:\/\/smans.com\/nl\/#\/schema\/logo\/image\/"}}]}},"brands":[{"id":18298,"name":"Schleuniger","slug":"brand-schleuniger-fr"}],"_links":{"self":[{"href":"https:\/\/smans.com\/fr\/wp-json\/wp\/v2\/product\/26162","targetHints":{"allow":["GET"]}}],"collection":[{"href":"https:\/\/smans.com\/fr\/wp-json\/wp\/v2\/product"}],"about":[{"href":"https:\/\/smans.com\/fr\/wp-json\/wp\/v2\/types\/product"}],"wp:attachment":[{"href":"https:\/\/smans.com\/fr\/wp-json\/wp\/v2\/media?parent=26162"}],"wp:term":[{"taxonomy":"pwb-brand","embeddable":true,"href":"https:\/\/smans.com\/fr\/wp-json\/wp\/v2\/pwb-brand?post=26162"},{"taxonomy":"product_brand","embeddable":true,"href":"https:\/\/smans.com\/fr\/wp-json\/wp\/v2\/product_brand?post=26162"},{"taxonomy":"product_cat","embeddable":true,"href":"https:\/\/smans.com\/fr\/wp-json\/wp\/v2\/product_cat?post=26162"},{"taxonomy":"product_tag","embeddable":true,"href":"https:\/\/smans.com\/fr\/wp-json\/wp\/v2\/product_tag?post=26162"}],"curies":[{"name":"wp","href":"https:\/\/api.w.org\/{rel}","templated":true}]}}