{"id":26163,"date":"2024-07-23T03:04:48","date_gmt":"2024-07-23T01:04:48","guid":{"rendered":"https:\/\/smans.com\/product\/stripping-machine-b440\/"},"modified":"2026-04-10T13:11:41","modified_gmt":"2026-04-10T11:11:41","slug":"stripping-machine-b440","status":"publish","type":"product","link":"https:\/\/smans.com\/fr\/product\/stripping-machine-b440\/","title":{"rendered":"Schleuniger - Stripping Machine B440"},"content":{"rendered":"<p>Le Schleuniger B440 est le mod\u00e8le haut de gamme de la s\u00e9rie B. Il a \u00e9t\u00e9 sp\u00e9cialement con\u00e7u pour le d\u00e9nudage de c\u00e2bles coaxiaux et multiconducteurs complexes. Gr\u00e2ce \u00e0 son syst\u00e8me de coupe rotatif \u00e0 trois lames, la machine atteint une pr\u00e9cision de coupe exceptionnelle, m\u00eame avec des mat\u00e9riaux exigeants tels que le Kapton\u00ae, le silicone, le PUR, le PVC, le Teflon\u00ae, le Tefzel\u00ae et les gaines textiles.<\/p>\n<p>Le B440 traite des <strong>sections de c\u00e2ble de 0,05 \u00e0 70 mm\u00b2<\/strong> (AWG 30\u20132\/0) et des <strong>diam\u00e8tres allant jusqu&rsquo;\u00e0 12 mm<\/strong>, avec des longueurs de d\u00e9nudage et de retrait allant jusqu&rsquo;\u00e0 50 mm.<\/p>\n<p>Les lames et le centrage programmables ind\u00e9pendamment garantissent des r\u00e9sultats parfaits, m\u00eame avec des c\u00e2bles multicouches ou des c\u00e2bles coaxiaux \u00e0 blindage tress\u00e9.<\/p>\n<p>Gr\u00e2ce au nouveau logiciel S.Drive B Series et au grand \u00e9cran tactile couleur 7 pouces, la programmation est simple et intuitive. L&rsquo;op\u00e9rateur peut r\u00e9gler directement tous les param\u00e8tres (profondeur de coupe, pression de serrage, force de traction, ouverture de la lame, r\u00e9glages de torsion et diam\u00e8tre d&rsquo;incision) ou les enregistrer dans des s\u00e9quences pour des op\u00e9rations r\u00e9p\u00e9titives.<\/p>\n<p>Gr\u00e2ce \u00e0 des fonctions telles que la reconnaissance du diam\u00e8tre, la d\u00e9tection de l&rsquo;extr\u00e9mit\u00e9 du c\u00e2ble et la r\u00e9traction automatique du c\u00e2ble, la B440 offre une s\u00e9curit\u00e9 maximale du processus. De plus, aucun r\u00e9glage m\u00e9canique n&rsquo;est n\u00e9cessaire lors des changements de c\u00e2ble, ce qui r\u00e9duit au minimum le temps de r\u00e9glage.<\/p>\n<p>La machine peut fonctionner de mani\u00e8re autonome ou \u00eatre int\u00e9gr\u00e9e dans des lignes de production automatis\u00e9es via l&rsquo;interface d&rsquo;automatisation A\/AC (E\/S) en option.<\/p>\n","protected":false},"excerpt":{"rendered":"<p>Machine \u00e0 d\u00e9nuder programmable \u00e9quip\u00e9e de trois lames rotatives, con\u00e7ue pour le d\u00e9nudage pr\u00e9cis de c\u00e2bles coaxiaux, multiconducteurs et monoconducteurs jusqu&rsquo;\u00e0 12 mm de diam\u00e8tre.<\/p>\n","protected":false},"featured_media":0,"template":"","meta":{"_acf_changed":false},"pwb-brand":[18298],"product_brand":[],"product_cat":[17990,17993,18042],"product_tag":[],"class_list":{"0":"post-26163","1":"product","2":"type-product","3":"status-publish","5":"pwb-brand-brand-schleuniger-fr","6":"product_cat-cables-et-cablage-fr","7":"product_cat-couper-denuder-sertissage-fr","8":"product_cat-denudeuses-de-fils-fr","10":"first","11":"instock","12":"taxable","13":"shipping-taxable","14":"product-type-simple"},"acf":[],"yoast_head":"<!-- This site is optimized with the Yoast SEO plugin v27.1.1 - https:\/\/yoast.com\/product\/yoast-seo-wordpress\/ -->\n<title>Stripping Machine B440 - Smans<\/title>\n<meta name=\"robots\" content=\"index, follow, max-snippet:-1, max-image-preview:large, max-video-preview:-1\" \/>\n<link rel=\"canonical\" href=\"https:\/\/smans.com\/fr\/product\/stripping-machine-b440\/\" \/>\n<meta property=\"og:locale\" content=\"fr_FR\" \/>\n<meta property=\"og:type\" content=\"article\" \/>\n<meta property=\"og:title\" content=\"Stripping Machine B440 - Smans\" \/>\n<meta property=\"og:description\" content=\"Machine \u00e0 d\u00e9nuder programmable \u00e9quip\u00e9e de trois lames rotatives, con\u00e7ue pour le d\u00e9nudage pr\u00e9cis de c\u00e2bles coaxiaux, multiconducteurs et monoconducteurs jusqu&#039;\u00e0 12 mm de diam\u00e8tre.\" \/>\n<meta property=\"og:url\" content=\"https:\/\/smans.com\/fr\/product\/stripping-machine-b440\/\" \/>\n<meta property=\"og:site_name\" content=\"Smans\" \/>\n<meta property=\"article:modified_time\" content=\"2026-04-10T11:11:41+00:00\" \/>\n<meta name=\"twitter:card\" content=\"summary_large_image\" \/>\n<meta name=\"twitter:label1\" content=\"Dur\u00e9e de lecture estim\u00e9e\" \/>\n\t<meta name=\"twitter:data1\" content=\"1 minute\" \/>\n<script type=\"application\/ld+json\" class=\"yoast-schema-graph\">{\"@context\":\"https:\/\/schema.org\",\"@graph\":[{\"@type\":\"WebPage\",\"@id\":\"https:\/\/smans.com\/fr\/product\/stripping-machine-b440\/\",\"url\":\"https:\/\/smans.com\/fr\/product\/stripping-machine-b440\/\",\"name\":\"Stripping Machine B440 - Smans\",\"isPartOf\":{\"@id\":\"https:\/\/smans.com\/nl\/#website\"},\"datePublished\":\"2024-07-23T01:04:48+00:00\",\"dateModified\":\"2026-04-10T11:11:41+00:00\",\"breadcrumb\":{\"@id\":\"https:\/\/smans.com\/fr\/product\/stripping-machine-b440\/#breadcrumb\"},\"inLanguage\":\"fr-FR\",\"potentialAction\":[{\"@type\":\"ReadAction\",\"target\":[\"https:\/\/smans.com\/fr\/product\/stripping-machine-b440\/\"]}]},{\"@type\":\"BreadcrumbList\",\"@id\":\"https:\/\/smans.com\/fr\/product\/stripping-machine-b440\/#breadcrumb\",\"itemListElement\":[{\"@type\":\"ListItem\",\"position\":1,\"name\":\"Home\",\"item\":\"https:\/\/smans.com\/fr\/\"},{\"@type\":\"ListItem\",\"position\":2,\"name\":\"Boutique\",\"item\":\"https:\/\/smans.com\/nl\/shop\/\"},{\"@type\":\"ListItem\",\"position\":3,\"name\":\"Schleuniger - Stripping Machine B440\"}]},{\"@type\":\"WebSite\",\"@id\":\"https:\/\/smans.com\/nl\/#website\",\"url\":\"https:\/\/smans.com\/nl\/\",\"name\":\"Smans\",\"description\":\"\",\"publisher\":{\"@id\":\"https:\/\/smans.com\/nl\/#organization\"},\"potentialAction\":[{\"@type\":\"SearchAction\",\"target\":{\"@type\":\"EntryPoint\",\"urlTemplate\":\"https:\/\/smans.com\/nl\/?s={search_term_string}\"},\"query-input\":{\"@type\":\"PropertyValueSpecification\",\"valueRequired\":true,\"valueName\":\"search_term_string\"}}],\"inLanguage\":\"fr-FR\"},{\"@type\":\"Organization\",\"@id\":\"https:\/\/smans.com\/nl\/#organization\",\"name\":\"Smans\",\"url\":\"https:\/\/smans.com\/nl\/\",\"logo\":{\"@type\":\"ImageObject\",\"inLanguage\":\"fr-FR\",\"@id\":\"https:\/\/smans.com\/nl\/#\/schema\/logo\/image\/\",\"url\":\"https:\/\/smans.com\/wp-content\/uploads\/2023\/09\/logo.svg\",\"contentUrl\":\"https:\/\/smans.com\/wp-content\/uploads\/2023\/09\/logo.svg\",\"caption\":\"Smans\"},\"image\":{\"@id\":\"https:\/\/smans.com\/nl\/#\/schema\/logo\/image\/\"}}]}<\/script>\n<!-- \/ Yoast SEO plugin. -->","yoast_head_json":{"title":"Stripping Machine B440 - Smans","robots":{"index":"index","follow":"follow","max-snippet":"max-snippet:-1","max-image-preview":"max-image-preview:large","max-video-preview":"max-video-preview:-1"},"canonical":"https:\/\/smans.com\/fr\/product\/stripping-machine-b440\/","og_locale":"fr_FR","og_type":"article","og_title":"Stripping Machine B440 - Smans","og_description":"Machine \u00e0 d\u00e9nuder programmable \u00e9quip\u00e9e de trois lames rotatives, con\u00e7ue pour le d\u00e9nudage pr\u00e9cis de c\u00e2bles coaxiaux, multiconducteurs et monoconducteurs jusqu'\u00e0 12 mm de diam\u00e8tre.","og_url":"https:\/\/smans.com\/fr\/product\/stripping-machine-b440\/","og_site_name":"Smans","article_modified_time":"2026-04-10T11:11:41+00:00","twitter_card":"summary_large_image","twitter_misc":{"Dur\u00e9e de lecture estim\u00e9e":"1 minute"},"schema":{"@context":"https:\/\/schema.org","@graph":[{"@type":"WebPage","@id":"https:\/\/smans.com\/fr\/product\/stripping-machine-b440\/","url":"https:\/\/smans.com\/fr\/product\/stripping-machine-b440\/","name":"Stripping Machine B440 - Smans","isPartOf":{"@id":"https:\/\/smans.com\/nl\/#website"},"datePublished":"2024-07-23T01:04:48+00:00","dateModified":"2026-04-10T11:11:41+00:00","breadcrumb":{"@id":"https:\/\/smans.com\/fr\/product\/stripping-machine-b440\/#breadcrumb"},"inLanguage":"fr-FR","potentialAction":[{"@type":"ReadAction","target":["https:\/\/smans.com\/fr\/product\/stripping-machine-b440\/"]}]},{"@type":"BreadcrumbList","@id":"https:\/\/smans.com\/fr\/product\/stripping-machine-b440\/#breadcrumb","itemListElement":[{"@type":"ListItem","position":1,"name":"Home","item":"https:\/\/smans.com\/fr\/"},{"@type":"ListItem","position":2,"name":"Boutique","item":"https:\/\/smans.com\/nl\/shop\/"},{"@type":"ListItem","position":3,"name":"Schleuniger - Stripping Machine B440"}]},{"@type":"WebSite","@id":"https:\/\/smans.com\/nl\/#website","url":"https:\/\/smans.com\/nl\/","name":"Smans","description":"","publisher":{"@id":"https:\/\/smans.com\/nl\/#organization"},"potentialAction":[{"@type":"SearchAction","target":{"@type":"EntryPoint","urlTemplate":"https:\/\/smans.com\/nl\/?s={search_term_string}"},"query-input":{"@type":"PropertyValueSpecification","valueRequired":true,"valueName":"search_term_string"}}],"inLanguage":"fr-FR"},{"@type":"Organization","@id":"https:\/\/smans.com\/nl\/#organization","name":"Smans","url":"https:\/\/smans.com\/nl\/","logo":{"@type":"ImageObject","inLanguage":"fr-FR","@id":"https:\/\/smans.com\/nl\/#\/schema\/logo\/image\/","url":"https:\/\/smans.com\/wp-content\/uploads\/2023\/09\/logo.svg","contentUrl":"https:\/\/smans.com\/wp-content\/uploads\/2023\/09\/logo.svg","caption":"Smans"},"image":{"@id":"https:\/\/smans.com\/nl\/#\/schema\/logo\/image\/"}}]}},"brands":[{"id":18298,"name":"Schleuniger","slug":"brand-schleuniger-fr"}],"_links":{"self":[{"href":"https:\/\/smans.com\/fr\/wp-json\/wp\/v2\/product\/26163","targetHints":{"allow":["GET"]}}],"collection":[{"href":"https:\/\/smans.com\/fr\/wp-json\/wp\/v2\/product"}],"about":[{"href":"https:\/\/smans.com\/fr\/wp-json\/wp\/v2\/types\/product"}],"wp:attachment":[{"href":"https:\/\/smans.com\/fr\/wp-json\/wp\/v2\/media?parent=26163"}],"wp:term":[{"taxonomy":"pwb-brand","embeddable":true,"href":"https:\/\/smans.com\/fr\/wp-json\/wp\/v2\/pwb-brand?post=26163"},{"taxonomy":"product_brand","embeddable":true,"href":"https:\/\/smans.com\/fr\/wp-json\/wp\/v2\/product_brand?post=26163"},{"taxonomy":"product_cat","embeddable":true,"href":"https:\/\/smans.com\/fr\/wp-json\/wp\/v2\/product_cat?post=26163"},{"taxonomy":"product_tag","embeddable":true,"href":"https:\/\/smans.com\/fr\/wp-json\/wp\/v2\/product_tag?post=26163"}],"curies":[{"name":"wp","href":"https:\/\/api.w.org\/{rel}","templated":true}]}}