{"id":26164,"date":"2024-07-23T03:04:50","date_gmt":"2024-07-23T01:04:50","guid":{"rendered":"https:\/\/smans.com\/product\/stripping-machine-b540\/"},"modified":"2026-04-08T12:52:28","modified_gmt":"2026-04-08T10:52:28","slug":"stripping-machine-b540","status":"publish","type":"product","link":"https:\/\/smans.com\/fr\/product\/stripping-machine-b540\/","title":{"rendered":"Schleuniger - Stripping Machine B540"},"content":{"rendered":"<p>Le Schleuniger B540 est le mod\u00e8le le plus puissant de la s\u00e9rie Schleuniger B. Il a \u00e9t\u00e9 d\u00e9velopp\u00e9 pour le d\u00e9nudage de pr\u00e9cision de c\u00e2bles coaxiaux de grande taille, de c\u00e2bles multiconducteurs et de c\u00e2bles de capteurs.<\/p>\n<p>Gr\u00e2ce \u00e0 son concept \u00e0 quatre lames avec mouvements de coupe rotatifs, la machine enl\u00e8ve sans difficult\u00e9 m\u00eame les isolations tr\u00e8s fines, tr\u00e8s adh\u00e9rentes ou irr\u00e9guli\u00e8res. Elle traite des c\u00e2bles d&rsquo;un <strong>diam\u00e8tre allant jusqu&rsquo;\u00e0 17 mm<\/strong> et d&rsquo;une <strong>section de 0,75 \u00e0 100 mm\u00b2<\/strong> (AWG 18 \u2013 4\/0) avec une longueur de d\u00e9nudage maximale de 100 mm.<\/p>\n<p>La B540 est particuli\u00e8rement adapt\u00e9e aux mat\u00e9riaux exigeants tels que le Kapton\u00ae, le silicone, le PUR, le PVC, le Teflon\u00ae, le Tefzel\u00ae et les gaines textiles. Chaque couche de c\u00e2ble peut \u00eatre programm\u00e9e s\u00e9par\u00e9ment, y compris la profondeur de coupe, la force de traction, les param\u00e8tres de torsion et la pression de serrage, pour des r\u00e9sultats optimaux avec des constructions de c\u00e2bles multicouches ou blind\u00e9es.<\/p>\n<p>La machine est \u00e9quip\u00e9e du logiciel S.Drive B Series et d&rsquo;un \u00e9cran tactile couleur 7 pouces pour une utilisation rapide et intuitive. Gr\u00e2ce \u00e0 des fonctions telles que la reconnaissance du diam\u00e8tre, la d\u00e9tection de l&rsquo;extr\u00e9mit\u00e9 du c\u00e2ble et la r\u00e9traction automatique, la B540 garantit une s\u00e9curit\u00e9 de processus et une productivit\u00e9 maximales, sans n\u00e9cessiter de r\u00e9glages manuels.<\/p>\n","protected":false},"excerpt":{"rendered":"<p>Une d\u00e9nudeuse rotative programmable puissante pour c\u00e2bles coaxiaux, multiconducteurs et monoconducteurs jusqu&rsquo;\u00e0 17 mm de diam\u00e8tre.<\/p>\n","protected":false},"featured_media":0,"template":"","meta":{"_acf_changed":false},"pwb-brand":[18298],"product_brand":[],"product_cat":[17990,17993,18042],"product_tag":[],"class_list":{"0":"post-26164","1":"product","2":"type-product","3":"status-publish","5":"pwb-brand-brand-schleuniger-fr","6":"product_cat-cables-et-cablage-fr","7":"product_cat-couper-denuder-sertissage-fr","8":"product_cat-denudeuses-de-fils-fr","10":"first","11":"instock","12":"taxable","13":"shipping-taxable","14":"product-type-simple"},"acf":[],"yoast_head":"<!-- This site is optimized with the Yoast SEO plugin v27.1.1 - https:\/\/yoast.com\/product\/yoast-seo-wordpress\/ -->\n<title>Stripping Machine B540 - Smans<\/title>\n<meta name=\"robots\" content=\"index, follow, max-snippet:-1, max-image-preview:large, max-video-preview:-1\" \/>\n<link rel=\"canonical\" href=\"https:\/\/smans.com\/fr\/product\/stripping-machine-b540\/\" \/>\n<meta property=\"og:locale\" content=\"fr_FR\" \/>\n<meta property=\"og:type\" content=\"article\" \/>\n<meta property=\"og:title\" content=\"Stripping Machine B540 - Smans\" \/>\n<meta property=\"og:description\" content=\"Une d\u00e9nudeuse rotative programmable puissante pour c\u00e2bles coaxiaux, multiconducteurs et monoconducteurs jusqu&#039;\u00e0 17 mm de diam\u00e8tre.\" \/>\n<meta property=\"og:url\" content=\"https:\/\/smans.com\/fr\/product\/stripping-machine-b540\/\" \/>\n<meta property=\"og:site_name\" content=\"Smans\" \/>\n<meta property=\"article:modified_time\" content=\"2026-04-08T10:52:28+00:00\" \/>\n<meta name=\"twitter:card\" content=\"summary_large_image\" \/>\n<meta name=\"twitter:label1\" content=\"Dur\u00e9e de lecture estim\u00e9e\" \/>\n\t<meta name=\"twitter:data1\" content=\"1 minute\" \/>\n<script type=\"application\/ld+json\" class=\"yoast-schema-graph\">{\"@context\":\"https:\/\/schema.org\",\"@graph\":[{\"@type\":\"WebPage\",\"@id\":\"https:\/\/smans.com\/fr\/product\/stripping-machine-b540\/\",\"url\":\"https:\/\/smans.com\/fr\/product\/stripping-machine-b540\/\",\"name\":\"Stripping Machine B540 - Smans\",\"isPartOf\":{\"@id\":\"https:\/\/smans.com\/nl\/#website\"},\"datePublished\":\"2024-07-23T01:04:50+00:00\",\"dateModified\":\"2026-04-08T10:52:28+00:00\",\"breadcrumb\":{\"@id\":\"https:\/\/smans.com\/fr\/product\/stripping-machine-b540\/#breadcrumb\"},\"inLanguage\":\"fr-FR\",\"potentialAction\":[{\"@type\":\"ReadAction\",\"target\":[\"https:\/\/smans.com\/fr\/product\/stripping-machine-b540\/\"]}]},{\"@type\":\"BreadcrumbList\",\"@id\":\"https:\/\/smans.com\/fr\/product\/stripping-machine-b540\/#breadcrumb\",\"itemListElement\":[{\"@type\":\"ListItem\",\"position\":1,\"name\":\"Home\",\"item\":\"https:\/\/smans.com\/fr\/\"},{\"@type\":\"ListItem\",\"position\":2,\"name\":\"Boutique\",\"item\":\"https:\/\/smans.com\/nl\/shop\/\"},{\"@type\":\"ListItem\",\"position\":3,\"name\":\"Schleuniger - Stripping Machine B540\"}]},{\"@type\":\"WebSite\",\"@id\":\"https:\/\/smans.com\/nl\/#website\",\"url\":\"https:\/\/smans.com\/nl\/\",\"name\":\"Smans\",\"description\":\"\",\"publisher\":{\"@id\":\"https:\/\/smans.com\/nl\/#organization\"},\"potentialAction\":[{\"@type\":\"SearchAction\",\"target\":{\"@type\":\"EntryPoint\",\"urlTemplate\":\"https:\/\/smans.com\/nl\/?s={search_term_string}\"},\"query-input\":{\"@type\":\"PropertyValueSpecification\",\"valueRequired\":true,\"valueName\":\"search_term_string\"}}],\"inLanguage\":\"fr-FR\"},{\"@type\":\"Organization\",\"@id\":\"https:\/\/smans.com\/nl\/#organization\",\"name\":\"Smans\",\"url\":\"https:\/\/smans.com\/nl\/\",\"logo\":{\"@type\":\"ImageObject\",\"inLanguage\":\"fr-FR\",\"@id\":\"https:\/\/smans.com\/nl\/#\/schema\/logo\/image\/\",\"url\":\"https:\/\/smans.com\/wp-content\/uploads\/2023\/09\/logo.svg\",\"contentUrl\":\"https:\/\/smans.com\/wp-content\/uploads\/2023\/09\/logo.svg\",\"caption\":\"Smans\"},\"image\":{\"@id\":\"https:\/\/smans.com\/nl\/#\/schema\/logo\/image\/\"}}]}<\/script>\n<!-- \/ Yoast SEO plugin. -->","yoast_head_json":{"title":"Stripping Machine B540 - Smans","robots":{"index":"index","follow":"follow","max-snippet":"max-snippet:-1","max-image-preview":"max-image-preview:large","max-video-preview":"max-video-preview:-1"},"canonical":"https:\/\/smans.com\/fr\/product\/stripping-machine-b540\/","og_locale":"fr_FR","og_type":"article","og_title":"Stripping Machine B540 - Smans","og_description":"Une d\u00e9nudeuse rotative programmable puissante pour c\u00e2bles coaxiaux, multiconducteurs et monoconducteurs jusqu'\u00e0 17 mm de diam\u00e8tre.","og_url":"https:\/\/smans.com\/fr\/product\/stripping-machine-b540\/","og_site_name":"Smans","article_modified_time":"2026-04-08T10:52:28+00:00","twitter_card":"summary_large_image","twitter_misc":{"Dur\u00e9e de lecture estim\u00e9e":"1 minute"},"schema":{"@context":"https:\/\/schema.org","@graph":[{"@type":"WebPage","@id":"https:\/\/smans.com\/fr\/product\/stripping-machine-b540\/","url":"https:\/\/smans.com\/fr\/product\/stripping-machine-b540\/","name":"Stripping Machine B540 - Smans","isPartOf":{"@id":"https:\/\/smans.com\/nl\/#website"},"datePublished":"2024-07-23T01:04:50+00:00","dateModified":"2026-04-08T10:52:28+00:00","breadcrumb":{"@id":"https:\/\/smans.com\/fr\/product\/stripping-machine-b540\/#breadcrumb"},"inLanguage":"fr-FR","potentialAction":[{"@type":"ReadAction","target":["https:\/\/smans.com\/fr\/product\/stripping-machine-b540\/"]}]},{"@type":"BreadcrumbList","@id":"https:\/\/smans.com\/fr\/product\/stripping-machine-b540\/#breadcrumb","itemListElement":[{"@type":"ListItem","position":1,"name":"Home","item":"https:\/\/smans.com\/fr\/"},{"@type":"ListItem","position":2,"name":"Boutique","item":"https:\/\/smans.com\/nl\/shop\/"},{"@type":"ListItem","position":3,"name":"Schleuniger - Stripping Machine B540"}]},{"@type":"WebSite","@id":"https:\/\/smans.com\/nl\/#website","url":"https:\/\/smans.com\/nl\/","name":"Smans","description":"","publisher":{"@id":"https:\/\/smans.com\/nl\/#organization"},"potentialAction":[{"@type":"SearchAction","target":{"@type":"EntryPoint","urlTemplate":"https:\/\/smans.com\/nl\/?s={search_term_string}"},"query-input":{"@type":"PropertyValueSpecification","valueRequired":true,"valueName":"search_term_string"}}],"inLanguage":"fr-FR"},{"@type":"Organization","@id":"https:\/\/smans.com\/nl\/#organization","name":"Smans","url":"https:\/\/smans.com\/nl\/","logo":{"@type":"ImageObject","inLanguage":"fr-FR","@id":"https:\/\/smans.com\/nl\/#\/schema\/logo\/image\/","url":"https:\/\/smans.com\/wp-content\/uploads\/2023\/09\/logo.svg","contentUrl":"https:\/\/smans.com\/wp-content\/uploads\/2023\/09\/logo.svg","caption":"Smans"},"image":{"@id":"https:\/\/smans.com\/nl\/#\/schema\/logo\/image\/"}}]}},"brands":[{"id":18298,"name":"Schleuniger","slug":"brand-schleuniger-fr"}],"_links":{"self":[{"href":"https:\/\/smans.com\/fr\/wp-json\/wp\/v2\/product\/26164","targetHints":{"allow":["GET"]}}],"collection":[{"href":"https:\/\/smans.com\/fr\/wp-json\/wp\/v2\/product"}],"about":[{"href":"https:\/\/smans.com\/fr\/wp-json\/wp\/v2\/types\/product"}],"wp:attachment":[{"href":"https:\/\/smans.com\/fr\/wp-json\/wp\/v2\/media?parent=26164"}],"wp:term":[{"taxonomy":"pwb-brand","embeddable":true,"href":"https:\/\/smans.com\/fr\/wp-json\/wp\/v2\/pwb-brand?post=26164"},{"taxonomy":"product_brand","embeddable":true,"href":"https:\/\/smans.com\/fr\/wp-json\/wp\/v2\/product_brand?post=26164"},{"taxonomy":"product_cat","embeddable":true,"href":"https:\/\/smans.com\/fr\/wp-json\/wp\/v2\/product_cat?post=26164"},{"taxonomy":"product_tag","embeddable":true,"href":"https:\/\/smans.com\/fr\/wp-json\/wp\/v2\/product_tag?post=26164"}],"curies":[{"name":"wp","href":"https:\/\/api.w.org\/{rel}","templated":true}]}}