{"id":26165,"date":"2024-07-23T03:04:53","date_gmt":"2024-07-23T01:04:53","guid":{"rendered":"https:\/\/smans.com\/product\/microcoaxial-cable-stripping-machine-coaxstrip-5300-rx\/"},"modified":"2026-04-10T13:11:42","modified_gmt":"2026-04-10T11:11:42","slug":"microcoaxial-cable-stripping-machine-coaxstrip-5300-rx","status":"publish","type":"product","link":"https:\/\/smans.com\/fr\/product\/microcoaxial-cable-stripping-machine-coaxstrip-5300-rx\/","title":{"rendered":"Schleuniger - Microcoaxial Cable Stripping Machine CoaxStrip 5300 RX"},"content":{"rendered":"<p data-start=\"2473\" data-end=\"2781\">La CoaxStrip 5300 RX de Schleuniger est une machine rotative haut de gamme pour le d\u00e9nudage de fils et de c\u00e2bles, sp\u00e9cialement con\u00e7ue pour le traitement des c\u00e2bles microcoaxiaux et \u00e0 conducteurs fins dont le diam\u00e8tre int\u00e9rieur peut atteindre seulement 0,07 mm (42 AWG).<\/p>\n<p data-start=\"2473\" data-end=\"2781\">Gr\u00e2ce \u00e0 son syst\u00e8me unique \u00e0 quatre lames et \u00e0 son centrage universel \u00e0 quatre pinces, la machine atteint une pr\u00e9cision maximale, m\u00eame avec les c\u00e2bles les plus fins.<\/p>\n<p data-start=\"2473\" data-end=\"2781\">La CoaxStrip 5300 RX peut effectuer jusqu&rsquo;\u00e0 neuf \u00e9tapes de d\u00e9nudage programmables, avec un contr\u00f4le total de la profondeur de coupe, de la vitesse de rotation, de la course des lames et de la force de traction. La machine fonctionne sans changement d&rsquo;outils ou de lames et se commande de mani\u00e8re intuitive via un \u00e9cran graphique \u00e0 menu.<\/p>\n<p data-start=\"2473\" data-end=\"2781\">Avec une capacit\u00e9 de production pouvant atteindre 650 pi\u00e8ces par heure, la 5300 RX fournit des r\u00e9sultats reproductibles pour des applications dans l&rsquo;industrie m\u00e9dicale et d&rsquo;autres secteurs de haute technologie o\u00f9 la qualit\u00e9 et la fiabilit\u00e9 sont essentielles.<\/p>\n","protected":false},"excerpt":{"rendered":"<p>Machine \u00e0 d\u00e9nuder les c\u00e2bles microcoaxiaux<\/p>\n","protected":false},"featured_media":0,"template":"","meta":{"_acf_changed":false},"pwb-brand":[18298],"product_brand":[],"product_cat":[17990,17993,18042],"product_tag":[],"class_list":{"0":"post-26165","1":"product","2":"type-product","3":"status-publish","5":"pwb-brand-brand-schleuniger-fr","6":"product_cat-cables-et-cablage-fr","7":"product_cat-couper-denuder-sertissage-fr","8":"product_cat-denudeuses-de-fils-fr","10":"first","11":"instock","12":"taxable","13":"shipping-taxable","14":"product-type-simple"},"acf":[],"yoast_head":"<!-- This site is optimized with the Yoast SEO plugin v27.1.1 - https:\/\/yoast.com\/product\/yoast-seo-wordpress\/ -->\n<title>Microcoaxial Cable Stripping Machine CoaxStrip 5300 RX - Smans<\/title>\n<meta name=\"robots\" content=\"index, follow, max-snippet:-1, max-image-preview:large, max-video-preview:-1\" \/>\n<link rel=\"canonical\" href=\"https:\/\/smans.com\/fr\/product\/microcoaxial-cable-stripping-machine-coaxstrip-5300-rx\/\" \/>\n<meta property=\"og:locale\" content=\"fr_FR\" \/>\n<meta property=\"og:type\" content=\"article\" \/>\n<meta property=\"og:title\" content=\"Microcoaxial Cable Stripping Machine CoaxStrip 5300 RX - Smans\" \/>\n<meta property=\"og:description\" content=\"Machine \u00e0 d\u00e9nuder les c\u00e2bles microcoaxiaux\" \/>\n<meta property=\"og:url\" content=\"https:\/\/smans.com\/fr\/product\/microcoaxial-cable-stripping-machine-coaxstrip-5300-rx\/\" \/>\n<meta property=\"og:site_name\" content=\"Smans\" \/>\n<meta property=\"article:modified_time\" content=\"2026-04-10T11:11:42+00:00\" \/>\n<meta name=\"twitter:card\" content=\"summary_large_image\" \/>\n<meta name=\"twitter:label1\" content=\"Dur\u00e9e de lecture estim\u00e9e\" \/>\n\t<meta name=\"twitter:data1\" content=\"1 minute\" \/>\n<script type=\"application\/ld+json\" class=\"yoast-schema-graph\">{\"@context\":\"https:\/\/schema.org\",\"@graph\":[{\"@type\":\"WebPage\",\"@id\":\"https:\/\/smans.com\/fr\/product\/microcoaxial-cable-stripping-machine-coaxstrip-5300-rx\/\",\"url\":\"https:\/\/smans.com\/fr\/product\/microcoaxial-cable-stripping-machine-coaxstrip-5300-rx\/\",\"name\":\"Microcoaxial Cable Stripping Machine CoaxStrip 5300 RX - Smans\",\"isPartOf\":{\"@id\":\"https:\/\/smans.com\/nl\/#website\"},\"datePublished\":\"2024-07-23T01:04:53+00:00\",\"dateModified\":\"2026-04-10T11:11:42+00:00\",\"breadcrumb\":{\"@id\":\"https:\/\/smans.com\/fr\/product\/microcoaxial-cable-stripping-machine-coaxstrip-5300-rx\/#breadcrumb\"},\"inLanguage\":\"fr-FR\",\"potentialAction\":[{\"@type\":\"ReadAction\",\"target\":[\"https:\/\/smans.com\/fr\/product\/microcoaxial-cable-stripping-machine-coaxstrip-5300-rx\/\"]}]},{\"@type\":\"BreadcrumbList\",\"@id\":\"https:\/\/smans.com\/fr\/product\/microcoaxial-cable-stripping-machine-coaxstrip-5300-rx\/#breadcrumb\",\"itemListElement\":[{\"@type\":\"ListItem\",\"position\":1,\"name\":\"Home\",\"item\":\"https:\/\/smans.com\/fr\/\"},{\"@type\":\"ListItem\",\"position\":2,\"name\":\"Boutique\",\"item\":\"https:\/\/smans.com\/nl\/shop\/\"},{\"@type\":\"ListItem\",\"position\":3,\"name\":\"Schleuniger - Microcoaxial Cable Stripping Machine CoaxStrip 5300 RX\"}]},{\"@type\":\"WebSite\",\"@id\":\"https:\/\/smans.com\/nl\/#website\",\"url\":\"https:\/\/smans.com\/nl\/\",\"name\":\"Smans\",\"description\":\"\",\"publisher\":{\"@id\":\"https:\/\/smans.com\/nl\/#organization\"},\"potentialAction\":[{\"@type\":\"SearchAction\",\"target\":{\"@type\":\"EntryPoint\",\"urlTemplate\":\"https:\/\/smans.com\/nl\/?s={search_term_string}\"},\"query-input\":{\"@type\":\"PropertyValueSpecification\",\"valueRequired\":true,\"valueName\":\"search_term_string\"}}],\"inLanguage\":\"fr-FR\"},{\"@type\":\"Organization\",\"@id\":\"https:\/\/smans.com\/nl\/#organization\",\"name\":\"Smans\",\"url\":\"https:\/\/smans.com\/nl\/\",\"logo\":{\"@type\":\"ImageObject\",\"inLanguage\":\"fr-FR\",\"@id\":\"https:\/\/smans.com\/nl\/#\/schema\/logo\/image\/\",\"url\":\"https:\/\/smans.com\/wp-content\/uploads\/2023\/09\/logo.svg\",\"contentUrl\":\"https:\/\/smans.com\/wp-content\/uploads\/2023\/09\/logo.svg\",\"caption\":\"Smans\"},\"image\":{\"@id\":\"https:\/\/smans.com\/nl\/#\/schema\/logo\/image\/\"}}]}<\/script>\n<!-- \/ Yoast SEO plugin. -->","yoast_head_json":{"title":"Microcoaxial Cable Stripping Machine CoaxStrip 5300 RX - Smans","robots":{"index":"index","follow":"follow","max-snippet":"max-snippet:-1","max-image-preview":"max-image-preview:large","max-video-preview":"max-video-preview:-1"},"canonical":"https:\/\/smans.com\/fr\/product\/microcoaxial-cable-stripping-machine-coaxstrip-5300-rx\/","og_locale":"fr_FR","og_type":"article","og_title":"Microcoaxial Cable Stripping Machine CoaxStrip 5300 RX - Smans","og_description":"Machine \u00e0 d\u00e9nuder les c\u00e2bles microcoaxiaux","og_url":"https:\/\/smans.com\/fr\/product\/microcoaxial-cable-stripping-machine-coaxstrip-5300-rx\/","og_site_name":"Smans","article_modified_time":"2026-04-10T11:11:42+00:00","twitter_card":"summary_large_image","twitter_misc":{"Dur\u00e9e de lecture estim\u00e9e":"1 minute"},"schema":{"@context":"https:\/\/schema.org","@graph":[{"@type":"WebPage","@id":"https:\/\/smans.com\/fr\/product\/microcoaxial-cable-stripping-machine-coaxstrip-5300-rx\/","url":"https:\/\/smans.com\/fr\/product\/microcoaxial-cable-stripping-machine-coaxstrip-5300-rx\/","name":"Microcoaxial Cable Stripping Machine CoaxStrip 5300 RX - Smans","isPartOf":{"@id":"https:\/\/smans.com\/nl\/#website"},"datePublished":"2024-07-23T01:04:53+00:00","dateModified":"2026-04-10T11:11:42+00:00","breadcrumb":{"@id":"https:\/\/smans.com\/fr\/product\/microcoaxial-cable-stripping-machine-coaxstrip-5300-rx\/#breadcrumb"},"inLanguage":"fr-FR","potentialAction":[{"@type":"ReadAction","target":["https:\/\/smans.com\/fr\/product\/microcoaxial-cable-stripping-machine-coaxstrip-5300-rx\/"]}]},{"@type":"BreadcrumbList","@id":"https:\/\/smans.com\/fr\/product\/microcoaxial-cable-stripping-machine-coaxstrip-5300-rx\/#breadcrumb","itemListElement":[{"@type":"ListItem","position":1,"name":"Home","item":"https:\/\/smans.com\/fr\/"},{"@type":"ListItem","position":2,"name":"Boutique","item":"https:\/\/smans.com\/nl\/shop\/"},{"@type":"ListItem","position":3,"name":"Schleuniger - Microcoaxial Cable Stripping Machine CoaxStrip 5300 RX"}]},{"@type":"WebSite","@id":"https:\/\/smans.com\/nl\/#website","url":"https:\/\/smans.com\/nl\/","name":"Smans","description":"","publisher":{"@id":"https:\/\/smans.com\/nl\/#organization"},"potentialAction":[{"@type":"SearchAction","target":{"@type":"EntryPoint","urlTemplate":"https:\/\/smans.com\/nl\/?s={search_term_string}"},"query-input":{"@type":"PropertyValueSpecification","valueRequired":true,"valueName":"search_term_string"}}],"inLanguage":"fr-FR"},{"@type":"Organization","@id":"https:\/\/smans.com\/nl\/#organization","name":"Smans","url":"https:\/\/smans.com\/nl\/","logo":{"@type":"ImageObject","inLanguage":"fr-FR","@id":"https:\/\/smans.com\/nl\/#\/schema\/logo\/image\/","url":"https:\/\/smans.com\/wp-content\/uploads\/2023\/09\/logo.svg","contentUrl":"https:\/\/smans.com\/wp-content\/uploads\/2023\/09\/logo.svg","caption":"Smans"},"image":{"@id":"https:\/\/smans.com\/nl\/#\/schema\/logo\/image\/"}}]}},"brands":[{"id":18298,"name":"Schleuniger","slug":"brand-schleuniger-fr"}],"_links":{"self":[{"href":"https:\/\/smans.com\/fr\/wp-json\/wp\/v2\/product\/26165","targetHints":{"allow":["GET"]}}],"collection":[{"href":"https:\/\/smans.com\/fr\/wp-json\/wp\/v2\/product"}],"about":[{"href":"https:\/\/smans.com\/fr\/wp-json\/wp\/v2\/types\/product"}],"wp:attachment":[{"href":"https:\/\/smans.com\/fr\/wp-json\/wp\/v2\/media?parent=26165"}],"wp:term":[{"taxonomy":"pwb-brand","embeddable":true,"href":"https:\/\/smans.com\/fr\/wp-json\/wp\/v2\/pwb-brand?post=26165"},{"taxonomy":"product_brand","embeddable":true,"href":"https:\/\/smans.com\/fr\/wp-json\/wp\/v2\/product_brand?post=26165"},{"taxonomy":"product_cat","embeddable":true,"href":"https:\/\/smans.com\/fr\/wp-json\/wp\/v2\/product_cat?post=26165"},{"taxonomy":"product_tag","embeddable":true,"href":"https:\/\/smans.com\/fr\/wp-json\/wp\/v2\/product_tag?post=26165"}],"curies":[{"name":"wp","href":"https:\/\/api.w.org\/{rel}","templated":true}]}}