{"id":26166,"date":"2024-07-23T03:04:56","date_gmt":"2024-07-23T01:04:56","guid":{"rendered":"https:\/\/smans.com\/product\/semi-rigid-coaxial-cable-stripping-machine-1050\/"},"modified":"2026-04-10T13:11:42","modified_gmt":"2026-04-10T11:11:42","slug":"semi-rigid-coaxial-cable-stripping-machine-1050","status":"publish","type":"product","link":"https:\/\/smans.com\/fr\/product\/semi-rigid-coaxial-cable-stripping-machine-1050\/","title":{"rendered":"Schleuniger - Semi-Rigid Coaxial Cable Stripping Machine 1050"},"content":{"rendered":"<p>La SemiRigid 1050 de Schleuniger est une machine \u00e0 d\u00e9nuder avanc\u00e9e pour c\u00e2bles coaxiaux semi-rigides, d\u00e9velopp\u00e9e pour les applications n\u00e9cessitant une pr\u00e9cision extr\u00eame. Gr\u00e2ce \u00e0 sa m\u00e9canique optimis\u00e9e bas\u00e9e sur le mod\u00e8le SemiRigid 1000 \u00e9prouv\u00e9 et \u00e0 son \u00e9cran tactile couleur 7 pouces convivial, cette machine offre des performances stables et un fonctionnement intuitif.<\/p>\n<p>La SemiRigid 1050 offre un large \u00e9ventail de possibilit\u00e9s d&rsquo;usinage : du d\u00e9nudage des conducteurs internes et externes \u00e0 la pointe du conducteur interne \u00e0 un angle de 60\u00b0 ou 90\u00b0. Gr\u00e2ce \u00e0 des mod\u00e8les de c\u00e2bles pr\u00e9programm\u00e9s et \u00e0 des assistants de r\u00e9glage avanc\u00e9s, l&rsquo;op\u00e9rateur peut cr\u00e9er, enregistrer et r\u00e9p\u00e9ter rapidement et sans erreur des programmes de c\u00e2bles.<\/p>\n<p>Sa construction robuste, son temps de cycle court (\u00e0 partir de 3 secondes) et ses r\u00e9sultats de coupe reproductibles font du SemiRigid 1050 l&rsquo;outil id\u00e9al pour la production en s\u00e9rie de c\u00e2bles coaxiaux haute fr\u00e9quence dans les domaines de l&rsquo;a\u00e9ronautique, de la d\u00e9fense et des technologies de communication.<\/p>\n","protected":false},"excerpt":{"rendered":"<p>Une machine \u00e0 d\u00e9nuder pour le d\u00e9nudage extr\u00eamement pr\u00e9cis de c\u00e2bles coaxiaux semi-rigides d&rsquo;un diam\u00e8tre compris entre 0,86 et 4,5 mm.<\/p>\n","protected":false},"featured_media":0,"template":"","meta":{"_acf_changed":false},"pwb-brand":[18298],"product_brand":[],"product_cat":[17990,17993,18042],"product_tag":[],"class_list":{"0":"post-26166","1":"product","2":"type-product","3":"status-publish","5":"pwb-brand-brand-schleuniger-fr","6":"product_cat-cables-et-cablage-fr","7":"product_cat-couper-denuder-sertissage-fr","8":"product_cat-denudeuses-de-fils-fr","10":"first","11":"instock","12":"taxable","13":"shipping-taxable","14":"product-type-simple"},"acf":[],"yoast_head":"<!-- This site is optimized with the Yoast SEO plugin v27.1.1 - https:\/\/yoast.com\/product\/yoast-seo-wordpress\/ -->\n<title>Semi-Rigid Coaxial Cable Stripping Machine 1050 - Smans<\/title>\n<meta name=\"robots\" content=\"index, follow, max-snippet:-1, max-image-preview:large, max-video-preview:-1\" \/>\n<link rel=\"canonical\" href=\"https:\/\/smans.com\/fr\/product\/semi-rigid-coaxial-cable-stripping-machine-1050\/\" \/>\n<meta property=\"og:locale\" content=\"fr_FR\" \/>\n<meta property=\"og:type\" content=\"article\" \/>\n<meta property=\"og:title\" content=\"Semi-Rigid Coaxial Cable Stripping Machine 1050 - Smans\" \/>\n<meta property=\"og:description\" content=\"Une machine \u00e0 d\u00e9nuder pour le d\u00e9nudage extr\u00eamement pr\u00e9cis de c\u00e2bles coaxiaux semi-rigides d&#039;un diam\u00e8tre compris entre 0,86 et 4,5 mm.\" \/>\n<meta property=\"og:url\" content=\"https:\/\/smans.com\/fr\/product\/semi-rigid-coaxial-cable-stripping-machine-1050\/\" \/>\n<meta property=\"og:site_name\" content=\"Smans\" \/>\n<meta property=\"article:modified_time\" content=\"2026-04-10T11:11:42+00:00\" \/>\n<meta name=\"twitter:card\" content=\"summary_large_image\" \/>\n<meta name=\"twitter:label1\" content=\"Dur\u00e9e de lecture estim\u00e9e\" \/>\n\t<meta name=\"twitter:data1\" content=\"1 minute\" \/>\n<script type=\"application\/ld+json\" class=\"yoast-schema-graph\">{\"@context\":\"https:\/\/schema.org\",\"@graph\":[{\"@type\":\"WebPage\",\"@id\":\"https:\/\/smans.com\/fr\/product\/semi-rigid-coaxial-cable-stripping-machine-1050\/\",\"url\":\"https:\/\/smans.com\/fr\/product\/semi-rigid-coaxial-cable-stripping-machine-1050\/\",\"name\":\"Semi-Rigid Coaxial Cable Stripping Machine 1050 - Smans\",\"isPartOf\":{\"@id\":\"https:\/\/smans.com\/nl\/#website\"},\"datePublished\":\"2024-07-23T01:04:56+00:00\",\"dateModified\":\"2026-04-10T11:11:42+00:00\",\"breadcrumb\":{\"@id\":\"https:\/\/smans.com\/fr\/product\/semi-rigid-coaxial-cable-stripping-machine-1050\/#breadcrumb\"},\"inLanguage\":\"fr-FR\",\"potentialAction\":[{\"@type\":\"ReadAction\",\"target\":[\"https:\/\/smans.com\/fr\/product\/semi-rigid-coaxial-cable-stripping-machine-1050\/\"]}]},{\"@type\":\"BreadcrumbList\",\"@id\":\"https:\/\/smans.com\/fr\/product\/semi-rigid-coaxial-cable-stripping-machine-1050\/#breadcrumb\",\"itemListElement\":[{\"@type\":\"ListItem\",\"position\":1,\"name\":\"Home\",\"item\":\"https:\/\/smans.com\/fr\/\"},{\"@type\":\"ListItem\",\"position\":2,\"name\":\"Boutique\",\"item\":\"https:\/\/smans.com\/nl\/shop\/\"},{\"@type\":\"ListItem\",\"position\":3,\"name\":\"Schleuniger - Semi-Rigid Coaxial Cable Stripping Machine 1050\"}]},{\"@type\":\"WebSite\",\"@id\":\"https:\/\/smans.com\/nl\/#website\",\"url\":\"https:\/\/smans.com\/nl\/\",\"name\":\"Smans\",\"description\":\"\",\"publisher\":{\"@id\":\"https:\/\/smans.com\/nl\/#organization\"},\"potentialAction\":[{\"@type\":\"SearchAction\",\"target\":{\"@type\":\"EntryPoint\",\"urlTemplate\":\"https:\/\/smans.com\/nl\/?s={search_term_string}\"},\"query-input\":{\"@type\":\"PropertyValueSpecification\",\"valueRequired\":true,\"valueName\":\"search_term_string\"}}],\"inLanguage\":\"fr-FR\"},{\"@type\":\"Organization\",\"@id\":\"https:\/\/smans.com\/nl\/#organization\",\"name\":\"Smans\",\"url\":\"https:\/\/smans.com\/nl\/\",\"logo\":{\"@type\":\"ImageObject\",\"inLanguage\":\"fr-FR\",\"@id\":\"https:\/\/smans.com\/nl\/#\/schema\/logo\/image\/\",\"url\":\"https:\/\/smans.com\/wp-content\/uploads\/2023\/09\/logo.svg\",\"contentUrl\":\"https:\/\/smans.com\/wp-content\/uploads\/2023\/09\/logo.svg\",\"caption\":\"Smans\"},\"image\":{\"@id\":\"https:\/\/smans.com\/nl\/#\/schema\/logo\/image\/\"}}]}<\/script>\n<!-- \/ Yoast SEO plugin. -->","yoast_head_json":{"title":"Semi-Rigid Coaxial Cable Stripping Machine 1050 - Smans","robots":{"index":"index","follow":"follow","max-snippet":"max-snippet:-1","max-image-preview":"max-image-preview:large","max-video-preview":"max-video-preview:-1"},"canonical":"https:\/\/smans.com\/fr\/product\/semi-rigid-coaxial-cable-stripping-machine-1050\/","og_locale":"fr_FR","og_type":"article","og_title":"Semi-Rigid Coaxial Cable Stripping Machine 1050 - Smans","og_description":"Une machine \u00e0 d\u00e9nuder pour le d\u00e9nudage extr\u00eamement pr\u00e9cis de c\u00e2bles coaxiaux semi-rigides d'un diam\u00e8tre compris entre 0,86 et 4,5 mm.","og_url":"https:\/\/smans.com\/fr\/product\/semi-rigid-coaxial-cable-stripping-machine-1050\/","og_site_name":"Smans","article_modified_time":"2026-04-10T11:11:42+00:00","twitter_card":"summary_large_image","twitter_misc":{"Dur\u00e9e de lecture estim\u00e9e":"1 minute"},"schema":{"@context":"https:\/\/schema.org","@graph":[{"@type":"WebPage","@id":"https:\/\/smans.com\/fr\/product\/semi-rigid-coaxial-cable-stripping-machine-1050\/","url":"https:\/\/smans.com\/fr\/product\/semi-rigid-coaxial-cable-stripping-machine-1050\/","name":"Semi-Rigid Coaxial Cable Stripping Machine 1050 - Smans","isPartOf":{"@id":"https:\/\/smans.com\/nl\/#website"},"datePublished":"2024-07-23T01:04:56+00:00","dateModified":"2026-04-10T11:11:42+00:00","breadcrumb":{"@id":"https:\/\/smans.com\/fr\/product\/semi-rigid-coaxial-cable-stripping-machine-1050\/#breadcrumb"},"inLanguage":"fr-FR","potentialAction":[{"@type":"ReadAction","target":["https:\/\/smans.com\/fr\/product\/semi-rigid-coaxial-cable-stripping-machine-1050\/"]}]},{"@type":"BreadcrumbList","@id":"https:\/\/smans.com\/fr\/product\/semi-rigid-coaxial-cable-stripping-machine-1050\/#breadcrumb","itemListElement":[{"@type":"ListItem","position":1,"name":"Home","item":"https:\/\/smans.com\/fr\/"},{"@type":"ListItem","position":2,"name":"Boutique","item":"https:\/\/smans.com\/nl\/shop\/"},{"@type":"ListItem","position":3,"name":"Schleuniger - Semi-Rigid Coaxial Cable Stripping Machine 1050"}]},{"@type":"WebSite","@id":"https:\/\/smans.com\/nl\/#website","url":"https:\/\/smans.com\/nl\/","name":"Smans","description":"","publisher":{"@id":"https:\/\/smans.com\/nl\/#organization"},"potentialAction":[{"@type":"SearchAction","target":{"@type":"EntryPoint","urlTemplate":"https:\/\/smans.com\/nl\/?s={search_term_string}"},"query-input":{"@type":"PropertyValueSpecification","valueRequired":true,"valueName":"search_term_string"}}],"inLanguage":"fr-FR"},{"@type":"Organization","@id":"https:\/\/smans.com\/nl\/#organization","name":"Smans","url":"https:\/\/smans.com\/nl\/","logo":{"@type":"ImageObject","inLanguage":"fr-FR","@id":"https:\/\/smans.com\/nl\/#\/schema\/logo\/image\/","url":"https:\/\/smans.com\/wp-content\/uploads\/2023\/09\/logo.svg","contentUrl":"https:\/\/smans.com\/wp-content\/uploads\/2023\/09\/logo.svg","caption":"Smans"},"image":{"@id":"https:\/\/smans.com\/nl\/#\/schema\/logo\/image\/"}}]}},"brands":[{"id":18298,"name":"Schleuniger","slug":"brand-schleuniger-fr"}],"_links":{"self":[{"href":"https:\/\/smans.com\/fr\/wp-json\/wp\/v2\/product\/26166","targetHints":{"allow":["GET"]}}],"collection":[{"href":"https:\/\/smans.com\/fr\/wp-json\/wp\/v2\/product"}],"about":[{"href":"https:\/\/smans.com\/fr\/wp-json\/wp\/v2\/types\/product"}],"wp:attachment":[{"href":"https:\/\/smans.com\/fr\/wp-json\/wp\/v2\/media?parent=26166"}],"wp:term":[{"taxonomy":"pwb-brand","embeddable":true,"href":"https:\/\/smans.com\/fr\/wp-json\/wp\/v2\/pwb-brand?post=26166"},{"taxonomy":"product_brand","embeddable":true,"href":"https:\/\/smans.com\/fr\/wp-json\/wp\/v2\/product_brand?post=26166"},{"taxonomy":"product_cat","embeddable":true,"href":"https:\/\/smans.com\/fr\/wp-json\/wp\/v2\/product_cat?post=26166"},{"taxonomy":"product_tag","embeddable":true,"href":"https:\/\/smans.com\/fr\/wp-json\/wp\/v2\/product_tag?post=26166"}],"curies":[{"name":"wp","href":"https:\/\/api.w.org\/{rel}","templated":true}]}}