{"id":26167,"date":"2024-07-23T03:04:59","date_gmt":"2024-07-23T01:04:59","guid":{"rendered":"https:\/\/smans.com\/product\/cutting-machine-fiberoptic-7010\/"},"modified":"2026-04-18T13:56:38","modified_gmt":"2026-04-18T11:56:38","slug":"cutting-machine-fiberoptic-7010","status":"publish","type":"product","link":"https:\/\/smans.com\/fr\/product\/cutting-machine-fiberoptic-7010\/","title":{"rendered":"Schleuniger - Cutting Machine FiberOptic 7010"},"content":{"rendered":"<p>Le Schleuniger FiberOptic 7010 est une machine \u00e0 d\u00e9nuder compacte et extr\u00eamement pr\u00e9cise, sp\u00e9cialement con\u00e7ue pour <strong>couper et retirer les renforts en Kevlar des c\u00e2bles \u00e0 fibres optiques<\/strong>. Alors que le Kevlar est difficile \u00e0 travailler avec des outils conventionnels, le syst\u00e8me brevet\u00e9 du FiberOptic 7010 permet une coupe rapide, propre et s\u00fbre sans endommager la structure fibreuse du c\u00e2ble.<\/p>\n<p>La machine aspire automatiquement les fibres de Kevlar dans la t\u00eate de coupe gr\u00e2ce \u00e0 un syst\u00e8me d&rsquo;aspiration int\u00e9gr\u00e9 et les \u00e9limine efficacement \u00e0 l&rsquo;aide d&rsquo;un filtre microporeux, afin qu&rsquo;aucune fibre ne se retrouve dans l&rsquo;environnement de travail. Gr\u00e2ce \u00e0 sa course de coupe \u00e0 entra\u00eenement pneumatique et \u00e0 sa longueur de coupe r\u00e9glable, la FiberOptic 7010 est la solution id\u00e9ale pour un traitement professionnel de la fibre optique avec une qualit\u00e9 constante et une grande s\u00e9curit\u00e9 de processus.<\/p>\n","protected":false},"excerpt":{"rendered":"<p>Machine compacte en Kevlar pour retirer rapidement et en toute s\u00e9curit\u00e9 les fibres de renfort des c\u00e2bles \u00e0 fibres optiques.<\/p>\n","protected":false},"featured_media":0,"template":"","meta":{"_acf_changed":false},"pwb-brand":[18298],"product_brand":[],"product_cat":[17990,17993,18042],"product_tag":[],"class_list":{"0":"post-26167","1":"product","2":"type-product","3":"status-publish","5":"pwb-brand-brand-schleuniger-fr","6":"product_cat-cables-et-cablage-fr","7":"product_cat-couper-denuder-sertissage-fr","8":"product_cat-denudeuses-de-fils-fr","10":"first","11":"instock","12":"taxable","13":"shipping-taxable","14":"purchasable","15":"product-type-simple"},"acf":[],"yoast_head":"<!-- This site is optimized with the Yoast SEO plugin v27.1.1 - https:\/\/yoast.com\/product\/yoast-seo-wordpress\/ -->\n<title>Cutting Machine FiberOptic 7010 - Smans<\/title>\n<meta name=\"robots\" content=\"index, follow, max-snippet:-1, max-image-preview:large, max-video-preview:-1\" \/>\n<link rel=\"canonical\" href=\"https:\/\/smans.com\/fr\/product\/cutting-machine-fiberoptic-7010\/\" \/>\n<meta property=\"og:locale\" content=\"fr_FR\" \/>\n<meta property=\"og:type\" content=\"article\" \/>\n<meta property=\"og:title\" content=\"Cutting Machine FiberOptic 7010 - Smans\" \/>\n<meta property=\"og:description\" content=\"Machine compacte en Kevlar pour retirer rapidement et en toute s\u00e9curit\u00e9 les fibres de renfort des c\u00e2bles \u00e0 fibres optiques.\" \/>\n<meta property=\"og:url\" content=\"https:\/\/smans.com\/fr\/product\/cutting-machine-fiberoptic-7010\/\" \/>\n<meta property=\"og:site_name\" content=\"Smans\" \/>\n<meta property=\"article:modified_time\" content=\"2026-04-18T11:56:38+00:00\" \/>\n<meta name=\"twitter:card\" content=\"summary_large_image\" \/>\n<meta name=\"twitter:label1\" content=\"Dur\u00e9e de lecture estim\u00e9e\" \/>\n\t<meta name=\"twitter:data1\" content=\"1 minute\" \/>\n<script type=\"application\/ld+json\" class=\"yoast-schema-graph\">{\"@context\":\"https:\/\/schema.org\",\"@graph\":[{\"@type\":\"WebPage\",\"@id\":\"https:\/\/smans.com\/fr\/product\/cutting-machine-fiberoptic-7010\/\",\"url\":\"https:\/\/smans.com\/fr\/product\/cutting-machine-fiberoptic-7010\/\",\"name\":\"Cutting Machine FiberOptic 7010 - Smans\",\"isPartOf\":{\"@id\":\"https:\/\/smans.com\/nl\/#website\"},\"datePublished\":\"2024-07-23T01:04:59+00:00\",\"dateModified\":\"2026-04-18T11:56:38+00:00\",\"breadcrumb\":{\"@id\":\"https:\/\/smans.com\/fr\/product\/cutting-machine-fiberoptic-7010\/#breadcrumb\"},\"inLanguage\":\"fr-FR\",\"potentialAction\":[{\"@type\":\"ReadAction\",\"target\":[\"https:\/\/smans.com\/fr\/product\/cutting-machine-fiberoptic-7010\/\"]}]},{\"@type\":\"BreadcrumbList\",\"@id\":\"https:\/\/smans.com\/fr\/product\/cutting-machine-fiberoptic-7010\/#breadcrumb\",\"itemListElement\":[{\"@type\":\"ListItem\",\"position\":1,\"name\":\"Home\",\"item\":\"https:\/\/smans.com\/fr\/\"},{\"@type\":\"ListItem\",\"position\":2,\"name\":\"Boutique\",\"item\":\"https:\/\/smans.com\/nl\/shop\/\"},{\"@type\":\"ListItem\",\"position\":3,\"name\":\"Schleuniger - Cutting Machine FiberOptic 7010\"}]},{\"@type\":\"WebSite\",\"@id\":\"https:\/\/smans.com\/nl\/#website\",\"url\":\"https:\/\/smans.com\/nl\/\",\"name\":\"Smans\",\"description\":\"\",\"publisher\":{\"@id\":\"https:\/\/smans.com\/nl\/#organization\"},\"potentialAction\":[{\"@type\":\"SearchAction\",\"target\":{\"@type\":\"EntryPoint\",\"urlTemplate\":\"https:\/\/smans.com\/nl\/?s={search_term_string}\"},\"query-input\":{\"@type\":\"PropertyValueSpecification\",\"valueRequired\":true,\"valueName\":\"search_term_string\"}}],\"inLanguage\":\"fr-FR\"},{\"@type\":\"Organization\",\"@id\":\"https:\/\/smans.com\/nl\/#organization\",\"name\":\"Smans\",\"url\":\"https:\/\/smans.com\/nl\/\",\"logo\":{\"@type\":\"ImageObject\",\"inLanguage\":\"fr-FR\",\"@id\":\"https:\/\/smans.com\/nl\/#\/schema\/logo\/image\/\",\"url\":\"https:\/\/smans.com\/wp-content\/uploads\/2023\/09\/logo.svg\",\"contentUrl\":\"https:\/\/smans.com\/wp-content\/uploads\/2023\/09\/logo.svg\",\"caption\":\"Smans\"},\"image\":{\"@id\":\"https:\/\/smans.com\/nl\/#\/schema\/logo\/image\/\"}}]}<\/script>\n<!-- \/ Yoast SEO plugin. -->","yoast_head_json":{"title":"Cutting Machine FiberOptic 7010 - Smans","robots":{"index":"index","follow":"follow","max-snippet":"max-snippet:-1","max-image-preview":"max-image-preview:large","max-video-preview":"max-video-preview:-1"},"canonical":"https:\/\/smans.com\/fr\/product\/cutting-machine-fiberoptic-7010\/","og_locale":"fr_FR","og_type":"article","og_title":"Cutting Machine FiberOptic 7010 - Smans","og_description":"Machine compacte en Kevlar pour retirer rapidement et en toute s\u00e9curit\u00e9 les fibres de renfort des c\u00e2bles \u00e0 fibres optiques.","og_url":"https:\/\/smans.com\/fr\/product\/cutting-machine-fiberoptic-7010\/","og_site_name":"Smans","article_modified_time":"2026-04-18T11:56:38+00:00","twitter_card":"summary_large_image","twitter_misc":{"Dur\u00e9e de lecture estim\u00e9e":"1 minute"},"schema":{"@context":"https:\/\/schema.org","@graph":[{"@type":"WebPage","@id":"https:\/\/smans.com\/fr\/product\/cutting-machine-fiberoptic-7010\/","url":"https:\/\/smans.com\/fr\/product\/cutting-machine-fiberoptic-7010\/","name":"Cutting Machine FiberOptic 7010 - Smans","isPartOf":{"@id":"https:\/\/smans.com\/nl\/#website"},"datePublished":"2024-07-23T01:04:59+00:00","dateModified":"2026-04-18T11:56:38+00:00","breadcrumb":{"@id":"https:\/\/smans.com\/fr\/product\/cutting-machine-fiberoptic-7010\/#breadcrumb"},"inLanguage":"fr-FR","potentialAction":[{"@type":"ReadAction","target":["https:\/\/smans.com\/fr\/product\/cutting-machine-fiberoptic-7010\/"]}]},{"@type":"BreadcrumbList","@id":"https:\/\/smans.com\/fr\/product\/cutting-machine-fiberoptic-7010\/#breadcrumb","itemListElement":[{"@type":"ListItem","position":1,"name":"Home","item":"https:\/\/smans.com\/fr\/"},{"@type":"ListItem","position":2,"name":"Boutique","item":"https:\/\/smans.com\/nl\/shop\/"},{"@type":"ListItem","position":3,"name":"Schleuniger - Cutting Machine FiberOptic 7010"}]},{"@type":"WebSite","@id":"https:\/\/smans.com\/nl\/#website","url":"https:\/\/smans.com\/nl\/","name":"Smans","description":"","publisher":{"@id":"https:\/\/smans.com\/nl\/#organization"},"potentialAction":[{"@type":"SearchAction","target":{"@type":"EntryPoint","urlTemplate":"https:\/\/smans.com\/nl\/?s={search_term_string}"},"query-input":{"@type":"PropertyValueSpecification","valueRequired":true,"valueName":"search_term_string"}}],"inLanguage":"fr-FR"},{"@type":"Organization","@id":"https:\/\/smans.com\/nl\/#organization","name":"Smans","url":"https:\/\/smans.com\/nl\/","logo":{"@type":"ImageObject","inLanguage":"fr-FR","@id":"https:\/\/smans.com\/nl\/#\/schema\/logo\/image\/","url":"https:\/\/smans.com\/wp-content\/uploads\/2023\/09\/logo.svg","contentUrl":"https:\/\/smans.com\/wp-content\/uploads\/2023\/09\/logo.svg","caption":"Smans"},"image":{"@id":"https:\/\/smans.com\/nl\/#\/schema\/logo\/image\/"}}]}},"brands":[{"id":18298,"name":"Schleuniger","slug":"brand-schleuniger-fr"}],"_links":{"self":[{"href":"https:\/\/smans.com\/fr\/wp-json\/wp\/v2\/product\/26167","targetHints":{"allow":["GET"]}}],"collection":[{"href":"https:\/\/smans.com\/fr\/wp-json\/wp\/v2\/product"}],"about":[{"href":"https:\/\/smans.com\/fr\/wp-json\/wp\/v2\/types\/product"}],"wp:attachment":[{"href":"https:\/\/smans.com\/fr\/wp-json\/wp\/v2\/media?parent=26167"}],"wp:term":[{"taxonomy":"pwb-brand","embeddable":true,"href":"https:\/\/smans.com\/fr\/wp-json\/wp\/v2\/pwb-brand?post=26167"},{"taxonomy":"product_brand","embeddable":true,"href":"https:\/\/smans.com\/fr\/wp-json\/wp\/v2\/product_brand?post=26167"},{"taxonomy":"product_cat","embeddable":true,"href":"https:\/\/smans.com\/fr\/wp-json\/wp\/v2\/product_cat?post=26167"},{"taxonomy":"product_tag","embeddable":true,"href":"https:\/\/smans.com\/fr\/wp-json\/wp\/v2\/product_tag?post=26167"}],"curies":[{"name":"wp","href":"https:\/\/api.w.org\/{rel}","templated":true}]}}