{"id":26168,"date":"2024-07-23T03:05:01","date_gmt":"2024-07-23T01:05:01","guid":{"rendered":"https:\/\/smans.com\/product\/stripping-machine-fiberstrip-7030\/"},"modified":"2026-04-08T12:52:29","modified_gmt":"2026-04-08T10:52:29","slug":"stripping-machine-fiberstrip-7030","status":"publish","type":"product","link":"https:\/\/smans.com\/fr\/product\/stripping-machine-fiberstrip-7030\/","title":{"rendered":"Schleuniger - Stripping Machine FiberStrip 7030"},"content":{"rendered":"<p data-start=\"2309\" data-end=\"2687\">La Schleuniger FiberStrip 7030 est une machine \u00e0 d\u00e9nuder les fibres compacte et extr\u00eamement pr\u00e9cise, con\u00e7ue pour d\u00e9nuder les fibres individuelles de mani\u00e8re s\u00fbre et reproductible.<\/p>\n<p data-start=\"2309\" data-end=\"2687\">Gr\u00e2ce \u00e0 la conception sp\u00e9ciale de la lame et \u00e0 l&rsquo;aide au centrage int\u00e9gr\u00e9e, tout contact avec la surface du verre est \u00e9vit\u00e9, ce qui emp\u00eache d&rsquo;endommager ou de casser la fibre.<\/p>\n<p data-start=\"2309\" data-end=\"2687\">La machine chauffe le rev\u00eatement \u00e0 une temp\u00e9rature pr\u00e9d\u00e9finie, puis le retire \u00e0 une vitesse constante et r\u00e9glable. La vitesse de d\u00e9nudage, le temps de chauffage et la temp\u00e9rature sont r\u00e9glables, ce qui permet \u00e0 l&rsquo;op\u00e9rateur de contr\u00f4ler au maximum le processus.<\/p>\n<p data-start=\"2309\" data-end=\"2687\">Gr\u00e2ce \u00e0 son poids l\u00e9ger (seulement 0,7 kg) et \u00e0 sa conception robuste, le FiberStrip 7030 peut \u00eatre utilis\u00e9 aussi bien en environnement de production que sur le terrain. Il compl\u00e8te parfaitement les \u00e9quipements de clivage et d&rsquo;\u00e9pissure pour les connexions en fibre optique standard et haute r\u00e9sistance.<\/p>\n","protected":false},"excerpt":{"rendered":"<p>Machine semi-automatique de d\u00e9nudage de fibres optiques pour retirer avec pr\u00e9cision les rev\u00eatements et les tampons des fibres individuelles, sans toucher la fibre optique \u2013 id\u00e9ale pour les applications de clivage et d&rsquo;\u00e9pissure.<\/p>\n","protected":false},"featured_media":0,"template":"","meta":{"_acf_changed":false},"pwb-brand":[18298],"product_brand":[],"product_cat":[17990,17993,18042],"product_tag":[],"class_list":{"0":"post-26168","1":"product","2":"type-product","3":"status-publish","5":"pwb-brand-brand-schleuniger-fr","6":"product_cat-cables-et-cablage-fr","7":"product_cat-couper-denuder-sertissage-fr","8":"product_cat-denudeuses-de-fils-fr","10":"first","11":"instock","12":"taxable","13":"shipping-taxable","14":"product-type-simple"},"acf":[],"yoast_head":"<!-- This site is optimized with the Yoast SEO plugin v27.1.1 - https:\/\/yoast.com\/product\/yoast-seo-wordpress\/ -->\n<title>Stripping Machine FiberStrip 7030 - Smans<\/title>\n<meta name=\"robots\" content=\"index, follow, max-snippet:-1, max-image-preview:large, max-video-preview:-1\" \/>\n<link rel=\"canonical\" href=\"https:\/\/smans.com\/fr\/product\/stripping-machine-fiberstrip-7030\/\" \/>\n<meta property=\"og:locale\" content=\"fr_FR\" \/>\n<meta property=\"og:type\" content=\"article\" \/>\n<meta property=\"og:title\" content=\"Stripping Machine FiberStrip 7030 - Smans\" \/>\n<meta property=\"og:description\" content=\"Machine semi-automatique de d\u00e9nudage de fibres optiques pour retirer avec pr\u00e9cision les rev\u00eatements et les tampons des fibres individuelles, sans toucher la fibre optique \u2013 id\u00e9ale pour les applications de clivage et d&#039;\u00e9pissure.\" \/>\n<meta property=\"og:url\" content=\"https:\/\/smans.com\/fr\/product\/stripping-machine-fiberstrip-7030\/\" \/>\n<meta property=\"og:site_name\" content=\"Smans\" \/>\n<meta property=\"article:modified_time\" content=\"2026-04-08T10:52:29+00:00\" \/>\n<meta name=\"twitter:card\" content=\"summary_large_image\" \/>\n<meta name=\"twitter:label1\" content=\"Dur\u00e9e de lecture estim\u00e9e\" \/>\n\t<meta name=\"twitter:data1\" content=\"1 minute\" \/>\n<script type=\"application\/ld+json\" class=\"yoast-schema-graph\">{\"@context\":\"https:\/\/schema.org\",\"@graph\":[{\"@type\":\"WebPage\",\"@id\":\"https:\/\/smans.com\/fr\/product\/stripping-machine-fiberstrip-7030\/\",\"url\":\"https:\/\/smans.com\/fr\/product\/stripping-machine-fiberstrip-7030\/\",\"name\":\"Stripping Machine FiberStrip 7030 - Smans\",\"isPartOf\":{\"@id\":\"https:\/\/smans.com\/nl\/#website\"},\"datePublished\":\"2024-07-23T01:05:01+00:00\",\"dateModified\":\"2026-04-08T10:52:29+00:00\",\"breadcrumb\":{\"@id\":\"https:\/\/smans.com\/fr\/product\/stripping-machine-fiberstrip-7030\/#breadcrumb\"},\"inLanguage\":\"fr-FR\",\"potentialAction\":[{\"@type\":\"ReadAction\",\"target\":[\"https:\/\/smans.com\/fr\/product\/stripping-machine-fiberstrip-7030\/\"]}]},{\"@type\":\"BreadcrumbList\",\"@id\":\"https:\/\/smans.com\/fr\/product\/stripping-machine-fiberstrip-7030\/#breadcrumb\",\"itemListElement\":[{\"@type\":\"ListItem\",\"position\":1,\"name\":\"Home\",\"item\":\"https:\/\/smans.com\/fr\/\"},{\"@type\":\"ListItem\",\"position\":2,\"name\":\"Boutique\",\"item\":\"https:\/\/smans.com\/nl\/shop\/\"},{\"@type\":\"ListItem\",\"position\":3,\"name\":\"Schleuniger - Stripping Machine FiberStrip 7030\"}]},{\"@type\":\"WebSite\",\"@id\":\"https:\/\/smans.com\/nl\/#website\",\"url\":\"https:\/\/smans.com\/nl\/\",\"name\":\"Smans\",\"description\":\"\",\"publisher\":{\"@id\":\"https:\/\/smans.com\/nl\/#organization\"},\"potentialAction\":[{\"@type\":\"SearchAction\",\"target\":{\"@type\":\"EntryPoint\",\"urlTemplate\":\"https:\/\/smans.com\/nl\/?s={search_term_string}\"},\"query-input\":{\"@type\":\"PropertyValueSpecification\",\"valueRequired\":true,\"valueName\":\"search_term_string\"}}],\"inLanguage\":\"fr-FR\"},{\"@type\":\"Organization\",\"@id\":\"https:\/\/smans.com\/nl\/#organization\",\"name\":\"Smans\",\"url\":\"https:\/\/smans.com\/nl\/\",\"logo\":{\"@type\":\"ImageObject\",\"inLanguage\":\"fr-FR\",\"@id\":\"https:\/\/smans.com\/nl\/#\/schema\/logo\/image\/\",\"url\":\"https:\/\/smans.com\/wp-content\/uploads\/2023\/09\/logo.svg\",\"contentUrl\":\"https:\/\/smans.com\/wp-content\/uploads\/2023\/09\/logo.svg\",\"caption\":\"Smans\"},\"image\":{\"@id\":\"https:\/\/smans.com\/nl\/#\/schema\/logo\/image\/\"}}]}<\/script>\n<!-- \/ Yoast SEO plugin. -->","yoast_head_json":{"title":"Stripping Machine FiberStrip 7030 - Smans","robots":{"index":"index","follow":"follow","max-snippet":"max-snippet:-1","max-image-preview":"max-image-preview:large","max-video-preview":"max-video-preview:-1"},"canonical":"https:\/\/smans.com\/fr\/product\/stripping-machine-fiberstrip-7030\/","og_locale":"fr_FR","og_type":"article","og_title":"Stripping Machine FiberStrip 7030 - Smans","og_description":"Machine semi-automatique de d\u00e9nudage de fibres optiques pour retirer avec pr\u00e9cision les rev\u00eatements et les tampons des fibres individuelles, sans toucher la fibre optique \u2013 id\u00e9ale pour les applications de clivage et d'\u00e9pissure.","og_url":"https:\/\/smans.com\/fr\/product\/stripping-machine-fiberstrip-7030\/","og_site_name":"Smans","article_modified_time":"2026-04-08T10:52:29+00:00","twitter_card":"summary_large_image","twitter_misc":{"Dur\u00e9e de lecture estim\u00e9e":"1 minute"},"schema":{"@context":"https:\/\/schema.org","@graph":[{"@type":"WebPage","@id":"https:\/\/smans.com\/fr\/product\/stripping-machine-fiberstrip-7030\/","url":"https:\/\/smans.com\/fr\/product\/stripping-machine-fiberstrip-7030\/","name":"Stripping Machine FiberStrip 7030 - Smans","isPartOf":{"@id":"https:\/\/smans.com\/nl\/#website"},"datePublished":"2024-07-23T01:05:01+00:00","dateModified":"2026-04-08T10:52:29+00:00","breadcrumb":{"@id":"https:\/\/smans.com\/fr\/product\/stripping-machine-fiberstrip-7030\/#breadcrumb"},"inLanguage":"fr-FR","potentialAction":[{"@type":"ReadAction","target":["https:\/\/smans.com\/fr\/product\/stripping-machine-fiberstrip-7030\/"]}]},{"@type":"BreadcrumbList","@id":"https:\/\/smans.com\/fr\/product\/stripping-machine-fiberstrip-7030\/#breadcrumb","itemListElement":[{"@type":"ListItem","position":1,"name":"Home","item":"https:\/\/smans.com\/fr\/"},{"@type":"ListItem","position":2,"name":"Boutique","item":"https:\/\/smans.com\/nl\/shop\/"},{"@type":"ListItem","position":3,"name":"Schleuniger - Stripping Machine FiberStrip 7030"}]},{"@type":"WebSite","@id":"https:\/\/smans.com\/nl\/#website","url":"https:\/\/smans.com\/nl\/","name":"Smans","description":"","publisher":{"@id":"https:\/\/smans.com\/nl\/#organization"},"potentialAction":[{"@type":"SearchAction","target":{"@type":"EntryPoint","urlTemplate":"https:\/\/smans.com\/nl\/?s={search_term_string}"},"query-input":{"@type":"PropertyValueSpecification","valueRequired":true,"valueName":"search_term_string"}}],"inLanguage":"fr-FR"},{"@type":"Organization","@id":"https:\/\/smans.com\/nl\/#organization","name":"Smans","url":"https:\/\/smans.com\/nl\/","logo":{"@type":"ImageObject","inLanguage":"fr-FR","@id":"https:\/\/smans.com\/nl\/#\/schema\/logo\/image\/","url":"https:\/\/smans.com\/wp-content\/uploads\/2023\/09\/logo.svg","contentUrl":"https:\/\/smans.com\/wp-content\/uploads\/2023\/09\/logo.svg","caption":"Smans"},"image":{"@id":"https:\/\/smans.com\/nl\/#\/schema\/logo\/image\/"}}]}},"brands":[{"id":18298,"name":"Schleuniger","slug":"brand-schleuniger-fr"}],"_links":{"self":[{"href":"https:\/\/smans.com\/fr\/wp-json\/wp\/v2\/product\/26168","targetHints":{"allow":["GET"]}}],"collection":[{"href":"https:\/\/smans.com\/fr\/wp-json\/wp\/v2\/product"}],"about":[{"href":"https:\/\/smans.com\/fr\/wp-json\/wp\/v2\/types\/product"}],"wp:attachment":[{"href":"https:\/\/smans.com\/fr\/wp-json\/wp\/v2\/media?parent=26168"}],"wp:term":[{"taxonomy":"pwb-brand","embeddable":true,"href":"https:\/\/smans.com\/fr\/wp-json\/wp\/v2\/pwb-brand?post=26168"},{"taxonomy":"product_brand","embeddable":true,"href":"https:\/\/smans.com\/fr\/wp-json\/wp\/v2\/product_brand?post=26168"},{"taxonomy":"product_cat","embeddable":true,"href":"https:\/\/smans.com\/fr\/wp-json\/wp\/v2\/product_cat?post=26168"},{"taxonomy":"product_tag","embeddable":true,"href":"https:\/\/smans.com\/fr\/wp-json\/wp\/v2\/product_tag?post=26168"}],"curies":[{"name":"wp","href":"https:\/\/api.w.org\/{rel}","templated":true}]}}