{"id":26170,"date":"2024-07-23T03:05:05","date_gmt":"2024-07-23T01:05:05","guid":{"rendered":"https:\/\/smans.com\/product\/crimping-machine-unicrimp-208\/"},"modified":"2026-04-08T12:52:30","modified_gmt":"2026-04-08T10:52:30","slug":"crimping-machine-unicrimp-208","status":"publish","type":"product","link":"https:\/\/smans.com\/fr\/product\/crimping-machine-unicrimp-208\/","title":{"rendered":"Schleuniger - Crimping Machine UniCrimp 208"},"content":{"rendered":"<p data-start=\"0\" data-end=\"310\">Le UniCrimp 208 combine la qualit\u00e9 \u00e9prouv\u00e9e des presses \u00e0 sertir Schleuniger avec un design moderne et convivial. Avec une force de sertissage de 33 kN (3,3 tonnes), il connecte de mani\u00e8re fiable les bornes \u00e0 alimentation arri\u00e8re et lat\u00e9rale aux conducteurs avec une grande pr\u00e9cision et rapidit\u00e9.<\/p>\n<p data-start=\"312\" data-end=\"348\"><strong data-start=\"312\" data-end=\"346\">Caract\u00e9ristiques principales :<\/strong><\/p>\n<ul data-start=\"349\" data-end=\"1007\">\n<li data-start=\"349\" data-end=\"452\"><strong data-start=\"351\" data-end=\"380\">Fonctionnement intuitif :<\/strong> Un \u00e9cran tactile clair de 7\u201d garantit une commande simple et directe.<\/li>\n<li data-start=\"453\" data-end=\"579\"><strong data-start=\"455\" data-end=\"482\">Performance puissante :<\/strong> Fournit une force de sertissage de 33 kN (3,3 tonnes) pour des r\u00e9sultats constants et fiables.<\/li>\n<li data-start=\"580\" data-end=\"749\"><strong data-start=\"582\" data-end=\"616\">Syst\u00e8me de changement rapide :<\/strong> Prend en charge tous les outils d&rsquo;application \u00e0 alimentation arri\u00e8re et lat\u00e9rale pour des changements d&rsquo;outils rapides et faciles.<\/li>\n<li data-start=\"750\" data-end=\"856\"><strong data-start=\"752\" data-end=\"776\">Design ergonomique :<\/strong> Simplifie l&rsquo;insertion des c\u00e2bles pour une plus grande facilit\u00e9 d&rsquo;utilisation.<\/li>\n<li data-start=\"857\" data-end=\"1007\"><strong data-start=\"859\" data-end=\"891\">Contr\u00f4le qualit\u00e9 en option :<\/strong> Le syst\u00e8me de surveillance de la force de sertissage ACO 08 enti\u00e8rement int\u00e9gr\u00e9 am\u00e9liore le contr\u00f4le de la qualit\u00e9.<\/li>\n<\/ul>\n<p data-start=\"1009\" data-end=\"1239\">Le UniCrimp 208 est compatible avec tous les outils de sertissage m\u00e9caniques ou pneumatiques universels courants et les mat\u00e9riaux de bornes correspondants, ce qui en fait une solution polyvalente pour divers besoins de sertissage<\/p>\n","protected":false},"excerpt":{"rendered":"<p>Machine de sertissage<\/p>\n","protected":false},"featured_media":0,"template":"","meta":{"_acf_changed":false},"pwb-brand":[18298],"product_brand":[],"product_cat":[17990,17993,18034],"product_tag":[],"class_list":{"0":"post-26170","1":"product","2":"type-product","3":"status-publish","5":"pwb-brand-brand-schleuniger-fr","6":"product_cat-cables-et-cablage-fr","7":"product_cat-couper-denuder-sertissage-fr","8":"product_cat-wire-crimping-machines-fr","10":"first","11":"instock","12":"taxable","13":"shipping-taxable","14":"product-type-simple"},"acf":[],"yoast_head":"<!-- This site is optimized with the Yoast SEO plugin v27.1.1 - https:\/\/yoast.com\/product\/yoast-seo-wordpress\/ -->\n<title>Crimping Machine UniCrimp 208 - Smans<\/title>\n<meta name=\"robots\" content=\"index, follow, max-snippet:-1, max-image-preview:large, max-video-preview:-1\" \/>\n<link rel=\"canonical\" href=\"https:\/\/smans.com\/fr\/product\/crimping-machine-unicrimp-208\/\" \/>\n<meta property=\"og:locale\" content=\"fr_FR\" \/>\n<meta property=\"og:type\" content=\"article\" \/>\n<meta property=\"og:title\" content=\"Crimping Machine UniCrimp 208 - Smans\" \/>\n<meta property=\"og:description\" content=\"Machine de sertissage\" \/>\n<meta property=\"og:url\" content=\"https:\/\/smans.com\/fr\/product\/crimping-machine-unicrimp-208\/\" \/>\n<meta property=\"og:site_name\" content=\"Smans\" \/>\n<meta property=\"article:modified_time\" content=\"2026-04-08T10:52:30+00:00\" \/>\n<meta name=\"twitter:card\" content=\"summary_large_image\" \/>\n<meta name=\"twitter:label1\" content=\"Dur\u00e9e de lecture estim\u00e9e\" \/>\n\t<meta name=\"twitter:data1\" content=\"1 minute\" \/>\n<script type=\"application\/ld+json\" class=\"yoast-schema-graph\">{\"@context\":\"https:\/\/schema.org\",\"@graph\":[{\"@type\":\"WebPage\",\"@id\":\"https:\/\/smans.com\/fr\/product\/crimping-machine-unicrimp-208\/\",\"url\":\"https:\/\/smans.com\/fr\/product\/crimping-machine-unicrimp-208\/\",\"name\":\"Crimping Machine UniCrimp 208 - Smans\",\"isPartOf\":{\"@id\":\"https:\/\/smans.com\/nl\/#website\"},\"datePublished\":\"2024-07-23T01:05:05+00:00\",\"dateModified\":\"2026-04-08T10:52:30+00:00\",\"breadcrumb\":{\"@id\":\"https:\/\/smans.com\/fr\/product\/crimping-machine-unicrimp-208\/#breadcrumb\"},\"inLanguage\":\"fr-FR\",\"potentialAction\":[{\"@type\":\"ReadAction\",\"target\":[\"https:\/\/smans.com\/fr\/product\/crimping-machine-unicrimp-208\/\"]}]},{\"@type\":\"BreadcrumbList\",\"@id\":\"https:\/\/smans.com\/fr\/product\/crimping-machine-unicrimp-208\/#breadcrumb\",\"itemListElement\":[{\"@type\":\"ListItem\",\"position\":1,\"name\":\"Home\",\"item\":\"https:\/\/smans.com\/fr\/\"},{\"@type\":\"ListItem\",\"position\":2,\"name\":\"Boutique\",\"item\":\"https:\/\/smans.com\/nl\/shop\/\"},{\"@type\":\"ListItem\",\"position\":3,\"name\":\"Schleuniger - Crimping Machine UniCrimp 208\"}]},{\"@type\":\"WebSite\",\"@id\":\"https:\/\/smans.com\/nl\/#website\",\"url\":\"https:\/\/smans.com\/nl\/\",\"name\":\"Smans\",\"description\":\"\",\"publisher\":{\"@id\":\"https:\/\/smans.com\/nl\/#organization\"},\"potentialAction\":[{\"@type\":\"SearchAction\",\"target\":{\"@type\":\"EntryPoint\",\"urlTemplate\":\"https:\/\/smans.com\/nl\/?s={search_term_string}\"},\"query-input\":{\"@type\":\"PropertyValueSpecification\",\"valueRequired\":true,\"valueName\":\"search_term_string\"}}],\"inLanguage\":\"fr-FR\"},{\"@type\":\"Organization\",\"@id\":\"https:\/\/smans.com\/nl\/#organization\",\"name\":\"Smans\",\"url\":\"https:\/\/smans.com\/nl\/\",\"logo\":{\"@type\":\"ImageObject\",\"inLanguage\":\"fr-FR\",\"@id\":\"https:\/\/smans.com\/nl\/#\/schema\/logo\/image\/\",\"url\":\"https:\/\/smans.com\/wp-content\/uploads\/2023\/09\/logo.svg\",\"contentUrl\":\"https:\/\/smans.com\/wp-content\/uploads\/2023\/09\/logo.svg\",\"caption\":\"Smans\"},\"image\":{\"@id\":\"https:\/\/smans.com\/nl\/#\/schema\/logo\/image\/\"}}]}<\/script>\n<!-- \/ Yoast SEO plugin. -->","yoast_head_json":{"title":"Crimping Machine UniCrimp 208 - Smans","robots":{"index":"index","follow":"follow","max-snippet":"max-snippet:-1","max-image-preview":"max-image-preview:large","max-video-preview":"max-video-preview:-1"},"canonical":"https:\/\/smans.com\/fr\/product\/crimping-machine-unicrimp-208\/","og_locale":"fr_FR","og_type":"article","og_title":"Crimping Machine UniCrimp 208 - Smans","og_description":"Machine de sertissage","og_url":"https:\/\/smans.com\/fr\/product\/crimping-machine-unicrimp-208\/","og_site_name":"Smans","article_modified_time":"2026-04-08T10:52:30+00:00","twitter_card":"summary_large_image","twitter_misc":{"Dur\u00e9e de lecture estim\u00e9e":"1 minute"},"schema":{"@context":"https:\/\/schema.org","@graph":[{"@type":"WebPage","@id":"https:\/\/smans.com\/fr\/product\/crimping-machine-unicrimp-208\/","url":"https:\/\/smans.com\/fr\/product\/crimping-machine-unicrimp-208\/","name":"Crimping Machine UniCrimp 208 - Smans","isPartOf":{"@id":"https:\/\/smans.com\/nl\/#website"},"datePublished":"2024-07-23T01:05:05+00:00","dateModified":"2026-04-08T10:52:30+00:00","breadcrumb":{"@id":"https:\/\/smans.com\/fr\/product\/crimping-machine-unicrimp-208\/#breadcrumb"},"inLanguage":"fr-FR","potentialAction":[{"@type":"ReadAction","target":["https:\/\/smans.com\/fr\/product\/crimping-machine-unicrimp-208\/"]}]},{"@type":"BreadcrumbList","@id":"https:\/\/smans.com\/fr\/product\/crimping-machine-unicrimp-208\/#breadcrumb","itemListElement":[{"@type":"ListItem","position":1,"name":"Home","item":"https:\/\/smans.com\/fr\/"},{"@type":"ListItem","position":2,"name":"Boutique","item":"https:\/\/smans.com\/nl\/shop\/"},{"@type":"ListItem","position":3,"name":"Schleuniger - Crimping Machine UniCrimp 208"}]},{"@type":"WebSite","@id":"https:\/\/smans.com\/nl\/#website","url":"https:\/\/smans.com\/nl\/","name":"Smans","description":"","publisher":{"@id":"https:\/\/smans.com\/nl\/#organization"},"potentialAction":[{"@type":"SearchAction","target":{"@type":"EntryPoint","urlTemplate":"https:\/\/smans.com\/nl\/?s={search_term_string}"},"query-input":{"@type":"PropertyValueSpecification","valueRequired":true,"valueName":"search_term_string"}}],"inLanguage":"fr-FR"},{"@type":"Organization","@id":"https:\/\/smans.com\/nl\/#organization","name":"Smans","url":"https:\/\/smans.com\/nl\/","logo":{"@type":"ImageObject","inLanguage":"fr-FR","@id":"https:\/\/smans.com\/nl\/#\/schema\/logo\/image\/","url":"https:\/\/smans.com\/wp-content\/uploads\/2023\/09\/logo.svg","contentUrl":"https:\/\/smans.com\/wp-content\/uploads\/2023\/09\/logo.svg","caption":"Smans"},"image":{"@id":"https:\/\/smans.com\/nl\/#\/schema\/logo\/image\/"}}]}},"brands":[{"id":18298,"name":"Schleuniger","slug":"brand-schleuniger-fr"}],"_links":{"self":[{"href":"https:\/\/smans.com\/fr\/wp-json\/wp\/v2\/product\/26170","targetHints":{"allow":["GET"]}}],"collection":[{"href":"https:\/\/smans.com\/fr\/wp-json\/wp\/v2\/product"}],"about":[{"href":"https:\/\/smans.com\/fr\/wp-json\/wp\/v2\/types\/product"}],"wp:attachment":[{"href":"https:\/\/smans.com\/fr\/wp-json\/wp\/v2\/media?parent=26170"}],"wp:term":[{"taxonomy":"pwb-brand","embeddable":true,"href":"https:\/\/smans.com\/fr\/wp-json\/wp\/v2\/pwb-brand?post=26170"},{"taxonomy":"product_brand","embeddable":true,"href":"https:\/\/smans.com\/fr\/wp-json\/wp\/v2\/product_brand?post=26170"},{"taxonomy":"product_cat","embeddable":true,"href":"https:\/\/smans.com\/fr\/wp-json\/wp\/v2\/product_cat?post=26170"},{"taxonomy":"product_tag","embeddable":true,"href":"https:\/\/smans.com\/fr\/wp-json\/wp\/v2\/product_tag?post=26170"}],"curies":[{"name":"wp","href":"https:\/\/api.w.org\/{rel}","templated":true}]}}