{"id":26171,"date":"2024-07-23T03:05:06","date_gmt":"2024-07-23T01:05:06","guid":{"rendered":"https:\/\/smans.com\/product\/stripping-and-crimping-machine-stripcrimp-208\/"},"modified":"2026-04-10T13:11:43","modified_gmt":"2026-04-10T11:11:43","slug":"stripping-and-crimping-machine-stripcrimp-208","status":"publish","type":"product","link":"https:\/\/smans.com\/fr\/product\/stripping-and-crimping-machine-stripcrimp-208\/","title":{"rendered":"Schleuniger - Stripping and Crimping Machine StripCrimp 208"},"content":{"rendered":"<p>Le StripCrimp 208 est flexible, fiable et facile \u00e0 utiliser. Elle combine les processus de travail standard du traitement des c\u00e2bles en une seule machine. Les courtes longueurs de d\u00e9nudage de 22 mm (0,86\u00ab ) &#8211; et m\u00eame jusqu&rsquo;\u00e0 10 mm (0,39 \u00bb) \u00e0 l&rsquo;aide d&rsquo;outils sp\u00e9ciaux &#8211; permettent de traiter les applications de capteurs. Elle impressionne par sa productivit\u00e9 \u00e9lev\u00e9e et sa qualit\u00e9 de traitement uniforme.<\/p>\n<p>Cela fait de cette machine \u00e0 d\u00e9nuder et \u00e0 sertir un outil polyvalent pour de nombreuses applications et industries.<\/p>\n<ul>\n<li>\u00c9cran tactile 7 \u00bb bien agenc\u00e9 pour une utilisation rapide et facile<\/li>\n<li>Courtes longueurs de d\u00e9nudage de 22 mm (0.86&Prime;) pour les c\u00e2bles multiconducteurs<\/li>\n<li>Syst\u00e8me de changement rapide pour tous les outils d&rsquo;application standard \u00e0 alimentation arri\u00e8re et lat\u00e9rale<\/li>\n<li>Le serre-c\u00e2ble ergonomique facilite l&rsquo;insertion du c\u00e2ble<\/li>\n<li>Contr\u00f4le de la force de sertissage en option<\/li>\n<li>Coupeur de pi\u00e8ces rejet\u00e9es en option avec contr\u00f4le de la force de sertissage<\/li>\n<\/ul>\n","protected":false},"excerpt":{"rendered":"<p>Machine \u00e0 d\u00e9nuder et \u00e0 sertir<\/p>\n","protected":false},"featured_media":0,"template":"","meta":{"_acf_changed":false},"pwb-brand":[18298],"product_brand":[],"product_cat":[17990,17993,18036],"product_tag":[],"class_list":{"0":"post-26171","1":"product","2":"type-product","3":"status-publish","5":"pwb-brand-brand-schleuniger-fr","6":"product_cat-cables-et-cablage-fr","7":"product_cat-couper-denuder-sertissage-fr","8":"product_cat-strip-crimp-fr","10":"first","11":"instock","12":"taxable","13":"shipping-taxable","14":"product-type-simple"},"acf":[],"yoast_head":"<!-- This site is optimized with the Yoast SEO plugin v27.1.1 - https:\/\/yoast.com\/product\/yoast-seo-wordpress\/ -->\n<title>Stripping and Crimping Machine StripCrimp 208 - Smans<\/title>\n<meta name=\"robots\" content=\"index, follow, max-snippet:-1, max-image-preview:large, max-video-preview:-1\" \/>\n<link rel=\"canonical\" href=\"https:\/\/smans.com\/fr\/product\/stripping-and-crimping-machine-stripcrimp-208\/\" \/>\n<meta property=\"og:locale\" content=\"fr_FR\" \/>\n<meta property=\"og:type\" content=\"article\" \/>\n<meta property=\"og:title\" content=\"Stripping and Crimping Machine StripCrimp 208 - Smans\" \/>\n<meta property=\"og:description\" content=\"Machine \u00e0 d\u00e9nuder et \u00e0 sertir\" \/>\n<meta property=\"og:url\" content=\"https:\/\/smans.com\/fr\/product\/stripping-and-crimping-machine-stripcrimp-208\/\" \/>\n<meta property=\"og:site_name\" content=\"Smans\" \/>\n<meta property=\"article:modified_time\" content=\"2026-04-10T11:11:43+00:00\" \/>\n<meta name=\"twitter:card\" content=\"summary_large_image\" \/>\n<meta name=\"twitter:label1\" content=\"Dur\u00e9e de lecture estim\u00e9e\" \/>\n\t<meta name=\"twitter:data1\" content=\"1 minute\" \/>\n<script type=\"application\/ld+json\" class=\"yoast-schema-graph\">{\"@context\":\"https:\/\/schema.org\",\"@graph\":[{\"@type\":\"WebPage\",\"@id\":\"https:\/\/smans.com\/fr\/product\/stripping-and-crimping-machine-stripcrimp-208\/\",\"url\":\"https:\/\/smans.com\/fr\/product\/stripping-and-crimping-machine-stripcrimp-208\/\",\"name\":\"Stripping and Crimping Machine StripCrimp 208 - Smans\",\"isPartOf\":{\"@id\":\"https:\/\/smans.com\/nl\/#website\"},\"datePublished\":\"2024-07-23T01:05:06+00:00\",\"dateModified\":\"2026-04-10T11:11:43+00:00\",\"breadcrumb\":{\"@id\":\"https:\/\/smans.com\/fr\/product\/stripping-and-crimping-machine-stripcrimp-208\/#breadcrumb\"},\"inLanguage\":\"fr-FR\",\"potentialAction\":[{\"@type\":\"ReadAction\",\"target\":[\"https:\/\/smans.com\/fr\/product\/stripping-and-crimping-machine-stripcrimp-208\/\"]}]},{\"@type\":\"BreadcrumbList\",\"@id\":\"https:\/\/smans.com\/fr\/product\/stripping-and-crimping-machine-stripcrimp-208\/#breadcrumb\",\"itemListElement\":[{\"@type\":\"ListItem\",\"position\":1,\"name\":\"Home\",\"item\":\"https:\/\/smans.com\/fr\/\"},{\"@type\":\"ListItem\",\"position\":2,\"name\":\"Boutique\",\"item\":\"https:\/\/smans.com\/nl\/shop\/\"},{\"@type\":\"ListItem\",\"position\":3,\"name\":\"Schleuniger - Stripping and Crimping Machine StripCrimp 208\"}]},{\"@type\":\"WebSite\",\"@id\":\"https:\/\/smans.com\/nl\/#website\",\"url\":\"https:\/\/smans.com\/nl\/\",\"name\":\"Smans\",\"description\":\"\",\"publisher\":{\"@id\":\"https:\/\/smans.com\/nl\/#organization\"},\"potentialAction\":[{\"@type\":\"SearchAction\",\"target\":{\"@type\":\"EntryPoint\",\"urlTemplate\":\"https:\/\/smans.com\/nl\/?s={search_term_string}\"},\"query-input\":{\"@type\":\"PropertyValueSpecification\",\"valueRequired\":true,\"valueName\":\"search_term_string\"}}],\"inLanguage\":\"fr-FR\"},{\"@type\":\"Organization\",\"@id\":\"https:\/\/smans.com\/nl\/#organization\",\"name\":\"Smans\",\"url\":\"https:\/\/smans.com\/nl\/\",\"logo\":{\"@type\":\"ImageObject\",\"inLanguage\":\"fr-FR\",\"@id\":\"https:\/\/smans.com\/nl\/#\/schema\/logo\/image\/\",\"url\":\"https:\/\/smans.com\/wp-content\/uploads\/2023\/09\/logo.svg\",\"contentUrl\":\"https:\/\/smans.com\/wp-content\/uploads\/2023\/09\/logo.svg\",\"caption\":\"Smans\"},\"image\":{\"@id\":\"https:\/\/smans.com\/nl\/#\/schema\/logo\/image\/\"}}]}<\/script>\n<!-- \/ Yoast SEO plugin. -->","yoast_head_json":{"title":"Stripping and Crimping Machine StripCrimp 208 - Smans","robots":{"index":"index","follow":"follow","max-snippet":"max-snippet:-1","max-image-preview":"max-image-preview:large","max-video-preview":"max-video-preview:-1"},"canonical":"https:\/\/smans.com\/fr\/product\/stripping-and-crimping-machine-stripcrimp-208\/","og_locale":"fr_FR","og_type":"article","og_title":"Stripping and Crimping Machine StripCrimp 208 - Smans","og_description":"Machine \u00e0 d\u00e9nuder et \u00e0 sertir","og_url":"https:\/\/smans.com\/fr\/product\/stripping-and-crimping-machine-stripcrimp-208\/","og_site_name":"Smans","article_modified_time":"2026-04-10T11:11:43+00:00","twitter_card":"summary_large_image","twitter_misc":{"Dur\u00e9e de lecture estim\u00e9e":"1 minute"},"schema":{"@context":"https:\/\/schema.org","@graph":[{"@type":"WebPage","@id":"https:\/\/smans.com\/fr\/product\/stripping-and-crimping-machine-stripcrimp-208\/","url":"https:\/\/smans.com\/fr\/product\/stripping-and-crimping-machine-stripcrimp-208\/","name":"Stripping and Crimping Machine StripCrimp 208 - Smans","isPartOf":{"@id":"https:\/\/smans.com\/nl\/#website"},"datePublished":"2024-07-23T01:05:06+00:00","dateModified":"2026-04-10T11:11:43+00:00","breadcrumb":{"@id":"https:\/\/smans.com\/fr\/product\/stripping-and-crimping-machine-stripcrimp-208\/#breadcrumb"},"inLanguage":"fr-FR","potentialAction":[{"@type":"ReadAction","target":["https:\/\/smans.com\/fr\/product\/stripping-and-crimping-machine-stripcrimp-208\/"]}]},{"@type":"BreadcrumbList","@id":"https:\/\/smans.com\/fr\/product\/stripping-and-crimping-machine-stripcrimp-208\/#breadcrumb","itemListElement":[{"@type":"ListItem","position":1,"name":"Home","item":"https:\/\/smans.com\/fr\/"},{"@type":"ListItem","position":2,"name":"Boutique","item":"https:\/\/smans.com\/nl\/shop\/"},{"@type":"ListItem","position":3,"name":"Schleuniger - Stripping and Crimping Machine StripCrimp 208"}]},{"@type":"WebSite","@id":"https:\/\/smans.com\/nl\/#website","url":"https:\/\/smans.com\/nl\/","name":"Smans","description":"","publisher":{"@id":"https:\/\/smans.com\/nl\/#organization"},"potentialAction":[{"@type":"SearchAction","target":{"@type":"EntryPoint","urlTemplate":"https:\/\/smans.com\/nl\/?s={search_term_string}"},"query-input":{"@type":"PropertyValueSpecification","valueRequired":true,"valueName":"search_term_string"}}],"inLanguage":"fr-FR"},{"@type":"Organization","@id":"https:\/\/smans.com\/nl\/#organization","name":"Smans","url":"https:\/\/smans.com\/nl\/","logo":{"@type":"ImageObject","inLanguage":"fr-FR","@id":"https:\/\/smans.com\/nl\/#\/schema\/logo\/image\/","url":"https:\/\/smans.com\/wp-content\/uploads\/2023\/09\/logo.svg","contentUrl":"https:\/\/smans.com\/wp-content\/uploads\/2023\/09\/logo.svg","caption":"Smans"},"image":{"@id":"https:\/\/smans.com\/nl\/#\/schema\/logo\/image\/"}}]}},"brands":[{"id":18298,"name":"Schleuniger","slug":"brand-schleuniger-fr"}],"_links":{"self":[{"href":"https:\/\/smans.com\/fr\/wp-json\/wp\/v2\/product\/26171","targetHints":{"allow":["GET"]}}],"collection":[{"href":"https:\/\/smans.com\/fr\/wp-json\/wp\/v2\/product"}],"about":[{"href":"https:\/\/smans.com\/fr\/wp-json\/wp\/v2\/types\/product"}],"wp:attachment":[{"href":"https:\/\/smans.com\/fr\/wp-json\/wp\/v2\/media?parent=26171"}],"wp:term":[{"taxonomy":"pwb-brand","embeddable":true,"href":"https:\/\/smans.com\/fr\/wp-json\/wp\/v2\/pwb-brand?post=26171"},{"taxonomy":"product_brand","embeddable":true,"href":"https:\/\/smans.com\/fr\/wp-json\/wp\/v2\/product_brand?post=26171"},{"taxonomy":"product_cat","embeddable":true,"href":"https:\/\/smans.com\/fr\/wp-json\/wp\/v2\/product_cat?post=26171"},{"taxonomy":"product_tag","embeddable":true,"href":"https:\/\/smans.com\/fr\/wp-json\/wp\/v2\/product_tag?post=26171"}],"curies":[{"name":"wp","href":"https:\/\/api.w.org\/{rel}","templated":true}]}}