{"id":26173,"date":"2024-07-23T03:05:10","date_gmt":"2024-07-23T01:05:10","guid":{"rendered":"https:\/\/smans.com\/product\/cut-and-strip-machine-e300\/"},"modified":"2026-04-11T12:33:17","modified_gmt":"2026-04-11T10:33:17","slug":"cut-and-strip-machine-e300","status":"publish","type":"product","link":"https:\/\/smans.com\/fr\/product\/cut-and-strip-machine-e300\/","title":{"rendered":"Schleuniger - Cut &amp; strip machine E300"},"content":{"rendered":"<h3>Performances exceptionnelles et polyvalence<\/h3>\n<p>La machine de coupe et de d\u00e9nudage E300 se distingue par ses performances \u00e9lev\u00e9es, sa facilit\u00e9 d&rsquo;utilisation et sa fiabilit\u00e9 exceptionnelle. Elle traite les fils, les tubes, les c\u00e2bles rubans et multiconducteurs, ainsi que les mat\u00e9riaux d&rsquo;isolation tels que le PVC, le PUR et le T\u00e9flon avec une grande pr\u00e9cision.<\/p>\n<h3>Large \u00e9ventail d&rsquo;applications<\/h3>\n<p>Cette machine est adapt\u00e9e \u00e0 diverses applications, notamment :<\/p>\n<ul>\n<li>Le d\u00e9nudage de la gaine ext\u00e9rieure en plusieurs \u00e9tapes.<\/li>\n<li>Le d\u00e9nudage complet et partiel, y compris aux deux extr\u00e9mit\u00e9s.<\/li>\n<\/ul>\n<p>La E300 prend en charge des sections de conducteur de 0,05 \u00e0 10 mm\u00b2 (36 \u00e0 8 AWG) et des diam\u00e8tres de c\u00e2ble de 0,3 \u00e0 8,0 mm (0,012\u201d \u00e0 0,31\u201d). Sa compatibilit\u00e9 avec divers mat\u00e9riaux de bande et le kit pour petites pi\u00e8ces inclus offrent une grande vari\u00e9t\u00e9 d&rsquo;utilisations.<\/p>\n<h3>Compatibilit\u00e9 avec les mod\u00e8les pr\u00e9c\u00e9dents<\/h3>\n<p>Les lames et les guides du mod\u00e8le pr\u00e9c\u00e9dent, l\u2019EcoStrip 9380, sont enti\u00e8rement compatibles avec la E300.<\/p>\n<h3>Unit\u00e9 d&rsquo;alimentation programmable<\/h3>\n<p>La E300 est \u00e9quip\u00e9e d&rsquo;une pression de contact programmable sur l&rsquo;unit\u00e9 d&rsquo;alimentation, permettant des ajustements pr\u00e9cis et cibl\u00e9s. La machine comprend \u00e9galement une unit\u00e9 d&rsquo;alimentation innovante \u00e0 changement rapide deux-en-un, compatible avec les entra\u00eenements \u00e0 rouleaux. De plus, le kit pour petites pi\u00e8ces fourni permet de traiter efficacement les c\u00e2bles courts.<\/p>\n<p>Le passage de l&rsquo;unit\u00e9 d&rsquo;alimentation standard au kit pour petites pi\u00e8ces est pris en charge par le logiciel. Par ailleurs, l&rsquo;axe de pr\u00e9hension programmable garantit un transport de c\u00e2ble pr\u00e9cis et stable.<\/p>\n<h3>Logiciel intuitif S.Drive<\/h3>\n<p>La E300 est dot\u00e9e du logiciel intuitif S.Drive, qui facilite la cr\u00e9ation de t\u00e2ches et de programmes d\u2019articles. Les param\u00e8tres standard pr\u00e9d\u00e9finis et v\u00e9rifi\u00e9s acc\u00e9l\u00e8rent le processus de configuration et am\u00e9liorent la productivit\u00e9 globale.<\/p>\n","protected":false},"excerpt":{"rendered":"<p>Machine \u00e0 couper et \u00e0 d\u00e9nuder<\/p>\n","protected":false},"featured_media":0,"template":"","meta":{"_acf_changed":false},"pwb-brand":[18298],"product_brand":[],"product_cat":[17990,17993,18039],"product_tag":[],"class_list":{"0":"post-26173","1":"product","2":"type-product","3":"status-publish","5":"pwb-brand-brand-schleuniger-fr","6":"product_cat-cables-et-cablage-fr","7":"product_cat-couper-denuder-sertissage-fr","8":"product_cat-cut-strip-fr","10":"first","11":"instock","12":"taxable","13":"shipping-taxable","14":"product-type-simple"},"acf":[],"yoast_head":"<!-- This site is optimized with the Yoast SEO plugin v27.1.1 - https:\/\/yoast.com\/product\/yoast-seo-wordpress\/ -->\n<title>Cut &amp; strip machine E300 - Smans<\/title>\n<meta name=\"robots\" content=\"index, follow, max-snippet:-1, max-image-preview:large, max-video-preview:-1\" \/>\n<link rel=\"canonical\" href=\"https:\/\/smans.com\/fr\/product\/cut-and-strip-machine-e300\/\" \/>\n<meta property=\"og:locale\" content=\"fr_FR\" \/>\n<meta property=\"og:type\" content=\"article\" \/>\n<meta property=\"og:title\" content=\"Cut &amp; strip machine E300 - Smans\" \/>\n<meta property=\"og:description\" content=\"Machine \u00e0 couper et \u00e0 d\u00e9nuder\" \/>\n<meta property=\"og:url\" content=\"https:\/\/smans.com\/fr\/product\/cut-and-strip-machine-e300\/\" \/>\n<meta property=\"og:site_name\" content=\"Smans\" \/>\n<meta property=\"article:modified_time\" content=\"2026-04-11T10:33:17+00:00\" \/>\n<meta name=\"twitter:card\" content=\"summary_large_image\" \/>\n<meta name=\"twitter:label1\" content=\"Dur\u00e9e de lecture estim\u00e9e\" \/>\n\t<meta name=\"twitter:data1\" content=\"2 minutes\" \/>\n<script type=\"application\/ld+json\" class=\"yoast-schema-graph\">{\"@context\":\"https:\/\/schema.org\",\"@graph\":[{\"@type\":\"WebPage\",\"@id\":\"https:\/\/smans.com\/fr\/product\/cut-and-strip-machine-e300\/\",\"url\":\"https:\/\/smans.com\/fr\/product\/cut-and-strip-machine-e300\/\",\"name\":\"Cut &amp; strip machine E300 - Smans\",\"isPartOf\":{\"@id\":\"https:\/\/smans.com\/nl\/#website\"},\"datePublished\":\"2024-07-23T01:05:10+00:00\",\"dateModified\":\"2026-04-11T10:33:17+00:00\",\"breadcrumb\":{\"@id\":\"https:\/\/smans.com\/fr\/product\/cut-and-strip-machine-e300\/#breadcrumb\"},\"inLanguage\":\"fr-FR\",\"potentialAction\":[{\"@type\":\"ReadAction\",\"target\":[\"https:\/\/smans.com\/fr\/product\/cut-and-strip-machine-e300\/\"]}]},{\"@type\":\"BreadcrumbList\",\"@id\":\"https:\/\/smans.com\/fr\/product\/cut-and-strip-machine-e300\/#breadcrumb\",\"itemListElement\":[{\"@type\":\"ListItem\",\"position\":1,\"name\":\"Home\",\"item\":\"https:\/\/smans.com\/fr\/\"},{\"@type\":\"ListItem\",\"position\":2,\"name\":\"Boutique\",\"item\":\"https:\/\/smans.com\/nl\/shop\/\"},{\"@type\":\"ListItem\",\"position\":3,\"name\":\"Schleuniger - Cut &amp; strip machine E300\"}]},{\"@type\":\"WebSite\",\"@id\":\"https:\/\/smans.com\/nl\/#website\",\"url\":\"https:\/\/smans.com\/nl\/\",\"name\":\"Smans\",\"description\":\"\",\"publisher\":{\"@id\":\"https:\/\/smans.com\/nl\/#organization\"},\"potentialAction\":[{\"@type\":\"SearchAction\",\"target\":{\"@type\":\"EntryPoint\",\"urlTemplate\":\"https:\/\/smans.com\/nl\/?s={search_term_string}\"},\"query-input\":{\"@type\":\"PropertyValueSpecification\",\"valueRequired\":true,\"valueName\":\"search_term_string\"}}],\"inLanguage\":\"fr-FR\"},{\"@type\":\"Organization\",\"@id\":\"https:\/\/smans.com\/nl\/#organization\",\"name\":\"Smans\",\"url\":\"https:\/\/smans.com\/nl\/\",\"logo\":{\"@type\":\"ImageObject\",\"inLanguage\":\"fr-FR\",\"@id\":\"https:\/\/smans.com\/nl\/#\/schema\/logo\/image\/\",\"url\":\"https:\/\/smans.com\/wp-content\/uploads\/2023\/09\/logo.svg\",\"contentUrl\":\"https:\/\/smans.com\/wp-content\/uploads\/2023\/09\/logo.svg\",\"caption\":\"Smans\"},\"image\":{\"@id\":\"https:\/\/smans.com\/nl\/#\/schema\/logo\/image\/\"}}]}<\/script>\n<!-- \/ Yoast SEO plugin. -->","yoast_head_json":{"title":"Cut &amp; strip machine E300 - Smans","robots":{"index":"index","follow":"follow","max-snippet":"max-snippet:-1","max-image-preview":"max-image-preview:large","max-video-preview":"max-video-preview:-1"},"canonical":"https:\/\/smans.com\/fr\/product\/cut-and-strip-machine-e300\/","og_locale":"fr_FR","og_type":"article","og_title":"Cut &amp; strip machine E300 - Smans","og_description":"Machine \u00e0 couper et \u00e0 d\u00e9nuder","og_url":"https:\/\/smans.com\/fr\/product\/cut-and-strip-machine-e300\/","og_site_name":"Smans","article_modified_time":"2026-04-11T10:33:17+00:00","twitter_card":"summary_large_image","twitter_misc":{"Dur\u00e9e de lecture estim\u00e9e":"2 minutes"},"schema":{"@context":"https:\/\/schema.org","@graph":[{"@type":"WebPage","@id":"https:\/\/smans.com\/fr\/product\/cut-and-strip-machine-e300\/","url":"https:\/\/smans.com\/fr\/product\/cut-and-strip-machine-e300\/","name":"Cut &amp; strip machine E300 - Smans","isPartOf":{"@id":"https:\/\/smans.com\/nl\/#website"},"datePublished":"2024-07-23T01:05:10+00:00","dateModified":"2026-04-11T10:33:17+00:00","breadcrumb":{"@id":"https:\/\/smans.com\/fr\/product\/cut-and-strip-machine-e300\/#breadcrumb"},"inLanguage":"fr-FR","potentialAction":[{"@type":"ReadAction","target":["https:\/\/smans.com\/fr\/product\/cut-and-strip-machine-e300\/"]}]},{"@type":"BreadcrumbList","@id":"https:\/\/smans.com\/fr\/product\/cut-and-strip-machine-e300\/#breadcrumb","itemListElement":[{"@type":"ListItem","position":1,"name":"Home","item":"https:\/\/smans.com\/fr\/"},{"@type":"ListItem","position":2,"name":"Boutique","item":"https:\/\/smans.com\/nl\/shop\/"},{"@type":"ListItem","position":3,"name":"Schleuniger - Cut &amp; strip machine E300"}]},{"@type":"WebSite","@id":"https:\/\/smans.com\/nl\/#website","url":"https:\/\/smans.com\/nl\/","name":"Smans","description":"","publisher":{"@id":"https:\/\/smans.com\/nl\/#organization"},"potentialAction":[{"@type":"SearchAction","target":{"@type":"EntryPoint","urlTemplate":"https:\/\/smans.com\/nl\/?s={search_term_string}"},"query-input":{"@type":"PropertyValueSpecification","valueRequired":true,"valueName":"search_term_string"}}],"inLanguage":"fr-FR"},{"@type":"Organization","@id":"https:\/\/smans.com\/nl\/#organization","name":"Smans","url":"https:\/\/smans.com\/nl\/","logo":{"@type":"ImageObject","inLanguage":"fr-FR","@id":"https:\/\/smans.com\/nl\/#\/schema\/logo\/image\/","url":"https:\/\/smans.com\/wp-content\/uploads\/2023\/09\/logo.svg","contentUrl":"https:\/\/smans.com\/wp-content\/uploads\/2023\/09\/logo.svg","caption":"Smans"},"image":{"@id":"https:\/\/smans.com\/nl\/#\/schema\/logo\/image\/"}}]}},"brands":[{"id":18298,"name":"Schleuniger","slug":"brand-schleuniger-fr"}],"_links":{"self":[{"href":"https:\/\/smans.com\/fr\/wp-json\/wp\/v2\/product\/26173","targetHints":{"allow":["GET"]}}],"collection":[{"href":"https:\/\/smans.com\/fr\/wp-json\/wp\/v2\/product"}],"about":[{"href":"https:\/\/smans.com\/fr\/wp-json\/wp\/v2\/types\/product"}],"wp:attachment":[{"href":"https:\/\/smans.com\/fr\/wp-json\/wp\/v2\/media?parent=26173"}],"wp:term":[{"taxonomy":"pwb-brand","embeddable":true,"href":"https:\/\/smans.com\/fr\/wp-json\/wp\/v2\/pwb-brand?post=26173"},{"taxonomy":"product_brand","embeddable":true,"href":"https:\/\/smans.com\/fr\/wp-json\/wp\/v2\/product_brand?post=26173"},{"taxonomy":"product_cat","embeddable":true,"href":"https:\/\/smans.com\/fr\/wp-json\/wp\/v2\/product_cat?post=26173"},{"taxonomy":"product_tag","embeddable":true,"href":"https:\/\/smans.com\/fr\/wp-json\/wp\/v2\/product_tag?post=26173"}],"curies":[{"name":"wp","href":"https:\/\/api.w.org\/{rel}","templated":true}]}}