{"id":26174,"date":"2024-07-23T03:05:13","date_gmt":"2024-07-23T01:05:13","guid":{"rendered":"https:\/\/smans.com\/product\/cut-and-strip-machine-e400\/"},"modified":"2026-04-11T12:33:17","modified_gmt":"2026-04-11T10:33:17","slug":"cut-and-strip-machine-e400","status":"publish","type":"product","link":"https:\/\/smans.com\/fr\/product\/cut-and-strip-machine-e400\/","title":{"rendered":"Schleuniger - Cut and strip machine E400"},"content":{"rendered":"<p data-start=\"2580\" data-end=\"3203\">La machine de d\u00e9coupe et de d\u00e9nudage Cut &amp; Strip Family E400 impressionne par ses performances \u00e9lev\u00e9es, sa facilit\u00e9 d\u2019utilisation optimis\u00e9e et sa grande fiabilit\u00e9 de processus. Les applications standards incluent le d\u00e9nudage de la gaine ext\u00e9rieure en plusieurs \u00e9tapes, ainsi que les d\u00e9nudages complets et partiels &#8211; y compris des deux c\u00f4t\u00e9s &#8211; avec des sections de conducteurs de 0,14 \u00e0 16 mm\u00b2 (26 \u00e0 6 AWG) et des diam\u00e8tres de c\u00e2ble de 0,8 \u00e0 12,5 mm (0,032\u201c \u00e0 0,49\u201d). Elle traite des fils, des tuyaux, des c\u00e2bles plats et multi-conducteurs, ainsi que des isolants comme le PVC, le PUR ou le Teflon avec une grande pr\u00e9cision.<\/p>\n<p data-start=\"3205\" data-end=\"3241\"><strong data-start=\"3205\" data-end=\"3239\">Caract\u00e9ristiques principales :<\/strong><\/p>\n<ul data-start=\"3242\" data-end=\"3908\" data-is-last-node=\"\">\n<li data-start=\"3242\" data-end=\"3326\"><strong data-start=\"3244\" data-end=\"3261\">Polyvalence :<\/strong> Traite une large gamme de mat\u00e9riaux et de diam\u00e8tres de c\u00e2bles.<\/li>\n<li data-start=\"3327\" data-end=\"3422\"><strong data-start=\"3329\" data-end=\"3348\">Compatibilit\u00e9 :<\/strong> Les lames, bandes et guides du mod\u00e8le MultiStrip 9480 sont compatibles.<\/li>\n<li data-start=\"3423\" data-end=\"3531\"><strong data-start=\"3425\" data-end=\"3459\">Pression de contact r\u00e9glable :<\/strong> Pression de contact programmable pour des ajustements fins et pr\u00e9cis.<\/li>\n<li data-start=\"3532\" data-end=\"3615\"><strong data-start=\"3534\" data-end=\"3549\">Pr\u00e9cision :<\/strong> Course de prise programmable pour un transport de c\u00e2ble pr\u00e9cis.<\/li>\n<li data-start=\"3616\" data-end=\"3716\"><strong data-start=\"3618\" data-end=\"3655\">Entra\u00eenement \u00e0 courroie int\u00e9gr\u00e9 :<\/strong> Avec unit\u00e9s de coupe courtes pour une efficacit\u00e9 optimale.<\/li>\n<li data-start=\"3717\" data-end=\"3822\"><strong data-start=\"3719\" data-end=\"3745\">Interface conviviale :<\/strong> Le logiciel S.Drive facilite la programmation des travaux et des articles.<\/li>\n<li data-start=\"3823\" data-end=\"3908\" data-is-last-node=\"\"><strong data-start=\"3825\" data-end=\"3845\">Mode Quick-Run :<\/strong> Permet une production imm\u00e9diate avec seulement quelques clics.<\/li>\n<\/ul>\n","protected":false},"excerpt":{"rendered":"<p>Machine \u00e0 couper et \u00e0 d\u00e9nuder pour les sections transversales moyennes<\/p>\n","protected":false},"featured_media":0,"template":"","meta":{"_acf_changed":false},"pwb-brand":[18298],"product_brand":[],"product_cat":[17990,17993,18039],"product_tag":[],"class_list":{"0":"post-26174","1":"product","2":"type-product","3":"status-publish","5":"pwb-brand-brand-schleuniger-fr","6":"product_cat-cables-et-cablage-fr","7":"product_cat-couper-denuder-sertissage-fr","8":"product_cat-cut-strip-fr","10":"first","11":"instock","12":"taxable","13":"shipping-taxable","14":"product-type-simple"},"acf":[],"yoast_head":"<!-- This site is optimized with the Yoast SEO plugin v27.1.1 - https:\/\/yoast.com\/product\/yoast-seo-wordpress\/ -->\n<title>Cut and strip machine E400 - Smans<\/title>\n<meta name=\"robots\" content=\"index, follow, max-snippet:-1, max-image-preview:large, max-video-preview:-1\" \/>\n<link rel=\"canonical\" href=\"https:\/\/smans.com\/fr\/product\/cut-and-strip-machine-e400\/\" \/>\n<meta property=\"og:locale\" content=\"fr_FR\" \/>\n<meta property=\"og:type\" content=\"article\" \/>\n<meta property=\"og:title\" content=\"Cut and strip machine E400 - Smans\" \/>\n<meta property=\"og:description\" content=\"Machine \u00e0 couper et \u00e0 d\u00e9nuder pour les sections transversales moyennes\" \/>\n<meta property=\"og:url\" content=\"https:\/\/smans.com\/fr\/product\/cut-and-strip-machine-e400\/\" \/>\n<meta property=\"og:site_name\" content=\"Smans\" \/>\n<meta property=\"article:modified_time\" content=\"2026-04-11T10:33:17+00:00\" \/>\n<meta name=\"twitter:card\" content=\"summary_large_image\" \/>\n<meta name=\"twitter:label1\" content=\"Dur\u00e9e de lecture estim\u00e9e\" \/>\n\t<meta name=\"twitter:data1\" content=\"1 minute\" \/>\n<script type=\"application\/ld+json\" class=\"yoast-schema-graph\">{\"@context\":\"https:\/\/schema.org\",\"@graph\":[{\"@type\":\"WebPage\",\"@id\":\"https:\/\/smans.com\/fr\/product\/cut-and-strip-machine-e400\/\",\"url\":\"https:\/\/smans.com\/fr\/product\/cut-and-strip-machine-e400\/\",\"name\":\"Cut and strip machine E400 - Smans\",\"isPartOf\":{\"@id\":\"https:\/\/smans.com\/nl\/#website\"},\"datePublished\":\"2024-07-23T01:05:13+00:00\",\"dateModified\":\"2026-04-11T10:33:17+00:00\",\"breadcrumb\":{\"@id\":\"https:\/\/smans.com\/fr\/product\/cut-and-strip-machine-e400\/#breadcrumb\"},\"inLanguage\":\"fr-FR\",\"potentialAction\":[{\"@type\":\"ReadAction\",\"target\":[\"https:\/\/smans.com\/fr\/product\/cut-and-strip-machine-e400\/\"]}]},{\"@type\":\"BreadcrumbList\",\"@id\":\"https:\/\/smans.com\/fr\/product\/cut-and-strip-machine-e400\/#breadcrumb\",\"itemListElement\":[{\"@type\":\"ListItem\",\"position\":1,\"name\":\"Home\",\"item\":\"https:\/\/smans.com\/fr\/\"},{\"@type\":\"ListItem\",\"position\":2,\"name\":\"Boutique\",\"item\":\"https:\/\/smans.com\/nl\/shop\/\"},{\"@type\":\"ListItem\",\"position\":3,\"name\":\"Schleuniger - Cut and strip machine E400\"}]},{\"@type\":\"WebSite\",\"@id\":\"https:\/\/smans.com\/nl\/#website\",\"url\":\"https:\/\/smans.com\/nl\/\",\"name\":\"Smans\",\"description\":\"\",\"publisher\":{\"@id\":\"https:\/\/smans.com\/nl\/#organization\"},\"potentialAction\":[{\"@type\":\"SearchAction\",\"target\":{\"@type\":\"EntryPoint\",\"urlTemplate\":\"https:\/\/smans.com\/nl\/?s={search_term_string}\"},\"query-input\":{\"@type\":\"PropertyValueSpecification\",\"valueRequired\":true,\"valueName\":\"search_term_string\"}}],\"inLanguage\":\"fr-FR\"},{\"@type\":\"Organization\",\"@id\":\"https:\/\/smans.com\/nl\/#organization\",\"name\":\"Smans\",\"url\":\"https:\/\/smans.com\/nl\/\",\"logo\":{\"@type\":\"ImageObject\",\"inLanguage\":\"fr-FR\",\"@id\":\"https:\/\/smans.com\/nl\/#\/schema\/logo\/image\/\",\"url\":\"https:\/\/smans.com\/wp-content\/uploads\/2023\/09\/logo.svg\",\"contentUrl\":\"https:\/\/smans.com\/wp-content\/uploads\/2023\/09\/logo.svg\",\"caption\":\"Smans\"},\"image\":{\"@id\":\"https:\/\/smans.com\/nl\/#\/schema\/logo\/image\/\"}}]}<\/script>\n<!-- \/ Yoast SEO plugin. -->","yoast_head_json":{"title":"Cut and strip machine E400 - Smans","robots":{"index":"index","follow":"follow","max-snippet":"max-snippet:-1","max-image-preview":"max-image-preview:large","max-video-preview":"max-video-preview:-1"},"canonical":"https:\/\/smans.com\/fr\/product\/cut-and-strip-machine-e400\/","og_locale":"fr_FR","og_type":"article","og_title":"Cut and strip machine E400 - Smans","og_description":"Machine \u00e0 couper et \u00e0 d\u00e9nuder pour les sections transversales moyennes","og_url":"https:\/\/smans.com\/fr\/product\/cut-and-strip-machine-e400\/","og_site_name":"Smans","article_modified_time":"2026-04-11T10:33:17+00:00","twitter_card":"summary_large_image","twitter_misc":{"Dur\u00e9e de lecture estim\u00e9e":"1 minute"},"schema":{"@context":"https:\/\/schema.org","@graph":[{"@type":"WebPage","@id":"https:\/\/smans.com\/fr\/product\/cut-and-strip-machine-e400\/","url":"https:\/\/smans.com\/fr\/product\/cut-and-strip-machine-e400\/","name":"Cut and strip machine E400 - Smans","isPartOf":{"@id":"https:\/\/smans.com\/nl\/#website"},"datePublished":"2024-07-23T01:05:13+00:00","dateModified":"2026-04-11T10:33:17+00:00","breadcrumb":{"@id":"https:\/\/smans.com\/fr\/product\/cut-and-strip-machine-e400\/#breadcrumb"},"inLanguage":"fr-FR","potentialAction":[{"@type":"ReadAction","target":["https:\/\/smans.com\/fr\/product\/cut-and-strip-machine-e400\/"]}]},{"@type":"BreadcrumbList","@id":"https:\/\/smans.com\/fr\/product\/cut-and-strip-machine-e400\/#breadcrumb","itemListElement":[{"@type":"ListItem","position":1,"name":"Home","item":"https:\/\/smans.com\/fr\/"},{"@type":"ListItem","position":2,"name":"Boutique","item":"https:\/\/smans.com\/nl\/shop\/"},{"@type":"ListItem","position":3,"name":"Schleuniger - Cut and strip machine E400"}]},{"@type":"WebSite","@id":"https:\/\/smans.com\/nl\/#website","url":"https:\/\/smans.com\/nl\/","name":"Smans","description":"","publisher":{"@id":"https:\/\/smans.com\/nl\/#organization"},"potentialAction":[{"@type":"SearchAction","target":{"@type":"EntryPoint","urlTemplate":"https:\/\/smans.com\/nl\/?s={search_term_string}"},"query-input":{"@type":"PropertyValueSpecification","valueRequired":true,"valueName":"search_term_string"}}],"inLanguage":"fr-FR"},{"@type":"Organization","@id":"https:\/\/smans.com\/nl\/#organization","name":"Smans","url":"https:\/\/smans.com\/nl\/","logo":{"@type":"ImageObject","inLanguage":"fr-FR","@id":"https:\/\/smans.com\/nl\/#\/schema\/logo\/image\/","url":"https:\/\/smans.com\/wp-content\/uploads\/2023\/09\/logo.svg","contentUrl":"https:\/\/smans.com\/wp-content\/uploads\/2023\/09\/logo.svg","caption":"Smans"},"image":{"@id":"https:\/\/smans.com\/nl\/#\/schema\/logo\/image\/"}}]}},"brands":[{"id":18298,"name":"Schleuniger","slug":"brand-schleuniger-fr"}],"_links":{"self":[{"href":"https:\/\/smans.com\/fr\/wp-json\/wp\/v2\/product\/26174","targetHints":{"allow":["GET"]}}],"collection":[{"href":"https:\/\/smans.com\/fr\/wp-json\/wp\/v2\/product"}],"about":[{"href":"https:\/\/smans.com\/fr\/wp-json\/wp\/v2\/types\/product"}],"wp:attachment":[{"href":"https:\/\/smans.com\/fr\/wp-json\/wp\/v2\/media?parent=26174"}],"wp:term":[{"taxonomy":"pwb-brand","embeddable":true,"href":"https:\/\/smans.com\/fr\/wp-json\/wp\/v2\/pwb-brand?post=26174"},{"taxonomy":"product_brand","embeddable":true,"href":"https:\/\/smans.com\/fr\/wp-json\/wp\/v2\/product_brand?post=26174"},{"taxonomy":"product_cat","embeddable":true,"href":"https:\/\/smans.com\/fr\/wp-json\/wp\/v2\/product_cat?post=26174"},{"taxonomy":"product_tag","embeddable":true,"href":"https:\/\/smans.com\/fr\/wp-json\/wp\/v2\/product_tag?post=26174"}],"curies":[{"name":"wp","href":"https:\/\/api.w.org\/{rel}","templated":true}]}}