{"id":26175,"date":"2024-07-23T03:05:16","date_gmt":"2024-07-23T01:05:16","guid":{"rendered":"https:\/\/smans.com\/product\/cut-strip-machine-powerstrip-9580\/"},"modified":"2026-04-11T12:33:17","modified_gmt":"2026-04-11T10:33:17","slug":"cut-strip-machine-powerstrip-9580","status":"publish","type":"product","link":"https:\/\/smans.com\/fr\/product\/cut-strip-machine-powerstrip-9580\/","title":{"rendered":"Schleuniger - Cut &amp; Strip Machine PowerStrip 9580"},"content":{"rendered":"<p data-start=\"2974\" data-end=\"3250\">La PowerStrip 9580 traite une large gamme d&rsquo;applications et impressionne par son concept de machine modulaire, flexible et extensible. Cette machine de d\u00e9coupe et de d\u00e9nudage automatique se distingue par une excellente production et une pr\u00e9cision de traitement exceptionnelle.<\/p>\n<p data-start=\"3252\" data-end=\"3288\"><strong data-start=\"3252\" data-end=\"3286\">Caract\u00e9ristiques principales :<\/strong><\/p>\n<ul data-start=\"3289\" data-end=\"3850\">\n<li data-start=\"3289\" data-end=\"3388\"><strong data-start=\"3291\" data-end=\"3323\">Commande machine innovante :<\/strong> Garantit une haute productivit\u00e9 et une fiabilit\u00e9 du processus.<\/li>\n<li data-start=\"3389\" data-end=\"3489\"><strong data-start=\"3391\" data-end=\"3415\">Syst\u00e8me SmartBlade :<\/strong> Permet de changer rapidement l&rsquo;ensemble des lames en quelques secondes.<\/li>\n<li data-start=\"3490\" data-end=\"3562\"><strong data-start=\"3492\" data-end=\"3537\">Activation simultan\u00e9e de plusieurs axes :<\/strong> Augmente l&rsquo;efficacit\u00e9.<\/li>\n<li data-start=\"3563\" data-end=\"3686\"><strong data-start=\"3565\" data-end=\"3604\">Moteurs \u00e0 servocommande puissants :<\/strong> Pour des vitesses d&rsquo;alimentation \u00e9lev\u00e9es et des forces de d\u00e9nudage importantes.<\/li>\n<li data-start=\"3687\" data-end=\"3767\"><strong data-start=\"3689\" data-end=\"3731\">Changement de conducteur sans outils :<\/strong> Acc\u00e9l\u00e8re les temps de changement.<\/li>\n<li data-start=\"3768\" data-end=\"3850\"><strong data-start=\"3770\" data-end=\"3789\">Compatibilit\u00e9 :<\/strong> Fonctionne avec MES CAO via SMG Server et logiciel CAYMAN.<\/li>\n<\/ul>\n<p data-start=\"3852\" data-end=\"3869\"><strong data-start=\"3852\" data-end=\"3867\">Avantages :<\/strong><\/p>\n<ul data-start=\"3870\" data-end=\"4299\">\n<li data-start=\"3870\" data-end=\"3981\"><strong data-start=\"3872\" data-end=\"3896\">Haute productivit\u00e9 :<\/strong> Des moteurs \u00e0 servocommande puissants pour des performances rapides et puissantes.<\/li>\n<li data-start=\"3982\" data-end=\"4098\"><strong data-start=\"3984\" data-end=\"4011\">Commande intelligente :<\/strong> Garantit des temps de cycle courts et une performance de haute qualit\u00e9 et r\u00e9p\u00e9table.<\/li>\n<li data-start=\"4099\" data-end=\"4212\"><strong data-start=\"4101\" data-end=\"4118\">Flexibilit\u00e9 :<\/strong> Convient pour des sections de c\u00e2bles allant jusqu&rsquo;\u00e0 70 mm\u00b2 (2\/0 AWG) et des c\u00e2bles blind\u00e9s.<\/li>\n<li data-start=\"4213\" data-end=\"4299\"><strong data-start=\"4215\" data-end=\"4247\">Concept de s\u00e9curit\u00e9 avanc\u00e9 :<\/strong> Garantit un environnement de production s\u00e9curis\u00e9.<\/li>\n<\/ul>\n<p data-start=\"4301\" data-end=\"4565\" data-is-last-node=\"\">Avec la PowerStrip 9580, des applications de c\u00e2bles complexes peuvent \u00eatre trait\u00e9es en une seule op\u00e9ration automatis\u00e9e. L&rsquo;option SmartDetect permet de pr\u00e9venir les d\u00e9fauts dans les produits finis en surveillant et am\u00e9liorant le processus de d\u00e9nudage en temps r\u00e9el.<\/p>\n","protected":false},"excerpt":{"rendered":"<p>Machine \u00e0 couper et \u00e0 d\u00e9nuder<\/p>\n","protected":false},"featured_media":0,"template":"","meta":{"_acf_changed":false},"pwb-brand":[18298],"product_brand":[],"product_cat":[17990,17993,18039],"product_tag":[],"class_list":{"0":"post-26175","1":"product","2":"type-product","3":"status-publish","5":"pwb-brand-brand-schleuniger-fr","6":"product_cat-cables-et-cablage-fr","7":"product_cat-couper-denuder-sertissage-fr","8":"product_cat-cut-strip-fr","10":"first","11":"instock","12":"taxable","13":"shipping-taxable","14":"product-type-simple"},"acf":[],"yoast_head":"<!-- This site is optimized with the Yoast SEO plugin v27.1.1 - https:\/\/yoast.com\/product\/yoast-seo-wordpress\/ -->\n<title>Cut &amp; Strip Machine PowerStrip 9580 - Smans<\/title>\n<meta name=\"robots\" content=\"index, follow, max-snippet:-1, max-image-preview:large, max-video-preview:-1\" \/>\n<link rel=\"canonical\" href=\"https:\/\/smans.com\/fr\/product\/cut-strip-machine-powerstrip-9580\/\" \/>\n<meta property=\"og:locale\" content=\"fr_FR\" \/>\n<meta property=\"og:type\" content=\"article\" \/>\n<meta property=\"og:title\" content=\"Cut &amp; Strip Machine PowerStrip 9580 - Smans\" \/>\n<meta property=\"og:description\" content=\"Machine \u00e0 couper et \u00e0 d\u00e9nuder\" \/>\n<meta property=\"og:url\" content=\"https:\/\/smans.com\/fr\/product\/cut-strip-machine-powerstrip-9580\/\" \/>\n<meta property=\"og:site_name\" content=\"Smans\" \/>\n<meta property=\"article:modified_time\" content=\"2026-04-11T10:33:17+00:00\" \/>\n<meta name=\"twitter:card\" content=\"summary_large_image\" \/>\n<meta name=\"twitter:label1\" content=\"Dur\u00e9e de lecture estim\u00e9e\" \/>\n\t<meta name=\"twitter:data1\" content=\"1 minute\" \/>\n<script type=\"application\/ld+json\" class=\"yoast-schema-graph\">{\"@context\":\"https:\/\/schema.org\",\"@graph\":[{\"@type\":\"WebPage\",\"@id\":\"https:\/\/smans.com\/fr\/product\/cut-strip-machine-powerstrip-9580\/\",\"url\":\"https:\/\/smans.com\/fr\/product\/cut-strip-machine-powerstrip-9580\/\",\"name\":\"Cut &amp; Strip Machine PowerStrip 9580 - Smans\",\"isPartOf\":{\"@id\":\"https:\/\/smans.com\/nl\/#website\"},\"datePublished\":\"2024-07-23T01:05:16+00:00\",\"dateModified\":\"2026-04-11T10:33:17+00:00\",\"breadcrumb\":{\"@id\":\"https:\/\/smans.com\/fr\/product\/cut-strip-machine-powerstrip-9580\/#breadcrumb\"},\"inLanguage\":\"fr-FR\",\"potentialAction\":[{\"@type\":\"ReadAction\",\"target\":[\"https:\/\/smans.com\/fr\/product\/cut-strip-machine-powerstrip-9580\/\"]}]},{\"@type\":\"BreadcrumbList\",\"@id\":\"https:\/\/smans.com\/fr\/product\/cut-strip-machine-powerstrip-9580\/#breadcrumb\",\"itemListElement\":[{\"@type\":\"ListItem\",\"position\":1,\"name\":\"Home\",\"item\":\"https:\/\/smans.com\/fr\/\"},{\"@type\":\"ListItem\",\"position\":2,\"name\":\"Boutique\",\"item\":\"https:\/\/smans.com\/nl\/shop\/\"},{\"@type\":\"ListItem\",\"position\":3,\"name\":\"Schleuniger - Cut &amp; Strip Machine PowerStrip 9580\"}]},{\"@type\":\"WebSite\",\"@id\":\"https:\/\/smans.com\/nl\/#website\",\"url\":\"https:\/\/smans.com\/nl\/\",\"name\":\"Smans\",\"description\":\"\",\"publisher\":{\"@id\":\"https:\/\/smans.com\/nl\/#organization\"},\"potentialAction\":[{\"@type\":\"SearchAction\",\"target\":{\"@type\":\"EntryPoint\",\"urlTemplate\":\"https:\/\/smans.com\/nl\/?s={search_term_string}\"},\"query-input\":{\"@type\":\"PropertyValueSpecification\",\"valueRequired\":true,\"valueName\":\"search_term_string\"}}],\"inLanguage\":\"fr-FR\"},{\"@type\":\"Organization\",\"@id\":\"https:\/\/smans.com\/nl\/#organization\",\"name\":\"Smans\",\"url\":\"https:\/\/smans.com\/nl\/\",\"logo\":{\"@type\":\"ImageObject\",\"inLanguage\":\"fr-FR\",\"@id\":\"https:\/\/smans.com\/nl\/#\/schema\/logo\/image\/\",\"url\":\"https:\/\/smans.com\/wp-content\/uploads\/2023\/09\/logo.svg\",\"contentUrl\":\"https:\/\/smans.com\/wp-content\/uploads\/2023\/09\/logo.svg\",\"caption\":\"Smans\"},\"image\":{\"@id\":\"https:\/\/smans.com\/nl\/#\/schema\/logo\/image\/\"}}]}<\/script>\n<!-- \/ Yoast SEO plugin. -->","yoast_head_json":{"title":"Cut &amp; Strip Machine PowerStrip 9580 - Smans","robots":{"index":"index","follow":"follow","max-snippet":"max-snippet:-1","max-image-preview":"max-image-preview:large","max-video-preview":"max-video-preview:-1"},"canonical":"https:\/\/smans.com\/fr\/product\/cut-strip-machine-powerstrip-9580\/","og_locale":"fr_FR","og_type":"article","og_title":"Cut &amp; Strip Machine PowerStrip 9580 - Smans","og_description":"Machine \u00e0 couper et \u00e0 d\u00e9nuder","og_url":"https:\/\/smans.com\/fr\/product\/cut-strip-machine-powerstrip-9580\/","og_site_name":"Smans","article_modified_time":"2026-04-11T10:33:17+00:00","twitter_card":"summary_large_image","twitter_misc":{"Dur\u00e9e de lecture estim\u00e9e":"1 minute"},"schema":{"@context":"https:\/\/schema.org","@graph":[{"@type":"WebPage","@id":"https:\/\/smans.com\/fr\/product\/cut-strip-machine-powerstrip-9580\/","url":"https:\/\/smans.com\/fr\/product\/cut-strip-machine-powerstrip-9580\/","name":"Cut &amp; Strip Machine PowerStrip 9580 - Smans","isPartOf":{"@id":"https:\/\/smans.com\/nl\/#website"},"datePublished":"2024-07-23T01:05:16+00:00","dateModified":"2026-04-11T10:33:17+00:00","breadcrumb":{"@id":"https:\/\/smans.com\/fr\/product\/cut-strip-machine-powerstrip-9580\/#breadcrumb"},"inLanguage":"fr-FR","potentialAction":[{"@type":"ReadAction","target":["https:\/\/smans.com\/fr\/product\/cut-strip-machine-powerstrip-9580\/"]}]},{"@type":"BreadcrumbList","@id":"https:\/\/smans.com\/fr\/product\/cut-strip-machine-powerstrip-9580\/#breadcrumb","itemListElement":[{"@type":"ListItem","position":1,"name":"Home","item":"https:\/\/smans.com\/fr\/"},{"@type":"ListItem","position":2,"name":"Boutique","item":"https:\/\/smans.com\/nl\/shop\/"},{"@type":"ListItem","position":3,"name":"Schleuniger - Cut &amp; Strip Machine PowerStrip 9580"}]},{"@type":"WebSite","@id":"https:\/\/smans.com\/nl\/#website","url":"https:\/\/smans.com\/nl\/","name":"Smans","description":"","publisher":{"@id":"https:\/\/smans.com\/nl\/#organization"},"potentialAction":[{"@type":"SearchAction","target":{"@type":"EntryPoint","urlTemplate":"https:\/\/smans.com\/nl\/?s={search_term_string}"},"query-input":{"@type":"PropertyValueSpecification","valueRequired":true,"valueName":"search_term_string"}}],"inLanguage":"fr-FR"},{"@type":"Organization","@id":"https:\/\/smans.com\/nl\/#organization","name":"Smans","url":"https:\/\/smans.com\/nl\/","logo":{"@type":"ImageObject","inLanguage":"fr-FR","@id":"https:\/\/smans.com\/nl\/#\/schema\/logo\/image\/","url":"https:\/\/smans.com\/wp-content\/uploads\/2023\/09\/logo.svg","contentUrl":"https:\/\/smans.com\/wp-content\/uploads\/2023\/09\/logo.svg","caption":"Smans"},"image":{"@id":"https:\/\/smans.com\/nl\/#\/schema\/logo\/image\/"}}]}},"brands":[{"id":18298,"name":"Schleuniger","slug":"brand-schleuniger-fr"}],"_links":{"self":[{"href":"https:\/\/smans.com\/fr\/wp-json\/wp\/v2\/product\/26175","targetHints":{"allow":["GET"]}}],"collection":[{"href":"https:\/\/smans.com\/fr\/wp-json\/wp\/v2\/product"}],"about":[{"href":"https:\/\/smans.com\/fr\/wp-json\/wp\/v2\/types\/product"}],"wp:attachment":[{"href":"https:\/\/smans.com\/fr\/wp-json\/wp\/v2\/media?parent=26175"}],"wp:term":[{"taxonomy":"pwb-brand","embeddable":true,"href":"https:\/\/smans.com\/fr\/wp-json\/wp\/v2\/pwb-brand?post=26175"},{"taxonomy":"product_brand","embeddable":true,"href":"https:\/\/smans.com\/fr\/wp-json\/wp\/v2\/product_brand?post=26175"},{"taxonomy":"product_cat","embeddable":true,"href":"https:\/\/smans.com\/fr\/wp-json\/wp\/v2\/product_cat?post=26175"},{"taxonomy":"product_tag","embeddable":true,"href":"https:\/\/smans.com\/fr\/wp-json\/wp\/v2\/product_tag?post=26175"}],"curies":[{"name":"wp","href":"https:\/\/api.w.org\/{rel}","templated":true}]}}