{"id":26176,"date":"2024-07-23T03:05:19","date_gmt":"2024-07-23T01:05:19","guid":{"rendered":"https:\/\/smans.com\/product\/automatic-cut-strip-machine-megastrip-9680\/"},"modified":"2026-04-12T13:16:19","modified_gmt":"2026-04-12T11:16:19","slug":"automatic-cut-strip-machine-megastrip-9680","status":"publish","type":"product","link":"https:\/\/smans.com\/fr\/product\/automatic-cut-strip-machine-megastrip-9680\/","title":{"rendered":"Schleuniger - Automatic Cut &amp; Strip Machine MegaStrip 9680"},"content":{"rendered":"<p>La MegaStrip 9680 est une machine automatique \u00e0 couper et \u00e0 d\u00e9nuder pour le traitement de fils monoconducteurs, de c\u00e2bles multiconducteurs et de c\u00e2bles blind\u00e9s d&rsquo;un diam\u00e8tre ext\u00e9rieur allant jusqu&rsquo;\u00e0 35 mm (1,38&Prime;). La conception modulaire et la possibilit\u00e9 de raccorder diff\u00e9rents p\u00e9riph\u00e9riques &#8211; issus de la gamme de produits Schleuniger ou de fournisseurs tiers &#8211; font de cette machine un v\u00e9ritable outil polyvalent.<\/p>\n<ul>\n<li>Deux conceptions de machines modulaires avec des options suppl\u00e9mentaires offrent une gamme \u00e9tendue de traitement pour les c\u00e2bles de plus grand diam\u00e8tre.<\/li>\n<li>D\u00e9nudage pr\u00e9cis en plusieurs \u00e9tapes gr\u00e2ce \u00e0 l&rsquo;unit\u00e9 de coupe multilames Schleuniger et au syst\u00e8me de contr\u00f4le de la qualit\u00e9 SmartDetect<\/li>\n<li>Grande flexibilit\u00e9 gr\u00e2ce au syst\u00e8me SmartBlade avec cartouches interchangeables pour le remplacement rapide de jeux de lames complets<\/li>\n<li>Des biblioth\u00e8ques \u00e9tendues pour les types d&rsquo;extr\u00e9mit\u00e9s de c\u00e2bles r\u00e9currents et les m\u00e9thodes de traitement simplifient la programmation.<\/li>\n<li>Production \u00e9conomique et r\u00e9duction des d\u00e9chets gr\u00e2ce \u00e0 l&rsquo;utilisation de deux imprimantes \u00e0 jet d&rsquo;encre ind\u00e9pendantes plac\u00e9es en aval de la t\u00eate de coupe<\/li>\n<li>Compatible avec MES CAO via SMG Server et le logiciel CAYMAN<\/li>\n<\/ul>\n<p>Les fils discrets avec des sections allant jusqu&rsquo;\u00e0 120 mm\u00b2 (4\/0 AWG) ou 300 mm\u00b2 (MCM 600) en option, les c\u00e2bles blind\u00e9s et les applications multiconducteurs complexes peuvent \u00eatre trait\u00e9s en une seule op\u00e9ration automatis\u00e9e. La MegaStip 9680 est disponible en 2 mod\u00e8les de base configur\u00e9s :<\/p>\n<ul>\n<li>Version M avec t\u00eate de coupe multilames \u00e0 indexation librement programmable<\/li>\n<li>Version MR avec unit\u00e9 d&rsquo;incision rotative suppl\u00e9mentaire pour une coupe pr\u00e9cise du blindage.<\/li>\n<\/ul>\n<p>Les deux mod\u00e8les sont compatibles avec le logiciel de traitement de c\u00e2bles CAYMAN et le logiciel de planification CAO (Manufacturing Execution System), ce qui permet de les int\u00e9grer dans diff\u00e9rents r\u00e9seaux.<\/p>\n<p>La MegaStrip 9680 est optimis\u00e9e pour une production maximale. De puissants servomoteurs assurent des vitesses d&rsquo;avance et des forces d&rsquo;arrachement \u00e9lev\u00e9es. Les guides \u00e0 code couleur et les changements de guides sans outillage permettent des temps de changement record. La surveillance des capteurs et le syst\u00e8me SmartDetect (en option) garantissent des processus de production fluides, une \u00e9limination rapide des d\u00e9fauts et un gaspillage minimal de mat\u00e9riaux.<\/p>\n","protected":false},"excerpt":{"rendered":"<p>Machine automatique \u00e0 couper et \u00e0 d\u00e9nuder<\/p>\n","protected":false},"featured_media":0,"template":"","meta":{"_acf_changed":false},"pwb-brand":[18298],"product_brand":[],"product_cat":[17990,17993,18039],"product_tag":[],"class_list":{"0":"post-26176","1":"product","2":"type-product","3":"status-publish","5":"pwb-brand-brand-schleuniger-fr","6":"product_cat-cables-et-cablage-fr","7":"product_cat-couper-denuder-sertissage-fr","8":"product_cat-cut-strip-fr","10":"first","11":"instock","12":"taxable","13":"shipping-taxable","14":"product-type-simple"},"acf":[],"yoast_head":"<!-- This site is optimized with the Yoast SEO plugin v27.1.1 - https:\/\/yoast.com\/product\/yoast-seo-wordpress\/ -->\n<title>Automatic Cut &amp; Strip Machine MegaStrip 9680 - Smans<\/title>\n<meta name=\"robots\" content=\"index, follow, max-snippet:-1, max-image-preview:large, max-video-preview:-1\" \/>\n<link rel=\"canonical\" href=\"https:\/\/smans.com\/fr\/product\/automatic-cut-strip-machine-megastrip-9680\/\" \/>\n<meta property=\"og:locale\" content=\"fr_FR\" \/>\n<meta property=\"og:type\" content=\"article\" \/>\n<meta property=\"og:title\" content=\"Automatic Cut &amp; Strip Machine MegaStrip 9680 - Smans\" \/>\n<meta property=\"og:description\" content=\"Machine automatique \u00e0 couper et \u00e0 d\u00e9nuder\" \/>\n<meta property=\"og:url\" content=\"https:\/\/smans.com\/fr\/product\/automatic-cut-strip-machine-megastrip-9680\/\" \/>\n<meta property=\"og:site_name\" content=\"Smans\" \/>\n<meta property=\"article:modified_time\" content=\"2026-04-12T11:16:19+00:00\" \/>\n<meta name=\"twitter:card\" content=\"summary_large_image\" \/>\n<meta name=\"twitter:label1\" content=\"Dur\u00e9e de lecture estim\u00e9e\" \/>\n\t<meta name=\"twitter:data1\" content=\"2 minutes\" \/>\n<script type=\"application\/ld+json\" class=\"yoast-schema-graph\">{\"@context\":\"https:\/\/schema.org\",\"@graph\":[{\"@type\":\"WebPage\",\"@id\":\"https:\/\/smans.com\/fr\/product\/automatic-cut-strip-machine-megastrip-9680\/\",\"url\":\"https:\/\/smans.com\/fr\/product\/automatic-cut-strip-machine-megastrip-9680\/\",\"name\":\"Automatic Cut &amp; Strip Machine MegaStrip 9680 - Smans\",\"isPartOf\":{\"@id\":\"https:\/\/smans.com\/nl\/#website\"},\"datePublished\":\"2024-07-23T01:05:19+00:00\",\"dateModified\":\"2026-04-12T11:16:19+00:00\",\"breadcrumb\":{\"@id\":\"https:\/\/smans.com\/fr\/product\/automatic-cut-strip-machine-megastrip-9680\/#breadcrumb\"},\"inLanguage\":\"fr-FR\",\"potentialAction\":[{\"@type\":\"ReadAction\",\"target\":[\"https:\/\/smans.com\/fr\/product\/automatic-cut-strip-machine-megastrip-9680\/\"]}]},{\"@type\":\"BreadcrumbList\",\"@id\":\"https:\/\/smans.com\/fr\/product\/automatic-cut-strip-machine-megastrip-9680\/#breadcrumb\",\"itemListElement\":[{\"@type\":\"ListItem\",\"position\":1,\"name\":\"Home\",\"item\":\"https:\/\/smans.com\/fr\/\"},{\"@type\":\"ListItem\",\"position\":2,\"name\":\"Boutique\",\"item\":\"https:\/\/smans.com\/nl\/shop\/\"},{\"@type\":\"ListItem\",\"position\":3,\"name\":\"Schleuniger - Automatic Cut &amp; Strip Machine MegaStrip 9680\"}]},{\"@type\":\"WebSite\",\"@id\":\"https:\/\/smans.com\/nl\/#website\",\"url\":\"https:\/\/smans.com\/nl\/\",\"name\":\"Smans\",\"description\":\"\",\"publisher\":{\"@id\":\"https:\/\/smans.com\/nl\/#organization\"},\"potentialAction\":[{\"@type\":\"SearchAction\",\"target\":{\"@type\":\"EntryPoint\",\"urlTemplate\":\"https:\/\/smans.com\/nl\/?s={search_term_string}\"},\"query-input\":{\"@type\":\"PropertyValueSpecification\",\"valueRequired\":true,\"valueName\":\"search_term_string\"}}],\"inLanguage\":\"fr-FR\"},{\"@type\":\"Organization\",\"@id\":\"https:\/\/smans.com\/nl\/#organization\",\"name\":\"Smans\",\"url\":\"https:\/\/smans.com\/nl\/\",\"logo\":{\"@type\":\"ImageObject\",\"inLanguage\":\"fr-FR\",\"@id\":\"https:\/\/smans.com\/nl\/#\/schema\/logo\/image\/\",\"url\":\"https:\/\/smans.com\/wp-content\/uploads\/2023\/09\/logo.svg\",\"contentUrl\":\"https:\/\/smans.com\/wp-content\/uploads\/2023\/09\/logo.svg\",\"caption\":\"Smans\"},\"image\":{\"@id\":\"https:\/\/smans.com\/nl\/#\/schema\/logo\/image\/\"}}]}<\/script>\n<!-- \/ Yoast SEO plugin. -->","yoast_head_json":{"title":"Automatic Cut &amp; Strip Machine MegaStrip 9680 - Smans","robots":{"index":"index","follow":"follow","max-snippet":"max-snippet:-1","max-image-preview":"max-image-preview:large","max-video-preview":"max-video-preview:-1"},"canonical":"https:\/\/smans.com\/fr\/product\/automatic-cut-strip-machine-megastrip-9680\/","og_locale":"fr_FR","og_type":"article","og_title":"Automatic Cut &amp; Strip Machine MegaStrip 9680 - Smans","og_description":"Machine automatique \u00e0 couper et \u00e0 d\u00e9nuder","og_url":"https:\/\/smans.com\/fr\/product\/automatic-cut-strip-machine-megastrip-9680\/","og_site_name":"Smans","article_modified_time":"2026-04-12T11:16:19+00:00","twitter_card":"summary_large_image","twitter_misc":{"Dur\u00e9e de lecture estim\u00e9e":"2 minutes"},"schema":{"@context":"https:\/\/schema.org","@graph":[{"@type":"WebPage","@id":"https:\/\/smans.com\/fr\/product\/automatic-cut-strip-machine-megastrip-9680\/","url":"https:\/\/smans.com\/fr\/product\/automatic-cut-strip-machine-megastrip-9680\/","name":"Automatic Cut &amp; Strip Machine MegaStrip 9680 - Smans","isPartOf":{"@id":"https:\/\/smans.com\/nl\/#website"},"datePublished":"2024-07-23T01:05:19+00:00","dateModified":"2026-04-12T11:16:19+00:00","breadcrumb":{"@id":"https:\/\/smans.com\/fr\/product\/automatic-cut-strip-machine-megastrip-9680\/#breadcrumb"},"inLanguage":"fr-FR","potentialAction":[{"@type":"ReadAction","target":["https:\/\/smans.com\/fr\/product\/automatic-cut-strip-machine-megastrip-9680\/"]}]},{"@type":"BreadcrumbList","@id":"https:\/\/smans.com\/fr\/product\/automatic-cut-strip-machine-megastrip-9680\/#breadcrumb","itemListElement":[{"@type":"ListItem","position":1,"name":"Home","item":"https:\/\/smans.com\/fr\/"},{"@type":"ListItem","position":2,"name":"Boutique","item":"https:\/\/smans.com\/nl\/shop\/"},{"@type":"ListItem","position":3,"name":"Schleuniger - Automatic Cut &amp; Strip Machine MegaStrip 9680"}]},{"@type":"WebSite","@id":"https:\/\/smans.com\/nl\/#website","url":"https:\/\/smans.com\/nl\/","name":"Smans","description":"","publisher":{"@id":"https:\/\/smans.com\/nl\/#organization"},"potentialAction":[{"@type":"SearchAction","target":{"@type":"EntryPoint","urlTemplate":"https:\/\/smans.com\/nl\/?s={search_term_string}"},"query-input":{"@type":"PropertyValueSpecification","valueRequired":true,"valueName":"search_term_string"}}],"inLanguage":"fr-FR"},{"@type":"Organization","@id":"https:\/\/smans.com\/nl\/#organization","name":"Smans","url":"https:\/\/smans.com\/nl\/","logo":{"@type":"ImageObject","inLanguage":"fr-FR","@id":"https:\/\/smans.com\/nl\/#\/schema\/logo\/image\/","url":"https:\/\/smans.com\/wp-content\/uploads\/2023\/09\/logo.svg","contentUrl":"https:\/\/smans.com\/wp-content\/uploads\/2023\/09\/logo.svg","caption":"Smans"},"image":{"@id":"https:\/\/smans.com\/nl\/#\/schema\/logo\/image\/"}}]}},"brands":[{"id":18298,"name":"Schleuniger","slug":"brand-schleuniger-fr"}],"_links":{"self":[{"href":"https:\/\/smans.com\/fr\/wp-json\/wp\/v2\/product\/26176","targetHints":{"allow":["GET"]}}],"collection":[{"href":"https:\/\/smans.com\/fr\/wp-json\/wp\/v2\/product"}],"about":[{"href":"https:\/\/smans.com\/fr\/wp-json\/wp\/v2\/types\/product"}],"wp:attachment":[{"href":"https:\/\/smans.com\/fr\/wp-json\/wp\/v2\/media?parent=26176"}],"wp:term":[{"taxonomy":"pwb-brand","embeddable":true,"href":"https:\/\/smans.com\/fr\/wp-json\/wp\/v2\/pwb-brand?post=26176"},{"taxonomy":"product_brand","embeddable":true,"href":"https:\/\/smans.com\/fr\/wp-json\/wp\/v2\/product_brand?post=26176"},{"taxonomy":"product_cat","embeddable":true,"href":"https:\/\/smans.com\/fr\/wp-json\/wp\/v2\/product_cat?post=26176"},{"taxonomy":"product_tag","embeddable":true,"href":"https:\/\/smans.com\/fr\/wp-json\/wp\/v2\/product_tag?post=26176"}],"curies":[{"name":"wp","href":"https:\/\/api.w.org\/{rel}","templated":true}]}}