{"id":26233,"date":"2024-07-24T02:42:00","date_gmt":"2024-07-24T00:42:00","guid":{"rendered":"https:\/\/smans.com\/product\/prefeeder-1100\/"},"modified":"2026-04-12T13:16:48","modified_gmt":"2026-04-12T11:16:48","slug":"prefeeder-1100","status":"publish","type":"product","link":"https:\/\/smans.com\/fr\/product\/prefeeder-1100\/","title":{"rendered":"Schleuniger - PreFeeder 1100"},"content":{"rendered":"<p>Along with the standard delivered cable accumulator \u2013 the PreFeeder 1100 serves as an ideal companion to the Schleuniger EcoStrip and other cable processing machines.<\/p>\n<p>The PreFeeder 1100 combines a proven dancer slide and an electronically controlled belt drive transport system used in other Schleuniger prefeeders. The belt drive system allows cables to be pulled from racks or barrels. The adjustable feed belt pressure prevents damage to the material during transport.<\/p>\n<p>The PreFeeder 1100 features a quick lock cam mechanism for easy cable loading and fast changeover and comes with a standard interface for connecting to a downstream cable processing machine.<\/p>\n","protected":false},"excerpt":{"rendered":"<p>Le PreFeeder 1100 est une unit\u00e9 de pr\u00e9alimentation \u00e9lectrique \u00e0 la demande, solide et fiable, pour les bobines de c\u00e2ble jusqu&rsquo;\u00e0 20 kg.<\/p>\n","protected":false},"featured_media":0,"template":"","meta":{"_acf_changed":false},"pwb-brand":[18298],"product_brand":[],"product_cat":[17990,18019,17998],"product_tag":[],"class_list":{"0":"post-26233","1":"product","2":"type-product","3":"status-publish","5":"pwb-brand-brand-schleuniger-fr","6":"product_cat-cables-et-cablage-fr","7":"product_cat-prefeeding-systems-fr","8":"product_cat-traitement-de-cables-fr","10":"first","11":"instock","12":"taxable","13":"shipping-taxable","14":"product-type-simple"},"acf":[],"yoast_head":"<!-- This site is optimized with the Yoast SEO plugin v27.1.1 - https:\/\/yoast.com\/product\/yoast-seo-wordpress\/ -->\n<title>PreFeeder 1100 - Smans<\/title>\n<meta name=\"robots\" content=\"index, follow, max-snippet:-1, max-image-preview:large, max-video-preview:-1\" \/>\n<link rel=\"canonical\" href=\"https:\/\/smans.com\/fr\/product\/prefeeder-1100\/\" \/>\n<meta property=\"og:locale\" content=\"fr_FR\" \/>\n<meta property=\"og:type\" content=\"article\" \/>\n<meta property=\"og:title\" content=\"PreFeeder 1100 - Smans\" \/>\n<meta property=\"og:description\" content=\"Le PreFeeder 1100 est une unit\u00e9 de pr\u00e9alimentation \u00e9lectrique \u00e0 la demande, solide et fiable, pour les bobines de c\u00e2ble jusqu&#039;\u00e0 20 kg.\" \/>\n<meta property=\"og:url\" content=\"https:\/\/smans.com\/fr\/product\/prefeeder-1100\/\" \/>\n<meta property=\"og:site_name\" content=\"Smans\" \/>\n<meta property=\"article:modified_time\" content=\"2026-04-12T11:16:48+00:00\" \/>\n<meta name=\"twitter:card\" content=\"summary_large_image\" \/>\n<script type=\"application\/ld+json\" class=\"yoast-schema-graph\">{\"@context\":\"https:\/\/schema.org\",\"@graph\":[{\"@type\":\"WebPage\",\"@id\":\"https:\/\/smans.com\/fr\/product\/prefeeder-1100\/\",\"url\":\"https:\/\/smans.com\/fr\/product\/prefeeder-1100\/\",\"name\":\"PreFeeder 1100 - Smans\",\"isPartOf\":{\"@id\":\"https:\/\/smans.com\/nl\/#website\"},\"datePublished\":\"2024-07-24T00:42:00+00:00\",\"dateModified\":\"2026-04-12T11:16:48+00:00\",\"breadcrumb\":{\"@id\":\"https:\/\/smans.com\/fr\/product\/prefeeder-1100\/#breadcrumb\"},\"inLanguage\":\"fr-FR\",\"potentialAction\":[{\"@type\":\"ReadAction\",\"target\":[\"https:\/\/smans.com\/fr\/product\/prefeeder-1100\/\"]}]},{\"@type\":\"BreadcrumbList\",\"@id\":\"https:\/\/smans.com\/fr\/product\/prefeeder-1100\/#breadcrumb\",\"itemListElement\":[{\"@type\":\"ListItem\",\"position\":1,\"name\":\"Home\",\"item\":\"https:\/\/smans.com\/fr\/\"},{\"@type\":\"ListItem\",\"position\":2,\"name\":\"Boutique\",\"item\":\"https:\/\/smans.com\/nl\/shop\/\"},{\"@type\":\"ListItem\",\"position\":3,\"name\":\"Schleuniger - PreFeeder 1100\"}]},{\"@type\":\"WebSite\",\"@id\":\"https:\/\/smans.com\/nl\/#website\",\"url\":\"https:\/\/smans.com\/nl\/\",\"name\":\"Smans\",\"description\":\"\",\"publisher\":{\"@id\":\"https:\/\/smans.com\/nl\/#organization\"},\"potentialAction\":[{\"@type\":\"SearchAction\",\"target\":{\"@type\":\"EntryPoint\",\"urlTemplate\":\"https:\/\/smans.com\/nl\/?s={search_term_string}\"},\"query-input\":{\"@type\":\"PropertyValueSpecification\",\"valueRequired\":true,\"valueName\":\"search_term_string\"}}],\"inLanguage\":\"fr-FR\"},{\"@type\":\"Organization\",\"@id\":\"https:\/\/smans.com\/nl\/#organization\",\"name\":\"Smans\",\"url\":\"https:\/\/smans.com\/nl\/\",\"logo\":{\"@type\":\"ImageObject\",\"inLanguage\":\"fr-FR\",\"@id\":\"https:\/\/smans.com\/nl\/#\/schema\/logo\/image\/\",\"url\":\"https:\/\/smans.com\/wp-content\/uploads\/2023\/09\/logo.svg\",\"contentUrl\":\"https:\/\/smans.com\/wp-content\/uploads\/2023\/09\/logo.svg\",\"caption\":\"Smans\"},\"image\":{\"@id\":\"https:\/\/smans.com\/nl\/#\/schema\/logo\/image\/\"}}]}<\/script>\n<!-- \/ Yoast SEO plugin. -->","yoast_head_json":{"title":"PreFeeder 1100 - Smans","robots":{"index":"index","follow":"follow","max-snippet":"max-snippet:-1","max-image-preview":"max-image-preview:large","max-video-preview":"max-video-preview:-1"},"canonical":"https:\/\/smans.com\/fr\/product\/prefeeder-1100\/","og_locale":"fr_FR","og_type":"article","og_title":"PreFeeder 1100 - Smans","og_description":"Le PreFeeder 1100 est une unit\u00e9 de pr\u00e9alimentation \u00e9lectrique \u00e0 la demande, solide et fiable, pour les bobines de c\u00e2ble jusqu'\u00e0 20 kg.","og_url":"https:\/\/smans.com\/fr\/product\/prefeeder-1100\/","og_site_name":"Smans","article_modified_time":"2026-04-12T11:16:48+00:00","twitter_card":"summary_large_image","schema":{"@context":"https:\/\/schema.org","@graph":[{"@type":"WebPage","@id":"https:\/\/smans.com\/fr\/product\/prefeeder-1100\/","url":"https:\/\/smans.com\/fr\/product\/prefeeder-1100\/","name":"PreFeeder 1100 - Smans","isPartOf":{"@id":"https:\/\/smans.com\/nl\/#website"},"datePublished":"2024-07-24T00:42:00+00:00","dateModified":"2026-04-12T11:16:48+00:00","breadcrumb":{"@id":"https:\/\/smans.com\/fr\/product\/prefeeder-1100\/#breadcrumb"},"inLanguage":"fr-FR","potentialAction":[{"@type":"ReadAction","target":["https:\/\/smans.com\/fr\/product\/prefeeder-1100\/"]}]},{"@type":"BreadcrumbList","@id":"https:\/\/smans.com\/fr\/product\/prefeeder-1100\/#breadcrumb","itemListElement":[{"@type":"ListItem","position":1,"name":"Home","item":"https:\/\/smans.com\/fr\/"},{"@type":"ListItem","position":2,"name":"Boutique","item":"https:\/\/smans.com\/nl\/shop\/"},{"@type":"ListItem","position":3,"name":"Schleuniger - PreFeeder 1100"}]},{"@type":"WebSite","@id":"https:\/\/smans.com\/nl\/#website","url":"https:\/\/smans.com\/nl\/","name":"Smans","description":"","publisher":{"@id":"https:\/\/smans.com\/nl\/#organization"},"potentialAction":[{"@type":"SearchAction","target":{"@type":"EntryPoint","urlTemplate":"https:\/\/smans.com\/nl\/?s={search_term_string}"},"query-input":{"@type":"PropertyValueSpecification","valueRequired":true,"valueName":"search_term_string"}}],"inLanguage":"fr-FR"},{"@type":"Organization","@id":"https:\/\/smans.com\/nl\/#organization","name":"Smans","url":"https:\/\/smans.com\/nl\/","logo":{"@type":"ImageObject","inLanguage":"fr-FR","@id":"https:\/\/smans.com\/nl\/#\/schema\/logo\/image\/","url":"https:\/\/smans.com\/wp-content\/uploads\/2023\/09\/logo.svg","contentUrl":"https:\/\/smans.com\/wp-content\/uploads\/2023\/09\/logo.svg","caption":"Smans"},"image":{"@id":"https:\/\/smans.com\/nl\/#\/schema\/logo\/image\/"}}]}},"brands":[{"id":18298,"name":"Schleuniger","slug":"brand-schleuniger-fr"}],"_links":{"self":[{"href":"https:\/\/smans.com\/fr\/wp-json\/wp\/v2\/product\/26233","targetHints":{"allow":["GET"]}}],"collection":[{"href":"https:\/\/smans.com\/fr\/wp-json\/wp\/v2\/product"}],"about":[{"href":"https:\/\/smans.com\/fr\/wp-json\/wp\/v2\/types\/product"}],"wp:attachment":[{"href":"https:\/\/smans.com\/fr\/wp-json\/wp\/v2\/media?parent=26233"}],"wp:term":[{"taxonomy":"pwb-brand","embeddable":true,"href":"https:\/\/smans.com\/fr\/wp-json\/wp\/v2\/pwb-brand?post=26233"},{"taxonomy":"product_brand","embeddable":true,"href":"https:\/\/smans.com\/fr\/wp-json\/wp\/v2\/product_brand?post=26233"},{"taxonomy":"product_cat","embeddable":true,"href":"https:\/\/smans.com\/fr\/wp-json\/wp\/v2\/product_cat?post=26233"},{"taxonomy":"product_tag","embeddable":true,"href":"https:\/\/smans.com\/fr\/wp-json\/wp\/v2\/product_tag?post=26233"}],"curies":[{"name":"wp","href":"https:\/\/api.w.org\/{rel}","templated":true}]}}