{"id":26238,"date":"2024-07-24T02:42:09","date_gmt":"2024-07-24T00:42:09","guid":{"rendered":"https:\/\/smans.com\/product\/prefeeder-4350\/"},"modified":"2026-04-08T12:53:02","modified_gmt":"2026-04-08T10:53:02","slug":"prefeeder-4350","status":"publish","type":"product","link":"https:\/\/smans.com\/fr\/product\/prefeeder-4350\/","title":{"rendered":"Schleuniger - PreFeeder 4350"},"content":{"rendered":"<p>Le syst\u00e8me se distingue par sa conception simple et sa facilit\u00e9 d&rsquo;utilisation. Pour faciliter la manipulation des bobines et des changements rapides, tous les axes sont entra\u00een\u00e9s \u00e9lectriquement. Le PreFeeder 4350 est con\u00e7u sans arbre pour faciliter le chargement et le d\u00e9chargement des bobines.<br \/>L&rsquo;accumulateur de c\u00e2ble int\u00e9gr\u00e9 contr\u00f4le la vitesse du moteur d&rsquo;entra\u00eenement du d\u00e9roulage.<\/p>\n<p>Les fonctions de surveillance int\u00e9gr\u00e9es au syst\u00e8me de contr\u00f4le assurent un fonctionnement s\u00fbr et fiable. Gr\u00e2ce \u00e0 ce concept, une solution rentable pour une large gamme d&rsquo;applications est disponible.<\/p>\n","protected":false},"excerpt":{"rendered":"<p>Le PreFeeder 4350 est un puissant syst\u00e8me d&rsquo;alimentation en c\u00e2ble pour des bobines pesant jusqu&rsquo;\u00e0 400 kg.<\/p>\n","protected":false},"featured_media":0,"template":"","meta":{"_acf_changed":false},"pwb-brand":[18298],"product_brand":[],"product_cat":[17990,18019,17998],"product_tag":[],"class_list":{"0":"post-26238","1":"product","2":"type-product","3":"status-publish","5":"pwb-brand-brand-schleuniger-fr","6":"product_cat-cables-et-cablage-fr","7":"product_cat-prefeeding-systems-fr","8":"product_cat-traitement-de-cables-fr","10":"first","11":"instock","12":"taxable","13":"shipping-taxable","14":"product-type-simple"},"acf":[],"yoast_head":"<!-- This site is optimized with the Yoast SEO plugin v27.1.1 - https:\/\/yoast.com\/product\/yoast-seo-wordpress\/ -->\n<title>PreFeeder 4350 - Smans<\/title>\n<meta name=\"robots\" content=\"index, follow, max-snippet:-1, max-image-preview:large, max-video-preview:-1\" \/>\n<link rel=\"canonical\" href=\"https:\/\/smans.com\/fr\/product\/prefeeder-4350\/\" \/>\n<meta property=\"og:locale\" content=\"fr_FR\" \/>\n<meta property=\"og:type\" content=\"article\" \/>\n<meta property=\"og:title\" content=\"PreFeeder 4350 - Smans\" \/>\n<meta property=\"og:description\" content=\"Le PreFeeder 4350 est un puissant syst\u00e8me d&#039;alimentation en c\u00e2ble pour des bobines pesant jusqu&#039;\u00e0 400 kg.\" \/>\n<meta property=\"og:url\" content=\"https:\/\/smans.com\/fr\/product\/prefeeder-4350\/\" \/>\n<meta property=\"og:site_name\" content=\"Smans\" \/>\n<meta property=\"article:modified_time\" content=\"2026-04-08T10:53:02+00:00\" \/>\n<meta name=\"twitter:card\" content=\"summary_large_image\" \/>\n<script type=\"application\/ld+json\" class=\"yoast-schema-graph\">{\"@context\":\"https:\/\/schema.org\",\"@graph\":[{\"@type\":\"WebPage\",\"@id\":\"https:\/\/smans.com\/fr\/product\/prefeeder-4350\/\",\"url\":\"https:\/\/smans.com\/fr\/product\/prefeeder-4350\/\",\"name\":\"PreFeeder 4350 - Smans\",\"isPartOf\":{\"@id\":\"https:\/\/smans.com\/nl\/#website\"},\"datePublished\":\"2024-07-24T00:42:09+00:00\",\"dateModified\":\"2026-04-08T10:53:02+00:00\",\"breadcrumb\":{\"@id\":\"https:\/\/smans.com\/fr\/product\/prefeeder-4350\/#breadcrumb\"},\"inLanguage\":\"fr-FR\",\"potentialAction\":[{\"@type\":\"ReadAction\",\"target\":[\"https:\/\/smans.com\/fr\/product\/prefeeder-4350\/\"]}]},{\"@type\":\"BreadcrumbList\",\"@id\":\"https:\/\/smans.com\/fr\/product\/prefeeder-4350\/#breadcrumb\",\"itemListElement\":[{\"@type\":\"ListItem\",\"position\":1,\"name\":\"Home\",\"item\":\"https:\/\/smans.com\/fr\/\"},{\"@type\":\"ListItem\",\"position\":2,\"name\":\"Boutique\",\"item\":\"https:\/\/smans.com\/nl\/shop\/\"},{\"@type\":\"ListItem\",\"position\":3,\"name\":\"Schleuniger - PreFeeder 4350\"}]},{\"@type\":\"WebSite\",\"@id\":\"https:\/\/smans.com\/nl\/#website\",\"url\":\"https:\/\/smans.com\/nl\/\",\"name\":\"Smans\",\"description\":\"\",\"publisher\":{\"@id\":\"https:\/\/smans.com\/nl\/#organization\"},\"potentialAction\":[{\"@type\":\"SearchAction\",\"target\":{\"@type\":\"EntryPoint\",\"urlTemplate\":\"https:\/\/smans.com\/nl\/?s={search_term_string}\"},\"query-input\":{\"@type\":\"PropertyValueSpecification\",\"valueRequired\":true,\"valueName\":\"search_term_string\"}}],\"inLanguage\":\"fr-FR\"},{\"@type\":\"Organization\",\"@id\":\"https:\/\/smans.com\/nl\/#organization\",\"name\":\"Smans\",\"url\":\"https:\/\/smans.com\/nl\/\",\"logo\":{\"@type\":\"ImageObject\",\"inLanguage\":\"fr-FR\",\"@id\":\"https:\/\/smans.com\/nl\/#\/schema\/logo\/image\/\",\"url\":\"https:\/\/smans.com\/wp-content\/uploads\/2023\/09\/logo.svg\",\"contentUrl\":\"https:\/\/smans.com\/wp-content\/uploads\/2023\/09\/logo.svg\",\"caption\":\"Smans\"},\"image\":{\"@id\":\"https:\/\/smans.com\/nl\/#\/schema\/logo\/image\/\"}}]}<\/script>\n<!-- \/ Yoast SEO plugin. -->","yoast_head_json":{"title":"PreFeeder 4350 - Smans","robots":{"index":"index","follow":"follow","max-snippet":"max-snippet:-1","max-image-preview":"max-image-preview:large","max-video-preview":"max-video-preview:-1"},"canonical":"https:\/\/smans.com\/fr\/product\/prefeeder-4350\/","og_locale":"fr_FR","og_type":"article","og_title":"PreFeeder 4350 - Smans","og_description":"Le PreFeeder 4350 est un puissant syst\u00e8me d'alimentation en c\u00e2ble pour des bobines pesant jusqu'\u00e0 400 kg.","og_url":"https:\/\/smans.com\/fr\/product\/prefeeder-4350\/","og_site_name":"Smans","article_modified_time":"2026-04-08T10:53:02+00:00","twitter_card":"summary_large_image","schema":{"@context":"https:\/\/schema.org","@graph":[{"@type":"WebPage","@id":"https:\/\/smans.com\/fr\/product\/prefeeder-4350\/","url":"https:\/\/smans.com\/fr\/product\/prefeeder-4350\/","name":"PreFeeder 4350 - Smans","isPartOf":{"@id":"https:\/\/smans.com\/nl\/#website"},"datePublished":"2024-07-24T00:42:09+00:00","dateModified":"2026-04-08T10:53:02+00:00","breadcrumb":{"@id":"https:\/\/smans.com\/fr\/product\/prefeeder-4350\/#breadcrumb"},"inLanguage":"fr-FR","potentialAction":[{"@type":"ReadAction","target":["https:\/\/smans.com\/fr\/product\/prefeeder-4350\/"]}]},{"@type":"BreadcrumbList","@id":"https:\/\/smans.com\/fr\/product\/prefeeder-4350\/#breadcrumb","itemListElement":[{"@type":"ListItem","position":1,"name":"Home","item":"https:\/\/smans.com\/fr\/"},{"@type":"ListItem","position":2,"name":"Boutique","item":"https:\/\/smans.com\/nl\/shop\/"},{"@type":"ListItem","position":3,"name":"Schleuniger - PreFeeder 4350"}]},{"@type":"WebSite","@id":"https:\/\/smans.com\/nl\/#website","url":"https:\/\/smans.com\/nl\/","name":"Smans","description":"","publisher":{"@id":"https:\/\/smans.com\/nl\/#organization"},"potentialAction":[{"@type":"SearchAction","target":{"@type":"EntryPoint","urlTemplate":"https:\/\/smans.com\/nl\/?s={search_term_string}"},"query-input":{"@type":"PropertyValueSpecification","valueRequired":true,"valueName":"search_term_string"}}],"inLanguage":"fr-FR"},{"@type":"Organization","@id":"https:\/\/smans.com\/nl\/#organization","name":"Smans","url":"https:\/\/smans.com\/nl\/","logo":{"@type":"ImageObject","inLanguage":"fr-FR","@id":"https:\/\/smans.com\/nl\/#\/schema\/logo\/image\/","url":"https:\/\/smans.com\/wp-content\/uploads\/2023\/09\/logo.svg","contentUrl":"https:\/\/smans.com\/wp-content\/uploads\/2023\/09\/logo.svg","caption":"Smans"},"image":{"@id":"https:\/\/smans.com\/nl\/#\/schema\/logo\/image\/"}}]}},"brands":[{"id":18298,"name":"Schleuniger","slug":"brand-schleuniger-fr"}],"_links":{"self":[{"href":"https:\/\/smans.com\/fr\/wp-json\/wp\/v2\/product\/26238","targetHints":{"allow":["GET"]}}],"collection":[{"href":"https:\/\/smans.com\/fr\/wp-json\/wp\/v2\/product"}],"about":[{"href":"https:\/\/smans.com\/fr\/wp-json\/wp\/v2\/types\/product"}],"wp:attachment":[{"href":"https:\/\/smans.com\/fr\/wp-json\/wp\/v2\/media?parent=26238"}],"wp:term":[{"taxonomy":"pwb-brand","embeddable":true,"href":"https:\/\/smans.com\/fr\/wp-json\/wp\/v2\/pwb-brand?post=26238"},{"taxonomy":"product_brand","embeddable":true,"href":"https:\/\/smans.com\/fr\/wp-json\/wp\/v2\/product_brand?post=26238"},{"taxonomy":"product_cat","embeddable":true,"href":"https:\/\/smans.com\/fr\/wp-json\/wp\/v2\/product_cat?post=26238"},{"taxonomy":"product_tag","embeddable":true,"href":"https:\/\/smans.com\/fr\/wp-json\/wp\/v2\/product_tag?post=26238"}],"curies":[{"name":"wp","href":"https:\/\/api.w.org\/{rel}","templated":true}]}}