{"id":26239,"date":"2024-07-24T02:42:11","date_gmt":"2024-07-24T00:42:11","guid":{"rendered":"https:\/\/smans.com\/product\/cut-strip-machine-multistrip-9480\/"},"modified":"2026-04-08T12:53:02","modified_gmt":"2026-04-08T10:53:02","slug":"cut-strip-machine-multistrip-9480","status":"publish","type":"product","link":"https:\/\/smans.com\/fr\/product\/cut-strip-machine-multistrip-9480\/","title":{"rendered":"Schleuniger - Cut &amp; Strip Machine MultiStrip 9480"},"content":{"rendered":"<p data-start=\"2944\" data-end=\"3213\">La famille MultiStrip 9480 propose six versions de machines adapt\u00e9es \u00e0 une large gamme d&rsquo;applications et de budgets. Avec de nombreuses options et accessoires suppl\u00e9mentaires, la MultiStrip 9480 est la plateforme de d\u00e9coupe et de d\u00e9nudage la plus polyvalente du march\u00e9.<\/p>\n<p data-start=\"3215\" data-end=\"3251\"><strong data-start=\"3215\" data-end=\"3249\">Caract\u00e9ristiques principales :<\/strong><\/p>\n<ul data-start=\"3252\" data-end=\"3717\">\n<li data-start=\"3252\" data-end=\"3448\"><strong data-start=\"3254\" data-end=\"3310\">Unit\u00e9 d&rsquo;incision rotative enti\u00e8rement programmable :<\/strong> Permet de traiter les applications coaxiales et multicouches avec une grande pr\u00e9cision (disponible sur les versions MR, RS, RSX et RX).<\/li>\n<li data-start=\"3449\" data-end=\"3552\"><strong data-start=\"3451\" data-end=\"3492\">T\u00eate de coupe \u00e0 plusieurs positions :<\/strong> Offre une gamme presque infinie d&rsquo;applications possibles.<\/li>\n<li data-start=\"3553\" data-end=\"3717\"><strong data-start=\"3555\" data-end=\"3585\">Possibilit\u00e9s d&rsquo;extension :<\/strong> Connexion facile aux accessoires de Schleuniger pour cr\u00e9er une ligne de production de traitement de c\u00e2bles enti\u00e8rement automatis\u00e9e.<\/li>\n<\/ul>\n<p data-start=\"3719\" data-end=\"3736\"><strong data-start=\"3719\" data-end=\"3734\">Avantages :<\/strong><\/p>\n<ul data-start=\"3737\" data-end=\"4412\" data-is-last-node=\"\">\n<li data-start=\"3737\" data-end=\"3853\"><strong data-start=\"3739\" data-end=\"3772\">\u00c9largissez vos possibilit\u00e9s :<\/strong> La t\u00eate de coupe \u00e0 plusieurs positions permet presque toutes les applications.<\/li>\n<li data-start=\"3854\" data-end=\"3993\"><strong data-start=\"3856\" data-end=\"3890\">Maximisez votre productivit\u00e9 :<\/strong> R\u00e9duisez les temps de changement et maximisez la production gr\u00e2ce \u00e0 des r\u00e9glages rapides et simples.<\/li>\n<li data-start=\"3994\" data-end=\"4241\"><strong data-start=\"3996\" data-end=\"4032\">Simplifiez votre programmation :<\/strong> Chaque version de la machine est \u00e9quip\u00e9e d&rsquo;un logiciel de commande puissant, facile \u00e0 utiliser pour les experts comme pour les d\u00e9butants. Compatible avec le MES CAO via le serveur SMG et le logiciel CAYMAN.<\/li>\n<li data-start=\"4242\" data-end=\"4412\" data-is-last-node=\"\"><strong data-start=\"4244\" data-end=\"4280\">La pr\u00e9cision est notre passion :<\/strong> Ne perdez pas de temps avec un traitement de c\u00e2ble impr\u00e9cis. Soyez pr\u00e9cis, car chez Schleuniger, la pr\u00e9cision est notre priorit\u00e9.<\/li>\n<\/ul>\n","protected":false},"excerpt":{"rendered":"<p>La machine \u00e0 d\u00e9couper et \u00e0 d\u00e9nuder la plus polyvalente du march\u00e9<\/p>\n","protected":false},"featured_media":0,"template":"","meta":{"_acf_changed":false},"pwb-brand":[18298],"product_brand":[],"product_cat":[17990,17993,18039],"product_tag":[],"class_list":{"0":"post-26239","1":"product","2":"type-product","3":"status-publish","5":"pwb-brand-brand-schleuniger-fr","6":"product_cat-cables-et-cablage-fr","7":"product_cat-couper-denuder-sertissage-fr","8":"product_cat-cut-strip-fr","10":"first","11":"instock","12":"taxable","13":"shipping-taxable","14":"product-type-simple"},"acf":[],"yoast_head":"<!-- This site is optimized with the Yoast SEO plugin v27.1.1 - https:\/\/yoast.com\/product\/yoast-seo-wordpress\/ -->\n<title>Cut &amp; Strip Machine MultiStrip 9480 - Smans<\/title>\n<meta name=\"robots\" content=\"index, follow, max-snippet:-1, max-image-preview:large, max-video-preview:-1\" \/>\n<link rel=\"canonical\" href=\"https:\/\/smans.com\/fr\/product\/cut-strip-machine-multistrip-9480\/\" \/>\n<meta property=\"og:locale\" content=\"fr_FR\" \/>\n<meta property=\"og:type\" content=\"article\" \/>\n<meta property=\"og:title\" content=\"Cut &amp; Strip Machine MultiStrip 9480 - Smans\" \/>\n<meta property=\"og:description\" content=\"La machine \u00e0 d\u00e9couper et \u00e0 d\u00e9nuder la plus polyvalente du march\u00e9\" \/>\n<meta property=\"og:url\" content=\"https:\/\/smans.com\/fr\/product\/cut-strip-machine-multistrip-9480\/\" \/>\n<meta property=\"og:site_name\" content=\"Smans\" \/>\n<meta property=\"article:modified_time\" content=\"2026-04-08T10:53:02+00:00\" \/>\n<meta name=\"twitter:card\" content=\"summary_large_image\" \/>\n<meta name=\"twitter:label1\" content=\"Dur\u00e9e de lecture estim\u00e9e\" \/>\n\t<meta name=\"twitter:data1\" content=\"1 minute\" \/>\n<script type=\"application\/ld+json\" class=\"yoast-schema-graph\">{\"@context\":\"https:\/\/schema.org\",\"@graph\":[{\"@type\":\"WebPage\",\"@id\":\"https:\/\/smans.com\/fr\/product\/cut-strip-machine-multistrip-9480\/\",\"url\":\"https:\/\/smans.com\/fr\/product\/cut-strip-machine-multistrip-9480\/\",\"name\":\"Cut &amp; Strip Machine MultiStrip 9480 - Smans\",\"isPartOf\":{\"@id\":\"https:\/\/smans.com\/nl\/#website\"},\"datePublished\":\"2024-07-24T00:42:11+00:00\",\"dateModified\":\"2026-04-08T10:53:02+00:00\",\"breadcrumb\":{\"@id\":\"https:\/\/smans.com\/fr\/product\/cut-strip-machine-multistrip-9480\/#breadcrumb\"},\"inLanguage\":\"fr-FR\",\"potentialAction\":[{\"@type\":\"ReadAction\",\"target\":[\"https:\/\/smans.com\/fr\/product\/cut-strip-machine-multistrip-9480\/\"]}]},{\"@type\":\"BreadcrumbList\",\"@id\":\"https:\/\/smans.com\/fr\/product\/cut-strip-machine-multistrip-9480\/#breadcrumb\",\"itemListElement\":[{\"@type\":\"ListItem\",\"position\":1,\"name\":\"Home\",\"item\":\"https:\/\/smans.com\/fr\/\"},{\"@type\":\"ListItem\",\"position\":2,\"name\":\"Boutique\",\"item\":\"https:\/\/smans.com\/nl\/shop\/\"},{\"@type\":\"ListItem\",\"position\":3,\"name\":\"Schleuniger - Cut &amp; Strip Machine MultiStrip 9480\"}]},{\"@type\":\"WebSite\",\"@id\":\"https:\/\/smans.com\/nl\/#website\",\"url\":\"https:\/\/smans.com\/nl\/\",\"name\":\"Smans\",\"description\":\"\",\"publisher\":{\"@id\":\"https:\/\/smans.com\/nl\/#organization\"},\"potentialAction\":[{\"@type\":\"SearchAction\",\"target\":{\"@type\":\"EntryPoint\",\"urlTemplate\":\"https:\/\/smans.com\/nl\/?s={search_term_string}\"},\"query-input\":{\"@type\":\"PropertyValueSpecification\",\"valueRequired\":true,\"valueName\":\"search_term_string\"}}],\"inLanguage\":\"fr-FR\"},{\"@type\":\"Organization\",\"@id\":\"https:\/\/smans.com\/nl\/#organization\",\"name\":\"Smans\",\"url\":\"https:\/\/smans.com\/nl\/\",\"logo\":{\"@type\":\"ImageObject\",\"inLanguage\":\"fr-FR\",\"@id\":\"https:\/\/smans.com\/nl\/#\/schema\/logo\/image\/\",\"url\":\"https:\/\/smans.com\/wp-content\/uploads\/2023\/09\/logo.svg\",\"contentUrl\":\"https:\/\/smans.com\/wp-content\/uploads\/2023\/09\/logo.svg\",\"caption\":\"Smans\"},\"image\":{\"@id\":\"https:\/\/smans.com\/nl\/#\/schema\/logo\/image\/\"}}]}<\/script>\n<!-- \/ Yoast SEO plugin. -->","yoast_head_json":{"title":"Cut &amp; Strip Machine MultiStrip 9480 - Smans","robots":{"index":"index","follow":"follow","max-snippet":"max-snippet:-1","max-image-preview":"max-image-preview:large","max-video-preview":"max-video-preview:-1"},"canonical":"https:\/\/smans.com\/fr\/product\/cut-strip-machine-multistrip-9480\/","og_locale":"fr_FR","og_type":"article","og_title":"Cut &amp; Strip Machine MultiStrip 9480 - Smans","og_description":"La machine \u00e0 d\u00e9couper et \u00e0 d\u00e9nuder la plus polyvalente du march\u00e9","og_url":"https:\/\/smans.com\/fr\/product\/cut-strip-machine-multistrip-9480\/","og_site_name":"Smans","article_modified_time":"2026-04-08T10:53:02+00:00","twitter_card":"summary_large_image","twitter_misc":{"Dur\u00e9e de lecture estim\u00e9e":"1 minute"},"schema":{"@context":"https:\/\/schema.org","@graph":[{"@type":"WebPage","@id":"https:\/\/smans.com\/fr\/product\/cut-strip-machine-multistrip-9480\/","url":"https:\/\/smans.com\/fr\/product\/cut-strip-machine-multistrip-9480\/","name":"Cut &amp; Strip Machine MultiStrip 9480 - Smans","isPartOf":{"@id":"https:\/\/smans.com\/nl\/#website"},"datePublished":"2024-07-24T00:42:11+00:00","dateModified":"2026-04-08T10:53:02+00:00","breadcrumb":{"@id":"https:\/\/smans.com\/fr\/product\/cut-strip-machine-multistrip-9480\/#breadcrumb"},"inLanguage":"fr-FR","potentialAction":[{"@type":"ReadAction","target":["https:\/\/smans.com\/fr\/product\/cut-strip-machine-multistrip-9480\/"]}]},{"@type":"BreadcrumbList","@id":"https:\/\/smans.com\/fr\/product\/cut-strip-machine-multistrip-9480\/#breadcrumb","itemListElement":[{"@type":"ListItem","position":1,"name":"Home","item":"https:\/\/smans.com\/fr\/"},{"@type":"ListItem","position":2,"name":"Boutique","item":"https:\/\/smans.com\/nl\/shop\/"},{"@type":"ListItem","position":3,"name":"Schleuniger - Cut &amp; Strip Machine MultiStrip 9480"}]},{"@type":"WebSite","@id":"https:\/\/smans.com\/nl\/#website","url":"https:\/\/smans.com\/nl\/","name":"Smans","description":"","publisher":{"@id":"https:\/\/smans.com\/nl\/#organization"},"potentialAction":[{"@type":"SearchAction","target":{"@type":"EntryPoint","urlTemplate":"https:\/\/smans.com\/nl\/?s={search_term_string}"},"query-input":{"@type":"PropertyValueSpecification","valueRequired":true,"valueName":"search_term_string"}}],"inLanguage":"fr-FR"},{"@type":"Organization","@id":"https:\/\/smans.com\/nl\/#organization","name":"Smans","url":"https:\/\/smans.com\/nl\/","logo":{"@type":"ImageObject","inLanguage":"fr-FR","@id":"https:\/\/smans.com\/nl\/#\/schema\/logo\/image\/","url":"https:\/\/smans.com\/wp-content\/uploads\/2023\/09\/logo.svg","contentUrl":"https:\/\/smans.com\/wp-content\/uploads\/2023\/09\/logo.svg","caption":"Smans"},"image":{"@id":"https:\/\/smans.com\/nl\/#\/schema\/logo\/image\/"}}]}},"brands":[{"id":18298,"name":"Schleuniger","slug":"brand-schleuniger-fr"}],"_links":{"self":[{"href":"https:\/\/smans.com\/fr\/wp-json\/wp\/v2\/product\/26239","targetHints":{"allow":["GET"]}}],"collection":[{"href":"https:\/\/smans.com\/fr\/wp-json\/wp\/v2\/product"}],"about":[{"href":"https:\/\/smans.com\/fr\/wp-json\/wp\/v2\/types\/product"}],"wp:attachment":[{"href":"https:\/\/smans.com\/fr\/wp-json\/wp\/v2\/media?parent=26239"}],"wp:term":[{"taxonomy":"pwb-brand","embeddable":true,"href":"https:\/\/smans.com\/fr\/wp-json\/wp\/v2\/pwb-brand?post=26239"},{"taxonomy":"product_brand","embeddable":true,"href":"https:\/\/smans.com\/fr\/wp-json\/wp\/v2\/product_brand?post=26239"},{"taxonomy":"product_cat","embeddable":true,"href":"https:\/\/smans.com\/fr\/wp-json\/wp\/v2\/product_cat?post=26239"},{"taxonomy":"product_tag","embeddable":true,"href":"https:\/\/smans.com\/fr\/wp-json\/wp\/v2\/product_tag?post=26239"}],"curies":[{"name":"wp","href":"https:\/\/api.w.org\/{rel}","templated":true}]}}