{"id":26240,"date":"2024-07-24T02:42:12","date_gmt":"2024-07-24T00:42:12","guid":{"rendered":"https:\/\/smans.com\/product\/ecostrip-9380\/"},"modified":"2026-04-11T12:33:49","modified_gmt":"2026-04-11T10:33:49","slug":"ecostrip-9380","status":"publish","type":"product","link":"https:\/\/smans.com\/fr\/product\/ecostrip-9380\/","title":{"rendered":"Schleuniger - EcoStrip 9380"},"content":{"rendered":"<p data-start=\"2640\" data-end=\"3187\">L&rsquo;EcoStrip 9380 est un mod\u00e8le d&rsquo;entr\u00e9e de gamme performant pour les applications de d\u00e9coupe et de d\u00e9nudage qui doivent r\u00e9pondre \u00e0 des normes professionnelles. Son prix attractif et sa haute qualit\u00e9 de d\u00e9coupe et de d\u00e9nudage en font le choix id\u00e9al tant pour les d\u00e9butants que pour les professionnels du secteur de la d\u00e9coupe et du d\u00e9nudage. L&rsquo;EcoStrip 9380 combine astucieusement les derni\u00e8res technologies avec la pr\u00e9cision renomm\u00e9e de Schleuniger, rendant le traitement d&rsquo;un large \u00e9ventail d&rsquo;applications d&rsquo;entr\u00e9e de gamme plus facile que jamais.<\/p>\n<p data-start=\"3189\" data-end=\"3225\"><strong data-start=\"3189\" data-end=\"3223\">Caract\u00e9ristiques principales :<\/strong><\/p>\n<ul data-start=\"3226\" data-end=\"3980\" data-is-last-node=\"\">\n<li data-start=\"3226\" data-end=\"3365\"><strong data-start=\"3228\" data-end=\"3266\">Unit\u00e9 d&rsquo;alimentation trois-en-un :<\/strong> Configurable avec alimentation par rouleaux ou par bande, facilement modifiable par l&rsquo;op\u00e9rateur.<\/li>\n<li data-start=\"3366\" data-end=\"3609\"><strong data-start=\"3368\" data-end=\"3407\">Excellente ratio prix\/performance :<\/strong> L&rsquo;EcoStrip 9380 surpasse les mod\u00e8les pr\u00e9c\u00e9dents de 20 % en termes de performances, peut traiter deux fils en parall\u00e8le et est compatible avec une large gamme d&rsquo;accessoires de pr\u00e9- et post-traitement.<\/li>\n<li data-start=\"3610\" data-end=\"3729\"><strong data-start=\"3612\" data-end=\"3640\">Facilit\u00e9 d\u2019utilisation :<\/strong> Facile \u00e0 utiliser via l&rsquo;\u00e9cran tactile couleur de 5,7&Prime; et le logiciel Schleuniger S.ON.<\/li>\n<li data-start=\"3730\" data-end=\"3896\"><strong data-start=\"3732\" data-end=\"3762\">Pr\u00e9cision sans compromis :<\/strong> Aliment\u00e9 par la plateforme \u00e9prouv\u00e9e Bricks de Schleuniger, avec un porte-lame haute r\u00e9solution et des composants de guidage pr\u00e9cis.<\/li>\n<li data-start=\"3897\" data-end=\"3980\" data-is-last-node=\"\"><strong data-start=\"3899\" data-end=\"3918\">Compatibilit\u00e9 :<\/strong> Compatible avec MES CAO via SMG Server et le logiciel CAYMAN.<\/li>\n<\/ul>\n","protected":false},"excerpt":{"rendered":"<p>Machine \u00e0 couper et \u00e0 d\u00e9nuder<\/p>\n","protected":false},"featured_media":0,"template":"","meta":{"_acf_changed":false},"pwb-brand":[18298],"product_brand":[],"product_cat":[17990,17993,18039],"product_tag":[],"class_list":{"0":"post-26240","1":"product","2":"type-product","3":"status-publish","5":"pwb-brand-brand-schleuniger-fr","6":"product_cat-cables-et-cablage-fr","7":"product_cat-couper-denuder-sertissage-fr","8":"product_cat-cut-strip-fr","10":"first","11":"instock","12":"taxable","13":"shipping-taxable","14":"product-type-simple"},"acf":[],"yoast_head":"<!-- This site is optimized with the Yoast SEO plugin v27.1.1 - https:\/\/yoast.com\/product\/yoast-seo-wordpress\/ -->\n<title>EcoStrip 9380 - Smans<\/title>\n<meta name=\"robots\" content=\"index, follow, max-snippet:-1, max-image-preview:large, max-video-preview:-1\" \/>\n<link rel=\"canonical\" href=\"https:\/\/smans.com\/fr\/product\/ecostrip-9380\/\" \/>\n<meta property=\"og:locale\" content=\"fr_FR\" \/>\n<meta property=\"og:type\" content=\"article\" \/>\n<meta property=\"og:title\" content=\"EcoStrip 9380 - Smans\" \/>\n<meta property=\"og:description\" content=\"Machine \u00e0 couper et \u00e0 d\u00e9nuder\" \/>\n<meta property=\"og:url\" content=\"https:\/\/smans.com\/fr\/product\/ecostrip-9380\/\" \/>\n<meta property=\"og:site_name\" content=\"Smans\" \/>\n<meta property=\"article:modified_time\" content=\"2026-04-11T10:33:49+00:00\" \/>\n<meta name=\"twitter:card\" content=\"summary_large_image\" \/>\n<meta name=\"twitter:label1\" content=\"Dur\u00e9e de lecture estim\u00e9e\" \/>\n\t<meta name=\"twitter:data1\" content=\"1 minute\" \/>\n<script type=\"application\/ld+json\" class=\"yoast-schema-graph\">{\"@context\":\"https:\/\/schema.org\",\"@graph\":[{\"@type\":\"WebPage\",\"@id\":\"https:\/\/smans.com\/fr\/product\/ecostrip-9380\/\",\"url\":\"https:\/\/smans.com\/fr\/product\/ecostrip-9380\/\",\"name\":\"EcoStrip 9380 - Smans\",\"isPartOf\":{\"@id\":\"https:\/\/smans.com\/nl\/#website\"},\"datePublished\":\"2024-07-24T00:42:12+00:00\",\"dateModified\":\"2026-04-11T10:33:49+00:00\",\"breadcrumb\":{\"@id\":\"https:\/\/smans.com\/fr\/product\/ecostrip-9380\/#breadcrumb\"},\"inLanguage\":\"fr-FR\",\"potentialAction\":[{\"@type\":\"ReadAction\",\"target\":[\"https:\/\/smans.com\/fr\/product\/ecostrip-9380\/\"]}]},{\"@type\":\"BreadcrumbList\",\"@id\":\"https:\/\/smans.com\/fr\/product\/ecostrip-9380\/#breadcrumb\",\"itemListElement\":[{\"@type\":\"ListItem\",\"position\":1,\"name\":\"Home\",\"item\":\"https:\/\/smans.com\/fr\/\"},{\"@type\":\"ListItem\",\"position\":2,\"name\":\"Boutique\",\"item\":\"https:\/\/smans.com\/nl\/shop\/\"},{\"@type\":\"ListItem\",\"position\":3,\"name\":\"Schleuniger - EcoStrip 9380\"}]},{\"@type\":\"WebSite\",\"@id\":\"https:\/\/smans.com\/nl\/#website\",\"url\":\"https:\/\/smans.com\/nl\/\",\"name\":\"Smans\",\"description\":\"\",\"publisher\":{\"@id\":\"https:\/\/smans.com\/nl\/#organization\"},\"potentialAction\":[{\"@type\":\"SearchAction\",\"target\":{\"@type\":\"EntryPoint\",\"urlTemplate\":\"https:\/\/smans.com\/nl\/?s={search_term_string}\"},\"query-input\":{\"@type\":\"PropertyValueSpecification\",\"valueRequired\":true,\"valueName\":\"search_term_string\"}}],\"inLanguage\":\"fr-FR\"},{\"@type\":\"Organization\",\"@id\":\"https:\/\/smans.com\/nl\/#organization\",\"name\":\"Smans\",\"url\":\"https:\/\/smans.com\/nl\/\",\"logo\":{\"@type\":\"ImageObject\",\"inLanguage\":\"fr-FR\",\"@id\":\"https:\/\/smans.com\/nl\/#\/schema\/logo\/image\/\",\"url\":\"https:\/\/smans.com\/wp-content\/uploads\/2023\/09\/logo.svg\",\"contentUrl\":\"https:\/\/smans.com\/wp-content\/uploads\/2023\/09\/logo.svg\",\"caption\":\"Smans\"},\"image\":{\"@id\":\"https:\/\/smans.com\/nl\/#\/schema\/logo\/image\/\"}}]}<\/script>\n<!-- \/ Yoast SEO plugin. -->","yoast_head_json":{"title":"EcoStrip 9380 - Smans","robots":{"index":"index","follow":"follow","max-snippet":"max-snippet:-1","max-image-preview":"max-image-preview:large","max-video-preview":"max-video-preview:-1"},"canonical":"https:\/\/smans.com\/fr\/product\/ecostrip-9380\/","og_locale":"fr_FR","og_type":"article","og_title":"EcoStrip 9380 - Smans","og_description":"Machine \u00e0 couper et \u00e0 d\u00e9nuder","og_url":"https:\/\/smans.com\/fr\/product\/ecostrip-9380\/","og_site_name":"Smans","article_modified_time":"2026-04-11T10:33:49+00:00","twitter_card":"summary_large_image","twitter_misc":{"Dur\u00e9e de lecture estim\u00e9e":"1 minute"},"schema":{"@context":"https:\/\/schema.org","@graph":[{"@type":"WebPage","@id":"https:\/\/smans.com\/fr\/product\/ecostrip-9380\/","url":"https:\/\/smans.com\/fr\/product\/ecostrip-9380\/","name":"EcoStrip 9380 - Smans","isPartOf":{"@id":"https:\/\/smans.com\/nl\/#website"},"datePublished":"2024-07-24T00:42:12+00:00","dateModified":"2026-04-11T10:33:49+00:00","breadcrumb":{"@id":"https:\/\/smans.com\/fr\/product\/ecostrip-9380\/#breadcrumb"},"inLanguage":"fr-FR","potentialAction":[{"@type":"ReadAction","target":["https:\/\/smans.com\/fr\/product\/ecostrip-9380\/"]}]},{"@type":"BreadcrumbList","@id":"https:\/\/smans.com\/fr\/product\/ecostrip-9380\/#breadcrumb","itemListElement":[{"@type":"ListItem","position":1,"name":"Home","item":"https:\/\/smans.com\/fr\/"},{"@type":"ListItem","position":2,"name":"Boutique","item":"https:\/\/smans.com\/nl\/shop\/"},{"@type":"ListItem","position":3,"name":"Schleuniger - EcoStrip 9380"}]},{"@type":"WebSite","@id":"https:\/\/smans.com\/nl\/#website","url":"https:\/\/smans.com\/nl\/","name":"Smans","description":"","publisher":{"@id":"https:\/\/smans.com\/nl\/#organization"},"potentialAction":[{"@type":"SearchAction","target":{"@type":"EntryPoint","urlTemplate":"https:\/\/smans.com\/nl\/?s={search_term_string}"},"query-input":{"@type":"PropertyValueSpecification","valueRequired":true,"valueName":"search_term_string"}}],"inLanguage":"fr-FR"},{"@type":"Organization","@id":"https:\/\/smans.com\/nl\/#organization","name":"Smans","url":"https:\/\/smans.com\/nl\/","logo":{"@type":"ImageObject","inLanguage":"fr-FR","@id":"https:\/\/smans.com\/nl\/#\/schema\/logo\/image\/","url":"https:\/\/smans.com\/wp-content\/uploads\/2023\/09\/logo.svg","contentUrl":"https:\/\/smans.com\/wp-content\/uploads\/2023\/09\/logo.svg","caption":"Smans"},"image":{"@id":"https:\/\/smans.com\/nl\/#\/schema\/logo\/image\/"}}]}},"brands":[{"id":18298,"name":"Schleuniger","slug":"brand-schleuniger-fr"}],"_links":{"self":[{"href":"https:\/\/smans.com\/fr\/wp-json\/wp\/v2\/product\/26240","targetHints":{"allow":["GET"]}}],"collection":[{"href":"https:\/\/smans.com\/fr\/wp-json\/wp\/v2\/product"}],"about":[{"href":"https:\/\/smans.com\/fr\/wp-json\/wp\/v2\/types\/product"}],"wp:attachment":[{"href":"https:\/\/smans.com\/fr\/wp-json\/wp\/v2\/media?parent=26240"}],"wp:term":[{"taxonomy":"pwb-brand","embeddable":true,"href":"https:\/\/smans.com\/fr\/wp-json\/wp\/v2\/pwb-brand?post=26240"},{"taxonomy":"product_brand","embeddable":true,"href":"https:\/\/smans.com\/fr\/wp-json\/wp\/v2\/product_brand?post=26240"},{"taxonomy":"product_cat","embeddable":true,"href":"https:\/\/smans.com\/fr\/wp-json\/wp\/v2\/product_cat?post=26240"},{"taxonomy":"product_tag","embeddable":true,"href":"https:\/\/smans.com\/fr\/wp-json\/wp\/v2\/product_tag?post=26240"}],"curies":[{"name":"wp","href":"https:\/\/api.w.org\/{rel}","templated":true}]}}