{"id":26247,"date":"2024-07-24T02:42:25","date_gmt":"2024-07-24T00:42:25","guid":{"rendered":"https:\/\/smans.com\/product\/sealing-station-for-crimpcenter-sealload-3100\/"},"modified":"2026-04-10T13:12:15","modified_gmt":"2026-04-10T11:12:15","slug":"sealing-station-for-crimpcenter-sealload-3100","status":"publish","type":"product","link":"https:\/\/smans.com\/fr\/product\/sealing-station-for-crimpcenter-sealload-3100\/","title":{"rendered":"Schleuniger - Sealing Station for CrimpCenter SealLoad 3100"},"content":{"rendered":"<p>La station de chargement des scell\u00e9s de la s\u00e9rie CrimpCenter transporte et oriente les scell\u00e9s en vrac et les positionne sur les fils d\u00e9j\u00e0 d\u00e9nud\u00e9s. Convient \u00e0 tous les types de scell\u00e9s, y compris les mini-scell\u00e9s et les scell\u00e9s \u00e0 coque dure. Contr\u00f4le des scell\u00e9s en option (SealCheck). Les kits de scellement SLU 3000 existants peuvent \u00eatre utilis\u00e9s.<\/p>\n<ul>\n<li>Temps de cycle am\u00e9lior\u00e9 gr\u00e2ce \u00e0 un m\u00e9canisme optimis\u00e9<\/li>\n<li>Changement de kit sans outil et accouplement multiple<\/li>\n<li>Haute pr\u00e9cision du chargement et du contr\u00f4le des joints<\/li>\n<li>Faible consommation d&rsquo;\u00e9nergie<\/li>\n<li>Design et ergonomie attrayants<\/li>\n<li>Enti\u00e8rement int\u00e9gr\u00e9 au logiciel EASY<\/li>\n<\/ul>\n","protected":false},"excerpt":{"rendered":"<p>Station de scellage pour CrimpCenter<\/p>\n","protected":false},"featured_media":0,"template":"","meta":{"_acf_changed":false},"pwb-brand":[18298],"product_brand":[],"product_cat":[17990,17993,18035],"product_tag":[],"class_list":{"0":"post-26247","1":"product","2":"type-product","3":"status-publish","5":"pwb-brand-brand-schleuniger-fr","6":"product_cat-cables-et-cablage-fr","7":"product_cat-couper-denuder-sertissage-fr","8":"product_cat-process-modules-fr","10":"first","11":"instock","12":"taxable","13":"shipping-taxable","14":"product-type-simple"},"acf":[],"yoast_head":"<!-- This site is optimized with the Yoast SEO plugin v27.1.1 - https:\/\/yoast.com\/product\/yoast-seo-wordpress\/ -->\n<title>Sealing Station for CrimpCenter SealLoad 3100 - Smans<\/title>\n<meta name=\"robots\" content=\"index, follow, max-snippet:-1, max-image-preview:large, max-video-preview:-1\" \/>\n<link rel=\"canonical\" href=\"https:\/\/smans.com\/fr\/product\/sealing-station-for-crimpcenter-sealload-3100\/\" \/>\n<meta property=\"og:locale\" content=\"fr_FR\" \/>\n<meta property=\"og:type\" content=\"article\" \/>\n<meta property=\"og:title\" content=\"Sealing Station for CrimpCenter SealLoad 3100 - Smans\" \/>\n<meta property=\"og:description\" content=\"Station de scellage pour CrimpCenter\" \/>\n<meta property=\"og:url\" content=\"https:\/\/smans.com\/fr\/product\/sealing-station-for-crimpcenter-sealload-3100\/\" \/>\n<meta property=\"og:site_name\" content=\"Smans\" \/>\n<meta property=\"article:modified_time\" content=\"2026-04-10T11:12:15+00:00\" \/>\n<meta name=\"twitter:card\" content=\"summary_large_image\" \/>\n<meta name=\"twitter:label1\" content=\"Dur\u00e9e de lecture estim\u00e9e\" \/>\n\t<meta name=\"twitter:data1\" content=\"1 minute\" \/>\n<script type=\"application\/ld+json\" class=\"yoast-schema-graph\">{\"@context\":\"https:\/\/schema.org\",\"@graph\":[{\"@type\":\"WebPage\",\"@id\":\"https:\/\/smans.com\/fr\/product\/sealing-station-for-crimpcenter-sealload-3100\/\",\"url\":\"https:\/\/smans.com\/fr\/product\/sealing-station-for-crimpcenter-sealload-3100\/\",\"name\":\"Sealing Station for CrimpCenter SealLoad 3100 - Smans\",\"isPartOf\":{\"@id\":\"https:\/\/smans.com\/nl\/#website\"},\"datePublished\":\"2024-07-24T00:42:25+00:00\",\"dateModified\":\"2026-04-10T11:12:15+00:00\",\"breadcrumb\":{\"@id\":\"https:\/\/smans.com\/fr\/product\/sealing-station-for-crimpcenter-sealload-3100\/#breadcrumb\"},\"inLanguage\":\"fr-FR\",\"potentialAction\":[{\"@type\":\"ReadAction\",\"target\":[\"https:\/\/smans.com\/fr\/product\/sealing-station-for-crimpcenter-sealload-3100\/\"]}]},{\"@type\":\"BreadcrumbList\",\"@id\":\"https:\/\/smans.com\/fr\/product\/sealing-station-for-crimpcenter-sealload-3100\/#breadcrumb\",\"itemListElement\":[{\"@type\":\"ListItem\",\"position\":1,\"name\":\"Home\",\"item\":\"https:\/\/smans.com\/fr\/\"},{\"@type\":\"ListItem\",\"position\":2,\"name\":\"Boutique\",\"item\":\"https:\/\/smans.com\/nl\/shop\/\"},{\"@type\":\"ListItem\",\"position\":3,\"name\":\"Schleuniger - Sealing Station for CrimpCenter SealLoad 3100\"}]},{\"@type\":\"WebSite\",\"@id\":\"https:\/\/smans.com\/nl\/#website\",\"url\":\"https:\/\/smans.com\/nl\/\",\"name\":\"Smans\",\"description\":\"\",\"publisher\":{\"@id\":\"https:\/\/smans.com\/nl\/#organization\"},\"potentialAction\":[{\"@type\":\"SearchAction\",\"target\":{\"@type\":\"EntryPoint\",\"urlTemplate\":\"https:\/\/smans.com\/nl\/?s={search_term_string}\"},\"query-input\":{\"@type\":\"PropertyValueSpecification\",\"valueRequired\":true,\"valueName\":\"search_term_string\"}}],\"inLanguage\":\"fr-FR\"},{\"@type\":\"Organization\",\"@id\":\"https:\/\/smans.com\/nl\/#organization\",\"name\":\"Smans\",\"url\":\"https:\/\/smans.com\/nl\/\",\"logo\":{\"@type\":\"ImageObject\",\"inLanguage\":\"fr-FR\",\"@id\":\"https:\/\/smans.com\/nl\/#\/schema\/logo\/image\/\",\"url\":\"https:\/\/smans.com\/wp-content\/uploads\/2023\/09\/logo.svg\",\"contentUrl\":\"https:\/\/smans.com\/wp-content\/uploads\/2023\/09\/logo.svg\",\"caption\":\"Smans\"},\"image\":{\"@id\":\"https:\/\/smans.com\/nl\/#\/schema\/logo\/image\/\"}}]}<\/script>\n<!-- \/ Yoast SEO plugin. -->","yoast_head_json":{"title":"Sealing Station for CrimpCenter SealLoad 3100 - Smans","robots":{"index":"index","follow":"follow","max-snippet":"max-snippet:-1","max-image-preview":"max-image-preview:large","max-video-preview":"max-video-preview:-1"},"canonical":"https:\/\/smans.com\/fr\/product\/sealing-station-for-crimpcenter-sealload-3100\/","og_locale":"fr_FR","og_type":"article","og_title":"Sealing Station for CrimpCenter SealLoad 3100 - Smans","og_description":"Station de scellage pour CrimpCenter","og_url":"https:\/\/smans.com\/fr\/product\/sealing-station-for-crimpcenter-sealload-3100\/","og_site_name":"Smans","article_modified_time":"2026-04-10T11:12:15+00:00","twitter_card":"summary_large_image","twitter_misc":{"Dur\u00e9e de lecture estim\u00e9e":"1 minute"},"schema":{"@context":"https:\/\/schema.org","@graph":[{"@type":"WebPage","@id":"https:\/\/smans.com\/fr\/product\/sealing-station-for-crimpcenter-sealload-3100\/","url":"https:\/\/smans.com\/fr\/product\/sealing-station-for-crimpcenter-sealload-3100\/","name":"Sealing Station for CrimpCenter SealLoad 3100 - Smans","isPartOf":{"@id":"https:\/\/smans.com\/nl\/#website"},"datePublished":"2024-07-24T00:42:25+00:00","dateModified":"2026-04-10T11:12:15+00:00","breadcrumb":{"@id":"https:\/\/smans.com\/fr\/product\/sealing-station-for-crimpcenter-sealload-3100\/#breadcrumb"},"inLanguage":"fr-FR","potentialAction":[{"@type":"ReadAction","target":["https:\/\/smans.com\/fr\/product\/sealing-station-for-crimpcenter-sealload-3100\/"]}]},{"@type":"BreadcrumbList","@id":"https:\/\/smans.com\/fr\/product\/sealing-station-for-crimpcenter-sealload-3100\/#breadcrumb","itemListElement":[{"@type":"ListItem","position":1,"name":"Home","item":"https:\/\/smans.com\/fr\/"},{"@type":"ListItem","position":2,"name":"Boutique","item":"https:\/\/smans.com\/nl\/shop\/"},{"@type":"ListItem","position":3,"name":"Schleuniger - Sealing Station for CrimpCenter SealLoad 3100"}]},{"@type":"WebSite","@id":"https:\/\/smans.com\/nl\/#website","url":"https:\/\/smans.com\/nl\/","name":"Smans","description":"","publisher":{"@id":"https:\/\/smans.com\/nl\/#organization"},"potentialAction":[{"@type":"SearchAction","target":{"@type":"EntryPoint","urlTemplate":"https:\/\/smans.com\/nl\/?s={search_term_string}"},"query-input":{"@type":"PropertyValueSpecification","valueRequired":true,"valueName":"search_term_string"}}],"inLanguage":"fr-FR"},{"@type":"Organization","@id":"https:\/\/smans.com\/nl\/#organization","name":"Smans","url":"https:\/\/smans.com\/nl\/","logo":{"@type":"ImageObject","inLanguage":"fr-FR","@id":"https:\/\/smans.com\/nl\/#\/schema\/logo\/image\/","url":"https:\/\/smans.com\/wp-content\/uploads\/2023\/09\/logo.svg","contentUrl":"https:\/\/smans.com\/wp-content\/uploads\/2023\/09\/logo.svg","caption":"Smans"},"image":{"@id":"https:\/\/smans.com\/nl\/#\/schema\/logo\/image\/"}}]}},"brands":[{"id":18298,"name":"Schleuniger","slug":"brand-schleuniger-fr"}],"_links":{"self":[{"href":"https:\/\/smans.com\/fr\/wp-json\/wp\/v2\/product\/26247","targetHints":{"allow":["GET"]}}],"collection":[{"href":"https:\/\/smans.com\/fr\/wp-json\/wp\/v2\/product"}],"about":[{"href":"https:\/\/smans.com\/fr\/wp-json\/wp\/v2\/types\/product"}],"wp:attachment":[{"href":"https:\/\/smans.com\/fr\/wp-json\/wp\/v2\/media?parent=26247"}],"wp:term":[{"taxonomy":"pwb-brand","embeddable":true,"href":"https:\/\/smans.com\/fr\/wp-json\/wp\/v2\/pwb-brand?post=26247"},{"taxonomy":"product_brand","embeddable":true,"href":"https:\/\/smans.com\/fr\/wp-json\/wp\/v2\/product_brand?post=26247"},{"taxonomy":"product_cat","embeddable":true,"href":"https:\/\/smans.com\/fr\/wp-json\/wp\/v2\/product_cat?post=26247"},{"taxonomy":"product_tag","embeddable":true,"href":"https:\/\/smans.com\/fr\/wp-json\/wp\/v2\/product_tag?post=26247"}],"curies":[{"name":"wp","href":"https:\/\/api.w.org\/{rel}","templated":true}]}}