{"id":26248,"date":"2024-07-24T02:42:27","date_gmt":"2024-07-24T00:42:27","guid":{"rendered":"https:\/\/smans.com\/product\/double-gripper-module-for-crimpcenter-sld-4100\/"},"modified":"2026-04-13T12:56:23","modified_gmt":"2026-04-13T10:56:23","slug":"double-gripper-module-for-crimpcenter-sld-4100","status":"publish","type":"product","link":"https:\/\/smans.com\/fr\/product\/double-gripper-module-for-crimpcenter-sld-4100\/","title":{"rendered":"Schleuniger - Double Gripper Module for CrimpCenter SLD 4100"},"content":{"rendered":"<p>Le module de pr\u00e9hension double SLD 4100 rassemble deux fils individuels avec des diam\u00e8tres ext\u00e9rieurs allant de 1 \u00e0 4 mm (0,039 &#8211; 0,157&Prime;) et les positionne avec pr\u00e9cision dans la bonne orientation. Les fils sont ensuite pris en charge par la pince \u00e0 bras pivotant et transf\u00e9r\u00e9s vers une station distincte pour un sertissage double.<\/p>\n<ul>\n<li>Module peu encombrant, enti\u00e8rement pneumatique<\/li>\n<li>Doublage horizontal ou vertical<\/li>\n<li>Les fils \u00e0 doubler peuvent avoir des longueurs diff\u00e9rentes<\/li>\n<li>Tous les param\u00e8tres sont enti\u00e8rement programmables (pas de r\u00e9glages m\u00e9caniques)<\/li>\n<li>Programmation simple directement dans le logiciel CrimpCenter EASY<\/li>\n<\/ul>\n","protected":false},"excerpt":{"rendered":"<p>Module de pr\u00e9hension double pour CrimpCenter<\/p>\n","protected":false},"featured_media":0,"template":"","meta":{"_acf_changed":false},"pwb-brand":[18298],"product_brand":[],"product_cat":[17990,17993,18035],"product_tag":[],"class_list":{"0":"post-26248","1":"product","2":"type-product","3":"status-publish","5":"pwb-brand-brand-schleuniger-fr","6":"product_cat-cables-et-cablage-fr","7":"product_cat-couper-denuder-sertissage-fr","8":"product_cat-process-modules-fr","10":"first","11":"instock","12":"taxable","13":"shipping-taxable","14":"product-type-simple"},"acf":[],"yoast_head":"<!-- This site is optimized with the Yoast SEO plugin v27.1.1 - https:\/\/yoast.com\/product\/yoast-seo-wordpress\/ -->\n<title>Double Gripper Module for CrimpCenter SLD 4100 - Smans<\/title>\n<meta name=\"robots\" content=\"index, follow, max-snippet:-1, max-image-preview:large, max-video-preview:-1\" \/>\n<link rel=\"canonical\" href=\"https:\/\/smans.com\/fr\/product\/double-gripper-module-for-crimpcenter-sld-4100\/\" \/>\n<meta property=\"og:locale\" content=\"fr_FR\" \/>\n<meta property=\"og:type\" content=\"article\" \/>\n<meta property=\"og:title\" content=\"Double Gripper Module for CrimpCenter SLD 4100 - Smans\" \/>\n<meta property=\"og:description\" content=\"Module de pr\u00e9hension double pour CrimpCenter\" \/>\n<meta property=\"og:url\" content=\"https:\/\/smans.com\/fr\/product\/double-gripper-module-for-crimpcenter-sld-4100\/\" \/>\n<meta property=\"og:site_name\" content=\"Smans\" \/>\n<meta property=\"article:modified_time\" content=\"2026-04-13T10:56:23+00:00\" \/>\n<meta name=\"twitter:card\" content=\"summary_large_image\" \/>\n<script type=\"application\/ld+json\" class=\"yoast-schema-graph\">{\"@context\":\"https:\/\/schema.org\",\"@graph\":[{\"@type\":\"WebPage\",\"@id\":\"https:\/\/smans.com\/fr\/product\/double-gripper-module-for-crimpcenter-sld-4100\/\",\"url\":\"https:\/\/smans.com\/fr\/product\/double-gripper-module-for-crimpcenter-sld-4100\/\",\"name\":\"Double Gripper Module for CrimpCenter SLD 4100 - Smans\",\"isPartOf\":{\"@id\":\"https:\/\/smans.com\/nl\/#website\"},\"datePublished\":\"2024-07-24T00:42:27+00:00\",\"dateModified\":\"2026-04-13T10:56:23+00:00\",\"breadcrumb\":{\"@id\":\"https:\/\/smans.com\/fr\/product\/double-gripper-module-for-crimpcenter-sld-4100\/#breadcrumb\"},\"inLanguage\":\"fr-FR\",\"potentialAction\":[{\"@type\":\"ReadAction\",\"target\":[\"https:\/\/smans.com\/fr\/product\/double-gripper-module-for-crimpcenter-sld-4100\/\"]}]},{\"@type\":\"BreadcrumbList\",\"@id\":\"https:\/\/smans.com\/fr\/product\/double-gripper-module-for-crimpcenter-sld-4100\/#breadcrumb\",\"itemListElement\":[{\"@type\":\"ListItem\",\"position\":1,\"name\":\"Home\",\"item\":\"https:\/\/smans.com\/fr\/\"},{\"@type\":\"ListItem\",\"position\":2,\"name\":\"Boutique\",\"item\":\"https:\/\/smans.com\/nl\/shop\/\"},{\"@type\":\"ListItem\",\"position\":3,\"name\":\"Schleuniger - Double Gripper Module for CrimpCenter SLD 4100\"}]},{\"@type\":\"WebSite\",\"@id\":\"https:\/\/smans.com\/nl\/#website\",\"url\":\"https:\/\/smans.com\/nl\/\",\"name\":\"Smans\",\"description\":\"\",\"publisher\":{\"@id\":\"https:\/\/smans.com\/nl\/#organization\"},\"potentialAction\":[{\"@type\":\"SearchAction\",\"target\":{\"@type\":\"EntryPoint\",\"urlTemplate\":\"https:\/\/smans.com\/nl\/?s={search_term_string}\"},\"query-input\":{\"@type\":\"PropertyValueSpecification\",\"valueRequired\":true,\"valueName\":\"search_term_string\"}}],\"inLanguage\":\"fr-FR\"},{\"@type\":\"Organization\",\"@id\":\"https:\/\/smans.com\/nl\/#organization\",\"name\":\"Smans\",\"url\":\"https:\/\/smans.com\/nl\/\",\"logo\":{\"@type\":\"ImageObject\",\"inLanguage\":\"fr-FR\",\"@id\":\"https:\/\/smans.com\/nl\/#\/schema\/logo\/image\/\",\"url\":\"https:\/\/smans.com\/wp-content\/uploads\/2023\/09\/logo.svg\",\"contentUrl\":\"https:\/\/smans.com\/wp-content\/uploads\/2023\/09\/logo.svg\",\"caption\":\"Smans\"},\"image\":{\"@id\":\"https:\/\/smans.com\/nl\/#\/schema\/logo\/image\/\"}}]}<\/script>\n<!-- \/ Yoast SEO plugin. -->","yoast_head_json":{"title":"Double Gripper Module for CrimpCenter SLD 4100 - Smans","robots":{"index":"index","follow":"follow","max-snippet":"max-snippet:-1","max-image-preview":"max-image-preview:large","max-video-preview":"max-video-preview:-1"},"canonical":"https:\/\/smans.com\/fr\/product\/double-gripper-module-for-crimpcenter-sld-4100\/","og_locale":"fr_FR","og_type":"article","og_title":"Double Gripper Module for CrimpCenter SLD 4100 - Smans","og_description":"Module de pr\u00e9hension double pour CrimpCenter","og_url":"https:\/\/smans.com\/fr\/product\/double-gripper-module-for-crimpcenter-sld-4100\/","og_site_name":"Smans","article_modified_time":"2026-04-13T10:56:23+00:00","twitter_card":"summary_large_image","schema":{"@context":"https:\/\/schema.org","@graph":[{"@type":"WebPage","@id":"https:\/\/smans.com\/fr\/product\/double-gripper-module-for-crimpcenter-sld-4100\/","url":"https:\/\/smans.com\/fr\/product\/double-gripper-module-for-crimpcenter-sld-4100\/","name":"Double Gripper Module for CrimpCenter SLD 4100 - Smans","isPartOf":{"@id":"https:\/\/smans.com\/nl\/#website"},"datePublished":"2024-07-24T00:42:27+00:00","dateModified":"2026-04-13T10:56:23+00:00","breadcrumb":{"@id":"https:\/\/smans.com\/fr\/product\/double-gripper-module-for-crimpcenter-sld-4100\/#breadcrumb"},"inLanguage":"fr-FR","potentialAction":[{"@type":"ReadAction","target":["https:\/\/smans.com\/fr\/product\/double-gripper-module-for-crimpcenter-sld-4100\/"]}]},{"@type":"BreadcrumbList","@id":"https:\/\/smans.com\/fr\/product\/double-gripper-module-for-crimpcenter-sld-4100\/#breadcrumb","itemListElement":[{"@type":"ListItem","position":1,"name":"Home","item":"https:\/\/smans.com\/fr\/"},{"@type":"ListItem","position":2,"name":"Boutique","item":"https:\/\/smans.com\/nl\/shop\/"},{"@type":"ListItem","position":3,"name":"Schleuniger - Double Gripper Module for CrimpCenter SLD 4100"}]},{"@type":"WebSite","@id":"https:\/\/smans.com\/nl\/#website","url":"https:\/\/smans.com\/nl\/","name":"Smans","description":"","publisher":{"@id":"https:\/\/smans.com\/nl\/#organization"},"potentialAction":[{"@type":"SearchAction","target":{"@type":"EntryPoint","urlTemplate":"https:\/\/smans.com\/nl\/?s={search_term_string}"},"query-input":{"@type":"PropertyValueSpecification","valueRequired":true,"valueName":"search_term_string"}}],"inLanguage":"fr-FR"},{"@type":"Organization","@id":"https:\/\/smans.com\/nl\/#organization","name":"Smans","url":"https:\/\/smans.com\/nl\/","logo":{"@type":"ImageObject","inLanguage":"fr-FR","@id":"https:\/\/smans.com\/nl\/#\/schema\/logo\/image\/","url":"https:\/\/smans.com\/wp-content\/uploads\/2023\/09\/logo.svg","contentUrl":"https:\/\/smans.com\/wp-content\/uploads\/2023\/09\/logo.svg","caption":"Smans"},"image":{"@id":"https:\/\/smans.com\/nl\/#\/schema\/logo\/image\/"}}]}},"brands":[{"id":18298,"name":"Schleuniger","slug":"brand-schleuniger-fr"}],"_links":{"self":[{"href":"https:\/\/smans.com\/fr\/wp-json\/wp\/v2\/product\/26248","targetHints":{"allow":["GET"]}}],"collection":[{"href":"https:\/\/smans.com\/fr\/wp-json\/wp\/v2\/product"}],"about":[{"href":"https:\/\/smans.com\/fr\/wp-json\/wp\/v2\/types\/product"}],"wp:attachment":[{"href":"https:\/\/smans.com\/fr\/wp-json\/wp\/v2\/media?parent=26248"}],"wp:term":[{"taxonomy":"pwb-brand","embeddable":true,"href":"https:\/\/smans.com\/fr\/wp-json\/wp\/v2\/pwb-brand?post=26248"},{"taxonomy":"product_brand","embeddable":true,"href":"https:\/\/smans.com\/fr\/wp-json\/wp\/v2\/product_brand?post=26248"},{"taxonomy":"product_cat","embeddable":true,"href":"https:\/\/smans.com\/fr\/wp-json\/wp\/v2\/product_cat?post=26248"},{"taxonomy":"product_tag","embeddable":true,"href":"https:\/\/smans.com\/fr\/wp-json\/wp\/v2\/product_tag?post=26248"}],"curies":[{"name":"wp","href":"https:\/\/api.w.org\/{rel}","templated":true}]}}