{"id":26249,"date":"2024-07-24T02:42:29","date_gmt":"2024-07-24T00:42:29","guid":{"rendered":"https:\/\/smans.com\/product\/sealing-station-for-crimpcenter-series-slu-3000\/"},"modified":"2026-04-13T12:56:23","modified_gmt":"2026-04-13T10:56:23","slug":"sealing-station-for-crimpcenter-series-slu-3000","status":"publish","type":"product","link":"https:\/\/smans.com\/fr\/product\/sealing-station-for-crimpcenter-series-slu-3000\/","title":{"rendered":"Schleuniger - Sealing Station for CrimpCenter Series SLU 3000"},"content":{"rendered":"<p>La station de scellage SLU 3000 est parfaitement adapt\u00e9e \u00e0 l&rsquo;application de joints d&rsquo;\u00e9tanch\u00e9it\u00e9 sur les extr\u00e9mit\u00e9s de fils avec les machines enti\u00e8rement automatiques de coupe, d\u00e9nudage et terminaison de la s\u00e9rie CrimpCenter. Cette unit\u00e9 compacte \u00e0 la technologie \u00e9prouv\u00e9e est sp\u00e9cialement con\u00e7ue pour le traitement \u00e0 grande vitesse de presque tous les types de joints.<\/p>\n<ul>\n<li>Conception compacte<\/li>\n<li>Traitement de presque tous les types de joints<\/li>\n<li>Changements rapides sans outils<\/li>\n<li>Temps de cycle courts<\/li>\n<li>Contr\u00f4le des joints disponible en option<\/li>\n<\/ul>\n","protected":false},"excerpt":{"rendered":"<p>Station de scellage pour la s\u00e9rie CrimpCenter<\/p>\n","protected":false},"featured_media":0,"template":"","meta":{"_acf_changed":false},"pwb-brand":[18298],"product_brand":[],"product_cat":[17990,17993,18035],"product_tag":[],"class_list":{"0":"post-26249","1":"product","2":"type-product","3":"status-publish","5":"pwb-brand-brand-schleuniger-fr","6":"product_cat-cables-et-cablage-fr","7":"product_cat-couper-denuder-sertissage-fr","8":"product_cat-process-modules-fr","10":"first","11":"instock","12":"taxable","13":"shipping-taxable","14":"product-type-simple"},"acf":[],"yoast_head":"<!-- This site is optimized with the Yoast SEO plugin v27.1.1 - https:\/\/yoast.com\/product\/yoast-seo-wordpress\/ -->\n<title>Sealing Station for CrimpCenter Series SLU 3000 - Smans<\/title>\n<meta name=\"robots\" content=\"index, follow, max-snippet:-1, max-image-preview:large, max-video-preview:-1\" \/>\n<link rel=\"canonical\" href=\"https:\/\/smans.com\/fr\/product\/sealing-station-for-crimpcenter-series-slu-3000\/\" \/>\n<meta property=\"og:locale\" content=\"fr_FR\" \/>\n<meta property=\"og:type\" content=\"article\" \/>\n<meta property=\"og:title\" content=\"Sealing Station for CrimpCenter Series SLU 3000 - Smans\" \/>\n<meta property=\"og:description\" content=\"Station de scellage pour la s\u00e9rie CrimpCenter\" \/>\n<meta property=\"og:url\" content=\"https:\/\/smans.com\/fr\/product\/sealing-station-for-crimpcenter-series-slu-3000\/\" \/>\n<meta property=\"og:site_name\" content=\"Smans\" \/>\n<meta property=\"article:modified_time\" content=\"2026-04-13T10:56:23+00:00\" \/>\n<meta name=\"twitter:card\" content=\"summary_large_image\" \/>\n<script type=\"application\/ld+json\" class=\"yoast-schema-graph\">{\"@context\":\"https:\/\/schema.org\",\"@graph\":[{\"@type\":\"WebPage\",\"@id\":\"https:\/\/smans.com\/fr\/product\/sealing-station-for-crimpcenter-series-slu-3000\/\",\"url\":\"https:\/\/smans.com\/fr\/product\/sealing-station-for-crimpcenter-series-slu-3000\/\",\"name\":\"Sealing Station for CrimpCenter Series SLU 3000 - Smans\",\"isPartOf\":{\"@id\":\"https:\/\/smans.com\/nl\/#website\"},\"datePublished\":\"2024-07-24T00:42:29+00:00\",\"dateModified\":\"2026-04-13T10:56:23+00:00\",\"breadcrumb\":{\"@id\":\"https:\/\/smans.com\/fr\/product\/sealing-station-for-crimpcenter-series-slu-3000\/#breadcrumb\"},\"inLanguage\":\"fr-FR\",\"potentialAction\":[{\"@type\":\"ReadAction\",\"target\":[\"https:\/\/smans.com\/fr\/product\/sealing-station-for-crimpcenter-series-slu-3000\/\"]}]},{\"@type\":\"BreadcrumbList\",\"@id\":\"https:\/\/smans.com\/fr\/product\/sealing-station-for-crimpcenter-series-slu-3000\/#breadcrumb\",\"itemListElement\":[{\"@type\":\"ListItem\",\"position\":1,\"name\":\"Home\",\"item\":\"https:\/\/smans.com\/fr\/\"},{\"@type\":\"ListItem\",\"position\":2,\"name\":\"Boutique\",\"item\":\"https:\/\/smans.com\/nl\/shop\/\"},{\"@type\":\"ListItem\",\"position\":3,\"name\":\"Schleuniger - Sealing Station for CrimpCenter Series SLU 3000\"}]},{\"@type\":\"WebSite\",\"@id\":\"https:\/\/smans.com\/nl\/#website\",\"url\":\"https:\/\/smans.com\/nl\/\",\"name\":\"Smans\",\"description\":\"\",\"publisher\":{\"@id\":\"https:\/\/smans.com\/nl\/#organization\"},\"potentialAction\":[{\"@type\":\"SearchAction\",\"target\":{\"@type\":\"EntryPoint\",\"urlTemplate\":\"https:\/\/smans.com\/nl\/?s={search_term_string}\"},\"query-input\":{\"@type\":\"PropertyValueSpecification\",\"valueRequired\":true,\"valueName\":\"search_term_string\"}}],\"inLanguage\":\"fr-FR\"},{\"@type\":\"Organization\",\"@id\":\"https:\/\/smans.com\/nl\/#organization\",\"name\":\"Smans\",\"url\":\"https:\/\/smans.com\/nl\/\",\"logo\":{\"@type\":\"ImageObject\",\"inLanguage\":\"fr-FR\",\"@id\":\"https:\/\/smans.com\/nl\/#\/schema\/logo\/image\/\",\"url\":\"https:\/\/smans.com\/wp-content\/uploads\/2023\/09\/logo.svg\",\"contentUrl\":\"https:\/\/smans.com\/wp-content\/uploads\/2023\/09\/logo.svg\",\"caption\":\"Smans\"},\"image\":{\"@id\":\"https:\/\/smans.com\/nl\/#\/schema\/logo\/image\/\"}}]}<\/script>\n<!-- \/ Yoast SEO plugin. -->","yoast_head_json":{"title":"Sealing Station for CrimpCenter Series SLU 3000 - Smans","robots":{"index":"index","follow":"follow","max-snippet":"max-snippet:-1","max-image-preview":"max-image-preview:large","max-video-preview":"max-video-preview:-1"},"canonical":"https:\/\/smans.com\/fr\/product\/sealing-station-for-crimpcenter-series-slu-3000\/","og_locale":"fr_FR","og_type":"article","og_title":"Sealing Station for CrimpCenter Series SLU 3000 - Smans","og_description":"Station de scellage pour la s\u00e9rie CrimpCenter","og_url":"https:\/\/smans.com\/fr\/product\/sealing-station-for-crimpcenter-series-slu-3000\/","og_site_name":"Smans","article_modified_time":"2026-04-13T10:56:23+00:00","twitter_card":"summary_large_image","schema":{"@context":"https:\/\/schema.org","@graph":[{"@type":"WebPage","@id":"https:\/\/smans.com\/fr\/product\/sealing-station-for-crimpcenter-series-slu-3000\/","url":"https:\/\/smans.com\/fr\/product\/sealing-station-for-crimpcenter-series-slu-3000\/","name":"Sealing Station for CrimpCenter Series SLU 3000 - Smans","isPartOf":{"@id":"https:\/\/smans.com\/nl\/#website"},"datePublished":"2024-07-24T00:42:29+00:00","dateModified":"2026-04-13T10:56:23+00:00","breadcrumb":{"@id":"https:\/\/smans.com\/fr\/product\/sealing-station-for-crimpcenter-series-slu-3000\/#breadcrumb"},"inLanguage":"fr-FR","potentialAction":[{"@type":"ReadAction","target":["https:\/\/smans.com\/fr\/product\/sealing-station-for-crimpcenter-series-slu-3000\/"]}]},{"@type":"BreadcrumbList","@id":"https:\/\/smans.com\/fr\/product\/sealing-station-for-crimpcenter-series-slu-3000\/#breadcrumb","itemListElement":[{"@type":"ListItem","position":1,"name":"Home","item":"https:\/\/smans.com\/fr\/"},{"@type":"ListItem","position":2,"name":"Boutique","item":"https:\/\/smans.com\/nl\/shop\/"},{"@type":"ListItem","position":3,"name":"Schleuniger - Sealing Station for CrimpCenter Series SLU 3000"}]},{"@type":"WebSite","@id":"https:\/\/smans.com\/nl\/#website","url":"https:\/\/smans.com\/nl\/","name":"Smans","description":"","publisher":{"@id":"https:\/\/smans.com\/nl\/#organization"},"potentialAction":[{"@type":"SearchAction","target":{"@type":"EntryPoint","urlTemplate":"https:\/\/smans.com\/nl\/?s={search_term_string}"},"query-input":{"@type":"PropertyValueSpecification","valueRequired":true,"valueName":"search_term_string"}}],"inLanguage":"fr-FR"},{"@type":"Organization","@id":"https:\/\/smans.com\/nl\/#organization","name":"Smans","url":"https:\/\/smans.com\/nl\/","logo":{"@type":"ImageObject","inLanguage":"fr-FR","@id":"https:\/\/smans.com\/nl\/#\/schema\/logo\/image\/","url":"https:\/\/smans.com\/wp-content\/uploads\/2023\/09\/logo.svg","contentUrl":"https:\/\/smans.com\/wp-content\/uploads\/2023\/09\/logo.svg","caption":"Smans"},"image":{"@id":"https:\/\/smans.com\/nl\/#\/schema\/logo\/image\/"}}]}},"brands":[{"id":18298,"name":"Schleuniger","slug":"brand-schleuniger-fr"}],"_links":{"self":[{"href":"https:\/\/smans.com\/fr\/wp-json\/wp\/v2\/product\/26249","targetHints":{"allow":["GET"]}}],"collection":[{"href":"https:\/\/smans.com\/fr\/wp-json\/wp\/v2\/product"}],"about":[{"href":"https:\/\/smans.com\/fr\/wp-json\/wp\/v2\/types\/product"}],"wp:attachment":[{"href":"https:\/\/smans.com\/fr\/wp-json\/wp\/v2\/media?parent=26249"}],"wp:term":[{"taxonomy":"pwb-brand","embeddable":true,"href":"https:\/\/smans.com\/fr\/wp-json\/wp\/v2\/pwb-brand?post=26249"},{"taxonomy":"product_brand","embeddable":true,"href":"https:\/\/smans.com\/fr\/wp-json\/wp\/v2\/product_brand?post=26249"},{"taxonomy":"product_cat","embeddable":true,"href":"https:\/\/smans.com\/fr\/wp-json\/wp\/v2\/product_cat?post=26249"},{"taxonomy":"product_tag","embeddable":true,"href":"https:\/\/smans.com\/fr\/wp-json\/wp\/v2\/product_tag?post=26249"}],"curies":[{"name":"wp","href":"https:\/\/api.w.org\/{rel}","templated":true}]}}