{"id":26250,"date":"2024-07-24T02:42:31","date_gmt":"2024-07-24T00:42:31","guid":{"rendered":"https:\/\/smans.com\/product\/processing-station-for-ferrules-pec-40\/"},"modified":"2026-04-13T12:56:23","modified_gmt":"2026-04-13T10:56:23","slug":"processing-station-for-ferrules-pec-40","status":"publish","type":"product","link":"https:\/\/smans.com\/fr\/product\/processing-station-for-ferrules-pec-40\/","title":{"rendered":"Schleuniger - Processing Station for Ferrules PEC 40"},"content":{"rendered":"<p>Le PEC 40 est id\u00e9al pour la construction de tableaux \u00e9lectriques et con\u00e7u pour des sections de c\u00e2bles de 0,5 \u00e0 4,0 mm\u00b2 et des longueurs de 6, 8, 10 et 12 mm. Il garantit des r\u00e9sultats de sertissage optimaux en ajustant automatiquement la force de sertissage \u00e0 la section sp\u00e9cifique du c\u00e2ble.<\/p>\n<p><strong>Caract\u00e9ristiques principales :<\/strong><\/p>\n<ul>\n<li><strong>Haute performance :<\/strong> Temps de cycle inf\u00e9rieur \u00e0 1 seconde pour une rapidit\u00e9 in\u00e9gal\u00e9e.<\/li>\n<li><strong>Changement rapide des pi\u00e8ces :<\/strong> Toutes les pi\u00e8ces peuvent \u00eatre remplac\u00e9es sans outils, avec des temps de changement inf\u00e9rieurs \u00e0 2 minutes.<\/li>\n<li><strong>Codage couleur :<\/strong> Les pi\u00e8ces sont cod\u00e9es par couleur selon les couleurs standard des manchons, facilitant le r\u00e9glage.<\/li>\n<li><strong>Sertissage carr\u00e9 :<\/strong> Pour des surfaces de contact optimales dans la connexion \u00e0 la pince.<\/li>\n<li><strong>D\u00e9tection de manchon :<\/strong> Pas de manchon, pas de sertissage.<\/li>\n<li><strong>R\u00e9glage automatique de la force de sertissage :<\/strong> S&rsquo;ajuste \u00e0 la section sp\u00e9cifique pour des r\u00e9sultats de sertissage constants et de haute qualit\u00e9.<\/li>\n<li><strong>Pr\u00e9cision maximale :<\/strong> Des entra\u00eenements \u00e9lectriques assurent la pr\u00e9cision.<\/li>\n<li><strong>Surveillance du sertissage :<\/strong> Surveillance logicielle de la pression et de la poign\u00e9e de sertissage pour un contr\u00f4le suppl\u00e9mentaire.<\/li>\n<li><strong>Forces de sertissage exceptionnelles :<\/strong> 4 \u00e0 5 fois sup\u00e9rieures \u00e0 la norme DIN EN60999-1.<\/li>\n<\/ul>\n<p><strong>Int\u00e9gration et compatibilit\u00e9 :<\/strong><\/p>\n<ul>\n<li><strong>Int\u00e9gration transparente<\/strong> dans la s\u00e9rie Schleuniger CrimpCenter 6, permettant une utilisation facile via l&rsquo;IHM.<\/li>\n<li><strong>Affichage visuel des manchons<\/strong> sur l&rsquo;IHM avec leurs couleurs standard respectives.<\/li>\n<li><strong>Couleur du collier protecteur<\/strong> indiquant la section maximale du conducteur pour une surveillance visuelle facile par l&rsquo;op\u00e9rateur.<\/li>\n<li><strong>Compatibilit\u00e9<\/strong> avec d&rsquo;autres stations de traitement, telles qu&rsquo;une unit\u00e9 d&rsquo;\u00e9tamage ou de torsion, pour compl\u00e9ter les performances du station de sertissage automatique.<\/li>\n<li><strong>Utilisation recommand\u00e9e :<\/strong> Manchons de fin de c\u00e2ble PhoenixContact pour des performances optimales.<\/li>\n<\/ul>\n<p>Le PEC 40 offre une solution fiable et efficace pour la construction de tableaux \u00e9lectriques, avec un accent sur la rapidit\u00e9, la pr\u00e9cision et la facilit\u00e9 d&rsquo;utilisation.<\/p>\n","protected":false},"excerpt":{"rendered":"<p>Station de traitement des ferrules<\/p>\n","protected":false},"featured_media":0,"template":"","meta":{"_acf_changed":false},"pwb-brand":[18298],"product_brand":[],"product_cat":[17990,17993,18035],"product_tag":[],"class_list":{"0":"post-26250","1":"product","2":"type-product","3":"status-publish","5":"pwb-brand-brand-schleuniger-fr","6":"product_cat-cables-et-cablage-fr","7":"product_cat-couper-denuder-sertissage-fr","8":"product_cat-process-modules-fr","10":"first","11":"instock","12":"taxable","13":"shipping-taxable","14":"product-type-simple"},"acf":[],"yoast_head":"<!-- This site is optimized with the Yoast SEO plugin v27.1.1 - https:\/\/yoast.com\/product\/yoast-seo-wordpress\/ -->\n<title>Processing Station for Ferrules PEC 40 - Smans<\/title>\n<meta name=\"robots\" content=\"index, follow, max-snippet:-1, max-image-preview:large, max-video-preview:-1\" \/>\n<link rel=\"canonical\" href=\"https:\/\/smans.com\/fr\/product\/processing-station-for-ferrules-pec-40\/\" \/>\n<meta property=\"og:locale\" content=\"fr_FR\" \/>\n<meta property=\"og:type\" content=\"article\" \/>\n<meta property=\"og:title\" content=\"Processing Station for Ferrules PEC 40 - Smans\" \/>\n<meta property=\"og:description\" content=\"Station de traitement des ferrules\" \/>\n<meta property=\"og:url\" content=\"https:\/\/smans.com\/fr\/product\/processing-station-for-ferrules-pec-40\/\" \/>\n<meta property=\"og:site_name\" content=\"Smans\" \/>\n<meta property=\"article:modified_time\" content=\"2026-04-13T10:56:23+00:00\" \/>\n<meta name=\"twitter:card\" content=\"summary_large_image\" \/>\n<meta name=\"twitter:label1\" content=\"Dur\u00e9e de lecture estim\u00e9e\" \/>\n\t<meta name=\"twitter:data1\" content=\"2 minutes\" \/>\n<script type=\"application\/ld+json\" class=\"yoast-schema-graph\">{\"@context\":\"https:\/\/schema.org\",\"@graph\":[{\"@type\":\"WebPage\",\"@id\":\"https:\/\/smans.com\/fr\/product\/processing-station-for-ferrules-pec-40\/\",\"url\":\"https:\/\/smans.com\/fr\/product\/processing-station-for-ferrules-pec-40\/\",\"name\":\"Processing Station for Ferrules PEC 40 - Smans\",\"isPartOf\":{\"@id\":\"https:\/\/smans.com\/nl\/#website\"},\"datePublished\":\"2024-07-24T00:42:31+00:00\",\"dateModified\":\"2026-04-13T10:56:23+00:00\",\"breadcrumb\":{\"@id\":\"https:\/\/smans.com\/fr\/product\/processing-station-for-ferrules-pec-40\/#breadcrumb\"},\"inLanguage\":\"fr-FR\",\"potentialAction\":[{\"@type\":\"ReadAction\",\"target\":[\"https:\/\/smans.com\/fr\/product\/processing-station-for-ferrules-pec-40\/\"]}]},{\"@type\":\"BreadcrumbList\",\"@id\":\"https:\/\/smans.com\/fr\/product\/processing-station-for-ferrules-pec-40\/#breadcrumb\",\"itemListElement\":[{\"@type\":\"ListItem\",\"position\":1,\"name\":\"Home\",\"item\":\"https:\/\/smans.com\/fr\/\"},{\"@type\":\"ListItem\",\"position\":2,\"name\":\"Boutique\",\"item\":\"https:\/\/smans.com\/nl\/shop\/\"},{\"@type\":\"ListItem\",\"position\":3,\"name\":\"Schleuniger - Processing Station for Ferrules PEC 40\"}]},{\"@type\":\"WebSite\",\"@id\":\"https:\/\/smans.com\/nl\/#website\",\"url\":\"https:\/\/smans.com\/nl\/\",\"name\":\"Smans\",\"description\":\"\",\"publisher\":{\"@id\":\"https:\/\/smans.com\/nl\/#organization\"},\"potentialAction\":[{\"@type\":\"SearchAction\",\"target\":{\"@type\":\"EntryPoint\",\"urlTemplate\":\"https:\/\/smans.com\/nl\/?s={search_term_string}\"},\"query-input\":{\"@type\":\"PropertyValueSpecification\",\"valueRequired\":true,\"valueName\":\"search_term_string\"}}],\"inLanguage\":\"fr-FR\"},{\"@type\":\"Organization\",\"@id\":\"https:\/\/smans.com\/nl\/#organization\",\"name\":\"Smans\",\"url\":\"https:\/\/smans.com\/nl\/\",\"logo\":{\"@type\":\"ImageObject\",\"inLanguage\":\"fr-FR\",\"@id\":\"https:\/\/smans.com\/nl\/#\/schema\/logo\/image\/\",\"url\":\"https:\/\/smans.com\/wp-content\/uploads\/2023\/09\/logo.svg\",\"contentUrl\":\"https:\/\/smans.com\/wp-content\/uploads\/2023\/09\/logo.svg\",\"caption\":\"Smans\"},\"image\":{\"@id\":\"https:\/\/smans.com\/nl\/#\/schema\/logo\/image\/\"}}]}<\/script>\n<!-- \/ Yoast SEO plugin. -->","yoast_head_json":{"title":"Processing Station for Ferrules PEC 40 - Smans","robots":{"index":"index","follow":"follow","max-snippet":"max-snippet:-1","max-image-preview":"max-image-preview:large","max-video-preview":"max-video-preview:-1"},"canonical":"https:\/\/smans.com\/fr\/product\/processing-station-for-ferrules-pec-40\/","og_locale":"fr_FR","og_type":"article","og_title":"Processing Station for Ferrules PEC 40 - Smans","og_description":"Station de traitement des ferrules","og_url":"https:\/\/smans.com\/fr\/product\/processing-station-for-ferrules-pec-40\/","og_site_name":"Smans","article_modified_time":"2026-04-13T10:56:23+00:00","twitter_card":"summary_large_image","twitter_misc":{"Dur\u00e9e de lecture estim\u00e9e":"2 minutes"},"schema":{"@context":"https:\/\/schema.org","@graph":[{"@type":"WebPage","@id":"https:\/\/smans.com\/fr\/product\/processing-station-for-ferrules-pec-40\/","url":"https:\/\/smans.com\/fr\/product\/processing-station-for-ferrules-pec-40\/","name":"Processing Station for Ferrules PEC 40 - Smans","isPartOf":{"@id":"https:\/\/smans.com\/nl\/#website"},"datePublished":"2024-07-24T00:42:31+00:00","dateModified":"2026-04-13T10:56:23+00:00","breadcrumb":{"@id":"https:\/\/smans.com\/fr\/product\/processing-station-for-ferrules-pec-40\/#breadcrumb"},"inLanguage":"fr-FR","potentialAction":[{"@type":"ReadAction","target":["https:\/\/smans.com\/fr\/product\/processing-station-for-ferrules-pec-40\/"]}]},{"@type":"BreadcrumbList","@id":"https:\/\/smans.com\/fr\/product\/processing-station-for-ferrules-pec-40\/#breadcrumb","itemListElement":[{"@type":"ListItem","position":1,"name":"Home","item":"https:\/\/smans.com\/fr\/"},{"@type":"ListItem","position":2,"name":"Boutique","item":"https:\/\/smans.com\/nl\/shop\/"},{"@type":"ListItem","position":3,"name":"Schleuniger - Processing Station for Ferrules PEC 40"}]},{"@type":"WebSite","@id":"https:\/\/smans.com\/nl\/#website","url":"https:\/\/smans.com\/nl\/","name":"Smans","description":"","publisher":{"@id":"https:\/\/smans.com\/nl\/#organization"},"potentialAction":[{"@type":"SearchAction","target":{"@type":"EntryPoint","urlTemplate":"https:\/\/smans.com\/nl\/?s={search_term_string}"},"query-input":{"@type":"PropertyValueSpecification","valueRequired":true,"valueName":"search_term_string"}}],"inLanguage":"fr-FR"},{"@type":"Organization","@id":"https:\/\/smans.com\/nl\/#organization","name":"Smans","url":"https:\/\/smans.com\/nl\/","logo":{"@type":"ImageObject","inLanguage":"fr-FR","@id":"https:\/\/smans.com\/nl\/#\/schema\/logo\/image\/","url":"https:\/\/smans.com\/wp-content\/uploads\/2023\/09\/logo.svg","contentUrl":"https:\/\/smans.com\/wp-content\/uploads\/2023\/09\/logo.svg","caption":"Smans"},"image":{"@id":"https:\/\/smans.com\/nl\/#\/schema\/logo\/image\/"}}]}},"brands":[{"id":18298,"name":"Schleuniger","slug":"brand-schleuniger-fr"}],"_links":{"self":[{"href":"https:\/\/smans.com\/fr\/wp-json\/wp\/v2\/product\/26250","targetHints":{"allow":["GET"]}}],"collection":[{"href":"https:\/\/smans.com\/fr\/wp-json\/wp\/v2\/product"}],"about":[{"href":"https:\/\/smans.com\/fr\/wp-json\/wp\/v2\/types\/product"}],"wp:attachment":[{"href":"https:\/\/smans.com\/fr\/wp-json\/wp\/v2\/media?parent=26250"}],"wp:term":[{"taxonomy":"pwb-brand","embeddable":true,"href":"https:\/\/smans.com\/fr\/wp-json\/wp\/v2\/pwb-brand?post=26250"},{"taxonomy":"product_brand","embeddable":true,"href":"https:\/\/smans.com\/fr\/wp-json\/wp\/v2\/product_brand?post=26250"},{"taxonomy":"product_cat","embeddable":true,"href":"https:\/\/smans.com\/fr\/wp-json\/wp\/v2\/product_cat?post=26250"},{"taxonomy":"product_tag","embeddable":true,"href":"https:\/\/smans.com\/fr\/wp-json\/wp\/v2\/product_tag?post=26250"}],"curies":[{"name":"wp","href":"https:\/\/api.w.org\/{rel}","templated":true}]}}