{"id":26251,"date":"2024-07-24T02:42:33","date_gmt":"2024-07-24T00:42:33","guid":{"rendered":"https:\/\/smans.com\/product\/tinning-station-for-crimpcenter-sts-1100\/"},"modified":"2026-04-13T12:56:24","modified_gmt":"2026-04-13T10:56:24","slug":"tinning-station-for-crimpcenter-sts-1100","status":"publish","type":"product","link":"https:\/\/smans.com\/fr\/product\/tinning-station-for-crimpcenter-sts-1100\/","title":{"rendered":"Schleuniger - Tinning Station for CrimpCenter STS 1100"},"content":{"rendered":"<p>La station d&rsquo;\u00e9tamage STS 1100 est con\u00e7ue pour le fluxage et l&rsquo;\u00e9tamage sans plomb d&rsquo;extr\u00e9mit\u00e9s de fils d\u00e9nud\u00e9s d&rsquo;une section allant jusqu&rsquo;\u00e0 2,5 mm\u00b2 (14 AWG) et d&rsquo;une longueur d&rsquo;\u00e9tamage allant jusqu&rsquo;\u00e0 5 mm (0,2\u00a0\u00bb). En option, il est \u00e9galement possible de traiter des extr\u00e9mit\u00e9s de fils d&rsquo;une section allant jusqu&rsquo;\u00e0 4 mm\u00b2 (12 AWG) et d&rsquo;une longueur d&rsquo;\u00e9tamage allant jusqu&rsquo;\u00e0 10 mm (0.39\u00a0\u00bb).<\/p>\n<ul>\n<li>Temps de cycle tr\u00e8s courts<\/li>\n<li>Int\u00e9gration et contr\u00f4le complets via le logiciel d&rsquo;exploitation CrimpCenter EASY<\/li>\n<li>Pour l&rsquo;utilisation d&rsquo;\u00e9tain sans plomb<\/li>\n<li>Diam\u00e8tres \u00e9tam\u00e9s de mani\u00e8re constante<\/li>\n<li>Sections de fils jusqu&rsquo;\u00e0 2,5 mm\u00b2 (14 AWG), en option jusqu&rsquo;\u00e0 4 mm\u00b2 (12 AWG)<\/li>\n<\/ul>\n","protected":false},"excerpt":{"rendered":"<p>Station d&rsquo;\u00e9tamage pour CrimpCenter<\/p>\n","protected":false},"featured_media":0,"template":"","meta":{"_acf_changed":false},"pwb-brand":[18298],"product_brand":[],"product_cat":[17990,17993,18035],"product_tag":[],"class_list":{"0":"post-26251","1":"product","2":"type-product","3":"status-publish","5":"pwb-brand-brand-schleuniger-fr","6":"product_cat-cables-et-cablage-fr","7":"product_cat-couper-denuder-sertissage-fr","8":"product_cat-process-modules-fr","10":"first","11":"instock","12":"taxable","13":"shipping-taxable","14":"product-type-simple"},"acf":[],"yoast_head":"<!-- This site is optimized with the Yoast SEO plugin v27.1.1 - https:\/\/yoast.com\/product\/yoast-seo-wordpress\/ -->\n<title>Tinning Station for CrimpCenter STS 1100 - Smans<\/title>\n<meta name=\"robots\" content=\"index, follow, max-snippet:-1, max-image-preview:large, max-video-preview:-1\" \/>\n<link rel=\"canonical\" href=\"https:\/\/smans.com\/fr\/product\/tinning-station-for-crimpcenter-sts-1100\/\" \/>\n<meta property=\"og:locale\" content=\"fr_FR\" \/>\n<meta property=\"og:type\" content=\"article\" \/>\n<meta property=\"og:title\" content=\"Tinning Station for CrimpCenter STS 1100 - Smans\" \/>\n<meta property=\"og:description\" content=\"Station d&#039;\u00e9tamage pour CrimpCenter\" \/>\n<meta property=\"og:url\" content=\"https:\/\/smans.com\/fr\/product\/tinning-station-for-crimpcenter-sts-1100\/\" \/>\n<meta property=\"og:site_name\" content=\"Smans\" \/>\n<meta property=\"article:modified_time\" content=\"2026-04-13T10:56:24+00:00\" \/>\n<meta name=\"twitter:card\" content=\"summary_large_image\" \/>\n<meta name=\"twitter:label1\" content=\"Dur\u00e9e de lecture estim\u00e9e\" \/>\n\t<meta name=\"twitter:data1\" content=\"1 minute\" \/>\n<script type=\"application\/ld+json\" class=\"yoast-schema-graph\">{\"@context\":\"https:\/\/schema.org\",\"@graph\":[{\"@type\":\"WebPage\",\"@id\":\"https:\/\/smans.com\/fr\/product\/tinning-station-for-crimpcenter-sts-1100\/\",\"url\":\"https:\/\/smans.com\/fr\/product\/tinning-station-for-crimpcenter-sts-1100\/\",\"name\":\"Tinning Station for CrimpCenter STS 1100 - Smans\",\"isPartOf\":{\"@id\":\"https:\/\/smans.com\/nl\/#website\"},\"datePublished\":\"2024-07-24T00:42:33+00:00\",\"dateModified\":\"2026-04-13T10:56:24+00:00\",\"breadcrumb\":{\"@id\":\"https:\/\/smans.com\/fr\/product\/tinning-station-for-crimpcenter-sts-1100\/#breadcrumb\"},\"inLanguage\":\"fr-FR\",\"potentialAction\":[{\"@type\":\"ReadAction\",\"target\":[\"https:\/\/smans.com\/fr\/product\/tinning-station-for-crimpcenter-sts-1100\/\"]}]},{\"@type\":\"BreadcrumbList\",\"@id\":\"https:\/\/smans.com\/fr\/product\/tinning-station-for-crimpcenter-sts-1100\/#breadcrumb\",\"itemListElement\":[{\"@type\":\"ListItem\",\"position\":1,\"name\":\"Home\",\"item\":\"https:\/\/smans.com\/fr\/\"},{\"@type\":\"ListItem\",\"position\":2,\"name\":\"Boutique\",\"item\":\"https:\/\/smans.com\/nl\/shop\/\"},{\"@type\":\"ListItem\",\"position\":3,\"name\":\"Schleuniger - Tinning Station for CrimpCenter STS 1100\"}]},{\"@type\":\"WebSite\",\"@id\":\"https:\/\/smans.com\/nl\/#website\",\"url\":\"https:\/\/smans.com\/nl\/\",\"name\":\"Smans\",\"description\":\"\",\"publisher\":{\"@id\":\"https:\/\/smans.com\/nl\/#organization\"},\"potentialAction\":[{\"@type\":\"SearchAction\",\"target\":{\"@type\":\"EntryPoint\",\"urlTemplate\":\"https:\/\/smans.com\/nl\/?s={search_term_string}\"},\"query-input\":{\"@type\":\"PropertyValueSpecification\",\"valueRequired\":true,\"valueName\":\"search_term_string\"}}],\"inLanguage\":\"fr-FR\"},{\"@type\":\"Organization\",\"@id\":\"https:\/\/smans.com\/nl\/#organization\",\"name\":\"Smans\",\"url\":\"https:\/\/smans.com\/nl\/\",\"logo\":{\"@type\":\"ImageObject\",\"inLanguage\":\"fr-FR\",\"@id\":\"https:\/\/smans.com\/nl\/#\/schema\/logo\/image\/\",\"url\":\"https:\/\/smans.com\/wp-content\/uploads\/2023\/09\/logo.svg\",\"contentUrl\":\"https:\/\/smans.com\/wp-content\/uploads\/2023\/09\/logo.svg\",\"caption\":\"Smans\"},\"image\":{\"@id\":\"https:\/\/smans.com\/nl\/#\/schema\/logo\/image\/\"}}]}<\/script>\n<!-- \/ Yoast SEO plugin. -->","yoast_head_json":{"title":"Tinning Station for CrimpCenter STS 1100 - Smans","robots":{"index":"index","follow":"follow","max-snippet":"max-snippet:-1","max-image-preview":"max-image-preview:large","max-video-preview":"max-video-preview:-1"},"canonical":"https:\/\/smans.com\/fr\/product\/tinning-station-for-crimpcenter-sts-1100\/","og_locale":"fr_FR","og_type":"article","og_title":"Tinning Station for CrimpCenter STS 1100 - Smans","og_description":"Station d'\u00e9tamage pour CrimpCenter","og_url":"https:\/\/smans.com\/fr\/product\/tinning-station-for-crimpcenter-sts-1100\/","og_site_name":"Smans","article_modified_time":"2026-04-13T10:56:24+00:00","twitter_card":"summary_large_image","twitter_misc":{"Dur\u00e9e de lecture estim\u00e9e":"1 minute"},"schema":{"@context":"https:\/\/schema.org","@graph":[{"@type":"WebPage","@id":"https:\/\/smans.com\/fr\/product\/tinning-station-for-crimpcenter-sts-1100\/","url":"https:\/\/smans.com\/fr\/product\/tinning-station-for-crimpcenter-sts-1100\/","name":"Tinning Station for CrimpCenter STS 1100 - Smans","isPartOf":{"@id":"https:\/\/smans.com\/nl\/#website"},"datePublished":"2024-07-24T00:42:33+00:00","dateModified":"2026-04-13T10:56:24+00:00","breadcrumb":{"@id":"https:\/\/smans.com\/fr\/product\/tinning-station-for-crimpcenter-sts-1100\/#breadcrumb"},"inLanguage":"fr-FR","potentialAction":[{"@type":"ReadAction","target":["https:\/\/smans.com\/fr\/product\/tinning-station-for-crimpcenter-sts-1100\/"]}]},{"@type":"BreadcrumbList","@id":"https:\/\/smans.com\/fr\/product\/tinning-station-for-crimpcenter-sts-1100\/#breadcrumb","itemListElement":[{"@type":"ListItem","position":1,"name":"Home","item":"https:\/\/smans.com\/fr\/"},{"@type":"ListItem","position":2,"name":"Boutique","item":"https:\/\/smans.com\/nl\/shop\/"},{"@type":"ListItem","position":3,"name":"Schleuniger - Tinning Station for CrimpCenter STS 1100"}]},{"@type":"WebSite","@id":"https:\/\/smans.com\/nl\/#website","url":"https:\/\/smans.com\/nl\/","name":"Smans","description":"","publisher":{"@id":"https:\/\/smans.com\/nl\/#organization"},"potentialAction":[{"@type":"SearchAction","target":{"@type":"EntryPoint","urlTemplate":"https:\/\/smans.com\/nl\/?s={search_term_string}"},"query-input":{"@type":"PropertyValueSpecification","valueRequired":true,"valueName":"search_term_string"}}],"inLanguage":"fr-FR"},{"@type":"Organization","@id":"https:\/\/smans.com\/nl\/#organization","name":"Smans","url":"https:\/\/smans.com\/nl\/","logo":{"@type":"ImageObject","inLanguage":"fr-FR","@id":"https:\/\/smans.com\/nl\/#\/schema\/logo\/image\/","url":"https:\/\/smans.com\/wp-content\/uploads\/2023\/09\/logo.svg","contentUrl":"https:\/\/smans.com\/wp-content\/uploads\/2023\/09\/logo.svg","caption":"Smans"},"image":{"@id":"https:\/\/smans.com\/nl\/#\/schema\/logo\/image\/"}}]}},"brands":[{"id":18298,"name":"Schleuniger","slug":"brand-schleuniger-fr"}],"_links":{"self":[{"href":"https:\/\/smans.com\/fr\/wp-json\/wp\/v2\/product\/26251","targetHints":{"allow":["GET"]}}],"collection":[{"href":"https:\/\/smans.com\/fr\/wp-json\/wp\/v2\/product"}],"about":[{"href":"https:\/\/smans.com\/fr\/wp-json\/wp\/v2\/types\/product"}],"wp:attachment":[{"href":"https:\/\/smans.com\/fr\/wp-json\/wp\/v2\/media?parent=26251"}],"wp:term":[{"taxonomy":"pwb-brand","embeddable":true,"href":"https:\/\/smans.com\/fr\/wp-json\/wp\/v2\/pwb-brand?post=26251"},{"taxonomy":"product_brand","embeddable":true,"href":"https:\/\/smans.com\/fr\/wp-json\/wp\/v2\/product_brand?post=26251"},{"taxonomy":"product_cat","embeddable":true,"href":"https:\/\/smans.com\/fr\/wp-json\/wp\/v2\/product_cat?post=26251"},{"taxonomy":"product_tag","embeddable":true,"href":"https:\/\/smans.com\/fr\/wp-json\/wp\/v2\/product_tag?post=26251"}],"curies":[{"name":"wp","href":"https:\/\/api.w.org\/{rel}","templated":true}]}}