{"id":26254,"date":"2024-07-24T02:42:38","date_gmt":"2024-07-24T00:42:38","guid":{"rendered":"https:\/\/smans.com\/product\/compacting-station-resistance-welding-km-cfk\/"},"modified":"2026-04-13T12:56:25","modified_gmt":"2026-04-13T10:56:25","slug":"compacting-station-resistance-welding-km-cfk","status":"publish","type":"product","link":"https:\/\/smans.com\/fr\/product\/compacting-station-resistance-welding-km-cfk\/","title":{"rendered":"Schleuniger - Compacting Station (Resistance Welding) KM-CFK"},"content":{"rendered":"<p>La station de soudage Strunk KM-CFK compacte (comprime, forme et lie) les extr\u00e9mit\u00e9s de fils d\u00e9nud\u00e9s de 0,5 \u00e0 6 mm\u00b2 (20 &#8211; 10 AWG) sur les machines CrimpCenter de la s\u00e9rie 6 gr\u00e2ce \u00e0 un processus de soudage par r\u00e9sistance. Selon le mod\u00e8le de CrimpCenter, une ou les deux extr\u00e9mit\u00e9s du fil peuvent \u00eatre compact\u00e9es ou le processus peut \u00eatre combin\u00e9 avec d&rsquo;autres \u00e9tapes de traitement. Le syst\u00e8me comprend la station KM-CFK, une unit\u00e9 de commande s\u00e9par\u00e9e et une unit\u00e9 de refroidissement s\u00e9par\u00e9e (en option).<\/p>\n<ul>\n<li>Processus de compactage fiable<\/li>\n<li>Temps de cycle tr\u00e8s courts<\/li>\n<li>R\u00e9glage facile pour diff\u00e9rentes sections de fil<\/li>\n<li>Assurance qualit\u00e9 avec stockage automatique des donn\u00e9es (contr\u00f4leur PC en option)<\/li>\n<\/ul>\n","protected":false},"excerpt":{"rendered":"<p>Station de compactage (soudage par r\u00e9sistance)<\/p>\n","protected":false},"featured_media":0,"template":"","meta":{"_acf_changed":false},"pwb-brand":[18298],"product_brand":[],"product_cat":[17990,17993,18035],"product_tag":[],"class_list":{"0":"post-26254","1":"product","2":"type-product","3":"status-publish","5":"pwb-brand-brand-schleuniger-fr","6":"product_cat-cables-et-cablage-fr","7":"product_cat-couper-denuder-sertissage-fr","8":"product_cat-process-modules-fr","10":"first","11":"instock","12":"taxable","13":"shipping-taxable","14":"product-type-simple"},"acf":[],"yoast_head":"<!-- This site is optimized with the Yoast SEO plugin v27.1.1 - https:\/\/yoast.com\/product\/yoast-seo-wordpress\/ -->\n<title>Compacting Station (Resistance Welding) KM-CFK - Smans<\/title>\n<meta name=\"robots\" content=\"index, follow, max-snippet:-1, max-image-preview:large, max-video-preview:-1\" \/>\n<link rel=\"canonical\" href=\"https:\/\/smans.com\/fr\/product\/compacting-station-resistance-welding-km-cfk\/\" \/>\n<meta property=\"og:locale\" content=\"fr_FR\" \/>\n<meta property=\"og:type\" content=\"article\" \/>\n<meta property=\"og:title\" content=\"Compacting Station (Resistance Welding) KM-CFK - Smans\" \/>\n<meta property=\"og:description\" content=\"Station de compactage (soudage par r\u00e9sistance)\" \/>\n<meta property=\"og:url\" content=\"https:\/\/smans.com\/fr\/product\/compacting-station-resistance-welding-km-cfk\/\" \/>\n<meta property=\"og:site_name\" content=\"Smans\" \/>\n<meta property=\"article:modified_time\" content=\"2026-04-13T10:56:25+00:00\" \/>\n<meta name=\"twitter:card\" content=\"summary_large_image\" \/>\n<meta name=\"twitter:label1\" content=\"Dur\u00e9e de lecture estim\u00e9e\" \/>\n\t<meta name=\"twitter:data1\" content=\"1 minute\" \/>\n<script type=\"application\/ld+json\" class=\"yoast-schema-graph\">{\"@context\":\"https:\/\/schema.org\",\"@graph\":[{\"@type\":\"WebPage\",\"@id\":\"https:\/\/smans.com\/fr\/product\/compacting-station-resistance-welding-km-cfk\/\",\"url\":\"https:\/\/smans.com\/fr\/product\/compacting-station-resistance-welding-km-cfk\/\",\"name\":\"Compacting Station (Resistance Welding) KM-CFK - Smans\",\"isPartOf\":{\"@id\":\"https:\/\/smans.com\/nl\/#website\"},\"datePublished\":\"2024-07-24T00:42:38+00:00\",\"dateModified\":\"2026-04-13T10:56:25+00:00\",\"breadcrumb\":{\"@id\":\"https:\/\/smans.com\/fr\/product\/compacting-station-resistance-welding-km-cfk\/#breadcrumb\"},\"inLanguage\":\"fr-FR\",\"potentialAction\":[{\"@type\":\"ReadAction\",\"target\":[\"https:\/\/smans.com\/fr\/product\/compacting-station-resistance-welding-km-cfk\/\"]}]},{\"@type\":\"BreadcrumbList\",\"@id\":\"https:\/\/smans.com\/fr\/product\/compacting-station-resistance-welding-km-cfk\/#breadcrumb\",\"itemListElement\":[{\"@type\":\"ListItem\",\"position\":1,\"name\":\"Home\",\"item\":\"https:\/\/smans.com\/fr\/\"},{\"@type\":\"ListItem\",\"position\":2,\"name\":\"Boutique\",\"item\":\"https:\/\/smans.com\/nl\/shop\/\"},{\"@type\":\"ListItem\",\"position\":3,\"name\":\"Schleuniger - Compacting Station (Resistance Welding) KM-CFK\"}]},{\"@type\":\"WebSite\",\"@id\":\"https:\/\/smans.com\/nl\/#website\",\"url\":\"https:\/\/smans.com\/nl\/\",\"name\":\"Smans\",\"description\":\"\",\"publisher\":{\"@id\":\"https:\/\/smans.com\/nl\/#organization\"},\"potentialAction\":[{\"@type\":\"SearchAction\",\"target\":{\"@type\":\"EntryPoint\",\"urlTemplate\":\"https:\/\/smans.com\/nl\/?s={search_term_string}\"},\"query-input\":{\"@type\":\"PropertyValueSpecification\",\"valueRequired\":true,\"valueName\":\"search_term_string\"}}],\"inLanguage\":\"fr-FR\"},{\"@type\":\"Organization\",\"@id\":\"https:\/\/smans.com\/nl\/#organization\",\"name\":\"Smans\",\"url\":\"https:\/\/smans.com\/nl\/\",\"logo\":{\"@type\":\"ImageObject\",\"inLanguage\":\"fr-FR\",\"@id\":\"https:\/\/smans.com\/nl\/#\/schema\/logo\/image\/\",\"url\":\"https:\/\/smans.com\/wp-content\/uploads\/2023\/09\/logo.svg\",\"contentUrl\":\"https:\/\/smans.com\/wp-content\/uploads\/2023\/09\/logo.svg\",\"caption\":\"Smans\"},\"image\":{\"@id\":\"https:\/\/smans.com\/nl\/#\/schema\/logo\/image\/\"}}]}<\/script>\n<!-- \/ Yoast SEO plugin. -->","yoast_head_json":{"title":"Compacting Station (Resistance Welding) KM-CFK - Smans","robots":{"index":"index","follow":"follow","max-snippet":"max-snippet:-1","max-image-preview":"max-image-preview:large","max-video-preview":"max-video-preview:-1"},"canonical":"https:\/\/smans.com\/fr\/product\/compacting-station-resistance-welding-km-cfk\/","og_locale":"fr_FR","og_type":"article","og_title":"Compacting Station (Resistance Welding) KM-CFK - Smans","og_description":"Station de compactage (soudage par r\u00e9sistance)","og_url":"https:\/\/smans.com\/fr\/product\/compacting-station-resistance-welding-km-cfk\/","og_site_name":"Smans","article_modified_time":"2026-04-13T10:56:25+00:00","twitter_card":"summary_large_image","twitter_misc":{"Dur\u00e9e de lecture estim\u00e9e":"1 minute"},"schema":{"@context":"https:\/\/schema.org","@graph":[{"@type":"WebPage","@id":"https:\/\/smans.com\/fr\/product\/compacting-station-resistance-welding-km-cfk\/","url":"https:\/\/smans.com\/fr\/product\/compacting-station-resistance-welding-km-cfk\/","name":"Compacting Station (Resistance Welding) KM-CFK - Smans","isPartOf":{"@id":"https:\/\/smans.com\/nl\/#website"},"datePublished":"2024-07-24T00:42:38+00:00","dateModified":"2026-04-13T10:56:25+00:00","breadcrumb":{"@id":"https:\/\/smans.com\/fr\/product\/compacting-station-resistance-welding-km-cfk\/#breadcrumb"},"inLanguage":"fr-FR","potentialAction":[{"@type":"ReadAction","target":["https:\/\/smans.com\/fr\/product\/compacting-station-resistance-welding-km-cfk\/"]}]},{"@type":"BreadcrumbList","@id":"https:\/\/smans.com\/fr\/product\/compacting-station-resistance-welding-km-cfk\/#breadcrumb","itemListElement":[{"@type":"ListItem","position":1,"name":"Home","item":"https:\/\/smans.com\/fr\/"},{"@type":"ListItem","position":2,"name":"Boutique","item":"https:\/\/smans.com\/nl\/shop\/"},{"@type":"ListItem","position":3,"name":"Schleuniger - Compacting Station (Resistance Welding) KM-CFK"}]},{"@type":"WebSite","@id":"https:\/\/smans.com\/nl\/#website","url":"https:\/\/smans.com\/nl\/","name":"Smans","description":"","publisher":{"@id":"https:\/\/smans.com\/nl\/#organization"},"potentialAction":[{"@type":"SearchAction","target":{"@type":"EntryPoint","urlTemplate":"https:\/\/smans.com\/nl\/?s={search_term_string}"},"query-input":{"@type":"PropertyValueSpecification","valueRequired":true,"valueName":"search_term_string"}}],"inLanguage":"fr-FR"},{"@type":"Organization","@id":"https:\/\/smans.com\/nl\/#organization","name":"Smans","url":"https:\/\/smans.com\/nl\/","logo":{"@type":"ImageObject","inLanguage":"fr-FR","@id":"https:\/\/smans.com\/nl\/#\/schema\/logo\/image\/","url":"https:\/\/smans.com\/wp-content\/uploads\/2023\/09\/logo.svg","contentUrl":"https:\/\/smans.com\/wp-content\/uploads\/2023\/09\/logo.svg","caption":"Smans"},"image":{"@id":"https:\/\/smans.com\/nl\/#\/schema\/logo\/image\/"}}]}},"brands":[{"id":18298,"name":"Schleuniger","slug":"brand-schleuniger-fr"}],"_links":{"self":[{"href":"https:\/\/smans.com\/fr\/wp-json\/wp\/v2\/product\/26254","targetHints":{"allow":["GET"]}}],"collection":[{"href":"https:\/\/smans.com\/fr\/wp-json\/wp\/v2\/product"}],"about":[{"href":"https:\/\/smans.com\/fr\/wp-json\/wp\/v2\/types\/product"}],"wp:attachment":[{"href":"https:\/\/smans.com\/fr\/wp-json\/wp\/v2\/media?parent=26254"}],"wp:term":[{"taxonomy":"pwb-brand","embeddable":true,"href":"https:\/\/smans.com\/fr\/wp-json\/wp\/v2\/pwb-brand?post=26254"},{"taxonomy":"product_brand","embeddable":true,"href":"https:\/\/smans.com\/fr\/wp-json\/wp\/v2\/product_brand?post=26254"},{"taxonomy":"product_cat","embeddable":true,"href":"https:\/\/smans.com\/fr\/wp-json\/wp\/v2\/product_cat?post=26254"},{"taxonomy":"product_tag","embeddable":true,"href":"https:\/\/smans.com\/fr\/wp-json\/wp\/v2\/product_tag?post=26254"}],"curies":[{"name":"wp","href":"https:\/\/api.w.org\/{rel}","templated":true}]}}