{"id":26361,"date":"2024-07-25T02:51:36","date_gmt":"2024-07-25T00:51:36","guid":{"rendered":"https:\/\/smans.com\/product\/cablecoiler-1450\/"},"modified":"2026-04-07T12:49:06","modified_gmt":"2026-04-07T10:49:06","slug":"cablecoiler-1450","status":"publish","type":"product","link":"https:\/\/smans.com\/fr\/product\/cablecoiler-1450\/","title":{"rendered":"Schleuniger - CableCoiler 1450"},"content":{"rendered":"<p>Le CableCoiler 1450 est un syst\u00e8me d&rsquo;enroulement \u00e0 bac unique utilis\u00e9 pour enrouler des fils, des c\u00e2bles ou des tubes. Il se caract\u00e9rise par une conception rotative avec des broches mobiles pour s&rsquo;adapter aux diff\u00e9rents diam\u00e8tres d&rsquo;enroulement. Une autre caract\u00e9ristique unique de cette machine est son syst\u00e8me de d\u00e9chargement facile, gr\u00e2ce \u00e0 un disque d&rsquo;enroulement r\u00e9tractable et \u00e0 un dispositif de levage automatique du couvercle de s\u00e9curit\u00e9. La machine fonctionne en mode \u00ab enroulement automatique des anneaux en vrac \u00bb en tant qu&rsquo;accessoire de post-traitement int\u00e9gr\u00e9 \u00e0 utiliser avec les machines \u00e0 couper et \u00e0 d\u00e9nuder. La machine est tr\u00e8s polyvalente et peut fonctionner selon deux modes diff\u00e9rents :<\/p>\n<p><strong>Enroulement des anneaux libres uniquement<\/strong> <br \/>Pour un enroulement hors ligne efficace des mat\u00e9riaux pr\u00e9d\u00e9coup\u00e9s<\/p>\n<p><strong>Enroulement automatique des anneaux libres<\/strong><br \/>En tant qu&rsquo;accessoire de post-traitement int\u00e9gr\u00e9 \u00e0 utiliser avec des machines de coupe et de d\u00e9nudage.<\/p>\n<p><strong>Param\u00e8tres programmables<\/strong><br \/>Param\u00e8tres du c\u00e2ble (diam\u00e8tre, longueur en mode hors ligne)<br \/>Param\u00e8tres de la bobine (diam\u00e8tre int\u00e9rieur\/ext\u00e9rieur)<br \/>Param\u00e8tres de configuration (distance apr\u00e8s coupe, r\u00e9glage de la synchronisation de la vitesse)<\/p>\n<p>Les param\u00e8tres programm\u00e9s peuvent \u00eatre stock\u00e9s dans des t\u00e2ches pour un chargement facile et rapide (via l&rsquo;interface utilisateur ou m\u00eame un lecteur de code-barres).<\/p>\n","protected":false},"excerpt":{"rendered":"<p>Le CableCoiler 1450 est un syst\u00e8me d&rsquo;enroulement \u00e0 bac unique utilis\u00e9 pour enrouler des fils, des c\u00e2bles ou des tubes. Il se caract\u00e9rise par une conception rotative avec des broches mobiles pour s&rsquo;adapter aux diff\u00e9rents diam\u00e8tres d&rsquo;enroulement.<\/p>\n","protected":false},"featured_media":0,"template":"","meta":{"_acf_changed":false},"pwb-brand":[18298],"product_brand":[],"product_cat":[17990,18020,17998],"product_tag":[],"class_list":{"0":"post-26361","1":"product","2":"type-product","3":"status-publish","5":"pwb-brand-brand-schleuniger-fr","6":"product_cat-cables-et-cablage-fr","7":"product_cat-deposit-fr","8":"product_cat-traitement-de-cables-fr","10":"first","11":"instock","12":"taxable","13":"shipping-taxable","14":"product-type-simple"},"acf":[],"yoast_head":"<!-- This site is optimized with the Yoast SEO plugin v27.1.1 - https:\/\/yoast.com\/product\/yoast-seo-wordpress\/ -->\n<title>CableCoiler 1450 - Smans<\/title>\n<meta name=\"robots\" content=\"index, follow, max-snippet:-1, max-image-preview:large, max-video-preview:-1\" \/>\n<link rel=\"canonical\" href=\"https:\/\/smans.com\/fr\/product\/cablecoiler-1450\/\" \/>\n<meta property=\"og:locale\" content=\"fr_FR\" \/>\n<meta property=\"og:type\" content=\"article\" \/>\n<meta property=\"og:title\" content=\"CableCoiler 1450 - Smans\" \/>\n<meta property=\"og:description\" content=\"Le CableCoiler 1450 est un syst\u00e8me d&#039;enroulement \u00e0 bac unique utilis\u00e9 pour enrouler des fils, des c\u00e2bles ou des tubes. Il se caract\u00e9rise par une conception rotative avec des broches mobiles pour s&#039;adapter aux diff\u00e9rents diam\u00e8tres d&#039;enroulement.\" \/>\n<meta property=\"og:url\" content=\"https:\/\/smans.com\/fr\/product\/cablecoiler-1450\/\" \/>\n<meta property=\"og:site_name\" content=\"Smans\" \/>\n<meta property=\"article:modified_time\" content=\"2026-04-07T10:49:06+00:00\" \/>\n<meta name=\"twitter:card\" content=\"summary_large_image\" \/>\n<meta name=\"twitter:label1\" content=\"Dur\u00e9e de lecture estim\u00e9e\" \/>\n\t<meta name=\"twitter:data1\" content=\"1 minute\" \/>\n<script type=\"application\/ld+json\" class=\"yoast-schema-graph\">{\"@context\":\"https:\/\/schema.org\",\"@graph\":[{\"@type\":\"WebPage\",\"@id\":\"https:\/\/smans.com\/fr\/product\/cablecoiler-1450\/\",\"url\":\"https:\/\/smans.com\/fr\/product\/cablecoiler-1450\/\",\"name\":\"CableCoiler 1450 - Smans\",\"isPartOf\":{\"@id\":\"https:\/\/smans.com\/nl\/#website\"},\"datePublished\":\"2024-07-25T00:51:36+00:00\",\"dateModified\":\"2026-04-07T10:49:06+00:00\",\"breadcrumb\":{\"@id\":\"https:\/\/smans.com\/fr\/product\/cablecoiler-1450\/#breadcrumb\"},\"inLanguage\":\"fr-FR\",\"potentialAction\":[{\"@type\":\"ReadAction\",\"target\":[\"https:\/\/smans.com\/fr\/product\/cablecoiler-1450\/\"]}]},{\"@type\":\"BreadcrumbList\",\"@id\":\"https:\/\/smans.com\/fr\/product\/cablecoiler-1450\/#breadcrumb\",\"itemListElement\":[{\"@type\":\"ListItem\",\"position\":1,\"name\":\"Home\",\"item\":\"https:\/\/smans.com\/fr\/\"},{\"@type\":\"ListItem\",\"position\":2,\"name\":\"Boutique\",\"item\":\"https:\/\/smans.com\/nl\/shop\/\"},{\"@type\":\"ListItem\",\"position\":3,\"name\":\"Schleuniger - CableCoiler 1450\"}]},{\"@type\":\"WebSite\",\"@id\":\"https:\/\/smans.com\/nl\/#website\",\"url\":\"https:\/\/smans.com\/nl\/\",\"name\":\"Smans\",\"description\":\"\",\"publisher\":{\"@id\":\"https:\/\/smans.com\/nl\/#organization\"},\"potentialAction\":[{\"@type\":\"SearchAction\",\"target\":{\"@type\":\"EntryPoint\",\"urlTemplate\":\"https:\/\/smans.com\/nl\/?s={search_term_string}\"},\"query-input\":{\"@type\":\"PropertyValueSpecification\",\"valueRequired\":true,\"valueName\":\"search_term_string\"}}],\"inLanguage\":\"fr-FR\"},{\"@type\":\"Organization\",\"@id\":\"https:\/\/smans.com\/nl\/#organization\",\"name\":\"Smans\",\"url\":\"https:\/\/smans.com\/nl\/\",\"logo\":{\"@type\":\"ImageObject\",\"inLanguage\":\"fr-FR\",\"@id\":\"https:\/\/smans.com\/nl\/#\/schema\/logo\/image\/\",\"url\":\"https:\/\/smans.com\/wp-content\/uploads\/2023\/09\/logo.svg\",\"contentUrl\":\"https:\/\/smans.com\/wp-content\/uploads\/2023\/09\/logo.svg\",\"caption\":\"Smans\"},\"image\":{\"@id\":\"https:\/\/smans.com\/nl\/#\/schema\/logo\/image\/\"}}]}<\/script>\n<!-- \/ Yoast SEO plugin. -->","yoast_head_json":{"title":"CableCoiler 1450 - Smans","robots":{"index":"index","follow":"follow","max-snippet":"max-snippet:-1","max-image-preview":"max-image-preview:large","max-video-preview":"max-video-preview:-1"},"canonical":"https:\/\/smans.com\/fr\/product\/cablecoiler-1450\/","og_locale":"fr_FR","og_type":"article","og_title":"CableCoiler 1450 - Smans","og_description":"Le CableCoiler 1450 est un syst\u00e8me d'enroulement \u00e0 bac unique utilis\u00e9 pour enrouler des fils, des c\u00e2bles ou des tubes. Il se caract\u00e9rise par une conception rotative avec des broches mobiles pour s'adapter aux diff\u00e9rents diam\u00e8tres d'enroulement.","og_url":"https:\/\/smans.com\/fr\/product\/cablecoiler-1450\/","og_site_name":"Smans","article_modified_time":"2026-04-07T10:49:06+00:00","twitter_card":"summary_large_image","twitter_misc":{"Dur\u00e9e de lecture estim\u00e9e":"1 minute"},"schema":{"@context":"https:\/\/schema.org","@graph":[{"@type":"WebPage","@id":"https:\/\/smans.com\/fr\/product\/cablecoiler-1450\/","url":"https:\/\/smans.com\/fr\/product\/cablecoiler-1450\/","name":"CableCoiler 1450 - Smans","isPartOf":{"@id":"https:\/\/smans.com\/nl\/#website"},"datePublished":"2024-07-25T00:51:36+00:00","dateModified":"2026-04-07T10:49:06+00:00","breadcrumb":{"@id":"https:\/\/smans.com\/fr\/product\/cablecoiler-1450\/#breadcrumb"},"inLanguage":"fr-FR","potentialAction":[{"@type":"ReadAction","target":["https:\/\/smans.com\/fr\/product\/cablecoiler-1450\/"]}]},{"@type":"BreadcrumbList","@id":"https:\/\/smans.com\/fr\/product\/cablecoiler-1450\/#breadcrumb","itemListElement":[{"@type":"ListItem","position":1,"name":"Home","item":"https:\/\/smans.com\/fr\/"},{"@type":"ListItem","position":2,"name":"Boutique","item":"https:\/\/smans.com\/nl\/shop\/"},{"@type":"ListItem","position":3,"name":"Schleuniger - CableCoiler 1450"}]},{"@type":"WebSite","@id":"https:\/\/smans.com\/nl\/#website","url":"https:\/\/smans.com\/nl\/","name":"Smans","description":"","publisher":{"@id":"https:\/\/smans.com\/nl\/#organization"},"potentialAction":[{"@type":"SearchAction","target":{"@type":"EntryPoint","urlTemplate":"https:\/\/smans.com\/nl\/?s={search_term_string}"},"query-input":{"@type":"PropertyValueSpecification","valueRequired":true,"valueName":"search_term_string"}}],"inLanguage":"fr-FR"},{"@type":"Organization","@id":"https:\/\/smans.com\/nl\/#organization","name":"Smans","url":"https:\/\/smans.com\/nl\/","logo":{"@type":"ImageObject","inLanguage":"fr-FR","@id":"https:\/\/smans.com\/nl\/#\/schema\/logo\/image\/","url":"https:\/\/smans.com\/wp-content\/uploads\/2023\/09\/logo.svg","contentUrl":"https:\/\/smans.com\/wp-content\/uploads\/2023\/09\/logo.svg","caption":"Smans"},"image":{"@id":"https:\/\/smans.com\/nl\/#\/schema\/logo\/image\/"}}]}},"brands":[{"id":18298,"name":"Schleuniger","slug":"brand-schleuniger-fr"}],"_links":{"self":[{"href":"https:\/\/smans.com\/fr\/wp-json\/wp\/v2\/product\/26361","targetHints":{"allow":["GET"]}}],"collection":[{"href":"https:\/\/smans.com\/fr\/wp-json\/wp\/v2\/product"}],"about":[{"href":"https:\/\/smans.com\/fr\/wp-json\/wp\/v2\/types\/product"}],"wp:attachment":[{"href":"https:\/\/smans.com\/fr\/wp-json\/wp\/v2\/media?parent=26361"}],"wp:term":[{"taxonomy":"pwb-brand","embeddable":true,"href":"https:\/\/smans.com\/fr\/wp-json\/wp\/v2\/pwb-brand?post=26361"},{"taxonomy":"product_brand","embeddable":true,"href":"https:\/\/smans.com\/fr\/wp-json\/wp\/v2\/product_brand?post=26361"},{"taxonomy":"product_cat","embeddable":true,"href":"https:\/\/smans.com\/fr\/wp-json\/wp\/v2\/product_cat?post=26361"},{"taxonomy":"product_tag","embeddable":true,"href":"https:\/\/smans.com\/fr\/wp-json\/wp\/v2\/product_tag?post=26361"}],"curies":[{"name":"wp","href":"https:\/\/api.w.org\/{rel}","templated":true}]}}