{"id":26363,"date":"2024-07-25T02:51:40","date_gmt":"2024-07-25T00:51:40","guid":{"rendered":"https:\/\/smans.com\/product\/coaxcenter-6000\/"},"modified":"2026-04-16T12:22:56","modified_gmt":"2026-04-16T10:22:56","slug":"coaxcenter-6000","status":"publish","type":"product","link":"https:\/\/smans.com\/fr\/product\/coaxcenter-6000\/","title":{"rendered":"Schleuniger - CoaxCenter 6000"},"content":{"rendered":"<div class=\"flex max-w-full flex-col flex-grow\">\n<div class=\"min-h-8 text-message flex w-full flex-col items-end gap-2 whitespace-normal break-words text-start [.text-message+&amp;]:mt-5\" dir=\"auto\" data-message-author-role=\"assistant\" data-message-id=\"80422a3b-70e7-427b-964a-9a4cdfe2ea1d\" data-message-model-slug=\"gpt-4o-mini\">\n<div class=\"flex w-full flex-col gap-1 empty:hidden first:pt-[3px]\">\n<div class=\"markdown prose w-full break-words dark:prose-invert light\">\n<p data-start=\"3981\" data-end=\"4322\">Le CoaxCenter 6000 est la premi\u00e8re machine au monde capable de traiter de mani\u00e8re totalement automatis\u00e9e les c\u00e2bles micro-coaxiaux, coaxiaux et les fils monoconducteurs avec une grande pr\u00e9cision. Cette machine r\u00e9pond aux derni\u00e8res tendances en mati\u00e8re d&rsquo;automatisation, de miniaturisation, et de technologies de communication et de mobilit\u00e9.<\/p>\n<p data-start=\"4324\" data-end=\"4360\"><strong data-start=\"4324\" data-end=\"4358\">Caract\u00e9ristiques principales :<\/strong><\/p>\n<ul data-start=\"4361\" data-end=\"6152\" data-is-last-node=\"\">\n<li data-start=\"4361\" data-end=\"4590\"><strong data-start=\"4363\" data-end=\"4394\">Applications polyvalentes :<\/strong> Convient pour le traitement des c\u00e2bles micro-coaxiaux, coaxiaux ainsi que des fils monoconducteurs, id\u00e9al pour l&rsquo;automatisation, la miniaturisation, les technologies de l&rsquo;ICT et de la mobilit\u00e9.<\/li>\n<li data-start=\"4591\" data-end=\"4741\"><strong data-start=\"4593\" data-end=\"4619\">Plateforme modulaire :<\/strong> La plateforme de la machine peut \u00eatre \u00e9quip\u00e9e de jusqu&rsquo;\u00e0 six stations de traitement, en fonction des besoins du client.<\/li>\n<li data-start=\"4742\" data-end=\"4951\"><strong data-start=\"4744\" data-end=\"4768\">Stripping efficace :<\/strong> Utilise la RotaryUnit 6000 ou des lames en forme de V avec plusieurs lames pour le d\u00e9nudage, garantissant une position optimale sans endommager le c\u00e2ble par la pression de serrage.<\/li>\n<li data-start=\"4952\" data-end=\"5052\"><strong data-start=\"4954\" data-end=\"4989\">Syst\u00e8me d&rsquo;aspiration puissant :<\/strong> Les parties d\u00e9nud\u00e9es des c\u00e2bles sont extraites efficacement.<\/li>\n<li data-start=\"5053\" data-end=\"5279\"><strong data-start=\"5055\" data-end=\"5081\">Contr\u00f4le de position :<\/strong> L&rsquo;extr\u00e9mit\u00e9 du c\u00e2ble est maintenue par une seule pince, garantissant que sa position exacte est maintenue et que l&rsquo;extr\u00e9mit\u00e9 du c\u00e2ble est aliment\u00e9e avec pr\u00e9cision vers les stations de traitement.<\/li>\n<li data-start=\"5280\" data-end=\"5483\"><strong data-start=\"5282\" data-end=\"5314\">Surveillance de la qualit\u00e9 :<\/strong> Le syst\u00e8me de cam\u00e9ra QCam 360 inspecte chaque \u00e9tape du processus, v\u00e9rifiant la bonne position des connexions \u00e0 sertir et d\u00e9tectant les coupures ou les d\u00e9chets de fil.<\/li>\n<li data-start=\"5484\" data-end=\"5726\"><strong data-start=\"5486\" data-end=\"5521\">Modules de traitement uniques :<\/strong> Comprend un presse \u00e0 sertir \u00e0 fermeture centrale pour les applications de sertissage de petite taille et une station de chanfreinage enti\u00e8rement programmable pour les conducteurs internes en fil solide.<\/li>\n<li data-start=\"5727\" data-end=\"5885\"><strong data-start=\"5729\" data-end=\"5767\">Int\u00e9gration de stations externes :<\/strong> Le concept de machine ouvert permet d&rsquo;int\u00e9grer des stations de traitement d&rsquo;autres fournisseurs dans la plateforme.<\/li>\n<li data-start=\"5886\" data-end=\"6040\"><strong data-start=\"5888\" data-end=\"5920\">Temps de changement rapide :<\/strong> La machine est facile \u00e0 configurer, ce qui la rend id\u00e9ale pour des op\u00e9rations de travail en \u00e9quipes tr\u00e8s productives.<\/li>\n<li data-start=\"6041\" data-end=\"6152\" data-is-last-node=\"\"><strong data-start=\"6043\" data-end=\"6066\">Haute performance :<\/strong> Traitement simultan\u00e9 des deux extr\u00e9mit\u00e9s de c\u00e2ble avec grande vitesse et pr\u00e9cision.<\/li>\n<\/ul>\n<\/div>\n<\/div>\n<\/div>\n<\/div>\n<div class=\"mb-2 flex gap-3 empty:hidden -ml-2\">\n<div class=\"items-center justify-start rounded-xl p-1 flex\">\u00a0<\/div>\n<\/div>\n","protected":false},"excerpt":{"rendered":"<p>Traitement Automatique des C\u00e2bles Coaxiaux et Micro-Coaxiaux<\/p>\n","protected":false},"featured_media":0,"template":"","meta":{"_acf_changed":false},"pwb-brand":[18298],"product_brand":[],"product_cat":[17990,17993,18043],"product_tag":[],"class_list":{"0":"post-26363","1":"product","2":"type-product","3":"status-publish","5":"pwb-brand-brand-schleuniger-fr","6":"product_cat-cables-et-cablage-fr","7":"product_cat-couper-denuder-sertissage-fr","8":"product_cat-crimp-to-crimp-fr","10":"first","11":"instock","12":"taxable","13":"shipping-taxable","14":"product-type-simple"},"acf":[],"yoast_head":"<!-- This site is optimized with the Yoast SEO plugin v27.1.1 - https:\/\/yoast.com\/product\/yoast-seo-wordpress\/ -->\n<title>CoaxCenter 6000 - Smans<\/title>\n<meta name=\"robots\" content=\"index, follow, max-snippet:-1, max-image-preview:large, max-video-preview:-1\" \/>\n<link rel=\"canonical\" href=\"https:\/\/smans.com\/fr\/product\/coaxcenter-6000\/\" \/>\n<meta property=\"og:locale\" content=\"fr_FR\" \/>\n<meta property=\"og:type\" content=\"article\" \/>\n<meta property=\"og:title\" content=\"CoaxCenter 6000 - Smans\" \/>\n<meta property=\"og:description\" content=\"Traitement Automatique des C\u00e2bles Coaxiaux et Micro-Coaxiaux\" \/>\n<meta property=\"og:url\" content=\"https:\/\/smans.com\/fr\/product\/coaxcenter-6000\/\" \/>\n<meta property=\"og:site_name\" content=\"Smans\" \/>\n<meta property=\"article:modified_time\" content=\"2026-04-16T10:22:56+00:00\" \/>\n<meta name=\"twitter:card\" content=\"summary_large_image\" \/>\n<meta name=\"twitter:label1\" content=\"Dur\u00e9e de lecture estim\u00e9e\" \/>\n\t<meta name=\"twitter:data1\" content=\"2 minutes\" \/>\n<script type=\"application\/ld+json\" class=\"yoast-schema-graph\">{\"@context\":\"https:\/\/schema.org\",\"@graph\":[{\"@type\":\"WebPage\",\"@id\":\"https:\/\/smans.com\/fr\/product\/coaxcenter-6000\/\",\"url\":\"https:\/\/smans.com\/fr\/product\/coaxcenter-6000\/\",\"name\":\"CoaxCenter 6000 - Smans\",\"isPartOf\":{\"@id\":\"https:\/\/smans.com\/nl\/#website\"},\"datePublished\":\"2024-07-25T00:51:40+00:00\",\"dateModified\":\"2026-04-16T10:22:56+00:00\",\"breadcrumb\":{\"@id\":\"https:\/\/smans.com\/fr\/product\/coaxcenter-6000\/#breadcrumb\"},\"inLanguage\":\"fr-FR\",\"potentialAction\":[{\"@type\":\"ReadAction\",\"target\":[\"https:\/\/smans.com\/fr\/product\/coaxcenter-6000\/\"]}]},{\"@type\":\"BreadcrumbList\",\"@id\":\"https:\/\/smans.com\/fr\/product\/coaxcenter-6000\/#breadcrumb\",\"itemListElement\":[{\"@type\":\"ListItem\",\"position\":1,\"name\":\"Home\",\"item\":\"https:\/\/smans.com\/fr\/\"},{\"@type\":\"ListItem\",\"position\":2,\"name\":\"Boutique\",\"item\":\"https:\/\/smans.com\/nl\/shop\/\"},{\"@type\":\"ListItem\",\"position\":3,\"name\":\"Schleuniger - CoaxCenter 6000\"}]},{\"@type\":\"WebSite\",\"@id\":\"https:\/\/smans.com\/nl\/#website\",\"url\":\"https:\/\/smans.com\/nl\/\",\"name\":\"Smans\",\"description\":\"\",\"publisher\":{\"@id\":\"https:\/\/smans.com\/nl\/#organization\"},\"potentialAction\":[{\"@type\":\"SearchAction\",\"target\":{\"@type\":\"EntryPoint\",\"urlTemplate\":\"https:\/\/smans.com\/nl\/?s={search_term_string}\"},\"query-input\":{\"@type\":\"PropertyValueSpecification\",\"valueRequired\":true,\"valueName\":\"search_term_string\"}}],\"inLanguage\":\"fr-FR\"},{\"@type\":\"Organization\",\"@id\":\"https:\/\/smans.com\/nl\/#organization\",\"name\":\"Smans\",\"url\":\"https:\/\/smans.com\/nl\/\",\"logo\":{\"@type\":\"ImageObject\",\"inLanguage\":\"fr-FR\",\"@id\":\"https:\/\/smans.com\/nl\/#\/schema\/logo\/image\/\",\"url\":\"https:\/\/smans.com\/wp-content\/uploads\/2023\/09\/logo.svg\",\"contentUrl\":\"https:\/\/smans.com\/wp-content\/uploads\/2023\/09\/logo.svg\",\"caption\":\"Smans\"},\"image\":{\"@id\":\"https:\/\/smans.com\/nl\/#\/schema\/logo\/image\/\"}}]}<\/script>\n<!-- \/ Yoast SEO plugin. -->","yoast_head_json":{"title":"CoaxCenter 6000 - Smans","robots":{"index":"index","follow":"follow","max-snippet":"max-snippet:-1","max-image-preview":"max-image-preview:large","max-video-preview":"max-video-preview:-1"},"canonical":"https:\/\/smans.com\/fr\/product\/coaxcenter-6000\/","og_locale":"fr_FR","og_type":"article","og_title":"CoaxCenter 6000 - Smans","og_description":"Traitement Automatique des C\u00e2bles Coaxiaux et Micro-Coaxiaux","og_url":"https:\/\/smans.com\/fr\/product\/coaxcenter-6000\/","og_site_name":"Smans","article_modified_time":"2026-04-16T10:22:56+00:00","twitter_card":"summary_large_image","twitter_misc":{"Dur\u00e9e de lecture estim\u00e9e":"2 minutes"},"schema":{"@context":"https:\/\/schema.org","@graph":[{"@type":"WebPage","@id":"https:\/\/smans.com\/fr\/product\/coaxcenter-6000\/","url":"https:\/\/smans.com\/fr\/product\/coaxcenter-6000\/","name":"CoaxCenter 6000 - Smans","isPartOf":{"@id":"https:\/\/smans.com\/nl\/#website"},"datePublished":"2024-07-25T00:51:40+00:00","dateModified":"2026-04-16T10:22:56+00:00","breadcrumb":{"@id":"https:\/\/smans.com\/fr\/product\/coaxcenter-6000\/#breadcrumb"},"inLanguage":"fr-FR","potentialAction":[{"@type":"ReadAction","target":["https:\/\/smans.com\/fr\/product\/coaxcenter-6000\/"]}]},{"@type":"BreadcrumbList","@id":"https:\/\/smans.com\/fr\/product\/coaxcenter-6000\/#breadcrumb","itemListElement":[{"@type":"ListItem","position":1,"name":"Home","item":"https:\/\/smans.com\/fr\/"},{"@type":"ListItem","position":2,"name":"Boutique","item":"https:\/\/smans.com\/nl\/shop\/"},{"@type":"ListItem","position":3,"name":"Schleuniger - CoaxCenter 6000"}]},{"@type":"WebSite","@id":"https:\/\/smans.com\/nl\/#website","url":"https:\/\/smans.com\/nl\/","name":"Smans","description":"","publisher":{"@id":"https:\/\/smans.com\/nl\/#organization"},"potentialAction":[{"@type":"SearchAction","target":{"@type":"EntryPoint","urlTemplate":"https:\/\/smans.com\/nl\/?s={search_term_string}"},"query-input":{"@type":"PropertyValueSpecification","valueRequired":true,"valueName":"search_term_string"}}],"inLanguage":"fr-FR"},{"@type":"Organization","@id":"https:\/\/smans.com\/nl\/#organization","name":"Smans","url":"https:\/\/smans.com\/nl\/","logo":{"@type":"ImageObject","inLanguage":"fr-FR","@id":"https:\/\/smans.com\/nl\/#\/schema\/logo\/image\/","url":"https:\/\/smans.com\/wp-content\/uploads\/2023\/09\/logo.svg","contentUrl":"https:\/\/smans.com\/wp-content\/uploads\/2023\/09\/logo.svg","caption":"Smans"},"image":{"@id":"https:\/\/smans.com\/nl\/#\/schema\/logo\/image\/"}}]}},"brands":[{"id":18298,"name":"Schleuniger","slug":"brand-schleuniger-fr"}],"_links":{"self":[{"href":"https:\/\/smans.com\/fr\/wp-json\/wp\/v2\/product\/26363","targetHints":{"allow":["GET"]}}],"collection":[{"href":"https:\/\/smans.com\/fr\/wp-json\/wp\/v2\/product"}],"about":[{"href":"https:\/\/smans.com\/fr\/wp-json\/wp\/v2\/types\/product"}],"wp:attachment":[{"href":"https:\/\/smans.com\/fr\/wp-json\/wp\/v2\/media?parent=26363"}],"wp:term":[{"taxonomy":"pwb-brand","embeddable":true,"href":"https:\/\/smans.com\/fr\/wp-json\/wp\/v2\/pwb-brand?post=26363"},{"taxonomy":"product_brand","embeddable":true,"href":"https:\/\/smans.com\/fr\/wp-json\/wp\/v2\/product_brand?post=26363"},{"taxonomy":"product_cat","embeddable":true,"href":"https:\/\/smans.com\/fr\/wp-json\/wp\/v2\/product_cat?post=26363"},{"taxonomy":"product_tag","embeddable":true,"href":"https:\/\/smans.com\/fr\/wp-json\/wp\/v2\/product_tag?post=26363"}],"curies":[{"name":"wp","href":"https:\/\/api.w.org\/{rel}","templated":true}]}}