{"id":26365,"date":"2024-07-25T02:51:44","date_gmt":"2024-07-25T00:51:44","guid":{"rendered":"https:\/\/smans.com\/product\/shieldcut-8100\/"},"modified":"2026-04-15T12:23:29","modified_gmt":"2026-04-15T10:23:29","slug":"shieldcut-8100","status":"publish","type":"product","link":"https:\/\/smans.com\/fr\/product\/shieldcut-8100\/","title":{"rendered":"Schleuniger - ShieldCut 8100"},"content":{"rendered":"<p>Le ShieldCut 8100 est une machine semi-automatique flexible et in\u00e9gal\u00e9e pour couper le blindage tress\u00e9 des c\u00e2bles ronds et non ronds. La machine est command\u00e9e par un \u00e9cran tactile couleur pour une utilisation rapide et facile. Le guidage intuitif par menu garantit des temps de formation courts et minimise les erreurs de saisie. Toutes les donn\u00e9es de production peuvent \u00eatre sauvegard\u00e9es et consult\u00e9es \u00e0 tout moment.<\/p>\n<p><strong>Ing\u00e9nieux :<\/strong><br \/>Une brosse rotative peigne les brins de blindage tress\u00e9s. Ensuite, les brins de blindage sont coup\u00e9s entre deux lames rotatives.<\/p>\n<p><strong>Flexible :<\/strong><br \/>Le jeu de guides standard fourni permet de traiter une large gamme de diam\u00e8tres de c\u00e2bles. Les m\u00e2choires de serrage et les lames de coupe du blindage sont universelles et n&rsquo;ont pas besoin d&rsquo;\u00eatre chang\u00e9es pour les diff\u00e9rentes tailles de c\u00e2ble.<\/p>\n<p><strong>R\u00e9p\u00e9table :<\/strong><br \/>La ShieldCut 8100 est \u00e9quip\u00e9e d&rsquo;entra\u00eenements fiables et d&rsquo;un logiciel de contr\u00f4le performant pour des r\u00e9sultats r\u00e9p\u00e9tables et de haute qualit\u00e9, impossibles \u00e0 obtenir avec le traitement manuel des blindages.<\/p>\n<p><strong>Intuitive :<\/strong><br \/>La machine est \u00e9quip\u00e9e d&rsquo;une interface utilisateur intuitive \u00e0 \u00e9cran tactile couleur haute d\u00e9finition de 7 pouces.<\/p>\n","protected":false},"excerpt":{"rendered":"<p>Flexibilit\u00e9 in\u00e9gal\u00e9e pour la coupe des blindages de c\u00e2bles<\/p>\n","protected":false},"featured_media":0,"template":"","meta":{"_acf_changed":false},"pwb-brand":[18298],"product_brand":[],"product_cat":[18047,17990,18001],"product_tag":[],"class_list":{"0":"post-26365","1":"product","2":"type-product","3":"status-publish","5":"pwb-brand-brand-schleuniger-fr","6":"product_cat-cable-shielding-processing-fr","7":"product_cat-cables-et-cablage-fr","8":"product_cat-processus-secondaires-fr","10":"first","11":"instock","12":"taxable","13":"shipping-taxable","14":"purchasable","15":"product-type-simple"},"acf":[],"yoast_head":"<!-- This site is optimized with the Yoast SEO plugin v27.1.1 - https:\/\/yoast.com\/product\/yoast-seo-wordpress\/ -->\n<title>ShieldCut 8100 - Smans<\/title>\n<meta name=\"robots\" content=\"index, follow, max-snippet:-1, max-image-preview:large, max-video-preview:-1\" \/>\n<link rel=\"canonical\" href=\"https:\/\/smans.com\/fr\/product\/shieldcut-8100\/\" \/>\n<meta property=\"og:locale\" content=\"fr_FR\" \/>\n<meta property=\"og:type\" content=\"article\" \/>\n<meta property=\"og:title\" content=\"ShieldCut 8100 - Smans\" \/>\n<meta property=\"og:description\" content=\"Flexibilit\u00e9 in\u00e9gal\u00e9e pour la coupe des blindages de c\u00e2bles\" \/>\n<meta property=\"og:url\" content=\"https:\/\/smans.com\/fr\/product\/shieldcut-8100\/\" \/>\n<meta property=\"og:site_name\" content=\"Smans\" \/>\n<meta property=\"article:modified_time\" content=\"2026-04-15T10:23:29+00:00\" \/>\n<meta name=\"twitter:card\" content=\"summary_large_image\" \/>\n<meta name=\"twitter:label1\" content=\"Dur\u00e9e de lecture estim\u00e9e\" \/>\n\t<meta name=\"twitter:data1\" content=\"1 minute\" \/>\n<script type=\"application\/ld+json\" class=\"yoast-schema-graph\">{\"@context\":\"https:\/\/schema.org\",\"@graph\":[{\"@type\":\"WebPage\",\"@id\":\"https:\/\/smans.com\/fr\/product\/shieldcut-8100\/\",\"url\":\"https:\/\/smans.com\/fr\/product\/shieldcut-8100\/\",\"name\":\"ShieldCut 8100 - Smans\",\"isPartOf\":{\"@id\":\"https:\/\/smans.com\/nl\/#website\"},\"datePublished\":\"2024-07-25T00:51:44+00:00\",\"dateModified\":\"2026-04-15T10:23:29+00:00\",\"breadcrumb\":{\"@id\":\"https:\/\/smans.com\/fr\/product\/shieldcut-8100\/#breadcrumb\"},\"inLanguage\":\"fr-FR\",\"potentialAction\":[{\"@type\":\"ReadAction\",\"target\":[\"https:\/\/smans.com\/fr\/product\/shieldcut-8100\/\"]}]},{\"@type\":\"BreadcrumbList\",\"@id\":\"https:\/\/smans.com\/fr\/product\/shieldcut-8100\/#breadcrumb\",\"itemListElement\":[{\"@type\":\"ListItem\",\"position\":1,\"name\":\"Home\",\"item\":\"https:\/\/smans.com\/fr\/\"},{\"@type\":\"ListItem\",\"position\":2,\"name\":\"Boutique\",\"item\":\"https:\/\/smans.com\/nl\/shop\/\"},{\"@type\":\"ListItem\",\"position\":3,\"name\":\"Schleuniger - ShieldCut 8100\"}]},{\"@type\":\"WebSite\",\"@id\":\"https:\/\/smans.com\/nl\/#website\",\"url\":\"https:\/\/smans.com\/nl\/\",\"name\":\"Smans\",\"description\":\"\",\"publisher\":{\"@id\":\"https:\/\/smans.com\/nl\/#organization\"},\"potentialAction\":[{\"@type\":\"SearchAction\",\"target\":{\"@type\":\"EntryPoint\",\"urlTemplate\":\"https:\/\/smans.com\/nl\/?s={search_term_string}\"},\"query-input\":{\"@type\":\"PropertyValueSpecification\",\"valueRequired\":true,\"valueName\":\"search_term_string\"}}],\"inLanguage\":\"fr-FR\"},{\"@type\":\"Organization\",\"@id\":\"https:\/\/smans.com\/nl\/#organization\",\"name\":\"Smans\",\"url\":\"https:\/\/smans.com\/nl\/\",\"logo\":{\"@type\":\"ImageObject\",\"inLanguage\":\"fr-FR\",\"@id\":\"https:\/\/smans.com\/nl\/#\/schema\/logo\/image\/\",\"url\":\"https:\/\/smans.com\/wp-content\/uploads\/2023\/09\/logo.svg\",\"contentUrl\":\"https:\/\/smans.com\/wp-content\/uploads\/2023\/09\/logo.svg\",\"caption\":\"Smans\"},\"image\":{\"@id\":\"https:\/\/smans.com\/nl\/#\/schema\/logo\/image\/\"}}]}<\/script>\n<!-- \/ Yoast SEO plugin. -->","yoast_head_json":{"title":"ShieldCut 8100 - Smans","robots":{"index":"index","follow":"follow","max-snippet":"max-snippet:-1","max-image-preview":"max-image-preview:large","max-video-preview":"max-video-preview:-1"},"canonical":"https:\/\/smans.com\/fr\/product\/shieldcut-8100\/","og_locale":"fr_FR","og_type":"article","og_title":"ShieldCut 8100 - Smans","og_description":"Flexibilit\u00e9 in\u00e9gal\u00e9e pour la coupe des blindages de c\u00e2bles","og_url":"https:\/\/smans.com\/fr\/product\/shieldcut-8100\/","og_site_name":"Smans","article_modified_time":"2026-04-15T10:23:29+00:00","twitter_card":"summary_large_image","twitter_misc":{"Dur\u00e9e de lecture estim\u00e9e":"1 minute"},"schema":{"@context":"https:\/\/schema.org","@graph":[{"@type":"WebPage","@id":"https:\/\/smans.com\/fr\/product\/shieldcut-8100\/","url":"https:\/\/smans.com\/fr\/product\/shieldcut-8100\/","name":"ShieldCut 8100 - Smans","isPartOf":{"@id":"https:\/\/smans.com\/nl\/#website"},"datePublished":"2024-07-25T00:51:44+00:00","dateModified":"2026-04-15T10:23:29+00:00","breadcrumb":{"@id":"https:\/\/smans.com\/fr\/product\/shieldcut-8100\/#breadcrumb"},"inLanguage":"fr-FR","potentialAction":[{"@type":"ReadAction","target":["https:\/\/smans.com\/fr\/product\/shieldcut-8100\/"]}]},{"@type":"BreadcrumbList","@id":"https:\/\/smans.com\/fr\/product\/shieldcut-8100\/#breadcrumb","itemListElement":[{"@type":"ListItem","position":1,"name":"Home","item":"https:\/\/smans.com\/fr\/"},{"@type":"ListItem","position":2,"name":"Boutique","item":"https:\/\/smans.com\/nl\/shop\/"},{"@type":"ListItem","position":3,"name":"Schleuniger - ShieldCut 8100"}]},{"@type":"WebSite","@id":"https:\/\/smans.com\/nl\/#website","url":"https:\/\/smans.com\/nl\/","name":"Smans","description":"","publisher":{"@id":"https:\/\/smans.com\/nl\/#organization"},"potentialAction":[{"@type":"SearchAction","target":{"@type":"EntryPoint","urlTemplate":"https:\/\/smans.com\/nl\/?s={search_term_string}"},"query-input":{"@type":"PropertyValueSpecification","valueRequired":true,"valueName":"search_term_string"}}],"inLanguage":"fr-FR"},{"@type":"Organization","@id":"https:\/\/smans.com\/nl\/#organization","name":"Smans","url":"https:\/\/smans.com\/nl\/","logo":{"@type":"ImageObject","inLanguage":"fr-FR","@id":"https:\/\/smans.com\/nl\/#\/schema\/logo\/image\/","url":"https:\/\/smans.com\/wp-content\/uploads\/2023\/09\/logo.svg","contentUrl":"https:\/\/smans.com\/wp-content\/uploads\/2023\/09\/logo.svg","caption":"Smans"},"image":{"@id":"https:\/\/smans.com\/nl\/#\/schema\/logo\/image\/"}}]}},"brands":[{"id":18298,"name":"Schleuniger","slug":"brand-schleuniger-fr"}],"_links":{"self":[{"href":"https:\/\/smans.com\/fr\/wp-json\/wp\/v2\/product\/26365","targetHints":{"allow":["GET"]}}],"collection":[{"href":"https:\/\/smans.com\/fr\/wp-json\/wp\/v2\/product"}],"about":[{"href":"https:\/\/smans.com\/fr\/wp-json\/wp\/v2\/types\/product"}],"wp:attachment":[{"href":"https:\/\/smans.com\/fr\/wp-json\/wp\/v2\/media?parent=26365"}],"wp:term":[{"taxonomy":"pwb-brand","embeddable":true,"href":"https:\/\/smans.com\/fr\/wp-json\/wp\/v2\/pwb-brand?post=26365"},{"taxonomy":"product_brand","embeddable":true,"href":"https:\/\/smans.com\/fr\/wp-json\/wp\/v2\/product_brand?post=26365"},{"taxonomy":"product_cat","embeddable":true,"href":"https:\/\/smans.com\/fr\/wp-json\/wp\/v2\/product_cat?post=26365"},{"taxonomy":"product_tag","embeddable":true,"href":"https:\/\/smans.com\/fr\/wp-json\/wp\/v2\/product_tag?post=26365"}],"curies":[{"name":"wp","href":"https:\/\/api.w.org\/{rel}","templated":true}]}}