{"id":26368,"date":"2024-07-25T02:51:51","date_gmt":"2024-07-25T00:51:51","guid":{"rendered":"https:\/\/smans.com\/product\/pulltester-20\/"},"modified":"2026-04-10T13:12:48","modified_gmt":"2026-04-10T11:12:48","slug":"pulltester-20","status":"publish","type":"product","link":"https:\/\/smans.com\/fr\/product\/pulltester-20\/","title":{"rendered":"Schleuniger - PullTester 20"},"content":{"rendered":"<p data-start=\"2049\" data-end=\"2404\">Le <strong data-start=\"2052\" data-end=\"2081\">Schleuniger PullTester 20<\/strong> est un <strong data-start=\"2089\" data-end=\"2119\">appareil motoris\u00e9 de table<\/strong> con\u00e7u pour <strong data-start=\"2131\" data-end=\"2192\">mesurer les forces de traction dans diverses applications<\/strong>. Il est principalement utilis\u00e9 pour <strong data-start=\"2229\" data-end=\"2297\">les connexions serties et les soudures m\u00e9talliques par ultrasons<\/strong>, mais son <strong data-start=\"2308\" data-end=\"2331\">conception flexible<\/strong> permet d\u2019<strong data-start=\"2341\" data-end=\"2381\">ajouter des fixations personnalis\u00e9es<\/strong> pour d\u2019autres tests.<\/p>\n<h4 data-start=\"2406\" data-end=\"2456\"><strong data-start=\"2411\" data-end=\"2454\">Performances de Mesure de Haute Qualit\u00e9<\/strong><\/h4>\n<ul data-start=\"2457\" data-end=\"2773\">\n<li data-start=\"2457\" data-end=\"2530\"><strong data-start=\"2459\" data-end=\"2492\">Vitesse de traction constante<\/strong> conforme aux <strong data-start=\"2506\" data-end=\"2527\">normes IEC et SAE<\/strong>.<\/li>\n<li data-start=\"2531\" data-end=\"2620\"><strong data-start=\"2533\" data-end=\"2563\">Moteur \u00e0 vitesse contr\u00f4l\u00e9e<\/strong> garantissant <strong data-start=\"2577\" data-end=\"2617\">des mesures coh\u00e9rentes et r\u00e9p\u00e9tables<\/strong>.<\/li>\n<li data-start=\"2621\" data-end=\"2697\"><strong data-start=\"2623\" data-end=\"2666\">Mesures en livres, Newtons ou kiloponds<\/strong> pour une pr\u00e9cision optimale.<\/li>\n<li data-start=\"2698\" data-end=\"2773\"><strong data-start=\"2700\" data-end=\"2736\">Tests de rupture (pull-to-break)<\/strong> pour une assurance qualit\u00e9 fiable.<\/li>\n<\/ul>\n<p data-start=\"2775\" data-end=\"2934\" data-is-last-node=\"\">Le <strong data-start=\"2778\" data-end=\"2807\">Schleuniger PullTester 20<\/strong> est une <strong data-start=\"2816\" data-end=\"2859\">solution stable, pr\u00e9cise et polyvalente<\/strong> pour le <strong data-start=\"2868\" data-end=\"2933\">contr\u00f4le qualit\u00e9 des technologies de sertissage et de soudage<\/strong>.<\/p>\n","protected":false},"excerpt":{"rendered":"<p>Le Pull Tester 20 de Schleuniger<\/p>\n","protected":false},"featured_media":0,"template":"","meta":{"_acf_changed":false},"pwb-brand":[18298],"product_brand":[],"product_cat":[17990,17997,18027],"product_tag":[],"class_list":{"0":"post-26368","1":"product","2":"type-product","3":"status-publish","5":"pwb-brand-brand-schleuniger-fr","6":"product_cat-cables-et-cablage-fr","7":"product_cat-control-de-la-qualite-fr","8":"product_cat-pull-force-meters-fr","10":"first","11":"instock","12":"taxable","13":"shipping-taxable","14":"purchasable","15":"product-type-simple"},"acf":[],"yoast_head":"<!-- This site is optimized with the Yoast SEO plugin v27.1.1 - https:\/\/yoast.com\/product\/yoast-seo-wordpress\/ -->\n<title>PullTester 20 - Smans<\/title>\n<meta name=\"robots\" content=\"index, follow, max-snippet:-1, max-image-preview:large, max-video-preview:-1\" \/>\n<link rel=\"canonical\" href=\"https:\/\/smans.com\/fr\/product\/pulltester-20\/\" \/>\n<meta property=\"og:locale\" content=\"fr_FR\" \/>\n<meta property=\"og:type\" content=\"article\" \/>\n<meta property=\"og:title\" content=\"PullTester 20 - Smans\" \/>\n<meta property=\"og:description\" content=\"Le Pull Tester 20 de Schleuniger\" \/>\n<meta property=\"og:url\" content=\"https:\/\/smans.com\/fr\/product\/pulltester-20\/\" \/>\n<meta property=\"og:site_name\" content=\"Smans\" \/>\n<meta property=\"article:modified_time\" content=\"2026-04-10T11:12:48+00:00\" \/>\n<meta name=\"twitter:card\" content=\"summary_large_image\" \/>\n<meta name=\"twitter:label1\" content=\"Dur\u00e9e de lecture estim\u00e9e\" \/>\n\t<meta name=\"twitter:data1\" content=\"1 minute\" \/>\n<script type=\"application\/ld+json\" class=\"yoast-schema-graph\">{\"@context\":\"https:\/\/schema.org\",\"@graph\":[{\"@type\":\"WebPage\",\"@id\":\"https:\/\/smans.com\/fr\/product\/pulltester-20\/\",\"url\":\"https:\/\/smans.com\/fr\/product\/pulltester-20\/\",\"name\":\"PullTester 20 - Smans\",\"isPartOf\":{\"@id\":\"https:\/\/smans.com\/nl\/#website\"},\"datePublished\":\"2024-07-25T00:51:51+00:00\",\"dateModified\":\"2026-04-10T11:12:48+00:00\",\"breadcrumb\":{\"@id\":\"https:\/\/smans.com\/fr\/product\/pulltester-20\/#breadcrumb\"},\"inLanguage\":\"fr-FR\",\"potentialAction\":[{\"@type\":\"ReadAction\",\"target\":[\"https:\/\/smans.com\/fr\/product\/pulltester-20\/\"]}]},{\"@type\":\"BreadcrumbList\",\"@id\":\"https:\/\/smans.com\/fr\/product\/pulltester-20\/#breadcrumb\",\"itemListElement\":[{\"@type\":\"ListItem\",\"position\":1,\"name\":\"Home\",\"item\":\"https:\/\/smans.com\/fr\/\"},{\"@type\":\"ListItem\",\"position\":2,\"name\":\"Boutique\",\"item\":\"https:\/\/smans.com\/nl\/shop\/\"},{\"@type\":\"ListItem\",\"position\":3,\"name\":\"Schleuniger - PullTester 20\"}]},{\"@type\":\"WebSite\",\"@id\":\"https:\/\/smans.com\/nl\/#website\",\"url\":\"https:\/\/smans.com\/nl\/\",\"name\":\"Smans\",\"description\":\"\",\"publisher\":{\"@id\":\"https:\/\/smans.com\/nl\/#organization\"},\"potentialAction\":[{\"@type\":\"SearchAction\",\"target\":{\"@type\":\"EntryPoint\",\"urlTemplate\":\"https:\/\/smans.com\/nl\/?s={search_term_string}\"},\"query-input\":{\"@type\":\"PropertyValueSpecification\",\"valueRequired\":true,\"valueName\":\"search_term_string\"}}],\"inLanguage\":\"fr-FR\"},{\"@type\":\"Organization\",\"@id\":\"https:\/\/smans.com\/nl\/#organization\",\"name\":\"Smans\",\"url\":\"https:\/\/smans.com\/nl\/\",\"logo\":{\"@type\":\"ImageObject\",\"inLanguage\":\"fr-FR\",\"@id\":\"https:\/\/smans.com\/nl\/#\/schema\/logo\/image\/\",\"url\":\"https:\/\/smans.com\/wp-content\/uploads\/2023\/09\/logo.svg\",\"contentUrl\":\"https:\/\/smans.com\/wp-content\/uploads\/2023\/09\/logo.svg\",\"caption\":\"Smans\"},\"image\":{\"@id\":\"https:\/\/smans.com\/nl\/#\/schema\/logo\/image\/\"}}]}<\/script>\n<!-- \/ Yoast SEO plugin. -->","yoast_head_json":{"title":"PullTester 20 - Smans","robots":{"index":"index","follow":"follow","max-snippet":"max-snippet:-1","max-image-preview":"max-image-preview:large","max-video-preview":"max-video-preview:-1"},"canonical":"https:\/\/smans.com\/fr\/product\/pulltester-20\/","og_locale":"fr_FR","og_type":"article","og_title":"PullTester 20 - Smans","og_description":"Le Pull Tester 20 de Schleuniger","og_url":"https:\/\/smans.com\/fr\/product\/pulltester-20\/","og_site_name":"Smans","article_modified_time":"2026-04-10T11:12:48+00:00","twitter_card":"summary_large_image","twitter_misc":{"Dur\u00e9e de lecture estim\u00e9e":"1 minute"},"schema":{"@context":"https:\/\/schema.org","@graph":[{"@type":"WebPage","@id":"https:\/\/smans.com\/fr\/product\/pulltester-20\/","url":"https:\/\/smans.com\/fr\/product\/pulltester-20\/","name":"PullTester 20 - Smans","isPartOf":{"@id":"https:\/\/smans.com\/nl\/#website"},"datePublished":"2024-07-25T00:51:51+00:00","dateModified":"2026-04-10T11:12:48+00:00","breadcrumb":{"@id":"https:\/\/smans.com\/fr\/product\/pulltester-20\/#breadcrumb"},"inLanguage":"fr-FR","potentialAction":[{"@type":"ReadAction","target":["https:\/\/smans.com\/fr\/product\/pulltester-20\/"]}]},{"@type":"BreadcrumbList","@id":"https:\/\/smans.com\/fr\/product\/pulltester-20\/#breadcrumb","itemListElement":[{"@type":"ListItem","position":1,"name":"Home","item":"https:\/\/smans.com\/fr\/"},{"@type":"ListItem","position":2,"name":"Boutique","item":"https:\/\/smans.com\/nl\/shop\/"},{"@type":"ListItem","position":3,"name":"Schleuniger - PullTester 20"}]},{"@type":"WebSite","@id":"https:\/\/smans.com\/nl\/#website","url":"https:\/\/smans.com\/nl\/","name":"Smans","description":"","publisher":{"@id":"https:\/\/smans.com\/nl\/#organization"},"potentialAction":[{"@type":"SearchAction","target":{"@type":"EntryPoint","urlTemplate":"https:\/\/smans.com\/nl\/?s={search_term_string}"},"query-input":{"@type":"PropertyValueSpecification","valueRequired":true,"valueName":"search_term_string"}}],"inLanguage":"fr-FR"},{"@type":"Organization","@id":"https:\/\/smans.com\/nl\/#organization","name":"Smans","url":"https:\/\/smans.com\/nl\/","logo":{"@type":"ImageObject","inLanguage":"fr-FR","@id":"https:\/\/smans.com\/nl\/#\/schema\/logo\/image\/","url":"https:\/\/smans.com\/wp-content\/uploads\/2023\/09\/logo.svg","contentUrl":"https:\/\/smans.com\/wp-content\/uploads\/2023\/09\/logo.svg","caption":"Smans"},"image":{"@id":"https:\/\/smans.com\/nl\/#\/schema\/logo\/image\/"}}]}},"brands":[{"id":18298,"name":"Schleuniger","slug":"brand-schleuniger-fr"}],"_links":{"self":[{"href":"https:\/\/smans.com\/fr\/wp-json\/wp\/v2\/product\/26368","targetHints":{"allow":["GET"]}}],"collection":[{"href":"https:\/\/smans.com\/fr\/wp-json\/wp\/v2\/product"}],"about":[{"href":"https:\/\/smans.com\/fr\/wp-json\/wp\/v2\/types\/product"}],"wp:attachment":[{"href":"https:\/\/smans.com\/fr\/wp-json\/wp\/v2\/media?parent=26368"}],"wp:term":[{"taxonomy":"pwb-brand","embeddable":true,"href":"https:\/\/smans.com\/fr\/wp-json\/wp\/v2\/pwb-brand?post=26368"},{"taxonomy":"product_brand","embeddable":true,"href":"https:\/\/smans.com\/fr\/wp-json\/wp\/v2\/product_brand?post=26368"},{"taxonomy":"product_cat","embeddable":true,"href":"https:\/\/smans.com\/fr\/wp-json\/wp\/v2\/product_cat?post=26368"},{"taxonomy":"product_tag","embeddable":true,"href":"https:\/\/smans.com\/fr\/wp-json\/wp\/v2\/product_tag?post=26368"}],"curies":[{"name":"wp","href":"https:\/\/api.w.org\/{rel}","templated":true}]}}