{"id":26369,"date":"2024-07-25T02:51:53","date_gmt":"2024-07-25T00:51:53","guid":{"rendered":"https:\/\/smans.com\/product\/pulltester-26t\/"},"modified":"2026-04-11T12:34:21","modified_gmt":"2026-04-11T10:34:21","slug":"pulltester-26t","status":"publish","type":"product","link":"https:\/\/smans.com\/fr\/product\/pulltester-26t\/","title":{"rendered":"Schleuniger - PullTester 26T"},"content":{"rendered":"<p data-start=\"1875\" data-end=\"2157\">Le <strong data-start=\"1878\" data-end=\"1896\">PullTester 26T<\/strong> est un <strong data-start=\"1904\" data-end=\"1934\">appareil motoris\u00e9 de table<\/strong>, con\u00e7u pour <strong data-start=\"1947\" data-end=\"1985\">le contr\u00f4le et l\u2019assurance qualit\u00e9<\/strong> des <strong data-start=\"1990\" data-end=\"2042\">connexions serties, soud\u00e9es, enfich\u00e9es et autres<\/strong>. Il garantit que <strong data-start=\"2060\" data-end=\"2106\">les valeurs critiques de force de traction<\/strong> sont mesur\u00e9es et analys\u00e9es de mani\u00e8re coh\u00e9rente.<\/p>\n<h4 data-start=\"2159\" data-end=\"2220\"><strong data-start=\"2164\" data-end=\"2218\">Double Plage de Mesure pour une Pr\u00e9cision Maximale<\/strong><\/h4>\n<ul data-start=\"2221\" data-end=\"2577\">\n<li data-start=\"2221\" data-end=\"2295\"><strong data-start=\"2223\" data-end=\"2262\">Plages de mesure de 200 N et 1000 N<\/strong>, calibrables individuellement.<\/li>\n<li data-start=\"2296\" data-end=\"2385\"><strong data-start=\"2298\" data-end=\"2343\">Vitesse de traction uniforme et constante<\/strong> pour des r\u00e9sultats extr\u00eamement fiables.<\/li>\n<li data-start=\"2386\" data-end=\"2470\"><strong data-start=\"2388\" data-end=\"2423\">Contact standard \u00e0 12 positions<\/strong>, permettant de tester diverses applications.<\/li>\n<li data-start=\"2471\" data-end=\"2577\"><strong data-start=\"2473\" data-end=\"2540\">Configurations de mesure personnalis\u00e9es disponibles sur demande<\/strong>, adapt\u00e9es aux besoins sp\u00e9cifiques.<\/li>\n<\/ul>\n<p data-start=\"2579\" data-end=\"2728\" data-is-last-node=\"\">Le <strong data-start=\"2582\" data-end=\"2612\">Schleuniger PullTester 26T<\/strong> est une <strong data-start=\"2621\" data-end=\"2664\">solution stable, pr\u00e9cise et polyvalente<\/strong> pour le <strong data-start=\"2673\" data-end=\"2727\">contr\u00f4le qualit\u00e9 des connexions serties et soud\u00e9es<\/strong>.<\/p>\n","protected":false},"excerpt":{"rendered":"<p>Schleuniger PullTester 26T : Tests de Traction Pr\u00e9cis pour l\u2019Assurance Qualit\u00e9<\/p>\n","protected":false},"featured_media":0,"template":"","meta":{"_acf_changed":false},"pwb-brand":[18298],"product_brand":[],"product_cat":[17990,17997,18027],"product_tag":[],"class_list":{"0":"post-26369","1":"product","2":"type-product","3":"status-publish","5":"pwb-brand-brand-schleuniger-fr","6":"product_cat-cables-et-cablage-fr","7":"product_cat-control-de-la-qualite-fr","8":"product_cat-pull-force-meters-fr","10":"first","11":"instock","12":"taxable","13":"shipping-taxable","14":"product-type-simple"},"acf":[],"yoast_head":"<!-- This site is optimized with the Yoast SEO plugin v27.1.1 - https:\/\/yoast.com\/product\/yoast-seo-wordpress\/ -->\n<title>PullTester 26T - Smans<\/title>\n<meta name=\"robots\" content=\"index, follow, max-snippet:-1, max-image-preview:large, max-video-preview:-1\" \/>\n<link rel=\"canonical\" href=\"https:\/\/smans.com\/fr\/product\/pulltester-26t\/\" \/>\n<meta property=\"og:locale\" content=\"fr_FR\" \/>\n<meta property=\"og:type\" content=\"article\" \/>\n<meta property=\"og:title\" content=\"PullTester 26T - Smans\" \/>\n<meta property=\"og:description\" content=\"Schleuniger PullTester 26T : Tests de Traction Pr\u00e9cis pour l\u2019Assurance Qualit\u00e9\" \/>\n<meta property=\"og:url\" content=\"https:\/\/smans.com\/fr\/product\/pulltester-26t\/\" \/>\n<meta property=\"og:site_name\" content=\"Smans\" \/>\n<meta property=\"article:modified_time\" content=\"2026-04-11T10:34:21+00:00\" \/>\n<meta name=\"twitter:card\" content=\"summary_large_image\" \/>\n<meta name=\"twitter:label1\" content=\"Dur\u00e9e de lecture estim\u00e9e\" \/>\n\t<meta name=\"twitter:data1\" content=\"1 minute\" \/>\n<script type=\"application\/ld+json\" class=\"yoast-schema-graph\">{\"@context\":\"https:\/\/schema.org\",\"@graph\":[{\"@type\":\"WebPage\",\"@id\":\"https:\/\/smans.com\/fr\/product\/pulltester-26t\/\",\"url\":\"https:\/\/smans.com\/fr\/product\/pulltester-26t\/\",\"name\":\"PullTester 26T - Smans\",\"isPartOf\":{\"@id\":\"https:\/\/smans.com\/nl\/#website\"},\"datePublished\":\"2024-07-25T00:51:53+00:00\",\"dateModified\":\"2026-04-11T10:34:21+00:00\",\"breadcrumb\":{\"@id\":\"https:\/\/smans.com\/fr\/product\/pulltester-26t\/#breadcrumb\"},\"inLanguage\":\"fr-FR\",\"potentialAction\":[{\"@type\":\"ReadAction\",\"target\":[\"https:\/\/smans.com\/fr\/product\/pulltester-26t\/\"]}]},{\"@type\":\"BreadcrumbList\",\"@id\":\"https:\/\/smans.com\/fr\/product\/pulltester-26t\/#breadcrumb\",\"itemListElement\":[{\"@type\":\"ListItem\",\"position\":1,\"name\":\"Home\",\"item\":\"https:\/\/smans.com\/fr\/\"},{\"@type\":\"ListItem\",\"position\":2,\"name\":\"Boutique\",\"item\":\"https:\/\/smans.com\/nl\/shop\/\"},{\"@type\":\"ListItem\",\"position\":3,\"name\":\"Schleuniger - PullTester 26T\"}]},{\"@type\":\"WebSite\",\"@id\":\"https:\/\/smans.com\/nl\/#website\",\"url\":\"https:\/\/smans.com\/nl\/\",\"name\":\"Smans\",\"description\":\"\",\"publisher\":{\"@id\":\"https:\/\/smans.com\/nl\/#organization\"},\"potentialAction\":[{\"@type\":\"SearchAction\",\"target\":{\"@type\":\"EntryPoint\",\"urlTemplate\":\"https:\/\/smans.com\/nl\/?s={search_term_string}\"},\"query-input\":{\"@type\":\"PropertyValueSpecification\",\"valueRequired\":true,\"valueName\":\"search_term_string\"}}],\"inLanguage\":\"fr-FR\"},{\"@type\":\"Organization\",\"@id\":\"https:\/\/smans.com\/nl\/#organization\",\"name\":\"Smans\",\"url\":\"https:\/\/smans.com\/nl\/\",\"logo\":{\"@type\":\"ImageObject\",\"inLanguage\":\"fr-FR\",\"@id\":\"https:\/\/smans.com\/nl\/#\/schema\/logo\/image\/\",\"url\":\"https:\/\/smans.com\/wp-content\/uploads\/2023\/09\/logo.svg\",\"contentUrl\":\"https:\/\/smans.com\/wp-content\/uploads\/2023\/09\/logo.svg\",\"caption\":\"Smans\"},\"image\":{\"@id\":\"https:\/\/smans.com\/nl\/#\/schema\/logo\/image\/\"}}]}<\/script>\n<!-- \/ Yoast SEO plugin. -->","yoast_head_json":{"title":"PullTester 26T - Smans","robots":{"index":"index","follow":"follow","max-snippet":"max-snippet:-1","max-image-preview":"max-image-preview:large","max-video-preview":"max-video-preview:-1"},"canonical":"https:\/\/smans.com\/fr\/product\/pulltester-26t\/","og_locale":"fr_FR","og_type":"article","og_title":"PullTester 26T - Smans","og_description":"Schleuniger PullTester 26T : Tests de Traction Pr\u00e9cis pour l\u2019Assurance Qualit\u00e9","og_url":"https:\/\/smans.com\/fr\/product\/pulltester-26t\/","og_site_name":"Smans","article_modified_time":"2026-04-11T10:34:21+00:00","twitter_card":"summary_large_image","twitter_misc":{"Dur\u00e9e de lecture estim\u00e9e":"1 minute"},"schema":{"@context":"https:\/\/schema.org","@graph":[{"@type":"WebPage","@id":"https:\/\/smans.com\/fr\/product\/pulltester-26t\/","url":"https:\/\/smans.com\/fr\/product\/pulltester-26t\/","name":"PullTester 26T - Smans","isPartOf":{"@id":"https:\/\/smans.com\/nl\/#website"},"datePublished":"2024-07-25T00:51:53+00:00","dateModified":"2026-04-11T10:34:21+00:00","breadcrumb":{"@id":"https:\/\/smans.com\/fr\/product\/pulltester-26t\/#breadcrumb"},"inLanguage":"fr-FR","potentialAction":[{"@type":"ReadAction","target":["https:\/\/smans.com\/fr\/product\/pulltester-26t\/"]}]},{"@type":"BreadcrumbList","@id":"https:\/\/smans.com\/fr\/product\/pulltester-26t\/#breadcrumb","itemListElement":[{"@type":"ListItem","position":1,"name":"Home","item":"https:\/\/smans.com\/fr\/"},{"@type":"ListItem","position":2,"name":"Boutique","item":"https:\/\/smans.com\/nl\/shop\/"},{"@type":"ListItem","position":3,"name":"Schleuniger - PullTester 26T"}]},{"@type":"WebSite","@id":"https:\/\/smans.com\/nl\/#website","url":"https:\/\/smans.com\/nl\/","name":"Smans","description":"","publisher":{"@id":"https:\/\/smans.com\/nl\/#organization"},"potentialAction":[{"@type":"SearchAction","target":{"@type":"EntryPoint","urlTemplate":"https:\/\/smans.com\/nl\/?s={search_term_string}"},"query-input":{"@type":"PropertyValueSpecification","valueRequired":true,"valueName":"search_term_string"}}],"inLanguage":"fr-FR"},{"@type":"Organization","@id":"https:\/\/smans.com\/nl\/#organization","name":"Smans","url":"https:\/\/smans.com\/nl\/","logo":{"@type":"ImageObject","inLanguage":"fr-FR","@id":"https:\/\/smans.com\/nl\/#\/schema\/logo\/image\/","url":"https:\/\/smans.com\/wp-content\/uploads\/2023\/09\/logo.svg","contentUrl":"https:\/\/smans.com\/wp-content\/uploads\/2023\/09\/logo.svg","caption":"Smans"},"image":{"@id":"https:\/\/smans.com\/nl\/#\/schema\/logo\/image\/"}}]}},"brands":[{"id":18298,"name":"Schleuniger","slug":"brand-schleuniger-fr"}],"_links":{"self":[{"href":"https:\/\/smans.com\/fr\/wp-json\/wp\/v2\/product\/26369","targetHints":{"allow":["GET"]}}],"collection":[{"href":"https:\/\/smans.com\/fr\/wp-json\/wp\/v2\/product"}],"about":[{"href":"https:\/\/smans.com\/fr\/wp-json\/wp\/v2\/types\/product"}],"wp:attachment":[{"href":"https:\/\/smans.com\/fr\/wp-json\/wp\/v2\/media?parent=26369"}],"wp:term":[{"taxonomy":"pwb-brand","embeddable":true,"href":"https:\/\/smans.com\/fr\/wp-json\/wp\/v2\/pwb-brand?post=26369"},{"taxonomy":"product_brand","embeddable":true,"href":"https:\/\/smans.com\/fr\/wp-json\/wp\/v2\/product_brand?post=26369"},{"taxonomy":"product_cat","embeddable":true,"href":"https:\/\/smans.com\/fr\/wp-json\/wp\/v2\/product_cat?post=26369"},{"taxonomy":"product_tag","embeddable":true,"href":"https:\/\/smans.com\/fr\/wp-json\/wp\/v2\/product_tag?post=26369"}],"curies":[{"name":"wp","href":"https:\/\/api.w.org\/{rel}","templated":true}]}}