{"id":26372,"date":"2024-07-25T02:51:59","date_gmt":"2024-07-25T00:51:59","guid":{"rendered":"https:\/\/smans.com\/product\/pulltester-28\/"},"modified":"2026-04-11T12:34:22","modified_gmt":"2026-04-11T10:34:22","slug":"pulltester-28","status":"publish","type":"product","link":"https:\/\/smans.com\/fr\/product\/pulltester-28\/","title":{"rendered":"Schleuniger - PullTester 28"},"content":{"rendered":"<p data-start=\"2495\" data-end=\"2883\">Le <strong data-start=\"2498\" data-end=\"2527\">Schleuniger PullTester 28<\/strong> est un <strong data-start=\"2535\" data-end=\"2565\">appareil motoris\u00e9 de table<\/strong> avec <strong data-start=\"2571\" data-end=\"2596\">deux plages de mesure<\/strong>, con\u00e7u pour <strong data-start=\"2609\" data-end=\"2693\">tester la force de traction des connexions serties et des soudures ultrasoniques<\/strong> sur une <strong data-start=\"2702\" data-end=\"2730\">plus large gamme de fils<\/strong> que les testeurs \u00e0 plage unique. <strong data-start=\"2764\" data-end=\"2801\">Les valeurs des tests de traction<\/strong> sont des <strong data-start=\"2811\" data-end=\"2836\">param\u00e8tres essentiels<\/strong> pour <strong data-start=\"2842\" data-end=\"2880\">le contr\u00f4le et l\u2019assurance qualit\u00e9<\/strong>.<\/p>\n<h4 data-start=\"2885\" data-end=\"2921\"><strong data-start=\"2890\" data-end=\"2919\">Deux Versions Disponibles<\/strong><\/h4>\n<ul data-start=\"2922\" data-end=\"3066\">\n<li data-start=\"2922\" data-end=\"2991\"><strong data-start=\"2924\" data-end=\"2954\">PullTester 28 (standard) :<\/strong> 2 000 \/ 5 000 N (440 \/ 1 100 lbs.)<\/li>\n<li data-start=\"2992\" data-end=\"3066\"><strong data-start=\"2994\" data-end=\"3026\">PullTester 28-10 (sp\u00e9cial) :<\/strong> 5 000 \/ 10 000 N (1 100 \/ 2 200 lbs.)<\/li>\n<\/ul>\n<h4 data-start=\"3068\" data-end=\"3114\"><strong data-start=\"3073\" data-end=\"3112\">Avantages du Syst\u00e8me \u00e0 Double Plage<\/strong><\/h4>\n<ul data-start=\"3115\" data-end=\"3522\">\n<li data-start=\"3115\" data-end=\"3204\"><strong data-start=\"3117\" data-end=\"3164\">Plages de mesure calibr\u00e9es individuellement<\/strong> pour les <strong data-start=\"3174\" data-end=\"3201\">petits et grands c\u00e2bles<\/strong>.<\/li>\n<li data-start=\"3205\" data-end=\"3306\"><strong data-start=\"3207\" data-end=\"3242\">Capacit\u00e9 de test non-destructif<\/strong> : peut <strong data-start=\"3250\" data-end=\"3303\">maintenir la traction jusqu&rsquo;\u00e0 une force sp\u00e9cifi\u00e9e<\/strong>.<\/li>\n<li data-start=\"3307\" data-end=\"3403\"><strong data-start=\"3309\" data-end=\"3335\">\u00c9vite les incoh\u00e9rences<\/strong> souvent constat\u00e9es avec les <strong data-start=\"3364\" data-end=\"3400\">testeurs manuels ou pneumatiques<\/strong>.<\/li>\n<li data-start=\"3404\" data-end=\"3522\"><strong data-start=\"3406\" data-end=\"3453\">Respecte les normes internationales de test<\/strong>, en maintenant une <strong data-start=\"3473\" data-end=\"3519\">vitesse de traction constante et contr\u00f4l\u00e9e<\/strong>.<\/li>\n<\/ul>\n<p data-start=\"3524\" data-end=\"3672\" data-is-last-node=\"\">Le <strong data-start=\"3527\" data-end=\"3556\">Schleuniger PullTester 28<\/strong> est une <strong data-start=\"3565\" data-end=\"3608\">solution stable, pr\u00e9cise et polyvalente<\/strong> pour l\u2019<strong data-start=\"3616\" data-end=\"3671\">assurance qualit\u00e9 des connexions serties et soud\u00e9es<\/strong>.<\/p>\n","protected":false},"excerpt":{"rendered":"<p>Schleuniger PullTester 28<\/p>\n","protected":false},"featured_media":0,"template":"","meta":{"_acf_changed":false},"pwb-brand":[18298],"product_brand":[],"product_cat":[17990,17997,18027],"product_tag":[],"class_list":{"0":"post-26372","1":"product","2":"type-product","3":"status-publish","5":"pwb-brand-brand-schleuniger-fr","6":"product_cat-cables-et-cablage-fr","7":"product_cat-control-de-la-qualite-fr","8":"product_cat-pull-force-meters-fr","10":"first","11":"instock","12":"taxable","13":"shipping-taxable","14":"product-type-simple"},"acf":[],"yoast_head":"<!-- This site is optimized with the Yoast SEO plugin v27.1.1 - https:\/\/yoast.com\/product\/yoast-seo-wordpress\/ -->\n<title>PullTester 28 - Smans<\/title>\n<meta name=\"robots\" content=\"index, follow, max-snippet:-1, max-image-preview:large, max-video-preview:-1\" \/>\n<link rel=\"canonical\" href=\"https:\/\/smans.com\/fr\/product\/pulltester-28\/\" \/>\n<meta property=\"og:locale\" content=\"fr_FR\" \/>\n<meta property=\"og:type\" content=\"article\" \/>\n<meta property=\"og:title\" content=\"PullTester 28 - Smans\" \/>\n<meta property=\"og:description\" content=\"Schleuniger PullTester 28\" \/>\n<meta property=\"og:url\" content=\"https:\/\/smans.com\/fr\/product\/pulltester-28\/\" \/>\n<meta property=\"og:site_name\" content=\"Smans\" \/>\n<meta property=\"article:modified_time\" content=\"2026-04-11T10:34:22+00:00\" \/>\n<meta name=\"twitter:card\" content=\"summary_large_image\" \/>\n<meta name=\"twitter:label1\" content=\"Dur\u00e9e de lecture estim\u00e9e\" \/>\n\t<meta name=\"twitter:data1\" content=\"1 minute\" \/>\n<script type=\"application\/ld+json\" class=\"yoast-schema-graph\">{\"@context\":\"https:\/\/schema.org\",\"@graph\":[{\"@type\":\"WebPage\",\"@id\":\"https:\/\/smans.com\/fr\/product\/pulltester-28\/\",\"url\":\"https:\/\/smans.com\/fr\/product\/pulltester-28\/\",\"name\":\"PullTester 28 - Smans\",\"isPartOf\":{\"@id\":\"https:\/\/smans.com\/nl\/#website\"},\"datePublished\":\"2024-07-25T00:51:59+00:00\",\"dateModified\":\"2026-04-11T10:34:22+00:00\",\"breadcrumb\":{\"@id\":\"https:\/\/smans.com\/fr\/product\/pulltester-28\/#breadcrumb\"},\"inLanguage\":\"fr-FR\",\"potentialAction\":[{\"@type\":\"ReadAction\",\"target\":[\"https:\/\/smans.com\/fr\/product\/pulltester-28\/\"]}]},{\"@type\":\"BreadcrumbList\",\"@id\":\"https:\/\/smans.com\/fr\/product\/pulltester-28\/#breadcrumb\",\"itemListElement\":[{\"@type\":\"ListItem\",\"position\":1,\"name\":\"Home\",\"item\":\"https:\/\/smans.com\/fr\/\"},{\"@type\":\"ListItem\",\"position\":2,\"name\":\"Boutique\",\"item\":\"https:\/\/smans.com\/nl\/shop\/\"},{\"@type\":\"ListItem\",\"position\":3,\"name\":\"Schleuniger - PullTester 28\"}]},{\"@type\":\"WebSite\",\"@id\":\"https:\/\/smans.com\/nl\/#website\",\"url\":\"https:\/\/smans.com\/nl\/\",\"name\":\"Smans\",\"description\":\"\",\"publisher\":{\"@id\":\"https:\/\/smans.com\/nl\/#organization\"},\"potentialAction\":[{\"@type\":\"SearchAction\",\"target\":{\"@type\":\"EntryPoint\",\"urlTemplate\":\"https:\/\/smans.com\/nl\/?s={search_term_string}\"},\"query-input\":{\"@type\":\"PropertyValueSpecification\",\"valueRequired\":true,\"valueName\":\"search_term_string\"}}],\"inLanguage\":\"fr-FR\"},{\"@type\":\"Organization\",\"@id\":\"https:\/\/smans.com\/nl\/#organization\",\"name\":\"Smans\",\"url\":\"https:\/\/smans.com\/nl\/\",\"logo\":{\"@type\":\"ImageObject\",\"inLanguage\":\"fr-FR\",\"@id\":\"https:\/\/smans.com\/nl\/#\/schema\/logo\/image\/\",\"url\":\"https:\/\/smans.com\/wp-content\/uploads\/2023\/09\/logo.svg\",\"contentUrl\":\"https:\/\/smans.com\/wp-content\/uploads\/2023\/09\/logo.svg\",\"caption\":\"Smans\"},\"image\":{\"@id\":\"https:\/\/smans.com\/nl\/#\/schema\/logo\/image\/\"}}]}<\/script>\n<!-- \/ Yoast SEO plugin. -->","yoast_head_json":{"title":"PullTester 28 - Smans","robots":{"index":"index","follow":"follow","max-snippet":"max-snippet:-1","max-image-preview":"max-image-preview:large","max-video-preview":"max-video-preview:-1"},"canonical":"https:\/\/smans.com\/fr\/product\/pulltester-28\/","og_locale":"fr_FR","og_type":"article","og_title":"PullTester 28 - Smans","og_description":"Schleuniger PullTester 28","og_url":"https:\/\/smans.com\/fr\/product\/pulltester-28\/","og_site_name":"Smans","article_modified_time":"2026-04-11T10:34:22+00:00","twitter_card":"summary_large_image","twitter_misc":{"Dur\u00e9e de lecture estim\u00e9e":"1 minute"},"schema":{"@context":"https:\/\/schema.org","@graph":[{"@type":"WebPage","@id":"https:\/\/smans.com\/fr\/product\/pulltester-28\/","url":"https:\/\/smans.com\/fr\/product\/pulltester-28\/","name":"PullTester 28 - Smans","isPartOf":{"@id":"https:\/\/smans.com\/nl\/#website"},"datePublished":"2024-07-25T00:51:59+00:00","dateModified":"2026-04-11T10:34:22+00:00","breadcrumb":{"@id":"https:\/\/smans.com\/fr\/product\/pulltester-28\/#breadcrumb"},"inLanguage":"fr-FR","potentialAction":[{"@type":"ReadAction","target":["https:\/\/smans.com\/fr\/product\/pulltester-28\/"]}]},{"@type":"BreadcrumbList","@id":"https:\/\/smans.com\/fr\/product\/pulltester-28\/#breadcrumb","itemListElement":[{"@type":"ListItem","position":1,"name":"Home","item":"https:\/\/smans.com\/fr\/"},{"@type":"ListItem","position":2,"name":"Boutique","item":"https:\/\/smans.com\/nl\/shop\/"},{"@type":"ListItem","position":3,"name":"Schleuniger - PullTester 28"}]},{"@type":"WebSite","@id":"https:\/\/smans.com\/nl\/#website","url":"https:\/\/smans.com\/nl\/","name":"Smans","description":"","publisher":{"@id":"https:\/\/smans.com\/nl\/#organization"},"potentialAction":[{"@type":"SearchAction","target":{"@type":"EntryPoint","urlTemplate":"https:\/\/smans.com\/nl\/?s={search_term_string}"},"query-input":{"@type":"PropertyValueSpecification","valueRequired":true,"valueName":"search_term_string"}}],"inLanguage":"fr-FR"},{"@type":"Organization","@id":"https:\/\/smans.com\/nl\/#organization","name":"Smans","url":"https:\/\/smans.com\/nl\/","logo":{"@type":"ImageObject","inLanguage":"fr-FR","@id":"https:\/\/smans.com\/nl\/#\/schema\/logo\/image\/","url":"https:\/\/smans.com\/wp-content\/uploads\/2023\/09\/logo.svg","contentUrl":"https:\/\/smans.com\/wp-content\/uploads\/2023\/09\/logo.svg","caption":"Smans"},"image":{"@id":"https:\/\/smans.com\/nl\/#\/schema\/logo\/image\/"}}]}},"brands":[{"id":18298,"name":"Schleuniger","slug":"brand-schleuniger-fr"}],"_links":{"self":[{"href":"https:\/\/smans.com\/fr\/wp-json\/wp\/v2\/product\/26372","targetHints":{"allow":["GET"]}}],"collection":[{"href":"https:\/\/smans.com\/fr\/wp-json\/wp\/v2\/product"}],"about":[{"href":"https:\/\/smans.com\/fr\/wp-json\/wp\/v2\/types\/product"}],"wp:attachment":[{"href":"https:\/\/smans.com\/fr\/wp-json\/wp\/v2\/media?parent=26372"}],"wp:term":[{"taxonomy":"pwb-brand","embeddable":true,"href":"https:\/\/smans.com\/fr\/wp-json\/wp\/v2\/pwb-brand?post=26372"},{"taxonomy":"product_brand","embeddable":true,"href":"https:\/\/smans.com\/fr\/wp-json\/wp\/v2\/product_brand?post=26372"},{"taxonomy":"product_cat","embeddable":true,"href":"https:\/\/smans.com\/fr\/wp-json\/wp\/v2\/product_cat?post=26372"},{"taxonomy":"product_tag","embeddable":true,"href":"https:\/\/smans.com\/fr\/wp-json\/wp\/v2\/product_tag?post=26372"}],"curies":[{"name":"wp","href":"https:\/\/api.w.org\/{rel}","templated":true}]}}