{"id":26373,"date":"2024-07-25T02:52:01","date_gmt":"2024-07-25T00:52:01","guid":{"rendered":"https:\/\/smans.com\/product\/pulltester-320\/"},"modified":"2026-04-11T12:34:22","modified_gmt":"2026-04-11T10:34:22","slug":"pulltester-320","status":"publish","type":"product","link":"https:\/\/smans.com\/fr\/product\/pulltester-320\/","title":{"rendered":"Schleuniger - PullTester 320"},"content":{"rendered":"<p data-start=\"3163\" data-end=\"3467\">Le <strong data-start=\"3166\" data-end=\"3196\">Schleuniger PullTester 320<\/strong> est un <strong data-start=\"3204\" data-end=\"3235\">appareil de mesure motoris\u00e9<\/strong>, con\u00e7u pour <strong data-start=\"3248\" data-end=\"3333\">\u00eatre utilis\u00e9 avec les machines de sertissage automatiques Schleuniger CrimpCenter<\/strong>. Il mesure la <strong data-start=\"3348\" data-end=\"3393\">force de traction des connexions filaires<\/strong>, un <strong data-start=\"3398\" data-end=\"3420\">param\u00e8tre critique<\/strong> pour <strong data-start=\"3426\" data-end=\"3464\">le contr\u00f4le et l\u2019assurance qualit\u00e9<\/strong>.<\/p>\n<h4 data-start=\"3469\" data-end=\"3530\"><strong data-start=\"3474\" data-end=\"3528\">Triple Plage de Mesure pour une Pr\u00e9cision Maximale<\/strong><\/h4>\n<ul data-start=\"3531\" data-end=\"3792\">\n<li data-start=\"3531\" data-end=\"3692\"><strong data-start=\"3533\" data-end=\"3580\">Plages de mesure calibr\u00e9es individuellement<\/strong> pour une haute pr\u00e9cision :\n<ul data-start=\"3612\" data-end=\"3692\">\n<li data-start=\"3612\" data-end=\"3637\"><strong data-start=\"3614\" data-end=\"3635\">100 N (22,5 lbf.)<\/strong><\/li>\n<li data-start=\"3640\" data-end=\"3663\"><strong data-start=\"3642\" data-end=\"3661\">200 N (45 lbf.)<\/strong><\/li>\n<li data-start=\"3666\" data-end=\"3692\"><strong data-start=\"3668\" data-end=\"3690\">1 000 N (220 lbf.)<\/strong><\/li>\n<\/ul>\n<\/li>\n<li data-start=\"3693\" data-end=\"3792\"><strong data-start=\"3695\" data-end=\"3719\">Pr\u00e9cision sup\u00e9rieure<\/strong> sur toute la plage de mesure par rapport aux appareils \u00e0 plage unique.<\/li>\n<\/ul>\n<h4 data-start=\"3794\" data-end=\"3831\"><strong data-start=\"3799\" data-end=\"3829\">Mesures Fiables et Stables<\/strong><\/h4>\n<ul data-start=\"3832\" data-end=\"4254\">\n<li data-start=\"3832\" data-end=\"3904\"><strong data-start=\"3834\" data-end=\"3860\">\u00c9vite les incoh\u00e9rences<\/strong> des <strong data-start=\"3865\" data-end=\"3901\">testeurs manuels ou pneumatiques<\/strong>.<\/li>\n<li data-start=\"3905\" data-end=\"4013\"><strong data-start=\"3907\" data-end=\"3954\">Respecte les normes internationales de test<\/strong> avec une <strong data-start=\"3964\" data-end=\"4010\">vitesse de traction constante et contr\u00f4l\u00e9e<\/strong>.<\/li>\n<li data-start=\"4014\" data-end=\"4108\"><strong data-start=\"4016\" data-end=\"4063\">Quatre vitesses de traction s\u00e9lectionnables<\/strong> adapt\u00e9es aux <strong data-start=\"4077\" data-end=\"4105\">sp\u00e9cifications courantes<\/strong>.<\/li>\n<li data-start=\"4109\" data-end=\"4199\"><strong data-start=\"4111\" data-end=\"4141\">Moteur \u00e0 vitesse contr\u00f4l\u00e9e<\/strong> garantissant des <strong data-start=\"4159\" data-end=\"4196\">performances de mesure constantes<\/strong>.<\/li>\n<li data-start=\"4200\" data-end=\"4254\"><strong data-start=\"4202\" data-end=\"4251\">Mesures en Newtons, livres-force ou kiloponds<\/strong>.<\/li>\n<\/ul>\n<h4 data-start=\"4256\" data-end=\"4299\"><strong data-start=\"4261\" data-end=\"4297\">Int\u00e9gration Logicielle Intuitive<\/strong><\/h4>\n<ul data-start=\"4300\" data-end=\"4455\">\n<li data-start=\"4300\" data-end=\"4394\"><strong data-start=\"4302\" data-end=\"4354\">Programmation et stockage des param\u00e8tres de test<\/strong> via le <strong data-start=\"4362\" data-end=\"4391\">logiciel CrimpCenter EASY<\/strong>.<\/li>\n<li data-start=\"4395\" data-end=\"4455\"><strong data-start=\"4397\" data-end=\"4429\">Rappel facile des param\u00e8tres<\/strong> pour les tests r\u00e9p\u00e9t\u00e9s.<\/li>\n<\/ul>\n<p data-start=\"4457\" data-end=\"4605\" data-is-last-node=\"\">Le <strong data-start=\"4460\" data-end=\"4490\">Schleuniger PullTester 320<\/strong> est une <strong data-start=\"4499\" data-end=\"4539\">solution fiable, pr\u00e9cise et efficace<\/strong> pour <strong data-start=\"4545\" data-end=\"4604\">l\u2019assurance qualit\u00e9 automatis\u00e9e des connexions filaires<\/strong>.<\/p>\n","protected":false},"excerpt":{"rendered":"<p>Schleuniger PullTester 320 : Tests de Traction Avanc\u00e9s pour Machines de Sertissage Automatiques<\/p>\n","protected":false},"featured_media":0,"template":"","meta":{"_acf_changed":false},"pwb-brand":[18298],"product_brand":[],"product_cat":[17990,17997,18027],"product_tag":[],"class_list":{"0":"post-26373","1":"product","2":"type-product","3":"status-publish","5":"pwb-brand-brand-schleuniger-fr","6":"product_cat-cables-et-cablage-fr","7":"product_cat-control-de-la-qualite-fr","8":"product_cat-pull-force-meters-fr","10":"first","11":"instock","12":"taxable","13":"shipping-taxable","14":"product-type-simple"},"acf":[],"yoast_head":"<!-- This site is optimized with the Yoast SEO plugin v27.1.1 - https:\/\/yoast.com\/product\/yoast-seo-wordpress\/ -->\n<title>PullTester 320 - Smans<\/title>\n<meta name=\"robots\" content=\"index, follow, max-snippet:-1, max-image-preview:large, max-video-preview:-1\" \/>\n<link rel=\"canonical\" href=\"https:\/\/smans.com\/fr\/product\/pulltester-320\/\" \/>\n<meta property=\"og:locale\" content=\"fr_FR\" \/>\n<meta property=\"og:type\" content=\"article\" \/>\n<meta property=\"og:title\" content=\"PullTester 320 - Smans\" \/>\n<meta property=\"og:description\" content=\"Schleuniger PullTester 320 : Tests de Traction Avanc\u00e9s pour Machines de Sertissage Automatiques\" \/>\n<meta property=\"og:url\" content=\"https:\/\/smans.com\/fr\/product\/pulltester-320\/\" \/>\n<meta property=\"og:site_name\" content=\"Smans\" \/>\n<meta property=\"article:modified_time\" content=\"2026-04-11T10:34:22+00:00\" \/>\n<meta name=\"twitter:card\" content=\"summary_large_image\" \/>\n<meta name=\"twitter:label1\" content=\"Dur\u00e9e de lecture estim\u00e9e\" \/>\n\t<meta name=\"twitter:data1\" content=\"1 minute\" \/>\n<script type=\"application\/ld+json\" class=\"yoast-schema-graph\">{\"@context\":\"https:\/\/schema.org\",\"@graph\":[{\"@type\":\"WebPage\",\"@id\":\"https:\/\/smans.com\/fr\/product\/pulltester-320\/\",\"url\":\"https:\/\/smans.com\/fr\/product\/pulltester-320\/\",\"name\":\"PullTester 320 - Smans\",\"isPartOf\":{\"@id\":\"https:\/\/smans.com\/nl\/#website\"},\"datePublished\":\"2024-07-25T00:52:01+00:00\",\"dateModified\":\"2026-04-11T10:34:22+00:00\",\"breadcrumb\":{\"@id\":\"https:\/\/smans.com\/fr\/product\/pulltester-320\/#breadcrumb\"},\"inLanguage\":\"fr-FR\",\"potentialAction\":[{\"@type\":\"ReadAction\",\"target\":[\"https:\/\/smans.com\/fr\/product\/pulltester-320\/\"]}]},{\"@type\":\"BreadcrumbList\",\"@id\":\"https:\/\/smans.com\/fr\/product\/pulltester-320\/#breadcrumb\",\"itemListElement\":[{\"@type\":\"ListItem\",\"position\":1,\"name\":\"Home\",\"item\":\"https:\/\/smans.com\/fr\/\"},{\"@type\":\"ListItem\",\"position\":2,\"name\":\"Boutique\",\"item\":\"https:\/\/smans.com\/nl\/shop\/\"},{\"@type\":\"ListItem\",\"position\":3,\"name\":\"Schleuniger - PullTester 320\"}]},{\"@type\":\"WebSite\",\"@id\":\"https:\/\/smans.com\/nl\/#website\",\"url\":\"https:\/\/smans.com\/nl\/\",\"name\":\"Smans\",\"description\":\"\",\"publisher\":{\"@id\":\"https:\/\/smans.com\/nl\/#organization\"},\"potentialAction\":[{\"@type\":\"SearchAction\",\"target\":{\"@type\":\"EntryPoint\",\"urlTemplate\":\"https:\/\/smans.com\/nl\/?s={search_term_string}\"},\"query-input\":{\"@type\":\"PropertyValueSpecification\",\"valueRequired\":true,\"valueName\":\"search_term_string\"}}],\"inLanguage\":\"fr-FR\"},{\"@type\":\"Organization\",\"@id\":\"https:\/\/smans.com\/nl\/#organization\",\"name\":\"Smans\",\"url\":\"https:\/\/smans.com\/nl\/\",\"logo\":{\"@type\":\"ImageObject\",\"inLanguage\":\"fr-FR\",\"@id\":\"https:\/\/smans.com\/nl\/#\/schema\/logo\/image\/\",\"url\":\"https:\/\/smans.com\/wp-content\/uploads\/2023\/09\/logo.svg\",\"contentUrl\":\"https:\/\/smans.com\/wp-content\/uploads\/2023\/09\/logo.svg\",\"caption\":\"Smans\"},\"image\":{\"@id\":\"https:\/\/smans.com\/nl\/#\/schema\/logo\/image\/\"}}]}<\/script>\n<!-- \/ Yoast SEO plugin. -->","yoast_head_json":{"title":"PullTester 320 - Smans","robots":{"index":"index","follow":"follow","max-snippet":"max-snippet:-1","max-image-preview":"max-image-preview:large","max-video-preview":"max-video-preview:-1"},"canonical":"https:\/\/smans.com\/fr\/product\/pulltester-320\/","og_locale":"fr_FR","og_type":"article","og_title":"PullTester 320 - Smans","og_description":"Schleuniger PullTester 320 : Tests de Traction Avanc\u00e9s pour Machines de Sertissage Automatiques","og_url":"https:\/\/smans.com\/fr\/product\/pulltester-320\/","og_site_name":"Smans","article_modified_time":"2026-04-11T10:34:22+00:00","twitter_card":"summary_large_image","twitter_misc":{"Dur\u00e9e de lecture estim\u00e9e":"1 minute"},"schema":{"@context":"https:\/\/schema.org","@graph":[{"@type":"WebPage","@id":"https:\/\/smans.com\/fr\/product\/pulltester-320\/","url":"https:\/\/smans.com\/fr\/product\/pulltester-320\/","name":"PullTester 320 - Smans","isPartOf":{"@id":"https:\/\/smans.com\/nl\/#website"},"datePublished":"2024-07-25T00:52:01+00:00","dateModified":"2026-04-11T10:34:22+00:00","breadcrumb":{"@id":"https:\/\/smans.com\/fr\/product\/pulltester-320\/#breadcrumb"},"inLanguage":"fr-FR","potentialAction":[{"@type":"ReadAction","target":["https:\/\/smans.com\/fr\/product\/pulltester-320\/"]}]},{"@type":"BreadcrumbList","@id":"https:\/\/smans.com\/fr\/product\/pulltester-320\/#breadcrumb","itemListElement":[{"@type":"ListItem","position":1,"name":"Home","item":"https:\/\/smans.com\/fr\/"},{"@type":"ListItem","position":2,"name":"Boutique","item":"https:\/\/smans.com\/nl\/shop\/"},{"@type":"ListItem","position":3,"name":"Schleuniger - PullTester 320"}]},{"@type":"WebSite","@id":"https:\/\/smans.com\/nl\/#website","url":"https:\/\/smans.com\/nl\/","name":"Smans","description":"","publisher":{"@id":"https:\/\/smans.com\/nl\/#organization"},"potentialAction":[{"@type":"SearchAction","target":{"@type":"EntryPoint","urlTemplate":"https:\/\/smans.com\/nl\/?s={search_term_string}"},"query-input":{"@type":"PropertyValueSpecification","valueRequired":true,"valueName":"search_term_string"}}],"inLanguage":"fr-FR"},{"@type":"Organization","@id":"https:\/\/smans.com\/nl\/#organization","name":"Smans","url":"https:\/\/smans.com\/nl\/","logo":{"@type":"ImageObject","inLanguage":"fr-FR","@id":"https:\/\/smans.com\/nl\/#\/schema\/logo\/image\/","url":"https:\/\/smans.com\/wp-content\/uploads\/2023\/09\/logo.svg","contentUrl":"https:\/\/smans.com\/wp-content\/uploads\/2023\/09\/logo.svg","caption":"Smans"},"image":{"@id":"https:\/\/smans.com\/nl\/#\/schema\/logo\/image\/"}}]}},"brands":[{"id":18298,"name":"Schleuniger","slug":"brand-schleuniger-fr"}],"_links":{"self":[{"href":"https:\/\/smans.com\/fr\/wp-json\/wp\/v2\/product\/26373","targetHints":{"allow":["GET"]}}],"collection":[{"href":"https:\/\/smans.com\/fr\/wp-json\/wp\/v2\/product"}],"about":[{"href":"https:\/\/smans.com\/fr\/wp-json\/wp\/v2\/types\/product"}],"wp:attachment":[{"href":"https:\/\/smans.com\/fr\/wp-json\/wp\/v2\/media?parent=26373"}],"wp:term":[{"taxonomy":"pwb-brand","embeddable":true,"href":"https:\/\/smans.com\/fr\/wp-json\/wp\/v2\/pwb-brand?post=26373"},{"taxonomy":"product_brand","embeddable":true,"href":"https:\/\/smans.com\/fr\/wp-json\/wp\/v2\/product_brand?post=26373"},{"taxonomy":"product_cat","embeddable":true,"href":"https:\/\/smans.com\/fr\/wp-json\/wp\/v2\/product_cat?post=26373"},{"taxonomy":"product_tag","embeddable":true,"href":"https:\/\/smans.com\/fr\/wp-json\/wp\/v2\/product_tag?post=26373"}],"curies":[{"name":"wp","href":"https:\/\/api.w.org\/{rel}","templated":true}]}}