{"id":26375,"date":"2024-07-25T02:52:05","date_gmt":"2024-07-25T00:52:05","guid":{"rendered":"https:\/\/smans.com\/product\/pulltester-326\/"},"modified":"2026-04-11T12:34:23","modified_gmt":"2026-04-11T10:34:23","slug":"pulltester-326","status":"publish","type":"product","link":"https:\/\/smans.com\/fr\/product\/pulltester-326\/","title":{"rendered":"Schleuniger - PullTester 326"},"content":{"rendered":"<p data-start=\"3155\" data-end=\"3537\">Le <strong data-start=\"3158\" data-end=\"3188\">Schleuniger PullTester 326<\/strong> est un <strong data-start=\"3196\" data-end=\"3245\">appareil motoris\u00e9 avec trois plages de mesure<\/strong>, con\u00e7u pour <strong data-start=\"3258\" data-end=\"3342\">tester la force de traction des connexions serties et des soudures ultrasoniques<\/strong> sur une <strong data-start=\"3351\" data-end=\"3379\">plus large gamme de fils<\/strong> que les testeurs de traction standard. <strong data-start=\"3419\" data-end=\"3456\">Les valeurs des tests de traction<\/strong> sont des <strong data-start=\"3466\" data-end=\"3490\">param\u00e8tres critiques<\/strong> pour <strong data-start=\"3496\" data-end=\"3534\">le contr\u00f4le et l\u2019assurance qualit\u00e9<\/strong>.<\/p>\n<h4 data-start=\"3539\" data-end=\"3600\"><strong data-start=\"3544\" data-end=\"3598\">Triple Plage de Mesure pour une Pr\u00e9cision Maximale<\/strong><\/h4>\n<ul data-start=\"3601\" data-end=\"3899\">\n<li data-start=\"3601\" data-end=\"3732\"><strong data-start=\"3603\" data-end=\"3650\">Plages de mesure calibr\u00e9es individuellement<\/strong> :\n<ul data-start=\"3657\" data-end=\"3732\">\n<li data-start=\"3657\" data-end=\"3678\"><strong data-start=\"3659\" data-end=\"3676\">200 N (45 lb)<\/strong><\/li>\n<li data-start=\"3681\" data-end=\"3705\"><strong data-start=\"3683\" data-end=\"3703\">1 000 N (220 lb)<\/strong><\/li>\n<li data-start=\"3708\" data-end=\"3732\"><strong data-start=\"3710\" data-end=\"3730\">2 000 N (440 lb)<\/strong><\/li>\n<\/ul>\n<\/li>\n<li data-start=\"3733\" data-end=\"3797\"><strong data-start=\"3735\" data-end=\"3794\">Plages de mesure personnalis\u00e9es disponibles sur demande<\/strong>.<\/li>\n<li data-start=\"3798\" data-end=\"3899\"><strong data-start=\"3800\" data-end=\"3835\">Capacit\u00e9 de test non-destructif<\/strong> : peut <strong data-start=\"3843\" data-end=\"3896\">maintenir la traction jusqu&rsquo;\u00e0 une force sp\u00e9cifi\u00e9e<\/strong>.<\/li>\n<\/ul>\n<h4 data-start=\"3901\" data-end=\"3941\"><strong data-start=\"3906\" data-end=\"3939\">Mesures Fiables et Constantes<\/strong><\/h4>\n<ul data-start=\"3942\" data-end=\"4303\">\n<li data-start=\"3942\" data-end=\"4038\"><strong data-start=\"3944\" data-end=\"3974\">Moteur \u00e0 vitesse contr\u00f4l\u00e9e<\/strong> garantissant une <strong data-start=\"3992\" data-end=\"4035\">force de traction uniforme et constante<\/strong>.<\/li>\n<li data-start=\"4039\" data-end=\"4127\"><strong data-start=\"4041\" data-end=\"4067\">\u00c9vite les incoh\u00e9rences<\/strong> constat\u00e9es avec <strong data-start=\"4084\" data-end=\"4124\">les testeurs manuels ou pneumatiques<\/strong>.<\/li>\n<li data-start=\"4128\" data-end=\"4226\"><strong data-start=\"4130\" data-end=\"4177\">Respecte les normes internationales de test<\/strong> avec une <strong data-start=\"4187\" data-end=\"4223\">vitesse de traction standardis\u00e9e<\/strong>.<\/li>\n<li data-start=\"4227\" data-end=\"4303\"><strong data-start=\"4229\" data-end=\"4300\">Mesure les forces de traction en Newtons, livres-force ou kiloponds<\/strong>.<\/li>\n<\/ul>\n<h4 data-start=\"4305\" data-end=\"4363\"><strong data-start=\"4310\" data-end=\"4361\">Applications Flexibles avec Divers Porte-Pinces<\/strong><\/h4>\n<ul data-start=\"4364\" data-end=\"4518\">\n<li data-start=\"4364\" data-end=\"4436\"><strong data-start=\"4366\" data-end=\"4396\">Porte-pince \u00e0 14 positions<\/strong> adapt\u00e9 \u00e0 une large vari\u00e9t\u00e9 de bornes.<\/li>\n<li data-start=\"4437\" data-end=\"4518\"><strong data-start=\"4439\" data-end=\"4486\">Autres porte-pinces disponibles sur demande<\/strong> pour des besoins sp\u00e9cifiques.<\/li>\n<\/ul>\n<p data-start=\"4520\" data-end=\"4689\" data-is-last-node=\"\">Le <strong data-start=\"4523\" data-end=\"4553\">Schleuniger PullTester 326<\/strong> est une <strong data-start=\"4562\" data-end=\"4605\">solution stable, pr\u00e9cise et polyvalente<\/strong> pour <strong data-start=\"4611\" data-end=\"4688\">l\u2019assurance qualit\u00e9 dans le traitement des fils et les connexions soud\u00e9es<\/strong>.<\/p>\n","protected":false},"excerpt":{"rendered":"<p>Schleuniger PullTester 326<\/p>\n","protected":false},"featured_media":0,"template":"","meta":{"_acf_changed":false},"pwb-brand":[18298],"product_brand":[],"product_cat":[17990,17997,18027],"product_tag":[],"class_list":{"0":"post-26375","1":"product","2":"type-product","3":"status-publish","5":"pwb-brand-brand-schleuniger-fr","6":"product_cat-cables-et-cablage-fr","7":"product_cat-control-de-la-qualite-fr","8":"product_cat-pull-force-meters-fr","10":"first","11":"instock","12":"taxable","13":"shipping-taxable","14":"product-type-simple"},"acf":[],"yoast_head":"<!-- This site is optimized with the Yoast SEO plugin v27.1.1 - https:\/\/yoast.com\/product\/yoast-seo-wordpress\/ -->\n<title>PullTester 326 - Smans<\/title>\n<meta name=\"robots\" content=\"index, follow, max-snippet:-1, max-image-preview:large, max-video-preview:-1\" \/>\n<link rel=\"canonical\" href=\"https:\/\/smans.com\/fr\/product\/pulltester-326\/\" \/>\n<meta property=\"og:locale\" content=\"fr_FR\" \/>\n<meta property=\"og:type\" content=\"article\" \/>\n<meta property=\"og:title\" content=\"PullTester 326 - Smans\" \/>\n<meta property=\"og:description\" content=\"Schleuniger PullTester 326\" \/>\n<meta property=\"og:url\" content=\"https:\/\/smans.com\/fr\/product\/pulltester-326\/\" \/>\n<meta property=\"og:site_name\" content=\"Smans\" \/>\n<meta property=\"article:modified_time\" content=\"2026-04-11T10:34:23+00:00\" \/>\n<meta name=\"twitter:card\" content=\"summary_large_image\" \/>\n<meta name=\"twitter:label1\" content=\"Dur\u00e9e de lecture estim\u00e9e\" \/>\n\t<meta name=\"twitter:data1\" content=\"1 minute\" \/>\n<script type=\"application\/ld+json\" class=\"yoast-schema-graph\">{\"@context\":\"https:\/\/schema.org\",\"@graph\":[{\"@type\":\"WebPage\",\"@id\":\"https:\/\/smans.com\/fr\/product\/pulltester-326\/\",\"url\":\"https:\/\/smans.com\/fr\/product\/pulltester-326\/\",\"name\":\"PullTester 326 - Smans\",\"isPartOf\":{\"@id\":\"https:\/\/smans.com\/nl\/#website\"},\"datePublished\":\"2024-07-25T00:52:05+00:00\",\"dateModified\":\"2026-04-11T10:34:23+00:00\",\"breadcrumb\":{\"@id\":\"https:\/\/smans.com\/fr\/product\/pulltester-326\/#breadcrumb\"},\"inLanguage\":\"fr-FR\",\"potentialAction\":[{\"@type\":\"ReadAction\",\"target\":[\"https:\/\/smans.com\/fr\/product\/pulltester-326\/\"]}]},{\"@type\":\"BreadcrumbList\",\"@id\":\"https:\/\/smans.com\/fr\/product\/pulltester-326\/#breadcrumb\",\"itemListElement\":[{\"@type\":\"ListItem\",\"position\":1,\"name\":\"Home\",\"item\":\"https:\/\/smans.com\/fr\/\"},{\"@type\":\"ListItem\",\"position\":2,\"name\":\"Boutique\",\"item\":\"https:\/\/smans.com\/nl\/shop\/\"},{\"@type\":\"ListItem\",\"position\":3,\"name\":\"Schleuniger - PullTester 326\"}]},{\"@type\":\"WebSite\",\"@id\":\"https:\/\/smans.com\/nl\/#website\",\"url\":\"https:\/\/smans.com\/nl\/\",\"name\":\"Smans\",\"description\":\"\",\"publisher\":{\"@id\":\"https:\/\/smans.com\/nl\/#organization\"},\"potentialAction\":[{\"@type\":\"SearchAction\",\"target\":{\"@type\":\"EntryPoint\",\"urlTemplate\":\"https:\/\/smans.com\/nl\/?s={search_term_string}\"},\"query-input\":{\"@type\":\"PropertyValueSpecification\",\"valueRequired\":true,\"valueName\":\"search_term_string\"}}],\"inLanguage\":\"fr-FR\"},{\"@type\":\"Organization\",\"@id\":\"https:\/\/smans.com\/nl\/#organization\",\"name\":\"Smans\",\"url\":\"https:\/\/smans.com\/nl\/\",\"logo\":{\"@type\":\"ImageObject\",\"inLanguage\":\"fr-FR\",\"@id\":\"https:\/\/smans.com\/nl\/#\/schema\/logo\/image\/\",\"url\":\"https:\/\/smans.com\/wp-content\/uploads\/2023\/09\/logo.svg\",\"contentUrl\":\"https:\/\/smans.com\/wp-content\/uploads\/2023\/09\/logo.svg\",\"caption\":\"Smans\"},\"image\":{\"@id\":\"https:\/\/smans.com\/nl\/#\/schema\/logo\/image\/\"}}]}<\/script>\n<!-- \/ Yoast SEO plugin. -->","yoast_head_json":{"title":"PullTester 326 - Smans","robots":{"index":"index","follow":"follow","max-snippet":"max-snippet:-1","max-image-preview":"max-image-preview:large","max-video-preview":"max-video-preview:-1"},"canonical":"https:\/\/smans.com\/fr\/product\/pulltester-326\/","og_locale":"fr_FR","og_type":"article","og_title":"PullTester 326 - Smans","og_description":"Schleuniger PullTester 326","og_url":"https:\/\/smans.com\/fr\/product\/pulltester-326\/","og_site_name":"Smans","article_modified_time":"2026-04-11T10:34:23+00:00","twitter_card":"summary_large_image","twitter_misc":{"Dur\u00e9e de lecture estim\u00e9e":"1 minute"},"schema":{"@context":"https:\/\/schema.org","@graph":[{"@type":"WebPage","@id":"https:\/\/smans.com\/fr\/product\/pulltester-326\/","url":"https:\/\/smans.com\/fr\/product\/pulltester-326\/","name":"PullTester 326 - Smans","isPartOf":{"@id":"https:\/\/smans.com\/nl\/#website"},"datePublished":"2024-07-25T00:52:05+00:00","dateModified":"2026-04-11T10:34:23+00:00","breadcrumb":{"@id":"https:\/\/smans.com\/fr\/product\/pulltester-326\/#breadcrumb"},"inLanguage":"fr-FR","potentialAction":[{"@type":"ReadAction","target":["https:\/\/smans.com\/fr\/product\/pulltester-326\/"]}]},{"@type":"BreadcrumbList","@id":"https:\/\/smans.com\/fr\/product\/pulltester-326\/#breadcrumb","itemListElement":[{"@type":"ListItem","position":1,"name":"Home","item":"https:\/\/smans.com\/fr\/"},{"@type":"ListItem","position":2,"name":"Boutique","item":"https:\/\/smans.com\/nl\/shop\/"},{"@type":"ListItem","position":3,"name":"Schleuniger - PullTester 326"}]},{"@type":"WebSite","@id":"https:\/\/smans.com\/nl\/#website","url":"https:\/\/smans.com\/nl\/","name":"Smans","description":"","publisher":{"@id":"https:\/\/smans.com\/nl\/#organization"},"potentialAction":[{"@type":"SearchAction","target":{"@type":"EntryPoint","urlTemplate":"https:\/\/smans.com\/nl\/?s={search_term_string}"},"query-input":{"@type":"PropertyValueSpecification","valueRequired":true,"valueName":"search_term_string"}}],"inLanguage":"fr-FR"},{"@type":"Organization","@id":"https:\/\/smans.com\/nl\/#organization","name":"Smans","url":"https:\/\/smans.com\/nl\/","logo":{"@type":"ImageObject","inLanguage":"fr-FR","@id":"https:\/\/smans.com\/nl\/#\/schema\/logo\/image\/","url":"https:\/\/smans.com\/wp-content\/uploads\/2023\/09\/logo.svg","contentUrl":"https:\/\/smans.com\/wp-content\/uploads\/2023\/09\/logo.svg","caption":"Smans"},"image":{"@id":"https:\/\/smans.com\/nl\/#\/schema\/logo\/image\/"}}]}},"brands":[{"id":18298,"name":"Schleuniger","slug":"brand-schleuniger-fr"}],"_links":{"self":[{"href":"https:\/\/smans.com\/fr\/wp-json\/wp\/v2\/product\/26375","targetHints":{"allow":["GET"]}}],"collection":[{"href":"https:\/\/smans.com\/fr\/wp-json\/wp\/v2\/product"}],"about":[{"href":"https:\/\/smans.com\/fr\/wp-json\/wp\/v2\/types\/product"}],"wp:attachment":[{"href":"https:\/\/smans.com\/fr\/wp-json\/wp\/v2\/media?parent=26375"}],"wp:term":[{"taxonomy":"pwb-brand","embeddable":true,"href":"https:\/\/smans.com\/fr\/wp-json\/wp\/v2\/pwb-brand?post=26375"},{"taxonomy":"product_brand","embeddable":true,"href":"https:\/\/smans.com\/fr\/wp-json\/wp\/v2\/product_brand?post=26375"},{"taxonomy":"product_cat","embeddable":true,"href":"https:\/\/smans.com\/fr\/wp-json\/wp\/v2\/product_cat?post=26375"},{"taxonomy":"product_tag","embeddable":true,"href":"https:\/\/smans.com\/fr\/wp-json\/wp\/v2\/product_tag?post=26375"}],"curies":[{"name":"wp","href":"https:\/\/api.w.org\/{rel}","templated":true}]}}