{"id":26376,"date":"2024-07-25T02:52:07","date_gmt":"2024-07-25T00:52:07","guid":{"rendered":"https:\/\/smans.com\/product\/electrolytestaining-unit-6\/"},"modified":"2026-04-11T12:34:23","modified_gmt":"2026-04-11T10:34:23","slug":"electrolytestaining-unit-6","status":"publish","type":"product","link":"https:\/\/smans.com\/fr\/product\/electrolytestaining-unit-6\/","title":{"rendered":"Schleuniger - ElectrolyteStaining Unit 6"},"content":{"rendered":"<p data-start=\"2568\" data-end=\"2825\">Le <strong data-start=\"2571\" data-end=\"2598\">MicroGraph System (MGS)<\/strong> permet d\u2019obtenir <strong data-start=\"2616\" data-end=\"2666\">des images pr\u00e9cises des sections de sertissage<\/strong> en <strong data-start=\"2670\" data-end=\"2689\">un temps r\u00e9duit<\/strong>, compar\u00e9 aux m\u00e9thodes conventionnelles. Gr\u00e2ce \u00e0 sa <strong data-start=\"2741\" data-end=\"2764\">structure modulaire<\/strong>, il peut \u00eatre configur\u00e9 selon <strong data-start=\"2795\" data-end=\"2822\">les besoins sp\u00e9cifiques<\/strong>.<\/p>\n<p data-start=\"2827\" data-end=\"2984\">L\u2019<strong data-start=\"2829\" data-end=\"2863\">ElectrolyteStaining Unit (ESU)<\/strong> permet une <strong data-start=\"2875\" data-end=\"2950\">coloration rapide et s\u00e9curis\u00e9e des \u00e9chantillons de coupes transversales<\/strong>, facilitant ainsi leur analyse.<\/p>\n<h4 data-start=\"2986\" data-end=\"3025\"><strong data-start=\"2991\" data-end=\"3023\">Caract\u00e9ristiques Principales<\/strong><\/h4>\n<ul data-start=\"3026\" data-end=\"3547\">\n<li data-start=\"3026\" data-end=\"3137\"><strong data-start=\"3028\" data-end=\"3077\">Proc\u00e9d\u00e9 innovant de coloration \u00e9lectrolytique<\/strong> avec une <strong data-start=\"3087\" data-end=\"3112\">solution au pH neutre<\/strong>, aussi s\u00fbre que l\u2019eau.<\/li>\n<li data-start=\"3138\" data-end=\"3227\"><strong data-start=\"3140\" data-end=\"3189\">Aucune formation ni \u00e9quipement sp\u00e9cial requis<\/strong>, contrairement aux m\u00e9thodes acides.<\/li>\n<li data-start=\"3228\" data-end=\"3334\"><strong data-start=\"3230\" data-end=\"3266\">Indicateur de coloration int\u00e9gr\u00e9<\/strong> fournissant <strong data-start=\"3279\" data-end=\"3301\">un retour imm\u00e9diat<\/strong> sur l\u2019efficacit\u00e9 du processus.<\/li>\n<li data-start=\"3335\" data-end=\"3443\"><strong data-start=\"3337\" data-end=\"3386\">Disponible avec plusieurs tailles de pochoirs<\/strong>, s\u2019adaptant aux diff\u00e9rentes dimensions d\u2019\u00e9chantillons.<\/li>\n<li data-start=\"3444\" data-end=\"3547\"><strong data-start=\"3446\" data-end=\"3475\">Applications polyvalentes<\/strong> : Convient aux <strong data-start=\"3491\" data-end=\"3544\">sections de sertissage et aux \u00e9chantillons soud\u00e9s<\/strong>.<\/li>\n<\/ul>\n<p data-start=\"3549\" data-end=\"3677\" data-is-last-node=\"\">Le <strong data-start=\"3552\" data-end=\"3561\">ESU 6<\/strong> garantit une <strong data-start=\"3575\" data-end=\"3621\">coloration s\u00fbre, efficace et reproductible<\/strong>, am\u00e9liorant ainsi <strong data-start=\"3640\" data-end=\"3676\">le contr\u00f4le qualit\u00e9 et l\u2019analyse<\/strong>.<\/p>\n","protected":false},"excerpt":{"rendered":"<p>MicroGraph System (MGS) : Coloration Rapide et S\u00e9curis\u00e9e des Sections de Sertissage avec l\u2019ElectrolyteStaining Unit (ESU)<\/p>\n","protected":false},"featured_media":0,"template":"","meta":{"_acf_changed":false},"pwb-brand":[18298],"product_brand":[],"product_cat":[17990,17997,18026],"product_tag":[],"class_list":{"0":"post-26376","1":"product","2":"type-product","3":"status-publish","5":"pwb-brand-brand-schleuniger-fr","6":"product_cat-cables-et-cablage-fr","7":"product_cat-control-de-la-qualite-fr","8":"product_cat-micrograph-laboratories-fr","10":"first","11":"instock","12":"taxable","13":"shipping-taxable","14":"product-type-simple"},"acf":[],"yoast_head":"<!-- This site is optimized with the Yoast SEO plugin v27.1.1 - https:\/\/yoast.com\/product\/yoast-seo-wordpress\/ -->\n<title>ElectrolyteStaining Unit 6 - Smans<\/title>\n<meta name=\"robots\" content=\"index, follow, max-snippet:-1, max-image-preview:large, max-video-preview:-1\" \/>\n<link rel=\"canonical\" href=\"https:\/\/smans.com\/fr\/product\/electrolytestaining-unit-6\/\" \/>\n<meta property=\"og:locale\" content=\"fr_FR\" \/>\n<meta property=\"og:type\" content=\"article\" \/>\n<meta property=\"og:title\" content=\"ElectrolyteStaining Unit 6 - Smans\" \/>\n<meta property=\"og:description\" content=\"MicroGraph System (MGS) : Coloration Rapide et S\u00e9curis\u00e9e des Sections de Sertissage avec l\u2019ElectrolyteStaining Unit (ESU)\" \/>\n<meta property=\"og:url\" content=\"https:\/\/smans.com\/fr\/product\/electrolytestaining-unit-6\/\" \/>\n<meta property=\"og:site_name\" content=\"Smans\" \/>\n<meta property=\"article:modified_time\" content=\"2026-04-11T10:34:23+00:00\" \/>\n<meta name=\"twitter:card\" content=\"summary_large_image\" \/>\n<meta name=\"twitter:label1\" content=\"Dur\u00e9e de lecture estim\u00e9e\" \/>\n\t<meta name=\"twitter:data1\" content=\"1 minute\" \/>\n<script type=\"application\/ld+json\" class=\"yoast-schema-graph\">{\"@context\":\"https:\/\/schema.org\",\"@graph\":[{\"@type\":\"WebPage\",\"@id\":\"https:\/\/smans.com\/fr\/product\/electrolytestaining-unit-6\/\",\"url\":\"https:\/\/smans.com\/fr\/product\/electrolytestaining-unit-6\/\",\"name\":\"ElectrolyteStaining Unit 6 - Smans\",\"isPartOf\":{\"@id\":\"https:\/\/smans.com\/nl\/#website\"},\"datePublished\":\"2024-07-25T00:52:07+00:00\",\"dateModified\":\"2026-04-11T10:34:23+00:00\",\"breadcrumb\":{\"@id\":\"https:\/\/smans.com\/fr\/product\/electrolytestaining-unit-6\/#breadcrumb\"},\"inLanguage\":\"fr-FR\",\"potentialAction\":[{\"@type\":\"ReadAction\",\"target\":[\"https:\/\/smans.com\/fr\/product\/electrolytestaining-unit-6\/\"]}]},{\"@type\":\"BreadcrumbList\",\"@id\":\"https:\/\/smans.com\/fr\/product\/electrolytestaining-unit-6\/#breadcrumb\",\"itemListElement\":[{\"@type\":\"ListItem\",\"position\":1,\"name\":\"Home\",\"item\":\"https:\/\/smans.com\/fr\/\"},{\"@type\":\"ListItem\",\"position\":2,\"name\":\"Boutique\",\"item\":\"https:\/\/smans.com\/nl\/shop\/\"},{\"@type\":\"ListItem\",\"position\":3,\"name\":\"Schleuniger - ElectrolyteStaining Unit 6\"}]},{\"@type\":\"WebSite\",\"@id\":\"https:\/\/smans.com\/nl\/#website\",\"url\":\"https:\/\/smans.com\/nl\/\",\"name\":\"Smans\",\"description\":\"\",\"publisher\":{\"@id\":\"https:\/\/smans.com\/nl\/#organization\"},\"potentialAction\":[{\"@type\":\"SearchAction\",\"target\":{\"@type\":\"EntryPoint\",\"urlTemplate\":\"https:\/\/smans.com\/nl\/?s={search_term_string}\"},\"query-input\":{\"@type\":\"PropertyValueSpecification\",\"valueRequired\":true,\"valueName\":\"search_term_string\"}}],\"inLanguage\":\"fr-FR\"},{\"@type\":\"Organization\",\"@id\":\"https:\/\/smans.com\/nl\/#organization\",\"name\":\"Smans\",\"url\":\"https:\/\/smans.com\/nl\/\",\"logo\":{\"@type\":\"ImageObject\",\"inLanguage\":\"fr-FR\",\"@id\":\"https:\/\/smans.com\/nl\/#\/schema\/logo\/image\/\",\"url\":\"https:\/\/smans.com\/wp-content\/uploads\/2023\/09\/logo.svg\",\"contentUrl\":\"https:\/\/smans.com\/wp-content\/uploads\/2023\/09\/logo.svg\",\"caption\":\"Smans\"},\"image\":{\"@id\":\"https:\/\/smans.com\/nl\/#\/schema\/logo\/image\/\"}}]}<\/script>\n<!-- \/ Yoast SEO plugin. -->","yoast_head_json":{"title":"ElectrolyteStaining Unit 6 - Smans","robots":{"index":"index","follow":"follow","max-snippet":"max-snippet:-1","max-image-preview":"max-image-preview:large","max-video-preview":"max-video-preview:-1"},"canonical":"https:\/\/smans.com\/fr\/product\/electrolytestaining-unit-6\/","og_locale":"fr_FR","og_type":"article","og_title":"ElectrolyteStaining Unit 6 - Smans","og_description":"MicroGraph System (MGS) : Coloration Rapide et S\u00e9curis\u00e9e des Sections de Sertissage avec l\u2019ElectrolyteStaining Unit (ESU)","og_url":"https:\/\/smans.com\/fr\/product\/electrolytestaining-unit-6\/","og_site_name":"Smans","article_modified_time":"2026-04-11T10:34:23+00:00","twitter_card":"summary_large_image","twitter_misc":{"Dur\u00e9e de lecture estim\u00e9e":"1 minute"},"schema":{"@context":"https:\/\/schema.org","@graph":[{"@type":"WebPage","@id":"https:\/\/smans.com\/fr\/product\/electrolytestaining-unit-6\/","url":"https:\/\/smans.com\/fr\/product\/electrolytestaining-unit-6\/","name":"ElectrolyteStaining Unit 6 - Smans","isPartOf":{"@id":"https:\/\/smans.com\/nl\/#website"},"datePublished":"2024-07-25T00:52:07+00:00","dateModified":"2026-04-11T10:34:23+00:00","breadcrumb":{"@id":"https:\/\/smans.com\/fr\/product\/electrolytestaining-unit-6\/#breadcrumb"},"inLanguage":"fr-FR","potentialAction":[{"@type":"ReadAction","target":["https:\/\/smans.com\/fr\/product\/electrolytestaining-unit-6\/"]}]},{"@type":"BreadcrumbList","@id":"https:\/\/smans.com\/fr\/product\/electrolytestaining-unit-6\/#breadcrumb","itemListElement":[{"@type":"ListItem","position":1,"name":"Home","item":"https:\/\/smans.com\/fr\/"},{"@type":"ListItem","position":2,"name":"Boutique","item":"https:\/\/smans.com\/nl\/shop\/"},{"@type":"ListItem","position":3,"name":"Schleuniger - ElectrolyteStaining Unit 6"}]},{"@type":"WebSite","@id":"https:\/\/smans.com\/nl\/#website","url":"https:\/\/smans.com\/nl\/","name":"Smans","description":"","publisher":{"@id":"https:\/\/smans.com\/nl\/#organization"},"potentialAction":[{"@type":"SearchAction","target":{"@type":"EntryPoint","urlTemplate":"https:\/\/smans.com\/nl\/?s={search_term_string}"},"query-input":{"@type":"PropertyValueSpecification","valueRequired":true,"valueName":"search_term_string"}}],"inLanguage":"fr-FR"},{"@type":"Organization","@id":"https:\/\/smans.com\/nl\/#organization","name":"Smans","url":"https:\/\/smans.com\/nl\/","logo":{"@type":"ImageObject","inLanguage":"fr-FR","@id":"https:\/\/smans.com\/nl\/#\/schema\/logo\/image\/","url":"https:\/\/smans.com\/wp-content\/uploads\/2023\/09\/logo.svg","contentUrl":"https:\/\/smans.com\/wp-content\/uploads\/2023\/09\/logo.svg","caption":"Smans"},"image":{"@id":"https:\/\/smans.com\/nl\/#\/schema\/logo\/image\/"}}]}},"brands":[{"id":18298,"name":"Schleuniger","slug":"brand-schleuniger-fr"}],"_links":{"self":[{"href":"https:\/\/smans.com\/fr\/wp-json\/wp\/v2\/product\/26376","targetHints":{"allow":["GET"]}}],"collection":[{"href":"https:\/\/smans.com\/fr\/wp-json\/wp\/v2\/product"}],"about":[{"href":"https:\/\/smans.com\/fr\/wp-json\/wp\/v2\/types\/product"}],"wp:attachment":[{"href":"https:\/\/smans.com\/fr\/wp-json\/wp\/v2\/media?parent=26376"}],"wp:term":[{"taxonomy":"pwb-brand","embeddable":true,"href":"https:\/\/smans.com\/fr\/wp-json\/wp\/v2\/pwb-brand?post=26376"},{"taxonomy":"product_brand","embeddable":true,"href":"https:\/\/smans.com\/fr\/wp-json\/wp\/v2\/product_brand?post=26376"},{"taxonomy":"product_cat","embeddable":true,"href":"https:\/\/smans.com\/fr\/wp-json\/wp\/v2\/product_cat?post=26376"},{"taxonomy":"product_tag","embeddable":true,"href":"https:\/\/smans.com\/fr\/wp-json\/wp\/v2\/product_tag?post=26376"}],"curies":[{"name":"wp","href":"https:\/\/api.w.org\/{rel}","templated":true}]}}