{"id":26378,"date":"2024-07-25T02:52:13","date_gmt":"2024-07-25T00:52:13","guid":{"rendered":"https:\/\/smans.com\/product\/micrograph-system\/"},"modified":"2026-04-10T13:12:51","modified_gmt":"2026-04-10T11:12:51","slug":"micrograph-system","status":"publish","type":"product","link":"https:\/\/smans.com\/fr\/product\/micrograph-system\/","title":{"rendered":"Schleuniger - MicroGraph System"},"content":{"rendered":"<p data-start=\"2498\" data-end=\"2776\">L\u2019<strong data-start=\"2500\" data-end=\"2538\">analyse des sections de sertissage<\/strong> est devenue un <strong data-start=\"2554\" data-end=\"2602\">\u00e9l\u00e9ment cl\u00e9 du processus de contr\u00f4le qualit\u00e9<\/strong>. Le <strong data-start=\"2607\" data-end=\"2634\">MicroGraph System (MGS)<\/strong> permet d\u2019obtenir <strong data-start=\"2652\" data-end=\"2710\">des images haute r\u00e9solution des sections de sertissage<\/strong> <strong data-start=\"2711\" data-end=\"2739\">beaucoup plus rapidement<\/strong> que les m\u00e9thodes conventionnelles.<\/p>\n<h4 data-start=\"2778\" data-end=\"2818\"><strong data-start=\"2783\" data-end=\"2816\">Techniques d\u2019Analyse Avanc\u00e9es<\/strong><\/h4>\n<ul data-start=\"2819\" data-end=\"3148\">\n<li data-start=\"2819\" data-end=\"2911\"><strong data-start=\"2821\" data-end=\"2868\">Processus combin\u00e9 de sciage et de polissage<\/strong> pour des <strong data-start=\"2878\" data-end=\"2908\">coupes propres et pr\u00e9cises<\/strong>.<\/li>\n<li data-start=\"2912\" data-end=\"3012\"><strong data-start=\"2914\" data-end=\"2963\">Proc\u00e9d\u00e9 innovant de coloration \u00e9lectrolytique<\/strong> pour <strong data-start=\"2969\" data-end=\"3009\">une meilleure visibilit\u00e9 des d\u00e9tails<\/strong>.<\/li>\n<li data-start=\"3013\" data-end=\"3148\"><strong data-start=\"3015\" data-end=\"3045\">Optique de haute pr\u00e9cision<\/strong> pour <strong data-start=\"3051\" data-end=\"3105\">une analyse approfondie des connexions \u00e9lectriques<\/strong> (serties, soud\u00e9es, bras\u00e9es ou \u00e9piss\u00e9es).<\/li>\n<\/ul>\n<h4 data-start=\"3150\" data-end=\"3196\"><strong data-start=\"3155\" data-end=\"3194\">Configuration Modulaire et Flexible<\/strong><\/h4>\n<ul data-start=\"3197\" data-end=\"3492\">\n<li data-start=\"3197\" data-end=\"3282\"><strong data-start=\"3199\" data-end=\"3245\">Personnalisation des composants du syst\u00e8me<\/strong> selon les <strong data-start=\"3256\" data-end=\"3279\">besoins sp\u00e9cifiques<\/strong>.<\/li>\n<li data-start=\"3283\" data-end=\"3389\"><strong data-start=\"3285\" data-end=\"3319\">Postes de travail ergonomiques<\/strong> pour une <strong data-start=\"3329\" data-end=\"3364\">optimisation du flux de travail<\/strong> en configuration fixe.<\/li>\n<li data-start=\"3390\" data-end=\"3492\"><strong data-start=\"3392\" data-end=\"3428\">Int\u00e9gration sur chariots mobiles<\/strong> pour cr\u00e9er une <strong data-start=\"3444\" data-end=\"3489\">station de contr\u00f4le qualit\u00e9 transportable<\/strong>.<\/li>\n<\/ul>\n<p data-start=\"3494\" data-end=\"3653\" data-is-last-node=\"\">Le <strong data-start=\"3497\" data-end=\"3512\">syst\u00e8me MGS<\/strong> offre une <strong data-start=\"3523\" data-end=\"3559\">solution polyvalente et efficace<\/strong> pour <strong data-start=\"3565\" data-end=\"3652\">l\u2019analyse qualit\u00e9 et l\u2019optimisation des processus dans la technologie de sertissage<\/strong>.<\/p>\n","protected":false},"excerpt":{"rendered":"<p>MicroGraph System (MGS) : Analyse Efficace et Pr\u00e9cise des Sections de Sertissage<\/p>\n","protected":false},"featured_media":0,"template":"","meta":{"_acf_changed":false},"pwb-brand":[18298],"product_brand":[],"product_cat":[17990,17997,18026],"product_tag":[],"class_list":{"0":"post-26378","1":"product","2":"type-product","3":"status-publish","5":"pwb-brand-brand-schleuniger-fr","6":"product_cat-cables-et-cablage-fr","7":"product_cat-control-de-la-qualite-fr","8":"product_cat-micrograph-laboratories-fr","10":"first","11":"instock","12":"taxable","13":"shipping-taxable","14":"product-type-simple"},"acf":[],"yoast_head":"<!-- This site is optimized with the Yoast SEO plugin v27.1.1 - https:\/\/yoast.com\/product\/yoast-seo-wordpress\/ -->\n<title>MicroGraph System - Smans<\/title>\n<meta name=\"robots\" content=\"index, follow, max-snippet:-1, max-image-preview:large, max-video-preview:-1\" \/>\n<link rel=\"canonical\" href=\"https:\/\/smans.com\/fr\/product\/micrograph-system\/\" \/>\n<meta property=\"og:locale\" content=\"fr_FR\" \/>\n<meta property=\"og:type\" content=\"article\" \/>\n<meta property=\"og:title\" content=\"MicroGraph System - Smans\" \/>\n<meta property=\"og:description\" content=\"MicroGraph System (MGS) : Analyse Efficace et Pr\u00e9cise des Sections de Sertissage\" \/>\n<meta property=\"og:url\" content=\"https:\/\/smans.com\/fr\/product\/micrograph-system\/\" \/>\n<meta property=\"og:site_name\" content=\"Smans\" \/>\n<meta property=\"article:modified_time\" content=\"2026-04-10T11:12:51+00:00\" \/>\n<meta name=\"twitter:card\" content=\"summary_large_image\" \/>\n<meta name=\"twitter:label1\" content=\"Dur\u00e9e de lecture estim\u00e9e\" \/>\n\t<meta name=\"twitter:data1\" content=\"1 minute\" \/>\n<script type=\"application\/ld+json\" class=\"yoast-schema-graph\">{\"@context\":\"https:\/\/schema.org\",\"@graph\":[{\"@type\":\"WebPage\",\"@id\":\"https:\/\/smans.com\/fr\/product\/micrograph-system\/\",\"url\":\"https:\/\/smans.com\/fr\/product\/micrograph-system\/\",\"name\":\"MicroGraph System - Smans\",\"isPartOf\":{\"@id\":\"https:\/\/smans.com\/nl\/#website\"},\"datePublished\":\"2024-07-25T00:52:13+00:00\",\"dateModified\":\"2026-04-10T11:12:51+00:00\",\"breadcrumb\":{\"@id\":\"https:\/\/smans.com\/fr\/product\/micrograph-system\/#breadcrumb\"},\"inLanguage\":\"fr-FR\",\"potentialAction\":[{\"@type\":\"ReadAction\",\"target\":[\"https:\/\/smans.com\/fr\/product\/micrograph-system\/\"]}]},{\"@type\":\"BreadcrumbList\",\"@id\":\"https:\/\/smans.com\/fr\/product\/micrograph-system\/#breadcrumb\",\"itemListElement\":[{\"@type\":\"ListItem\",\"position\":1,\"name\":\"Home\",\"item\":\"https:\/\/smans.com\/fr\/\"},{\"@type\":\"ListItem\",\"position\":2,\"name\":\"Boutique\",\"item\":\"https:\/\/smans.com\/nl\/shop\/\"},{\"@type\":\"ListItem\",\"position\":3,\"name\":\"Schleuniger - MicroGraph System\"}]},{\"@type\":\"WebSite\",\"@id\":\"https:\/\/smans.com\/nl\/#website\",\"url\":\"https:\/\/smans.com\/nl\/\",\"name\":\"Smans\",\"description\":\"\",\"publisher\":{\"@id\":\"https:\/\/smans.com\/nl\/#organization\"},\"potentialAction\":[{\"@type\":\"SearchAction\",\"target\":{\"@type\":\"EntryPoint\",\"urlTemplate\":\"https:\/\/smans.com\/nl\/?s={search_term_string}\"},\"query-input\":{\"@type\":\"PropertyValueSpecification\",\"valueRequired\":true,\"valueName\":\"search_term_string\"}}],\"inLanguage\":\"fr-FR\"},{\"@type\":\"Organization\",\"@id\":\"https:\/\/smans.com\/nl\/#organization\",\"name\":\"Smans\",\"url\":\"https:\/\/smans.com\/nl\/\",\"logo\":{\"@type\":\"ImageObject\",\"inLanguage\":\"fr-FR\",\"@id\":\"https:\/\/smans.com\/nl\/#\/schema\/logo\/image\/\",\"url\":\"https:\/\/smans.com\/wp-content\/uploads\/2023\/09\/logo.svg\",\"contentUrl\":\"https:\/\/smans.com\/wp-content\/uploads\/2023\/09\/logo.svg\",\"caption\":\"Smans\"},\"image\":{\"@id\":\"https:\/\/smans.com\/nl\/#\/schema\/logo\/image\/\"}}]}<\/script>\n<!-- \/ Yoast SEO plugin. -->","yoast_head_json":{"title":"MicroGraph System - Smans","robots":{"index":"index","follow":"follow","max-snippet":"max-snippet:-1","max-image-preview":"max-image-preview:large","max-video-preview":"max-video-preview:-1"},"canonical":"https:\/\/smans.com\/fr\/product\/micrograph-system\/","og_locale":"fr_FR","og_type":"article","og_title":"MicroGraph System - Smans","og_description":"MicroGraph System (MGS) : Analyse Efficace et Pr\u00e9cise des Sections de Sertissage","og_url":"https:\/\/smans.com\/fr\/product\/micrograph-system\/","og_site_name":"Smans","article_modified_time":"2026-04-10T11:12:51+00:00","twitter_card":"summary_large_image","twitter_misc":{"Dur\u00e9e de lecture estim\u00e9e":"1 minute"},"schema":{"@context":"https:\/\/schema.org","@graph":[{"@type":"WebPage","@id":"https:\/\/smans.com\/fr\/product\/micrograph-system\/","url":"https:\/\/smans.com\/fr\/product\/micrograph-system\/","name":"MicroGraph System - Smans","isPartOf":{"@id":"https:\/\/smans.com\/nl\/#website"},"datePublished":"2024-07-25T00:52:13+00:00","dateModified":"2026-04-10T11:12:51+00:00","breadcrumb":{"@id":"https:\/\/smans.com\/fr\/product\/micrograph-system\/#breadcrumb"},"inLanguage":"fr-FR","potentialAction":[{"@type":"ReadAction","target":["https:\/\/smans.com\/fr\/product\/micrograph-system\/"]}]},{"@type":"BreadcrumbList","@id":"https:\/\/smans.com\/fr\/product\/micrograph-system\/#breadcrumb","itemListElement":[{"@type":"ListItem","position":1,"name":"Home","item":"https:\/\/smans.com\/fr\/"},{"@type":"ListItem","position":2,"name":"Boutique","item":"https:\/\/smans.com\/nl\/shop\/"},{"@type":"ListItem","position":3,"name":"Schleuniger - MicroGraph System"}]},{"@type":"WebSite","@id":"https:\/\/smans.com\/nl\/#website","url":"https:\/\/smans.com\/nl\/","name":"Smans","description":"","publisher":{"@id":"https:\/\/smans.com\/nl\/#organization"},"potentialAction":[{"@type":"SearchAction","target":{"@type":"EntryPoint","urlTemplate":"https:\/\/smans.com\/nl\/?s={search_term_string}"},"query-input":{"@type":"PropertyValueSpecification","valueRequired":true,"valueName":"search_term_string"}}],"inLanguage":"fr-FR"},{"@type":"Organization","@id":"https:\/\/smans.com\/nl\/#organization","name":"Smans","url":"https:\/\/smans.com\/nl\/","logo":{"@type":"ImageObject","inLanguage":"fr-FR","@id":"https:\/\/smans.com\/nl\/#\/schema\/logo\/image\/","url":"https:\/\/smans.com\/wp-content\/uploads\/2023\/09\/logo.svg","contentUrl":"https:\/\/smans.com\/wp-content\/uploads\/2023\/09\/logo.svg","caption":"Smans"},"image":{"@id":"https:\/\/smans.com\/nl\/#\/schema\/logo\/image\/"}}]}},"brands":[{"id":18298,"name":"Schleuniger","slug":"brand-schleuniger-fr"}],"_links":{"self":[{"href":"https:\/\/smans.com\/fr\/wp-json\/wp\/v2\/product\/26378","targetHints":{"allow":["GET"]}}],"collection":[{"href":"https:\/\/smans.com\/fr\/wp-json\/wp\/v2\/product"}],"about":[{"href":"https:\/\/smans.com\/fr\/wp-json\/wp\/v2\/types\/product"}],"wp:attachment":[{"href":"https:\/\/smans.com\/fr\/wp-json\/wp\/v2\/media?parent=26378"}],"wp:term":[{"taxonomy":"pwb-brand","embeddable":true,"href":"https:\/\/smans.com\/fr\/wp-json\/wp\/v2\/pwb-brand?post=26378"},{"taxonomy":"product_brand","embeddable":true,"href":"https:\/\/smans.com\/fr\/wp-json\/wp\/v2\/product_brand?post=26378"},{"taxonomy":"product_cat","embeddable":true,"href":"https:\/\/smans.com\/fr\/wp-json\/wp\/v2\/product_cat?post=26378"},{"taxonomy":"product_tag","embeddable":true,"href":"https:\/\/smans.com\/fr\/wp-json\/wp\/v2\/product_tag?post=26378"}],"curies":[{"name":"wp","href":"https:\/\/api.w.org\/{rel}","templated":true}]}}