{"id":26381,"date":"2024-07-25T02:52:19","date_gmt":"2024-07-25T00:52:19","guid":{"rendered":"https:\/\/smans.com\/product\/sawpolish-unit\/"},"modified":"2026-04-11T12:35:00","modified_gmt":"2026-04-11T10:35:00","slug":"sawpolish-unit","status":"publish","type":"product","link":"https:\/\/smans.com\/fr\/product\/sawpolish-unit\/","title":{"rendered":"Schleuniger - SawPolish Unit"},"content":{"rendered":"<p data-start=\"3124\" data-end=\"3456\">L\u2019<strong data-start=\"3126\" data-end=\"3145\">unit\u00e9 SawPolish<\/strong> combine <strong data-start=\"3154\" data-end=\"3195\">technologie de sciage et de polissage<\/strong> en un seul processus, permettant aux utilisateurs de <strong data-start=\"3249\" data-end=\"3310\">couper et polir rapidement et proprement les \u00e9chantillons<\/strong>. Ce syst\u00e8me est con\u00e7u pour traiter <strong data-start=\"3346\" data-end=\"3394\">les contacts sertis jusqu\u2019\u00e0 60 mm\u00b2 (1\/0 AWG)<\/strong> ou une <strong data-start=\"3402\" data-end=\"3453\">hauteur d\u2019\u00e9chantillon maximale de 20 mm (0,79&Prime;)<\/strong>.<\/p>\n<h4 data-start=\"3458\" data-end=\"3506\"><strong data-start=\"3463\" data-end=\"3504\">Mat\u00e9riaux et Applications Polyvalents<\/strong><\/h4>\n<ul data-start=\"3507\" data-end=\"3764\">\n<li data-start=\"3507\" data-end=\"3686\">Coupe <strong data-start=\"3515\" data-end=\"3683\">cuivre, aluminium, acier, acier alli\u00e9, acier inoxydable, titane, bronze, laiton, fonte, or, argent, inconel, nimonic, hastelloy, alliages de magn\u00e9sium et plastiques<\/strong>.<\/li>\n<li data-start=\"3687\" data-end=\"3764\">D\u2019autres mat\u00e9riaux peuvent \u00eatre test\u00e9s via <strong data-start=\"3732\" data-end=\"3761\">traitement d\u2019\u00e9chantillons<\/strong>.<\/li>\n<\/ul>\n<h4 data-start=\"3766\" data-end=\"3818\"><strong data-start=\"3771\" data-end=\"3816\">Processus Avanc\u00e9 de Coupe et de Polissage<\/strong><\/h4>\n<ul data-start=\"3819\" data-end=\"4212\">\n<li data-start=\"3819\" data-end=\"3900\"><strong data-start=\"3821\" data-end=\"3862\">Support d\u2019\u00e9chantillon interchangeable<\/strong> pour un <strong data-start=\"3871\" data-end=\"3897\">positionnement optimal<\/strong>.<\/li>\n<li data-start=\"3901\" data-end=\"4010\"><strong data-start=\"3903\" data-end=\"3961\">Alignement pr\u00e9cis de la lame et du disque de polissage<\/strong> permettant une <strong data-start=\"3977\" data-end=\"4007\">ex\u00e9cution fluide et rapide<\/strong>.<\/li>\n<li data-start=\"4011\" data-end=\"4115\"><strong data-start=\"4013\" data-end=\"4033\">Lames en carbure<\/strong> garantissant <strong data-start=\"4047\" data-end=\"4074\">des coupes ultra-nettes<\/strong>, rendant le polissage souvent inutile.<\/li>\n<li data-start=\"4116\" data-end=\"4212\"><strong data-start=\"4118\" data-end=\"4209\">Le support d\u2019\u00e9chantillon peut \u00eatre transf\u00e9r\u00e9 directement vers d\u2019autres unit\u00e9s d\u2019analyse<\/strong>.<\/li>\n<\/ul>\n<h4 data-start=\"4214\" data-end=\"4263\"><strong data-start=\"4219\" data-end=\"4261\">Flexibilit\u00e9 pour Diverses Applications<\/strong><\/h4>\n<ul data-start=\"4264\" data-end=\"4504\">\n<li data-start=\"4264\" data-end=\"4364\"><strong data-start=\"4266\" data-end=\"4309\">Lames disponibles en plusieurs largeurs<\/strong> pour s\u2019adapter \u00e0 diff\u00e9rentes tailles d\u2019\u00e9chantillons.<\/li>\n<li data-start=\"4365\" data-end=\"4504\"><strong data-start=\"4367\" data-end=\"4409\">Large choix de supports d\u2019\u00e9chantillons<\/strong> pour des applications comme <strong data-start=\"4438\" data-end=\"4501\">le soudage, l\u2019encapsulation et l\u2019inspection des connecteurs<\/strong>.<\/li>\n<\/ul>\n<p data-start=\"4506\" data-end=\"4676\" data-is-last-node=\"\">L\u2019<strong data-start=\"4508\" data-end=\"4527\">unit\u00e9 SawPolish<\/strong> est une <strong data-start=\"4536\" data-end=\"4572\">solution efficace et polyvalente<\/strong> pour le <strong data-start=\"4581\" data-end=\"4675\">contr\u00f4le qualit\u00e9 dans l\u2019analyse des sertissages et les processus d\u2019inspection industrielle<\/strong>.<\/p>\n","protected":false},"excerpt":{"rendered":"<p>SawPolish Unit : Unit\u00e9 de Sciage et de Polissage Rapide et Pr\u00e9cise pour l\u2019Analyse des Sertissages<\/p>\n","protected":false},"featured_media":0,"template":"","meta":{"_acf_changed":false},"pwb-brand":[18298],"product_brand":[],"product_cat":[17990,17997,18026],"product_tag":[],"class_list":{"0":"post-26381","1":"product","2":"type-product","3":"status-publish","5":"pwb-brand-brand-schleuniger-fr","6":"product_cat-cables-et-cablage-fr","7":"product_cat-control-de-la-qualite-fr","8":"product_cat-micrograph-laboratories-fr","10":"first","11":"instock","12":"taxable","13":"shipping-taxable","14":"product-type-simple"},"acf":[],"yoast_head":"<!-- This site is optimized with the Yoast SEO plugin v27.1.1 - https:\/\/yoast.com\/product\/yoast-seo-wordpress\/ -->\n<title>SawPolish Unit - Smans<\/title>\n<meta name=\"robots\" content=\"index, follow, max-snippet:-1, max-image-preview:large, max-video-preview:-1\" \/>\n<link rel=\"canonical\" href=\"https:\/\/smans.com\/fr\/product\/sawpolish-unit\/\" \/>\n<meta property=\"og:locale\" content=\"fr_FR\" \/>\n<meta property=\"og:type\" content=\"article\" \/>\n<meta property=\"og:title\" content=\"SawPolish Unit - Smans\" \/>\n<meta property=\"og:description\" content=\"SawPolish Unit : Unit\u00e9 de Sciage et de Polissage Rapide et Pr\u00e9cise pour l\u2019Analyse des Sertissages\" \/>\n<meta property=\"og:url\" content=\"https:\/\/smans.com\/fr\/product\/sawpolish-unit\/\" \/>\n<meta property=\"og:site_name\" content=\"Smans\" \/>\n<meta property=\"article:modified_time\" content=\"2026-04-11T10:35:00+00:00\" \/>\n<meta name=\"twitter:card\" content=\"summary_large_image\" \/>\n<meta name=\"twitter:label1\" content=\"Dur\u00e9e de lecture estim\u00e9e\" \/>\n\t<meta name=\"twitter:data1\" content=\"1 minute\" \/>\n<script type=\"application\/ld+json\" class=\"yoast-schema-graph\">{\"@context\":\"https:\/\/schema.org\",\"@graph\":[{\"@type\":\"WebPage\",\"@id\":\"https:\/\/smans.com\/fr\/product\/sawpolish-unit\/\",\"url\":\"https:\/\/smans.com\/fr\/product\/sawpolish-unit\/\",\"name\":\"SawPolish Unit - Smans\",\"isPartOf\":{\"@id\":\"https:\/\/smans.com\/nl\/#website\"},\"datePublished\":\"2024-07-25T00:52:19+00:00\",\"dateModified\":\"2026-04-11T10:35:00+00:00\",\"breadcrumb\":{\"@id\":\"https:\/\/smans.com\/fr\/product\/sawpolish-unit\/#breadcrumb\"},\"inLanguage\":\"fr-FR\",\"potentialAction\":[{\"@type\":\"ReadAction\",\"target\":[\"https:\/\/smans.com\/fr\/product\/sawpolish-unit\/\"]}]},{\"@type\":\"BreadcrumbList\",\"@id\":\"https:\/\/smans.com\/fr\/product\/sawpolish-unit\/#breadcrumb\",\"itemListElement\":[{\"@type\":\"ListItem\",\"position\":1,\"name\":\"Home\",\"item\":\"https:\/\/smans.com\/fr\/\"},{\"@type\":\"ListItem\",\"position\":2,\"name\":\"Boutique\",\"item\":\"https:\/\/smans.com\/nl\/shop\/\"},{\"@type\":\"ListItem\",\"position\":3,\"name\":\"Schleuniger - SawPolish Unit\"}]},{\"@type\":\"WebSite\",\"@id\":\"https:\/\/smans.com\/nl\/#website\",\"url\":\"https:\/\/smans.com\/nl\/\",\"name\":\"Smans\",\"description\":\"\",\"publisher\":{\"@id\":\"https:\/\/smans.com\/nl\/#organization\"},\"potentialAction\":[{\"@type\":\"SearchAction\",\"target\":{\"@type\":\"EntryPoint\",\"urlTemplate\":\"https:\/\/smans.com\/nl\/?s={search_term_string}\"},\"query-input\":{\"@type\":\"PropertyValueSpecification\",\"valueRequired\":true,\"valueName\":\"search_term_string\"}}],\"inLanguage\":\"fr-FR\"},{\"@type\":\"Organization\",\"@id\":\"https:\/\/smans.com\/nl\/#organization\",\"name\":\"Smans\",\"url\":\"https:\/\/smans.com\/nl\/\",\"logo\":{\"@type\":\"ImageObject\",\"inLanguage\":\"fr-FR\",\"@id\":\"https:\/\/smans.com\/nl\/#\/schema\/logo\/image\/\",\"url\":\"https:\/\/smans.com\/wp-content\/uploads\/2023\/09\/logo.svg\",\"contentUrl\":\"https:\/\/smans.com\/wp-content\/uploads\/2023\/09\/logo.svg\",\"caption\":\"Smans\"},\"image\":{\"@id\":\"https:\/\/smans.com\/nl\/#\/schema\/logo\/image\/\"}}]}<\/script>\n<!-- \/ Yoast SEO plugin. -->","yoast_head_json":{"title":"SawPolish Unit - Smans","robots":{"index":"index","follow":"follow","max-snippet":"max-snippet:-1","max-image-preview":"max-image-preview:large","max-video-preview":"max-video-preview:-1"},"canonical":"https:\/\/smans.com\/fr\/product\/sawpolish-unit\/","og_locale":"fr_FR","og_type":"article","og_title":"SawPolish Unit - Smans","og_description":"SawPolish Unit : Unit\u00e9 de Sciage et de Polissage Rapide et Pr\u00e9cise pour l\u2019Analyse des Sertissages","og_url":"https:\/\/smans.com\/fr\/product\/sawpolish-unit\/","og_site_name":"Smans","article_modified_time":"2026-04-11T10:35:00+00:00","twitter_card":"summary_large_image","twitter_misc":{"Dur\u00e9e de lecture estim\u00e9e":"1 minute"},"schema":{"@context":"https:\/\/schema.org","@graph":[{"@type":"WebPage","@id":"https:\/\/smans.com\/fr\/product\/sawpolish-unit\/","url":"https:\/\/smans.com\/fr\/product\/sawpolish-unit\/","name":"SawPolish Unit - Smans","isPartOf":{"@id":"https:\/\/smans.com\/nl\/#website"},"datePublished":"2024-07-25T00:52:19+00:00","dateModified":"2026-04-11T10:35:00+00:00","breadcrumb":{"@id":"https:\/\/smans.com\/fr\/product\/sawpolish-unit\/#breadcrumb"},"inLanguage":"fr-FR","potentialAction":[{"@type":"ReadAction","target":["https:\/\/smans.com\/fr\/product\/sawpolish-unit\/"]}]},{"@type":"BreadcrumbList","@id":"https:\/\/smans.com\/fr\/product\/sawpolish-unit\/#breadcrumb","itemListElement":[{"@type":"ListItem","position":1,"name":"Home","item":"https:\/\/smans.com\/fr\/"},{"@type":"ListItem","position":2,"name":"Boutique","item":"https:\/\/smans.com\/nl\/shop\/"},{"@type":"ListItem","position":3,"name":"Schleuniger - SawPolish Unit"}]},{"@type":"WebSite","@id":"https:\/\/smans.com\/nl\/#website","url":"https:\/\/smans.com\/nl\/","name":"Smans","description":"","publisher":{"@id":"https:\/\/smans.com\/nl\/#organization"},"potentialAction":[{"@type":"SearchAction","target":{"@type":"EntryPoint","urlTemplate":"https:\/\/smans.com\/nl\/?s={search_term_string}"},"query-input":{"@type":"PropertyValueSpecification","valueRequired":true,"valueName":"search_term_string"}}],"inLanguage":"fr-FR"},{"@type":"Organization","@id":"https:\/\/smans.com\/nl\/#organization","name":"Smans","url":"https:\/\/smans.com\/nl\/","logo":{"@type":"ImageObject","inLanguage":"fr-FR","@id":"https:\/\/smans.com\/nl\/#\/schema\/logo\/image\/","url":"https:\/\/smans.com\/wp-content\/uploads\/2023\/09\/logo.svg","contentUrl":"https:\/\/smans.com\/wp-content\/uploads\/2023\/09\/logo.svg","caption":"Smans"},"image":{"@id":"https:\/\/smans.com\/nl\/#\/schema\/logo\/image\/"}}]}},"brands":[{"id":18298,"name":"Schleuniger","slug":"brand-schleuniger-fr"}],"_links":{"self":[{"href":"https:\/\/smans.com\/fr\/wp-json\/wp\/v2\/product\/26381","targetHints":{"allow":["GET"]}}],"collection":[{"href":"https:\/\/smans.com\/fr\/wp-json\/wp\/v2\/product"}],"about":[{"href":"https:\/\/smans.com\/fr\/wp-json\/wp\/v2\/types\/product"}],"wp:attachment":[{"href":"https:\/\/smans.com\/fr\/wp-json\/wp\/v2\/media?parent=26381"}],"wp:term":[{"taxonomy":"pwb-brand","embeddable":true,"href":"https:\/\/smans.com\/fr\/wp-json\/wp\/v2\/pwb-brand?post=26381"},{"taxonomy":"product_brand","embeddable":true,"href":"https:\/\/smans.com\/fr\/wp-json\/wp\/v2\/product_brand?post=26381"},{"taxonomy":"product_cat","embeddable":true,"href":"https:\/\/smans.com\/fr\/wp-json\/wp\/v2\/product_cat?post=26381"},{"taxonomy":"product_tag","embeddable":true,"href":"https:\/\/smans.com\/fr\/wp-json\/wp\/v2\/product_tag?post=26381"}],"curies":[{"name":"wp","href":"https:\/\/api.w.org\/{rel}","templated":true}]}}